{"id":6124,"date":"2026-04-20T18:42:55","date_gmt":"2026-04-20T16:42:55","guid":{"rendered":"https:\/\/lerumsbk.se\/?post_type=product&#038;p=6124"},"modified":"2026-04-20T21:20:20","modified_gmt":"2026-04-20T19:20:20","slug":"agility-handlingskurs-2","status":"publish","type":"product","link":"https:\/\/lerumsbk.se\/index.php\/produkt\/agility-handlingskurs-2\/","title":{"rendered":"Agility handlingskurs"},"content":{"rendered":"<p>Detta \u00e4r en individanpassad handlingskurs, d\u00e4r fokuset ligger p\u00e5 handling utefter vad hunden beh\u00f6ver. St\u00f6rsta fokuset ligger p\u00e5 att du och din hund ska forts\u00e4tta ha roligt men med nya utmaningar.<\/p>\n<p>Tr\u00e4nings dagens uppl\u00e4gg \u00e4r 2 tr\u00e4nings pass med en lunchpaus f\u00f6r vila mat och tid f\u00f6r hunden att f\u00e5 nya krafter!<\/p>\n<p>9-11:30 tr\u00e4nings pass 1<\/p>\n<p>11:30-12:30 lunch\/paus<\/p>\n<p>12:30-15:00 tr\u00e4nings pass 2<\/p>\n<p><strong>F\u00f6rkunskaper<\/strong>: \u00a0g\u00e5tt n\u00e5gon\u00a0agility\u00a0kurs tidigare eller tr\u00e4nat mycket p\u00e5 egen hand s\u00e5 hunden \u00e4r p\u00e5 klass 1 och\/eller l\u00f6ser en bana med slalom!<\/p>\n<p>Kursen individanpassar fr\u00e5n klass 1 till 3<\/p>\n<p><strong>Datum<\/strong>: 26 \u2013 27 juni<\/p>\n<p><strong>Antal deltagare:<\/strong>\u00a05 st\/dag<\/p>\n<p><strong>Pris<\/strong>: 900 kr + medlemskap i Lerums Brukshundsklubb<\/p>\n<p><strong>Instrukt\u00f6r<\/strong>: Lina Dahlman<\/p>","protected":false},"excerpt":{"rendered":"<p>Detta \u00e4r en individanpassad handlingskurs, d\u00e4r fokuset ligger p\u00e5 handling utefter vad hunden beh\u00f6ver. St\u00f6rsta fokuset ligger p\u00e5 att du och din hund ska forts\u00e4tta ha roligt men med nya utmaningar. Tr\u00e4nings dagens uppl\u00e4gg \u00e4r 2 tr\u00e4nings pass med en lunchpaus f\u00f6r vila mat och tid f\u00f6r hunden att f\u00e5 nya krafter! 9-11:30 tr\u00e4nings pass &hellip; <\/p>\n<p class=\"link-more\"><a href=\"https:\/\/lerumsbk.se\/index.php\/produkt\/agility-handlingskurs-2\/\" class=\"more-link\">Forts\u00e4tt l\u00e4sa<span class=\"screen-reader-text\"> \u201dAgility handlingskurs\u201d<\/span><\/a><\/p>\n","protected":false},"featured_media":1258,"template":"","meta":[],"product_brand":[],"product_cat":[25],"product_tag":[],"class_list":{"0":"post-6124","1":"product","2":"type-product","3":"status-publish","4":"has-post-thumbnail","6":"product_cat-kurser","8":"first","9":"instock","10":"sold-individually","11":"shipping-taxable","12":"purchasable","13":"product-type-variable"},"_links":{"self":[{"href":"https:\/\/lerumsbk.se\/index.php\/wp-json\/wp\/v2\/product\/6124","targetHints":{"allow":["GET"]}}],"collection":[{"href":"https:\/\/lerumsbk.se\/index.php\/wp-json\/wp\/v2\/product"}],"about":[{"href":"https:\/\/lerumsbk.se\/index.php\/wp-json\/wp\/v2\/types\/product"}],"wp:featuredmedia":[{"embeddable":true,"href":"https:\/\/lerumsbk.se\/index.php\/wp-json\/wp\/v2\/media\/1258"}],"wp:attachment":[{"href":"https:\/\/lerumsbk.se\/index.php\/wp-json\/wp\/v2\/media?parent=6124"}],"wp:term":[{"taxonomy":"product_brand","embeddable":true,"href":"https:\/\/lerumsbk.se\/index.php\/wp-json\/wp\/v2\/product_brand?post=6124"},{"taxonomy":"product_cat","embeddable":true,"href":"https:\/\/lerumsbk.se\/index.php\/wp-json\/wp\/v2\/product_cat?post=6124"},{"taxonomy":"product_tag","embeddable":true,"href":"https:\/\/lerumsbk.se\/index.php\/wp-json\/wp\/v2\/product_tag?post=6124"}],"curies":[{"name":"wp","href":"https:\/\/api.w.org\/{rel}","templated":true}]}}