{"id":6111,"date":"2026-04-15T18:51:59","date_gmt":"2026-04-15T16:51:59","guid":{"rendered":"https:\/\/lerumsbk.se\/?post_type=product&#038;p=6111"},"modified":"2026-04-17T10:03:14","modified_gmt":"2026-04-17T08:03:14","slug":"sparkurs","status":"publish","type":"product","link":"https:\/\/lerumsbk.se\/index.php\/produkt\/sparkurs\/","title":{"rendered":"Sp\u00e5rkurs"},"content":{"rendered":"<p>F\u00f6r dig och din hund, oavsett ras, \u00e5lder, nyb\u00f6rjare, eller vilken niv\u00e5 ni \u00e4r p\u00e5, Apell, l\u00e4gre, h\u00f6gre eller Elit, s\u00e5 \u00e4r det individuell tr\u00e4ning som g\u00e4ller!<\/p>\r\n\r\n<p>&nbsp;<\/p>\r\n\r\n<p>Har ni st\u00f6tt p\u00e5 problem i sp\u00e5ret? Eller vill ni enbart komma till nya marker med nya utmaningar!\u00a0 Oavsett s\u00e5 tr\u00e4nar vi efter dina \u00f6nskem\u00e5l!<\/p>\r\n\r\n<p>&nbsp;<\/p>\r\n\r\n<p><strong>Datum<\/strong>: L\u00f6rdagar 23\/5, 30\/5, 6\/6<\/p>\r\n\r\n<p>&nbsp;<\/p>\r\n\r\n<p><strong>Tid<\/strong>: 09:00 &#8211; ca 13:00<\/p>\r\n\r\n<p>&nbsp;<\/p>\r\n\r\n<p><strong>Plats:<\/strong> Lindome<\/p>\r\n\r\n<p>&nbsp;<\/p>\r\n\r\n<p><strong>Antal deltagare:<\/strong>\u00a06 st<\/p>\r\n\r\n<p>&nbsp;<\/p>\r\n\r\n<p><strong>Instrukt\u00f6r<\/strong>: Nilla Lindstr\u00f6m<\/p>","protected":false},"excerpt":{"rendered":"<p>F\u00f6r dig och din hund, oavsett ras, \u00e5lder, nyb\u00f6rjare, eller vilken niv\u00e5 ni \u00e4r p\u00e5, Apell, l\u00e4gre, h\u00f6gre eller Elit, s\u00e5 \u00e4r det individuell tr\u00e4ning som g\u00e4ller! &nbsp; Har ni st\u00f6tt p\u00e5 problem i sp\u00e5ret? Eller vill ni enbart komma till nya marker med nya utmaningar!\u00a0 Oavsett s\u00e5 tr\u00e4nar vi efter dina \u00f6nskem\u00e5l! &nbsp; Datum: &hellip; <\/p>\n<p class=\"link-more\"><a href=\"https:\/\/lerumsbk.se\/index.php\/produkt\/sparkurs\/\" class=\"more-link\">Forts\u00e4tt l\u00e4sa<span class=\"screen-reader-text\"> \u201dSp\u00e5rkurs\u201d<\/span><\/a><\/p>\n","protected":false},"featured_media":6017,"template":"","meta":[],"product_brand":[],"product_cat":[25],"product_tag":[],"class_list":{"0":"post-6111","1":"product","2":"type-product","3":"status-publish","4":"has-post-thumbnail","6":"product_cat-kurser","8":"first","9":"instock","10":"sold-individually","11":"shipping-taxable","12":"purchasable","13":"product-type-simple"},"_links":{"self":[{"href":"https:\/\/lerumsbk.se\/index.php\/wp-json\/wp\/v2\/product\/6111","targetHints":{"allow":["GET"]}}],"collection":[{"href":"https:\/\/lerumsbk.se\/index.php\/wp-json\/wp\/v2\/product"}],"about":[{"href":"https:\/\/lerumsbk.se\/index.php\/wp-json\/wp\/v2\/types\/product"}],"wp:featuredmedia":[{"embeddable":true,"href":"https:\/\/lerumsbk.se\/index.php\/wp-json\/wp\/v2\/media\/6017"}],"wp:attachment":[{"href":"https:\/\/lerumsbk.se\/index.php\/wp-json\/wp\/v2\/media?parent=6111"}],"wp:term":[{"taxonomy":"product_brand","embeddable":true,"href":"https:\/\/lerumsbk.se\/index.php\/wp-json\/wp\/v2\/product_brand?post=6111"},{"taxonomy":"product_cat","embeddable":true,"href":"https:\/\/lerumsbk.se\/index.php\/wp-json\/wp\/v2\/product_cat?post=6111"},{"taxonomy":"product_tag","embeddable":true,"href":"https:\/\/lerumsbk.se\/index.php\/wp-json\/wp\/v2\/product_tag?post=6111"}],"curies":[{"name":"wp","href":"https:\/\/api.w.org\/{rel}","templated":true}]}}