{"id":5989,"date":"2026-02-10T12:33:45","date_gmt":"2026-02-10T11:33:45","guid":{"rendered":"https:\/\/lerumsbk.se\/?post_type=product&#038;p=5989"},"modified":"2026-04-04T09:13:31","modified_gmt":"2026-04-04T08:13:31","slug":"sok-kurs","status":"publish","type":"product","link":"https:\/\/lerumsbk.se\/index.php\/produkt\/sok-kurs\/","title":{"rendered":"S\u00f6k kurs"},"content":{"rendered":"<p>S\u00f6k \u00e4r en av de fyra grenarna inom brukset.<br \/>\nEn s\u00f6khund letar efter m\u00e4nniskor i skogen.<\/p>\n<p><strong>M\u00c5L:<\/strong>\u00a0P\u00e5 den h\u00e4r kursen l\u00e4r du dig grunderna i s\u00f6ket och f\u00e5r starta upp inl\u00e4rningen med din egen hund p\u00e5 ett bra s\u00e4tt.<\/p>\n<p><strong>F\u00d6RKUNSKAPER:<\/strong>\u00a0Inga, men du m\u00e5ste kunna ha din hund l\u00f6s i skogen n\u00e4r den jobbar.<\/p>\n<p><strong>PLATS:<\/strong>\u00a0F\u00f6rsta g\u00e5ngen tr\u00e4ffas vi p\u00e5 LBK men \u00f6vriga tillf\u00e4llen kommer vi att vara p\u00e5 annan plats i skogen.<br \/>\nTillg\u00e5ng till bil \u00e4r ett m\u00e5ste, samt att hunden kan sitta och v\u00e4nta i den n\u00e4r det inte \u00e4r er tur.<\/p>\n<p><strong>DATUM:<\/strong>\u00a0Onsdagen den 8 april, Tisdagar den 14 april, 21 april samt 28 april<br \/>\nTID: 18:00-20:30<br \/>\n<strong><br \/>\nAntal deltagare:<\/strong>\u00a05 st<\/p>\n<p><strong>Pris<\/strong>: 1500:- samt medlemskap p\u00e5 Lerumsbrukshundsklubb<\/p>\n<p><strong>Instrukt\u00f6r<\/strong>: Git Jering Har du n\u00e5gra fr\u00e5gor kan du maila till\u00a0<a href=\"mailto:&#x67;&#x69;&#x74;&#x40;&#x61;&#x6c;&#x66;&#x61;&#x68;&#x75;&#x6e;&#x64;&#x63;&#x65;&#x6e;&#x74;&#x65;&#x72;&#x2e;&#x73;&#x65;\" target=\"_blank\" rel=\"noreferrer noopener\">&#x67;&#x69;&#x74;&#x40;<span class=\"oe_displaynone\">null<\/span>&#x61;&#x6c;&#x66;&#x61;&#x68;&#x75;&#x6e;&#x64;&#x63;&#x65;&#x6e;&#x74;&#x65;&#x72;&#x2e;&#x73;&#x65;<\/a><\/p>","protected":false},"excerpt":{"rendered":"<p>S\u00f6k \u00e4r en av de fyra grenarna inom brukset. En s\u00f6khund letar efter m\u00e4nniskor i skogen. M\u00c5L:\u00a0P\u00e5 den h\u00e4r kursen l\u00e4r du dig grunderna i s\u00f6ket och f\u00e5r starta upp inl\u00e4rningen med din egen hund p\u00e5 ett bra s\u00e4tt. F\u00d6RKUNSKAPER:\u00a0Inga, men du m\u00e5ste kunna ha din hund l\u00f6s i skogen n\u00e4r den jobbar. PLATS:\u00a0F\u00f6rsta g\u00e5ngen &hellip; <\/p>\n<p class=\"link-more\"><a href=\"https:\/\/lerumsbk.se\/index.php\/produkt\/sok-kurs\/\" class=\"more-link\">Forts\u00e4tt l\u00e4sa<span class=\"screen-reader-text\"> \u201dS\u00f6k kurs\u201d<\/span><\/a><\/p>\n","protected":false},"featured_media":5987,"template":"","meta":[],"product_brand":[],"product_cat":[25],"product_tag":[],"class_list":{"0":"post-5989","1":"product","2":"type-product","3":"status-publish","4":"has-post-thumbnail","6":"product_cat-kurser","8":"first","9":"instock","10":"sold-individually","11":"shipping-taxable","12":"purchasable","13":"product-type-simple"},"_links":{"self":[{"href":"https:\/\/lerumsbk.se\/index.php\/wp-json\/wp\/v2\/product\/5989","targetHints":{"allow":["GET"]}}],"collection":[{"href":"https:\/\/lerumsbk.se\/index.php\/wp-json\/wp\/v2\/product"}],"about":[{"href":"https:\/\/lerumsbk.se\/index.php\/wp-json\/wp\/v2\/types\/product"}],"wp:featuredmedia":[{"embeddable":true,"href":"https:\/\/lerumsbk.se\/index.php\/wp-json\/wp\/v2\/media\/5987"}],"wp:attachment":[{"href":"https:\/\/lerumsbk.se\/index.php\/wp-json\/wp\/v2\/media?parent=5989"}],"wp:term":[{"taxonomy":"product_brand","embeddable":true,"href":"https:\/\/lerumsbk.se\/index.php\/wp-json\/wp\/v2\/product_brand?post=5989"},{"taxonomy":"product_cat","embeddable":true,"href":"https:\/\/lerumsbk.se\/index.php\/wp-json\/wp\/v2\/product_cat?post=5989"},{"taxonomy":"product_tag","embeddable":true,"href":"https:\/\/lerumsbk.se\/index.php\/wp-json\/wp\/v2\/product_tag?post=5989"}],"curies":[{"name":"wp","href":"https:\/\/api.w.org\/{rel}","templated":true}]}}