{"id":5817,"date":"2025-12-12T11:38:14","date_gmt":"2025-12-12T10:38:14","guid":{"rendered":"https:\/\/lerumsbk.se\/?post_type=product&#038;p=5817"},"modified":"2025-12-12T21:50:58","modified_gmt":"2025-12-12T20:50:58","slug":"startklass-tavlingslydnads-kurs","status":"publish","type":"product","link":"https:\/\/lerumsbk.se\/index.php\/produkt\/startklass-tavlingslydnads-kurs\/","title":{"rendered":"Startklass T\u00e4vlingslydnads Kurs"},"content":{"rendered":"<p>Denna kurs riktar sig till dig som\u00a0<strong>vill t\u00e4vla startklass i T\u00e4vlingslydnad<\/strong>.<\/p>\n<p>Under kursen g\u00e5r vi igenom samtliga moment och bygger vidare p\u00e5 den grunden du har med dig. T\u00e4vlingslydnad \u00e4r en rolig och utvecklande sport som bygger p\u00e5 gott samarbete mellan f\u00f6rare och hund, och som bjuder p\u00e5 b\u00e5de utmaningar och variation \u2013 fr\u00e5n fart och fl\u00e4kt till fokus och precision.<\/p>\n<p>\u00c4r du nyfiken p\u00e5 t\u00e4vlingslydnad och sugen p\u00e5 att ta steget ut p\u00e5 t\u00e4vlingsbanan? D\u00e5 \u00e4r det h\u00e4r kursen f\u00f6r dig!<\/p>\n<p><strong>F\u00f6rkunskaper:<\/strong>\u00a0Genomf\u00f6rd allm\u00e4nlydnadskurs 2, eller motsvarande f\u00e4rdigheter. Din hund b\u00f6r kunna vara l\u00f6s (d\u00e5 en del moment kr\u00e4ver detta).<\/p>\n<p><strong>Datum:<\/strong>\u00a0<strong>Tisdagar<\/strong>\u00a05\/5, 12\/5, 19\/5, 26\/5, 2\/6, 9\/6<\/p>\n<p><strong>Tid:\u00a0<\/strong>18:00 \u2013 19:30<\/p>\n<p><strong>Antal deltagare:<\/strong>\u00a06 st<\/p>\n<p><strong>Pris<\/strong>: 1500 kr + medlemskap i Lerums Brukshundsklubb<\/p>\n<p><strong>Instrukt\u00f6r:<\/strong>\u00a0 Elin Lundqvist \/&#x65;&#x6c;&#x69;&#x6e;&#x2e;&#x6c;&#x75;&#x6e;&#x6b;&#x61;&#x6e;&#x40;<span class=\"oe_displaynone\">null<\/span>&#x67;&#x6d;&#x61;&#x69;&#x6c;&#x2e;&#x63;&#x6f;&#x6d;<\/p>","protected":false},"excerpt":{"rendered":"<p>Denna kurs riktar sig till dig som\u00a0vill t\u00e4vla startklass i T\u00e4vlingslydnad. Under kursen g\u00e5r vi igenom samtliga moment och bygger vidare p\u00e5 den grunden du har med dig. T\u00e4vlingslydnad \u00e4r en rolig och utvecklande sport som bygger p\u00e5 gott samarbete mellan f\u00f6rare och hund, och som bjuder p\u00e5 b\u00e5de utmaningar och variation \u2013 fr\u00e5n fart &hellip; <\/p>\n<p class=\"link-more\"><a href=\"https:\/\/lerumsbk.se\/index.php\/produkt\/startklass-tavlingslydnads-kurs\/\" class=\"more-link\">Forts\u00e4tt l\u00e4sa<span class=\"screen-reader-text\"> \u201dStartklass T\u00e4vlingslydnads Kurs\u201d<\/span><\/a><\/p>\n","protected":false},"featured_media":5820,"template":"","meta":[],"product_brand":[],"product_cat":[25],"product_tag":[],"class_list":{"0":"post-5817","1":"product","2":"type-product","3":"status-publish","4":"has-post-thumbnail","6":"product_cat-kurser","8":"first","9":"instock","10":"sold-individually","11":"shipping-taxable","12":"purchasable","13":"product-type-simple"},"_links":{"self":[{"href":"https:\/\/lerumsbk.se\/index.php\/wp-json\/wp\/v2\/product\/5817","targetHints":{"allow":["GET"]}}],"collection":[{"href":"https:\/\/lerumsbk.se\/index.php\/wp-json\/wp\/v2\/product"}],"about":[{"href":"https:\/\/lerumsbk.se\/index.php\/wp-json\/wp\/v2\/types\/product"}],"wp:featuredmedia":[{"embeddable":true,"href":"https:\/\/lerumsbk.se\/index.php\/wp-json\/wp\/v2\/media\/5820"}],"wp:attachment":[{"href":"https:\/\/lerumsbk.se\/index.php\/wp-json\/wp\/v2\/media?parent=5817"}],"wp:term":[{"taxonomy":"product_brand","embeddable":true,"href":"https:\/\/lerumsbk.se\/index.php\/wp-json\/wp\/v2\/product_brand?post=5817"},{"taxonomy":"product_cat","embeddable":true,"href":"https:\/\/lerumsbk.se\/index.php\/wp-json\/wp\/v2\/product_cat?post=5817"},{"taxonomy":"product_tag","embeddable":true,"href":"https:\/\/lerumsbk.se\/index.php\/wp-json\/wp\/v2\/product_tag?post=5817"}],"curies":[{"name":"wp","href":"https:\/\/api.w.org\/{rel}","templated":true}]}}