{"id":5777,"date":"2025-12-07T21:11:17","date_gmt":"2025-12-07T20:11:17","guid":{"rendered":"https:\/\/lerumsbk.se\/?post_type=product&#038;p=5777"},"modified":"2026-01-17T10:15:58","modified_gmt":"2026-01-17T09:15:58","slug":"allmanlydnadskurs-2-fortsattning-och-tavlingsforberedande","status":"publish","type":"product","link":"https:\/\/lerumsbk.se\/index.php\/produkt\/allmanlydnadskurs-2-fortsattning-och-tavlingsforberedande\/","title":{"rendered":"Allm\u00e4nlydnadskurs 2 Forts\u00e4ttning och T\u00e4vlingsf\u00f6rberedande"},"content":{"rendered":"<p>V\u00e5r Allm\u00e4nlydnadskurs steg 2 passar de hundar som har g\u00e5tt en grundkurs i<br \/>\nallm\u00e4nlydnad och nu vill forts\u00e4tta att utvecklas. Bef\u00e4sta de kunskaper som l\u00e4rts in under grundkursen samt addera nya \u00f6vningar till sina f\u00e4rdigheter.<\/p>\n<p>Kursen passar ocks\u00e5 de som siktar mot t\u00e4vling d\u00e5 tr\u00e4ningen anpassas efter varje ekipage och stor vikt kommer att l\u00e4ggas vid kontakt, lyh\u00f6rdhet och hundens vilja till samarbete.<br \/>\nTr\u00e4ningen sker med positiv inl\u00e4rning f\u00f6r att skapa en trygg hund.<\/p>\n<p>P\u00e5 s\u00e5 s\u00e4tt hoppas vi att kursen ska bli lika rolig f\u00f6r b\u00e5de hund och f\u00f6rare!<\/p>\n<p>Teori varvas med praktik under 6 tillf\u00e4llen \u00e0 2 timmar. Max 6 deltagare.<br \/>\nM\u00e5ndagar kl. 18.00-20.00<\/p>\n<p><strong>Plats:<\/strong> Lerums brukshundsklubb<\/p>\n<p><strong>Datum<\/strong>: Planerat startdatum: 16 mars 2026 och d\u00e4refter 23\/3, 30\/3, 6\/4, 13\/4 och 20\/4.<\/p>\n<p><strong>Tid:<\/strong> 18:00 \u2013 20:00 <strong>Antal deltagare<\/strong>: 6st<\/p>\n<p><strong>Pris:<\/strong> 2000:- + medlemskap i Lerums Brukshundklubb<\/p>\n<p><strong>Instrukt\u00f6r: <\/strong>Christina Wahlgren vid fr\u00e5gor kontakta &#x63;&#x2e;&#x77;&#x2d;&#x64;&#x40;<span class=\"oe_displaynone\">null<\/span>&#x68;&#x6f;&#x74;&#x6d;&#x61;&#x69;&#x6c;&#x2e;&#x63;&#x6f;&#x6d;<\/p>","protected":false},"excerpt":{"rendered":"<p>V\u00e5r Allm\u00e4nlydnadskurs steg 2 passar de hundar som har g\u00e5tt en grundkurs i allm\u00e4nlydnad och nu vill forts\u00e4tta att utvecklas. Bef\u00e4sta de kunskaper som l\u00e4rts in under grundkursen samt addera nya \u00f6vningar till sina f\u00e4rdigheter. Kursen passar ocks\u00e5 de som siktar mot t\u00e4vling d\u00e5 tr\u00e4ningen anpassas efter varje ekipage och stor vikt kommer att l\u00e4ggas &hellip; <\/p>\n<p class=\"link-more\"><a href=\"https:\/\/lerumsbk.se\/index.php\/produkt\/allmanlydnadskurs-2-fortsattning-och-tavlingsforberedande\/\" class=\"more-link\">Forts\u00e4tt l\u00e4sa<span class=\"screen-reader-text\"> \u201dAllm\u00e4nlydnadskurs 2 Forts\u00e4ttning och T\u00e4vlingsf\u00f6rberedande\u201d<\/span><\/a><\/p>\n","protected":false},"featured_media":3766,"template":"","meta":[],"product_brand":[],"product_cat":[25],"product_tag":[],"class_list":{"0":"post-5777","1":"product","2":"type-product","3":"status-publish","4":"has-post-thumbnail","6":"product_cat-kurser","8":"first","9":"instock","10":"sold-individually","11":"shipping-taxable","12":"purchasable","13":"product-type-simple"},"_links":{"self":[{"href":"https:\/\/lerumsbk.se\/index.php\/wp-json\/wp\/v2\/product\/5777","targetHints":{"allow":["GET"]}}],"collection":[{"href":"https:\/\/lerumsbk.se\/index.php\/wp-json\/wp\/v2\/product"}],"about":[{"href":"https:\/\/lerumsbk.se\/index.php\/wp-json\/wp\/v2\/types\/product"}],"wp:featuredmedia":[{"embeddable":true,"href":"https:\/\/lerumsbk.se\/index.php\/wp-json\/wp\/v2\/media\/3766"}],"wp:attachment":[{"href":"https:\/\/lerumsbk.se\/index.php\/wp-json\/wp\/v2\/media?parent=5777"}],"wp:term":[{"taxonomy":"product_brand","embeddable":true,"href":"https:\/\/lerumsbk.se\/index.php\/wp-json\/wp\/v2\/product_brand?post=5777"},{"taxonomy":"product_cat","embeddable":true,"href":"https:\/\/lerumsbk.se\/index.php\/wp-json\/wp\/v2\/product_cat?post=5777"},{"taxonomy":"product_tag","embeddable":true,"href":"https:\/\/lerumsbk.se\/index.php\/wp-json\/wp\/v2\/product_tag?post=5777"}],"curies":[{"name":"wp","href":"https:\/\/api.w.org\/{rel}","templated":true}]}}