{"id":5773,"date":"2025-12-11T20:12:00","date_gmt":"2025-12-11T19:12:00","guid":{"rendered":"https:\/\/lerumsbk.se\/?post_type=product&#038;p=5773"},"modified":"2026-03-05T23:20:20","modified_gmt":"2026-03-05T22:20:20","slug":"sbk-specialsok-steg-2-2","status":"publish","type":"product","link":"https:\/\/lerumsbk.se\/index.php\/produkt\/sbk-specialsok-steg-2-2\/","title":{"rendered":"SBK Specials\u00f6k steg 2"},"content":{"rendered":"<p>Specials\u00f6k \u00e4r en bra aktivering som passar alla hundar och \u00e4gare. Specials\u00f6k \u00e4r n\u00e4r hunden letar efter specifika doftetiketter i olika milj\u00f6er och sedan visar f\u00f6r sin \u00e4gare n\u00e4r den hittat genom att markera. SBK Specials\u00f6k har f\u00e5tt inspiration ifr\u00e5n bland annat Polis, f\u00f6rsvarsmakten och civila tj\u00e4nstehundar. I SBK Specials\u00f6k s\u00f6ker hundarna efter bitar av R\u00f6d Kong Classic.<\/p>\n<p><strong>M\u00e5l med kursen<\/strong>: Kursen f\u00f6r dig som g\u00e5tt steg 1 eller liknande och har en hund som sj\u00e4lvst\u00e4ndigt kan g\u00f6ra enklare s\u00f6k som vill utveckla hundens s\u00f6kintresse,\u00a0uth\u00e5llighet, funktionslydnad och b\u00f6rja tr\u00e4na in markeringar.<br \/>\nEn hund kommer att s\u00f6ka i taget.<\/p>\n<p><strong>F\u00f6rkunskaper:<\/strong>\u00a0Hunden skall kunna etiketten r\u00f6d kong och sj\u00e4lvst\u00e4ndigt kunna s\u00f6ka och hitta.<\/p>\n<p><strong>Plats:<\/strong>\u00a0\u00a0Lerumsbrukshundsklubb S\u00f6komr\u00e5den utanf\u00f6r klubben kommer f\u00f6rekomma..<\/p>\n<p><strong>Datum<\/strong>:<strong>\u00a0Tisdagar 14\/4, 28\/4, 26\/5<\/strong>\u00a0<strong>Tid: 18:30 \u2013 20:30<\/strong><\/p>\n<p><strong>S\u00f6ndagar 17\/5, 7\/6 Tid: 12:30 -. 14:30<\/strong><\/p>\n<p><strong>Antal deltagare<\/strong>: 6st<\/p>\n<p><strong>Pris:<\/strong>\u00a01800:- + medlemskap i Lerums Brukshundsklubb<\/p>","protected":false},"excerpt":{"rendered":"<p>Specials\u00f6k \u00e4r en bra aktivering som passar alla hundar och \u00e4gare. Specials\u00f6k \u00e4r n\u00e4r hunden letar efter specifika doftetiketter i olika milj\u00f6er och sedan visar f\u00f6r sin \u00e4gare n\u00e4r den hittat genom att markera. SBK Specials\u00f6k har f\u00e5tt inspiration ifr\u00e5n bland annat Polis, f\u00f6rsvarsmakten och civila tj\u00e4nstehundar. I SBK Specials\u00f6k s\u00f6ker hundarna efter bitar av &hellip; <\/p>\n<p class=\"link-more\"><a href=\"https:\/\/lerumsbk.se\/index.php\/produkt\/sbk-specialsok-steg-2-2\/\" class=\"more-link\">Forts\u00e4tt l\u00e4sa<span class=\"screen-reader-text\"> \u201dSBK Specials\u00f6k steg 2\u201d<\/span><\/a><\/p>\n","protected":false},"featured_media":3248,"template":"","meta":[],"product_brand":[],"product_cat":[25],"product_tag":[],"class_list":{"0":"post-5773","1":"product","2":"type-product","3":"status-publish","4":"has-post-thumbnail","6":"product_cat-kurser","8":"first","9":"outofstock","10":"shipping-taxable","11":"purchasable","12":"product-type-simple"},"_links":{"self":[{"href":"https:\/\/lerumsbk.se\/index.php\/wp-json\/wp\/v2\/product\/5773","targetHints":{"allow":["GET"]}}],"collection":[{"href":"https:\/\/lerumsbk.se\/index.php\/wp-json\/wp\/v2\/product"}],"about":[{"href":"https:\/\/lerumsbk.se\/index.php\/wp-json\/wp\/v2\/types\/product"}],"wp:featuredmedia":[{"embeddable":true,"href":"https:\/\/lerumsbk.se\/index.php\/wp-json\/wp\/v2\/media\/3248"}],"wp:attachment":[{"href":"https:\/\/lerumsbk.se\/index.php\/wp-json\/wp\/v2\/media?parent=5773"}],"wp:term":[{"taxonomy":"product_brand","embeddable":true,"href":"https:\/\/lerumsbk.se\/index.php\/wp-json\/wp\/v2\/product_brand?post=5773"},{"taxonomy":"product_cat","embeddable":true,"href":"https:\/\/lerumsbk.se\/index.php\/wp-json\/wp\/v2\/product_cat?post=5773"},{"taxonomy":"product_tag","embeddable":true,"href":"https:\/\/lerumsbk.se\/index.php\/wp-json\/wp\/v2\/product_tag?post=5773"}],"curies":[{"name":"wp","href":"https:\/\/api.w.org\/{rel}","templated":true}]}}