{"id":751,"date":"2022-03-29T09:37:31","date_gmt":"2022-03-29T08:37:31","guid":{"rendered":"https:\/\/lerumsbk.se\/?page_id=751"},"modified":"2022-06-05T17:06:59","modified_gmt":"2022-06-05T16:06:59","slug":"galleri-agility","status":"publish","type":"page","link":"https:\/\/lerumsbk.se\/index.php\/galleri-agility\/","title":{"rendered":"Galleri &#8211; agility"},"content":{"rendered":"<p>Foton fr\u00e5n bl\u00e5b\u00e4rst\u00e4vlingen den 1 juni 2022. <a href=\"https:\/\/lerumsbk.se\/index.php\/blabarstavling-1-juni\/\" data-type=\"page\" data-id=\"1219\">Klicka h\u00e4r>><\/a><\/p>\n\n\n\n<figure class=\"wp-block-gallery has-nested-images columns-default is-cropped wp-block-gallery-1 is-layout-flex wp-block-gallery-is-layout-flex\">\n<figure class=\"wp-block-image size-large\"><img loading=\"lazy\" decoding=\"async\" width=\"1707\" height=\"2560\" data-id=\"746\" src=\"https:\/\/lerumsbk.se\/wp-content\/uploads\/2022\/03\/7D-2690-scaled.jpg\" alt=\"\" class=\"wp-image-746\" srcset=\"https:\/\/lerumsbk.se\/wp-content\/uploads\/2022\/03\/7D-2690-scaled.jpg 1707w, https:\/\/lerumsbk.se\/wp-content\/uploads\/2022\/03\/7D-2690-scaled-350x525.jpg 350w, https:\/\/lerumsbk.se\/wp-content\/uploads\/2022\/03\/7D-2690-200x300.jpg 200w, https:\/\/lerumsbk.se\/wp-content\/uploads\/2022\/03\/7D-2690-683x1024.jpg 683w, https:\/\/lerumsbk.se\/wp-content\/uploads\/2022\/03\/7D-2690-768x1152.jpg 768w, https:\/\/lerumsbk.se\/wp-content\/uploads\/2022\/03\/7D-2690-1024x1536.jpg 1024w, https:\/\/lerumsbk.se\/wp-content\/uploads\/2022\/03\/7D-2690-1365x2048.jpg 1365w\" sizes=\"auto, (max-width: 767px) 89vw, (max-width: 1000px) 54vw, (max-width: 1071px) 543px, 580px\" \/><figcaption>Slalom<\/figcaption><\/figure>\n\n\n\n<figure class=\"wp-block-image size-large\"><img loading=\"lazy\" decoding=\"async\" width=\"1535\" height=\"2302\" data-id=\"747\" src=\"https:\/\/lerumsbk.se\/wp-content\/uploads\/2022\/03\/7D-2694.jpg\" alt=\"\" class=\"wp-image-747\" srcset=\"https:\/\/lerumsbk.se\/wp-content\/uploads\/2022\/03\/7D-2694.jpg 1535w, https:\/\/lerumsbk.se\/wp-content\/uploads\/2022\/03\/7D-2694-350x525.jpg 350w, https:\/\/lerumsbk.se\/wp-content\/uploads\/2022\/03\/7D-2694-200x300.jpg 200w, https:\/\/lerumsbk.se\/wp-content\/uploads\/2022\/03\/7D-2694-683x1024.jpg 683w, https:\/\/lerumsbk.se\/wp-content\/uploads\/2022\/03\/7D-2694-768x1152.jpg 768w, https:\/\/lerumsbk.se\/wp-content\/uploads\/2022\/03\/7D-2694-1024x1536.jpg 1024w, https:\/\/lerumsbk.se\/wp-content\/uploads\/2022\/03\/7D-2694-1366x2048.jpg 1366w\" sizes=\"auto, (max-width: 767px) 89vw, (max-width: 1000px) 54vw, (max-width: 1071px) 543px, 580px\" \/><\/figure>\n\n\n\n<figure class=\"wp-block-image size-large\"><img loading=\"lazy\" decoding=\"async\" width=\"2560\" height=\"1707\" data-id=\"748\" src=\"https:\/\/lerumsbk.se\/wp-content\/uploads\/2022\/03\/7D-2698-scaled.jpg\" alt=\"\" class=\"wp-image-748\" srcset=\"https:\/\/lerumsbk.se\/wp-content\/uploads\/2022\/03\/7D-2698-scaled.jpg 2560w, https:\/\/lerumsbk.se\/wp-content\/uploads\/2022\/03\/7D-2698-scaled-350x233.jpg 350w, https:\/\/lerumsbk.se\/wp-content\/uploads\/2022\/03\/7D-2698-300x200.jpg 300w, https:\/\/lerumsbk.se\/wp-content\/uploads\/2022\/03\/7D-2698-1024x683.jpg 1024w, https:\/\/lerumsbk.se\/wp-content\/uploads\/2022\/03\/7D-2698-768x512.jpg 768w, https:\/\/lerumsbk.se\/wp-content\/uploads\/2022\/03\/7D-2698-1536x1024.jpg 1536w, https:\/\/lerumsbk.se\/wp-content\/uploads\/2022\/03\/7D-2698-2048x1366.jpg 2048w\" sizes=\"auto, (max-width: 767px) 89vw, (max-width: 1000px) 54vw, (max-width: 1071px) 543px, 580px\" \/><\/figure>\n\n\n\n<figure class=\"wp-block-image size-large\"><img loading=\"lazy\" decoding=\"async\" width=\"1707\" height=\"2560\" data-id=\"742\" src=\"https:\/\/lerumsbk.se\/wp-content\/uploads\/2022\/03\/7D-1365-scaled.jpg\" alt=\"\" class=\"wp-image-742\" srcset=\"https:\/\/lerumsbk.se\/wp-content\/uploads\/2022\/03\/7D-1365-scaled.jpg 1707w, https:\/\/lerumsbk.se\/wp-content\/uploads\/2022\/03\/7D-1365-scaled-350x525.jpg 350w, https:\/\/lerumsbk.se\/wp-content\/uploads\/2022\/03\/7D-1365-200x300.jpg 200w, https:\/\/lerumsbk.se\/wp-content\/uploads\/2022\/03\/7D-1365-683x1024.jpg 683w, https:\/\/lerumsbk.se\/wp-content\/uploads\/2022\/03\/7D-1365-768x1152.jpg 768w, https:\/\/lerumsbk.se\/wp-content\/uploads\/2022\/03\/7D-1365-1024x1536.jpg 1024w, https:\/\/lerumsbk.se\/wp-content\/uploads\/2022\/03\/7D-1365-1365x2048.jpg 1365w\" sizes=\"auto, (max-width: 767px) 89vw, (max-width: 1000px) 54vw, (max-width: 1071px) 543px, 580px\" \/><figcaption>Genom tunneln<\/figcaption><\/figure>\n\n\n\n<figure class=\"wp-block-image size-large\"><img loading=\"lazy\" decoding=\"async\" width=\"2560\" height=\"1707\" data-id=\"744\" src=\"https:\/\/lerumsbk.se\/wp-content\/uploads\/2022\/03\/7D-2650-scaled.jpg\" alt=\"\" class=\"wp-image-744\" srcset=\"https:\/\/lerumsbk.se\/wp-content\/uploads\/2022\/03\/7D-2650-scaled.jpg 2560w, https:\/\/lerumsbk.se\/wp-content\/uploads\/2022\/03\/7D-2650-scaled-350x233.jpg 350w, https:\/\/lerumsbk.se\/wp-content\/uploads\/2022\/03\/7D-2650-300x200.jpg 300w, https:\/\/lerumsbk.se\/wp-content\/uploads\/2022\/03\/7D-2650-1024x683.jpg 1024w, https:\/\/lerumsbk.se\/wp-content\/uploads\/2022\/03\/7D-2650-768x512.jpg 768w, https:\/\/lerumsbk.se\/wp-content\/uploads\/2022\/03\/7D-2650-1536x1024.jpg 1536w, https:\/\/lerumsbk.se\/wp-content\/uploads\/2022\/03\/7D-2650-2048x1365.jpg 2048w\" sizes=\"auto, (max-width: 767px) 89vw, (max-width: 1000px) 54vw, (max-width: 1071px) 543px, 580px\" \/><\/figure>\n\n\n\n<figure class=\"wp-block-image size-large\"><img loading=\"lazy\" decoding=\"async\" width=\"2560\" height=\"1707\" data-id=\"749\" src=\"https:\/\/lerumsbk.se\/wp-content\/uploads\/2022\/03\/7D-2742-scaled.jpg\" alt=\"\" class=\"wp-image-749\" srcset=\"https:\/\/lerumsbk.se\/wp-content\/uploads\/2022\/03\/7D-2742-scaled.jpg 2560w, https:\/\/lerumsbk.se\/wp-content\/uploads\/2022\/03\/7D-2742-scaled-350x233.jpg 350w, https:\/\/lerumsbk.se\/wp-content\/uploads\/2022\/03\/7D-2742-300x200.jpg 300w, https:\/\/lerumsbk.se\/wp-content\/uploads\/2022\/03\/7D-2742-1024x683.jpg 1024w, https:\/\/lerumsbk.se\/wp-content\/uploads\/2022\/03\/7D-2742-768x512.jpg 768w, https:\/\/lerumsbk.se\/wp-content\/uploads\/2022\/03\/7D-2742-1536x1024.jpg 1536w, https:\/\/lerumsbk.se\/wp-content\/uploads\/2022\/03\/7D-2742-2048x1365.jpg 2048w\" sizes=\"auto, (max-width: 767px) 89vw, (max-width: 1000px) 54vw, (max-width: 1071px) 543px, 580px\" \/><\/figure>\n<\/figure>","protected":false},"excerpt":{"rendered":"<p>Foton fr\u00e5n bl\u00e5b\u00e4rst\u00e4vlingen den 1 juni 2022. Klicka h\u00e4r>><\/p>\n","protected":false},"author":3,"featured_media":0,"parent":0,"menu_order":0,"comment_status":"closed","ping_status":"closed","template":"","meta":{"footnotes":"","_wp_rev_ctl_limit":""},"class_list":["post-751","page","type-page","status-publish","hentry"],"_links":{"self":[{"href":"https:\/\/lerumsbk.se\/index.php\/wp-json\/wp\/v2\/pages\/751","targetHints":{"allow":["GET"]}}],"collection":[{"href":"https:\/\/lerumsbk.se\/index.php\/wp-json\/wp\/v2\/pages"}],"about":[{"href":"https:\/\/lerumsbk.se\/index.php\/wp-json\/wp\/v2\/types\/page"}],"author":[{"embeddable":true,"href":"https:\/\/lerumsbk.se\/index.php\/wp-json\/wp\/v2\/users\/3"}],"replies":[{"embeddable":true,"href":"https:\/\/lerumsbk.se\/index.php\/wp-json\/wp\/v2\/comments?post=751"}],"version-history":[{"count":0,"href":"https:\/\/lerumsbk.se\/index.php\/wp-json\/wp\/v2\/pages\/751\/revisions"}],"wp:attachment":[{"href":"https:\/\/lerumsbk.se\/index.php\/wp-json\/wp\/v2\/media?parent=751"}],"curies":[{"name":"wp","href":"https:\/\/api.w.org\/{rel}","templated":true}]}}