{"id":633,"date":"2022-03-20T14:57:43","date_gmt":"2022-03-20T13:57:43","guid":{"rendered":"https:\/\/lerumsbk.se\/?page_id=633"},"modified":"2022-04-09T14:47:22","modified_gmt":"2022-04-09T13:47:22","slug":"galleri-traffas-och-trivs","status":"publish","type":"page","link":"https:\/\/lerumsbk.se\/index.php\/galleri-traffas-och-trivs\/","title":{"rendered":"Galleri &#8211; tr\u00e4ffas och trivs"},"content":{"rendered":"<figure class=\"wp-block-gallery has-nested-images columns-default is-cropped wp-block-gallery-1 is-layout-flex wp-block-gallery-is-layout-flex\">\n<figure class=\"wp-block-image size-large\"><img loading=\"lazy\" decoding=\"async\" width=\"2560\" height=\"1440\" data-id=\"637\" src=\"https:\/\/lerumsbk.se\/wp-content\/uploads\/2022\/03\/20181107_134559_resized_1-scaled.jpg\" alt=\"\" class=\"wp-image-637\" srcset=\"https:\/\/lerumsbk.se\/wp-content\/uploads\/2022\/03\/20181107_134559_resized_1-scaled.jpg 2560w, https:\/\/lerumsbk.se\/wp-content\/uploads\/2022\/03\/20181107_134559_resized_1-scaled-350x197.jpg 350w, https:\/\/lerumsbk.se\/wp-content\/uploads\/2022\/03\/20181107_134559_resized_1-300x169.jpg 300w, https:\/\/lerumsbk.se\/wp-content\/uploads\/2022\/03\/20181107_134559_resized_1-1024x576.jpg 1024w, https:\/\/lerumsbk.se\/wp-content\/uploads\/2022\/03\/20181107_134559_resized_1-768x432.jpg 768w, https:\/\/lerumsbk.se\/wp-content\/uploads\/2022\/03\/20181107_134559_resized_1-1536x864.jpg 1536w, https:\/\/lerumsbk.se\/wp-content\/uploads\/2022\/03\/20181107_134559_resized_1-2048x1152.jpg 2048w\" sizes=\"auto, (max-width: 767px) 89vw, (max-width: 1000px) 54vw, (max-width: 1071px) 543px, 580px\" \/><figcaption>Fikastunden ska inte underskattas<\/figcaption><\/figure>\n\n\n\n<figure class=\"wp-block-image size-large\"><img loading=\"lazy\" decoding=\"async\" width=\"1024\" height=\"933\" data-id=\"443\" src=\"https:\/\/lerumsbk.se\/wp-content\/uploads\/2022\/03\/20190426_151649_resized-1024x933-1.jpg\" alt=\"\" class=\"wp-image-443\" srcset=\"https:\/\/lerumsbk.se\/wp-content\/uploads\/2022\/03\/20190426_151649_resized-1024x933-1.jpg 1024w, https:\/\/lerumsbk.se\/wp-content\/uploads\/2022\/03\/20190426_151649_resized-1024x933-1-350x319.jpg 350w, https:\/\/lerumsbk.se\/wp-content\/uploads\/2022\/03\/20190426_151649_resized-1024x933-1-300x273.jpg 300w, https:\/\/lerumsbk.se\/wp-content\/uploads\/2022\/03\/20190426_151649_resized-1024x933-1-768x700.jpg 768w\" sizes=\"auto, (max-width: 767px) 89vw, (max-width: 1000px) 54vw, (max-width: 1071px) 543px, 580px\" \/><figcaption>Skogspromenad efter tr\u00e4ningen<\/figcaption><\/figure>\n\n\n\n<figure class=\"wp-block-image size-large\"><img loading=\"lazy\" decoding=\"async\" width=\"988\" height=\"921\" data-id=\"445\" src=\"https:\/\/lerumsbk.se\/wp-content\/uploads\/2022\/03\/20220225_131649_resized_1.jpg\" alt=\"\" class=\"wp-image-445\" srcset=\"https:\/\/lerumsbk.se\/wp-content\/uploads\/2022\/03\/20220225_131649_resized_1.jpg 988w, https:\/\/lerumsbk.se\/wp-content\/uploads\/2022\/03\/20220225_131649_resized_1-350x326.jpg 350w, https:\/\/lerumsbk.se\/wp-content\/uploads\/2022\/03\/20220225_131649_resized_1-300x280.jpg 300w, https:\/\/lerumsbk.se\/wp-content\/uploads\/2022\/03\/20220225_131649_resized_1-768x716.jpg 768w\" sizes=\"auto, (max-width: 767px) 89vw, (max-width: 1000px) 54vw, (max-width: 1071px) 543px, 580px\" \/><figcaption>Kom nu husse<\/figcaption><\/figure>\n\n\n\n<figure class=\"wp-block-image size-large\"><img loading=\"lazy\" decoding=\"async\" width=\"1916\" height=\"2560\" data-id=\"642\" src=\"https:\/\/lerumsbk.se\/wp-content\/uploads\/2022\/03\/20220318_134107_resized-scaled.jpg\" alt=\"\" class=\"wp-image-642\" srcset=\"https:\/\/lerumsbk.se\/wp-content\/uploads\/2022\/03\/20220318_134107_resized-scaled.jpg 1916w, https:\/\/lerumsbk.se\/wp-content\/uploads\/2022\/03\/20220318_134107_resized-scaled-350x468.jpg 350w, https:\/\/lerumsbk.se\/wp-content\/uploads\/2022\/03\/20220318_134107_resized-225x300.jpg 225w, https:\/\/lerumsbk.se\/wp-content\/uploads\/2022\/03\/20220318_134107_resized-767x1024.jpg 767w, https:\/\/lerumsbk.se\/wp-content\/uploads\/2022\/03\/20220318_134107_resized-768x1026.jpg 768w, https:\/\/lerumsbk.se\/wp-content\/uploads\/2022\/03\/20220318_134107_resized-1150x1536.jpg 1150w, https:\/\/lerumsbk.se\/wp-content\/uploads\/2022\/03\/20220318_134107_resized-1533x2048.jpg 1533w\" sizes=\"auto, (max-width: 767px) 89vw, (max-width: 1000px) 54vw, (max-width: 1071px) 543px, 580px\" \/><\/figure>\n\n\n\n<figure class=\"wp-block-image size-large\"><img loading=\"lazy\" decoding=\"async\" width=\"1916\" height=\"2560\" data-id=\"650\" src=\"https:\/\/lerumsbk.se\/wp-content\/uploads\/2022\/03\/20220320_105148_resized-scaled.jpg\" alt=\"\" class=\"wp-image-650\" srcset=\"https:\/\/lerumsbk.se\/wp-content\/uploads\/2022\/03\/20220320_105148_resized-scaled.jpg 1916w, https:\/\/lerumsbk.se\/wp-content\/uploads\/2022\/03\/20220320_105148_resized-scaled-350x468.jpg 350w, https:\/\/lerumsbk.se\/wp-content\/uploads\/2022\/03\/20220320_105148_resized-225x300.jpg 225w, https:\/\/lerumsbk.se\/wp-content\/uploads\/2022\/03\/20220320_105148_resized-767x1024.jpg 767w, https:\/\/lerumsbk.se\/wp-content\/uploads\/2022\/03\/20220320_105148_resized-768x1026.jpg 768w, https:\/\/lerumsbk.se\/wp-content\/uploads\/2022\/03\/20220320_105148_resized-1150x1536.jpg 1150w, https:\/\/lerumsbk.se\/wp-content\/uploads\/2022\/03\/20220320_105148_resized-1533x2048.jpg 1533w\" sizes=\"auto, (max-width: 767px) 89vw, (max-width: 1000px) 54vw, (max-width: 1071px) 543px, 580px\" \/><figcaption>V\u00e4gf\u00f6reningen valde r\u00e4tt v\u00e4der f\u00f6r sitt m\u00f6te<\/figcaption><\/figure>\n\n\n\n<figure class=\"wp-block-image size-large\"><img loading=\"lazy\" decoding=\"async\" width=\"1920\" height=\"2560\" data-id=\"710\" src=\"https:\/\/lerumsbk.se\/wp-content\/uploads\/2022\/03\/20220323_100335-scaled.jpg\" alt=\"\" class=\"wp-image-710\" srcset=\"https:\/\/lerumsbk.se\/wp-content\/uploads\/2022\/03\/20220323_100335-scaled.jpg 1920w, https:\/\/lerumsbk.se\/wp-content\/uploads\/2022\/03\/20220323_100335-scaled-350x467.jpg 350w, https:\/\/lerumsbk.se\/wp-content\/uploads\/2022\/03\/20220323_100335-225x300.jpg 225w, https:\/\/lerumsbk.se\/wp-content\/uploads\/2022\/03\/20220323_100335-768x1024.jpg 768w, https:\/\/lerumsbk.se\/wp-content\/uploads\/2022\/03\/20220323_100335-1152x1536.jpg 1152w, https:\/\/lerumsbk.se\/wp-content\/uploads\/2022\/03\/20220323_100335-1536x2048.jpg 1536w\" sizes=\"auto, (max-width: 767px) 89vw, (max-width: 1000px) 54vw, (max-width: 1071px) 543px, 580px\" \/><\/figure>\n<\/figure>\n\n\n\n<figure class=\"wp-block-gallery has-nested-images columns-default is-cropped wp-block-gallery-2 is-layout-flex wp-block-gallery-is-layout-flex\">\n<figure class=\"wp-block-image size-large\"><img loading=\"lazy\" decoding=\"async\" width=\"1024\" height=\"768\" data-id=\"843\" src=\"https:\/\/lerumsbk.se\/wp-content\/uploads\/2022\/04\/Svereceived_1168180840683727-1024x768.jpeg\" alt=\"\" class=\"wp-image-843\" srcset=\"https:\/\/lerumsbk.se\/wp-content\/uploads\/2022\/04\/Svereceived_1168180840683727-1024x768.jpeg 1024w, https:\/\/lerumsbk.se\/wp-content\/uploads\/2022\/04\/Svereceived_1168180840683727-350x263.jpeg 350w, https:\/\/lerumsbk.se\/wp-content\/uploads\/2022\/04\/Svereceived_1168180840683727-300x225.jpeg 300w, https:\/\/lerumsbk.se\/wp-content\/uploads\/2022\/04\/Svereceived_1168180840683727-768x576.jpeg 768w, https:\/\/lerumsbk.se\/wp-content\/uploads\/2022\/04\/Svereceived_1168180840683727-1536x1152.jpeg 1536w, https:\/\/lerumsbk.se\/wp-content\/uploads\/2022\/04\/Svereceived_1168180840683727.jpeg 2048w\" sizes=\"auto, (max-width: 767px) 89vw, (max-width: 1000px) 54vw, (max-width: 1071px) 543px, 580px\" \/><figcaption>Fika \u00e4r aldrig fel <\/figcaption><\/figure>\n\n\n\n<figure class=\"wp-block-image size-large\"><img loading=\"lazy\" decoding=\"async\" width=\"1916\" height=\"2560\" data-id=\"641\" src=\"https:\/\/lerumsbk.se\/wp-content\/uploads\/2022\/03\/20210623_182522_resized-scaled.jpg\" alt=\"\" class=\"wp-image-641\" srcset=\"https:\/\/lerumsbk.se\/wp-content\/uploads\/2022\/03\/20210623_182522_resized-scaled.jpg 1916w, https:\/\/lerumsbk.se\/wp-content\/uploads\/2022\/03\/20210623_182522_resized-scaled-350x468.jpg 350w, https:\/\/lerumsbk.se\/wp-content\/uploads\/2022\/03\/20210623_182522_resized-225x300.jpg 225w, https:\/\/lerumsbk.se\/wp-content\/uploads\/2022\/03\/20210623_182522_resized-767x1024.jpg 767w, https:\/\/lerumsbk.se\/wp-content\/uploads\/2022\/03\/20210623_182522_resized-768x1026.jpg 768w, https:\/\/lerumsbk.se\/wp-content\/uploads\/2022\/03\/20210623_182522_resized-1150x1536.jpg 1150w, https:\/\/lerumsbk.se\/wp-content\/uploads\/2022\/03\/20210623_182522_resized-1533x2048.jpg 1533w\" sizes=\"auto, (max-width: 767px) 89vw, (max-width: 1000px) 54vw, (max-width: 1071px) 543px, 580px\" \/><figcaption>Inf\u00f6r rallytr\u00e4ningen<\/figcaption><\/figure>\n<\/figure>\n\n\n\n<p><\/p>","protected":false},"excerpt":{"rendered":"","protected":false},"author":3,"featured_media":0,"parent":0,"menu_order":0,"comment_status":"closed","ping_status":"closed","template":"","meta":{"footnotes":"","_wp_rev_ctl_limit":""},"class_list":["post-633","page","type-page","status-publish","hentry"],"_links":{"self":[{"href":"https:\/\/lerumsbk.se\/index.php\/wp-json\/wp\/v2\/pages\/633","targetHints":{"allow":["GET"]}}],"collection":[{"href":"https:\/\/lerumsbk.se\/index.php\/wp-json\/wp\/v2\/pages"}],"about":[{"href":"https:\/\/lerumsbk.se\/index.php\/wp-json\/wp\/v2\/types\/page"}],"author":[{"embeddable":true,"href":"https:\/\/lerumsbk.se\/index.php\/wp-json\/wp\/v2\/users\/3"}],"replies":[{"embeddable":true,"href":"https:\/\/lerumsbk.se\/index.php\/wp-json\/wp\/v2\/comments?post=633"}],"version-history":[{"count":0,"href":"https:\/\/lerumsbk.se\/index.php\/wp-json\/wp\/v2\/pages\/633\/revisions"}],"wp:attachment":[{"href":"https:\/\/lerumsbk.se\/index.php\/wp-json\/wp\/v2\/media?parent=633"}],"curies":[{"name":"wp","href":"https:\/\/api.w.org\/{rel}","templated":true}]}}