{"id":6117,"date":"2026-04-20T18:41:33","date_gmt":"2026-04-20T16:41:33","guid":{"rendered":"https:\/\/lerumsbk.se\/?page_id=6117"},"modified":"2026-04-20T18:44:02","modified_gmt":"2026-04-20T16:44:02","slug":"agility-handlingskurs-2","status":"publish","type":"page","link":"https:\/\/lerumsbk.se\/index.php\/agility-handlingskurs-2\/","title":{"rendered":"Agility handlingskurs"},"content":{"rendered":"<figure class=\"wp-block-image size-large is-resized\"><img loading=\"lazy\" decoding=\"async\" width=\"1024\" height=\"683\" src=\"https:\/\/lerumsbk.se\/wp-content\/uploads\/2022\/06\/17D-3242-1024x683.jpg\" alt=\"\" class=\"wp-image-1258\" style=\"aspect-ratio:1.4992874769733413;width:445px;height:auto\" srcset=\"https:\/\/lerumsbk.se\/wp-content\/uploads\/2022\/06\/17D-3242-1024x683.jpg 1024w, https:\/\/lerumsbk.se\/wp-content\/uploads\/2022\/06\/17D-3242-scaled-350x233.jpg 350w, https:\/\/lerumsbk.se\/wp-content\/uploads\/2022\/06\/17D-3242-300x200.jpg 300w, https:\/\/lerumsbk.se\/wp-content\/uploads\/2022\/06\/17D-3242-768x512.jpg 768w, https:\/\/lerumsbk.se\/wp-content\/uploads\/2022\/06\/17D-3242-1536x1024.jpg 1536w, https:\/\/lerumsbk.se\/wp-content\/uploads\/2022\/06\/17D-3242-2048x1366.jpg 2048w\" sizes=\"auto, (max-width: 767px) 89vw, (max-width: 1000px) 54vw, (max-width: 1071px) 543px, 580px\" \/><\/figure>\n\n\n\n<p>Detta \u00e4r en individanpassad handlingskurs, d\u00e4r fokus ligger p\u00e5 handling utifr\u00e5n <strong>vad just din hund beh\u00f6ver<\/strong>. Kursen anpassas efter varje ekipage, med m\u00e5let att utveckla samarbetet mellan dig och din hund. Vi l\u00e4gger stor vikt vid att tr\u00e4ningen ska vara <strong>rolig, motiverande och utvecklande<\/strong>, samtidigt som du och din hund f\u00e5r nya utmaningar som st\u00e4rker b\u00e5de teknik och sj\u00e4lvf\u00f6rtroende.<\/p>\n\n\n\n<p>Tr\u00e4ningsdagarnas uppl\u00e4gg \u00e4r tv\u00e5 tr\u00e4ningspass med en lunchpaus f\u00f6r vila mat och tid f\u00f6r \u00e5terh\u00e4mtning.<\/p>\n\n\n\n<p>9:00-11:30 tr\u00e4ningspass 1<\/p>\n\n\n\n<p>11:30-12:30 lunch\/paus (vila och \u00e5terh\u00e4mtning f\u00f6r hunden)<\/p>\n\n\n\n<p>12:30-15:00 tr\u00e4ningspass 2<\/p>\n\n\n\n<p><strong>F\u00f6rkunskaper<\/strong>: Du och din hund ska ha g\u00e5tt <strong>minst en agilitykurs tidigare<\/strong> eller tr\u00e4nat mycket p\u00e5 egen hand. Hunden ska kunna tr\u00e4na p\u00e5 <strong>klass 1-niv\u00e5<\/strong> och\/eller klara en bana med <strong>slalom<\/strong>. Hunden ska vara <strong>minst 12 m\u00e5nader gammal<\/strong>.<\/p>\n\n\n\n<p>Kursen <strong>individanpassas fr\u00e5n klass 1 till klass 3<\/strong>, vilket g\u00f6r att b\u00e5de nyare och mer erfarna ekipage f\u00e5r utmaningar p\u00e5 r\u00e4tt niv\u00e5.<\/p>\n\n\n\n<p><strong>Datum<\/strong>: 26 &#8211; 27 juni<\/p>\n\n\n\n<p><strong>Antal deltagare:<\/strong> 5 ekipage\/dag<\/p>\n\n\n\n<p><strong>Pris<\/strong>: 900 kr + medlemskap i Lerums Brukshundsklubb<\/p>\n\n\n\n<p><strong>Instrukt\u00f6r<\/strong>: Lina Dahlman<\/p>\n\n\n\n<p><a href=\"https:\/\/lerumsbk.se\/index.php\/produkt\/agility-handlingskurs-2\/\" target=\"_blank\" rel=\"noreferrer noopener\">Anm\u00e4l h\u00e4r:-><\/a><\/p>\n\n\n\n<p>Jag Lina Dahlman driver&nbsp;<a href=\"http:\/\/agilityhundar.se\/\" target=\"_blank\" rel=\"noreferrer noopener\">agilityhundar.se<\/a>&nbsp;och \u00e4r utbildad agilityinstrukt\u00f6r, jag erbjuder vanligtvis kurser och privat lektioner \u00e5ret runt i Kungsbacka, \u00e4r utbildad instrukt\u00f6r sedan \u00e5r 2013. Men nu kommer jag till Lerums brukshundsklubb f\u00f6r dagskurs!<br><\/p>\n\n\n\n<p><\/p>\n\n\n\n<p><\/p>","protected":false},"excerpt":{"rendered":"<p>Detta \u00e4r en individanpassad handlingskurs, d\u00e4r fokus ligger p\u00e5 handling utifr\u00e5n vad just din hund beh\u00f6ver. Kursen anpassas efter varje ekipage, med m\u00e5let att utveckla samarbetet mellan dig och din hund. Vi l\u00e4gger stor vikt vid att tr\u00e4ningen ska vara rolig, motiverande och utvecklande, samtidigt som du och din hund f\u00e5r nya utmaningar som st\u00e4rker &hellip; <\/p>\n<p class=\"link-more\"><a href=\"https:\/\/lerumsbk.se\/index.php\/agility-handlingskurs-2\/\" class=\"more-link\">Forts\u00e4tt l\u00e4sa<span class=\"screen-reader-text\"> \u201dAgility handlingskurs\u201d<\/span><\/a><\/p>\n","protected":false},"author":9,"featured_media":0,"parent":0,"menu_order":0,"comment_status":"closed","ping_status":"closed","template":"","meta":{"footnotes":"","_wp_rev_ctl_limit":""},"class_list":["post-6117","page","type-page","status-publish","hentry"],"_links":{"self":[{"href":"https:\/\/lerumsbk.se\/index.php\/wp-json\/wp\/v2\/pages\/6117","targetHints":{"allow":["GET"]}}],"collection":[{"href":"https:\/\/lerumsbk.se\/index.php\/wp-json\/wp\/v2\/pages"}],"about":[{"href":"https:\/\/lerumsbk.se\/index.php\/wp-json\/wp\/v2\/types\/page"}],"author":[{"embeddable":true,"href":"https:\/\/lerumsbk.se\/index.php\/wp-json\/wp\/v2\/users\/9"}],"replies":[{"embeddable":true,"href":"https:\/\/lerumsbk.se\/index.php\/wp-json\/wp\/v2\/comments?post=6117"}],"version-history":[{"count":3,"href":"https:\/\/lerumsbk.se\/index.php\/wp-json\/wp\/v2\/pages\/6117\/revisions"}],"predecessor-version":[{"id":6133,"href":"https:\/\/lerumsbk.se\/index.php\/wp-json\/wp\/v2\/pages\/6117\/revisions\/6133"}],"wp:attachment":[{"href":"https:\/\/lerumsbk.se\/index.php\/wp-json\/wp\/v2\/media?parent=6117"}],"curies":[{"name":"wp","href":"https:\/\/api.w.org\/{rel}","templated":true}]}}