{"id":5996,"date":"2026-02-13T09:45:54","date_gmt":"2026-02-13T08:45:54","guid":{"rendered":"https:\/\/lerumsbk.se\/?page_id=5996"},"modified":"2026-02-16T12:50:12","modified_gmt":"2026-02-16T11:50:12","slug":"sa-blir-du-en-battre-hundtranare","status":"publish","type":"page","link":"https:\/\/lerumsbk.se\/index.php\/sa-blir-du-en-battre-hundtranare\/","title":{"rendered":"S\u00e5 blir du en b\u00e4ttre Hundtr\u00e4nare"},"content":{"rendered":"<p><strong>Jessica Johansson som Driver game om puppy kommer och f\u00f6rel\u00e4ser i \u00e4mnet \u201d s\u00e5 blir du en b\u00e4ttre hundtr\u00e4nare\u201d<\/strong><\/p>\n\n\n\n<figure class=\"wp-block-image size-full is-resized\"><img loading=\"lazy\" decoding=\"async\" width=\"355\" height=\"348\" src=\"https:\/\/lerumsbk.se\/wp-content\/uploads\/2026\/02\/image.png\" alt=\"\" class=\"wp-image-5997\" style=\"aspect-ratio:1.020177562550444;width:339px;height:auto\" srcset=\"https:\/\/lerumsbk.se\/wp-content\/uploads\/2026\/02\/image.png 355w, https:\/\/lerumsbk.se\/wp-content\/uploads\/2026\/02\/image-300x294.png 300w, https:\/\/lerumsbk.se\/wp-content\/uploads\/2026\/02\/image-350x343.png 350w\" sizes=\"auto, (max-width: 355px) 100vw, 355px\" \/><\/figure>\n\n\n\n<p>Hundtr\u00e4narrollen \u00e4r komplex vi beh\u00f6ver kunna var strukturerade men \u00e4nd\u00e5 flexibla, ha fantasi, v\u00e5ga experimentera, vara v\u00e4ltajmade, fokuserade, medvetna om vad vi g\u00f6r och vad vi inte g\u00f6r och mycket mycket mer\u2026<br>Vi fokuserar mycket p\u00e5 vad hunden g\u00f6r men gl\u00f6mmer ibland bort v\u00e5r egen otroligt viktiga roll i hundtr\u00e4ningen, det mesta h\u00e4nger ju faktiskt p\u00e5 oss. P\u00e5 den h\u00e4r f\u00f6rel\u00e4sningen kommer jag fokusera p\u00e5 v\u00e5r viktiga roll som hundtr\u00e4nare, hur blir man egentligen en duktig hundtr\u00e4nare!<\/p>\n\n\n\n<p>F\u00f6r mer information om Jessica hittar du p\u00e5 hennes hemsida.<br><a href=\"https:\/\/www.gameonpuppy.se\/\">https:\/\/www.gameonpuppy.se\/<\/a> <\/p>\n\n\n\n<figure class=\"wp-block-image size-full is-resized\"><img loading=\"lazy\" decoding=\"async\" width=\"294\" height=\"294\" src=\"https:\/\/lerumsbk.se\/wp-content\/uploads\/2026\/02\/image-1.png\" alt=\"\" class=\"wp-image-5998\" style=\"width:112px;height:auto\" srcset=\"https:\/\/lerumsbk.se\/wp-content\/uploads\/2026\/02\/image-1.png 294w, https:\/\/lerumsbk.se\/wp-content\/uploads\/2026\/02\/image-1-150x150.png 150w, https:\/\/lerumsbk.se\/wp-content\/uploads\/2026\/02\/image-1-100x100.png 100w, https:\/\/lerumsbk.se\/wp-content\/uploads\/2026\/02\/image-1-250x250.png 250w\" sizes=\"auto, (max-width: 294px) 100vw, 294px\" \/><\/figure>\n\n\n\n<p><strong>Var: <\/strong>Lerumsbrukshundsklubbs klubbstuga<br><strong>N\u00e4r<\/strong>: 8 april 2026<br><strong>Tid: <\/strong>18:30 -20:30<br><strong>Pris:<\/strong><br><strong>Funktion\u00e4r p\u00e5 klubben: Gratis<\/strong><br><strong>Medlem:<\/strong> 200kr<br><strong>Icke medlem:<\/strong> 250kr<\/p>\n\n\n\n<p>Anm\u00e4lan sker via denna l\u00e4nk: <a href=\"https:\/\/docs.google.com\/forms\/d\/e\/1FAIpQLSfTi7eKeKaUO6mpnv3Zwdn703GD1JDBfCeM0m_BLg7bxk4AWQ\/viewform\" target=\"_blank\" rel=\"noreferrer noopener\">S\u00e5 blir du en b\u00e4ttre hundtr\u00e4nare <\/a><\/p>\n\n\n\n<p><strong>Fr\u00e5gor till: &#x65;&#x6d;&#x6d;&#x79;&#x6c;&#x61;&#x6e;&#x64;&#x71;&#x76;&#x69;&#x73;&#x74;&#x2e;&#x65;&#x6c;&#x40;<span class=\"oe_displaynone\">null<\/span>&#x67;&#x6d;&#x61;&#x69;&#x6c;&#x2e;&#x63;&#x6f;&#x6d;<\/strong><\/p>\n\n\n\n<p><\/p>","protected":false},"excerpt":{"rendered":"<p>Jessica Johansson som Driver game om puppy kommer och f\u00f6rel\u00e4ser i \u00e4mnet \u201d s\u00e5 blir du en b\u00e4ttre hundtr\u00e4nare\u201d Hundtr\u00e4narrollen \u00e4r komplex vi beh\u00f6ver kunna var strukturerade men \u00e4nd\u00e5 flexibla, ha fantasi, v\u00e5ga experimentera, vara v\u00e4ltajmade, fokuserade, medvetna om vad vi g\u00f6r och vad vi inte g\u00f6r och mycket mycket mer\u2026Vi fokuserar mycket p\u00e5 vad &hellip; <\/p>\n<p class=\"link-more\"><a href=\"https:\/\/lerumsbk.se\/index.php\/sa-blir-du-en-battre-hundtranare\/\" class=\"more-link\">Forts\u00e4tt l\u00e4sa<span class=\"screen-reader-text\"> \u201dS\u00e5 blir du en b\u00e4ttre Hundtr\u00e4nare\u201d<\/span><\/a><\/p>\n","protected":false},"author":9,"featured_media":0,"parent":0,"menu_order":0,"comment_status":"closed","ping_status":"closed","template":"","meta":{"footnotes":"","_wp_rev_ctl_limit":""},"class_list":["post-5996","page","type-page","status-publish","hentry"],"_links":{"self":[{"href":"https:\/\/lerumsbk.se\/index.php\/wp-json\/wp\/v2\/pages\/5996","targetHints":{"allow":["GET"]}}],"collection":[{"href":"https:\/\/lerumsbk.se\/index.php\/wp-json\/wp\/v2\/pages"}],"about":[{"href":"https:\/\/lerumsbk.se\/index.php\/wp-json\/wp\/v2\/types\/page"}],"author":[{"embeddable":true,"href":"https:\/\/lerumsbk.se\/index.php\/wp-json\/wp\/v2\/users\/9"}],"replies":[{"embeddable":true,"href":"https:\/\/lerumsbk.se\/index.php\/wp-json\/wp\/v2\/comments?post=5996"}],"version-history":[{"count":2,"href":"https:\/\/lerumsbk.se\/index.php\/wp-json\/wp\/v2\/pages\/5996\/revisions"}],"predecessor-version":[{"id":6009,"href":"https:\/\/lerumsbk.se\/index.php\/wp-json\/wp\/v2\/pages\/5996\/revisions\/6009"}],"wp:attachment":[{"href":"https:\/\/lerumsbk.se\/index.php\/wp-json\/wp\/v2\/media?parent=5996"}],"curies":[{"name":"wp","href":"https:\/\/api.w.org\/{rel}","templated":true}]}}