{"id":5986,"date":"2026-02-10T12:32:43","date_gmt":"2026-02-10T11:32:43","guid":{"rendered":"https:\/\/lerumsbk.se\/?page_id=5986"},"modified":"2026-02-10T12:36:36","modified_gmt":"2026-02-10T11:36:36","slug":"sok-kurs","status":"publish","type":"page","link":"https:\/\/lerumsbk.se\/index.php\/sok-kurs\/","title":{"rendered":"S\u00f6k kurs"},"content":{"rendered":"<figure class=\"wp-block-image size-full is-resized\"><img loading=\"lazy\" decoding=\"async\" width=\"960\" height=\"640\" src=\"https:\/\/lerumsbk.se\/wp-content\/uploads\/2026\/02\/Q2A0054.jpg\" alt=\"\" class=\"wp-image-5987\" style=\"aspect-ratio:1.500017387070974;width:514px;height:auto\" srcset=\"https:\/\/lerumsbk.se\/wp-content\/uploads\/2026\/02\/Q2A0054.jpg 960w, https:\/\/lerumsbk.se\/wp-content\/uploads\/2026\/02\/Q2A0054-300x200.jpg 300w, https:\/\/lerumsbk.se\/wp-content\/uploads\/2026\/02\/Q2A0054-768x512.jpg 768w, https:\/\/lerumsbk.se\/wp-content\/uploads\/2026\/02\/Q2A0054-350x233.jpg 350w\" sizes=\"auto, (max-width: 767px) 89vw, (max-width: 1000px) 54vw, (max-width: 1071px) 543px, 580px\" \/><\/figure>\n\n\n\n<p>S\u00f6k \u00e4r en av de fyra grenarna inom brukset.<br>En s\u00f6khund letar efter m\u00e4nniskor i skogen.<\/p>\n\n\n\n<p><strong>M\u00c5L:<\/strong> P\u00e5 den h\u00e4r kursen l\u00e4r du dig grunderna i s\u00f6ket och f\u00e5r starta upp inl\u00e4rningen med din egen hund p\u00e5 ett bra s\u00e4tt.<\/p>\n\n\n\n<p><strong>F\u00d6RKUNSKAPER:<\/strong> Inga, men du m\u00e5ste kunna ha din hund l\u00f6s i skogen n\u00e4r den jobbar.<\/p>\n\n\n\n<p><strong>PLATS:<\/strong> F\u00f6rsta g\u00e5ngen tr\u00e4ffas vi p\u00e5 LBK men \u00f6vriga tillf\u00e4llen kommer vi att vara p\u00e5 annan plats i skogen.<br>Tillg\u00e5ng till bil \u00e4r ett m\u00e5ste, samt att hunden kan sitta och v\u00e4nta i den n\u00e4r det inte \u00e4r er tur.<\/p>\n\n\n\n<p><strong>DATUM:<\/strong> Onsdagen den 8 april, Tisdagar den 14 april, 21 april samt 28 april<br>TID: 18:00-20:30<br><strong><br>Antal deltagare:<\/strong>&nbsp;5 st<\/p>\n\n\n\n<p><strong>Pris<\/strong>: 1500:- samt medlemskap p\u00e5 Lerumsbrukshundsklubb<\/p>\n\n\n\n<p><strong>Instrukt\u00f6r<\/strong>: Git Jering Har du n\u00e5gra fr\u00e5gor kan du maila till&nbsp;<a href=\"mailto:&#x67;&#x69;&#x74;&#x40;&#x61;&#x6c;&#x66;&#x61;&#x68;&#x75;&#x6e;&#x64;&#x63;&#x65;&#x6e;&#x74;&#x65;&#x72;&#x2e;&#x73;&#x65;\" target=\"_blank\" rel=\"noreferrer noopener\">&#x67;&#x69;&#x74;&#x40;<span class=\"oe_displaynone\">null<\/span>&#x61;&#x6c;&#x66;&#x61;&#x68;&#x75;&#x6e;&#x64;&#x63;&#x65;&#x6e;&#x74;&#x65;&#x72;&#x2e;&#x73;&#x65;<\/a><\/p>\n\n\n\n<p>F\u00f6r er som inte k\u00e4nner Git<br>Git har i dagsl\u00e4get mer \u00e4n 50 cert i s\u00f6khundsgruppen, tagna med fem olika hundar.<br>Det meriter hon \u00e4r mest stolt \u00f6ver \u00e4r en SM vinst i s\u00f6k och titlar som \u00e5rets S\u00f6khund &amp; \u00c5rets Brukshund.<br>Samt den sv\u00e5raste utmaningen av alla, tv\u00e5 genomf\u00f6rda SM med en otroligt sv\u00e5rarbetad hund med en 7 placering som b\u00e4st. Git har kvalat till \u00e5tta SM och deltagit i sju, senast 2017.<\/p>\n\n\n\n<p><a href=\"https:\/\/lerumsbk.se\/index.php\/produkt\/sok-kurs\/\" target=\"_blank\" rel=\"noreferrer noopener\">Anm\u00e4l h\u00e4r=><\/a><\/p>\n\n\n\n<p><\/p>","protected":false},"excerpt":{"rendered":"<p>S\u00f6k \u00e4r en av de fyra grenarna inom brukset.En s\u00f6khund letar efter m\u00e4nniskor i skogen. M\u00c5L: P\u00e5 den h\u00e4r kursen l\u00e4r du dig grunderna i s\u00f6ket och f\u00e5r starta upp inl\u00e4rningen med din egen hund p\u00e5 ett bra s\u00e4tt. F\u00d6RKUNSKAPER: Inga, men du m\u00e5ste kunna ha din hund l\u00f6s i skogen n\u00e4r den jobbar. PLATS: &hellip; <\/p>\n<p class=\"link-more\"><a href=\"https:\/\/lerumsbk.se\/index.php\/sok-kurs\/\" class=\"more-link\">Forts\u00e4tt l\u00e4sa<span class=\"screen-reader-text\"> \u201dS\u00f6k kurs\u201d<\/span><\/a><\/p>\n","protected":false},"author":9,"featured_media":0,"parent":0,"menu_order":0,"comment_status":"closed","ping_status":"closed","template":"","meta":{"footnotes":"","_wp_rev_ctl_limit":""},"class_list":["post-5986","page","type-page","status-publish","hentry"],"_links":{"self":[{"href":"https:\/\/lerumsbk.se\/index.php\/wp-json\/wp\/v2\/pages\/5986","targetHints":{"allow":["GET"]}}],"collection":[{"href":"https:\/\/lerumsbk.se\/index.php\/wp-json\/wp\/v2\/pages"}],"about":[{"href":"https:\/\/lerumsbk.se\/index.php\/wp-json\/wp\/v2\/types\/page"}],"author":[{"embeddable":true,"href":"https:\/\/lerumsbk.se\/index.php\/wp-json\/wp\/v2\/users\/9"}],"replies":[{"embeddable":true,"href":"https:\/\/lerumsbk.se\/index.php\/wp-json\/wp\/v2\/comments?post=5986"}],"version-history":[{"count":3,"href":"https:\/\/lerumsbk.se\/index.php\/wp-json\/wp\/v2\/pages\/5986\/revisions"}],"predecessor-version":[{"id":5991,"href":"https:\/\/lerumsbk.se\/index.php\/wp-json\/wp\/v2\/pages\/5986\/revisions\/5991"}],"wp:attachment":[{"href":"https:\/\/lerumsbk.se\/index.php\/wp-json\/wp\/v2\/media?parent=5986"}],"curies":[{"name":"wp","href":"https:\/\/api.w.org\/{rel}","templated":true}]}}