{"id":5843,"date":"2025-12-13T18:03:10","date_gmt":"2025-12-13T17:03:10","guid":{"rendered":"https:\/\/lerumsbk.se\/?page_id=5843"},"modified":"2026-02-13T12:41:08","modified_gmt":"2026-02-13T11:41:08","slug":"vardagslydnad","status":"publish","type":"page","link":"https:\/\/lerumsbk.se\/index.php\/vardagslydnad\/","title":{"rendered":"Vardagslydnad &#8211; Kursen \u00e4r fullbokad"},"content":{"rendered":"<figure class=\"wp-block-image size-large is-resized\"><img loading=\"lazy\" decoding=\"async\" width=\"1024\" height=\"614\" src=\"https:\/\/lerumsbk.se\/wp-content\/uploads\/2024\/10\/cropped-2024-10-21_19-26-36-1024x614.jpg\" alt=\"\" class=\"wp-image-5598\" style=\"aspect-ratio:1.6678008042066192;width:452px;height:auto\" srcset=\"https:\/\/lerumsbk.se\/wp-content\/uploads\/2024\/10\/cropped-2024-10-21_19-26-36-1024x614.jpg 1024w, https:\/\/lerumsbk.se\/wp-content\/uploads\/2024\/10\/cropped-2024-10-21_19-26-36-300x180.jpg 300w, https:\/\/lerumsbk.se\/wp-content\/uploads\/2024\/10\/cropped-2024-10-21_19-26-36-768x460.jpg 768w, https:\/\/lerumsbk.se\/wp-content\/uploads\/2024\/10\/cropped-2024-10-21_19-26-36-1536x921.jpg 1536w, https:\/\/lerumsbk.se\/wp-content\/uploads\/2024\/10\/cropped-2024-10-21_19-26-36-350x210.jpg 350w, https:\/\/lerumsbk.se\/wp-content\/uploads\/2024\/10\/cropped-2024-10-21_19-26-36.jpg 2000w\" sizes=\"auto, (max-width: 767px) 89vw, (max-width: 1000px) 54vw, (max-width: 1071px) 543px, 580px\" \/><\/figure>\n\n\n\n<p>Denna kurs \u00e4r t\u00e4nkt f\u00f6r er som g\u00e5tt valp, nyb\u00f6rjarkurs eller motsvarande och<br>vill tr\u00e4na vidare. Vi forts\u00e4tter att bygga samarbete mellan dig och din hund<br>f\u00f6r en trivsam vardag tillsammans.<br>Vi arbetar vidare med grund\u00f6vningar som tex kontakt, inkallning, g\u00e5 fint i koppel, passivitet\/stadga och hundm\u00f6ten f\u00f6r en god allm\u00e4nlydnad. Vi l\u00e4gger p\u00e5 st\u00f6rningar utifr\u00e5n din hunds niv\u00e5.<br>Vi kommer ocks\u00e5 att fokusera p\u00e5 aktiverings\u00f6vningar som aktiverar din hund mentalt och bla. syftar till att skapa en bra relation mellan dig och din hund.<\/p>\n\n\n\n<p>F\u00f6r hundar fr\u00e5n 6 m\u00e5nader och upp\u00e5t.<\/p>\n\n\n\n<p><strong>F\u00f6rkunskaper:&nbsp;<\/strong>Denna kurs \u00e4r t\u00e4nkt f\u00f6r er som g\u00e5tt valp,<br>nyb\u00f6rjarkurs eller motsvarande men har du inte dessa f\u00f6rkunskaper \u00e4r du v\u00e4lkommen \u00e4nd\u00e5.&nbsp;<\/p>\n\n\n\n<p><strong>Plats:<\/strong>&nbsp;&nbsp;Lerums Brukshundsklubb<\/p>\n\n\n\n<p><strong>Datum<\/strong>: Tisdagar; 17\/3,  24\/3, 31\/3, 7\/4, 14\/4<\/p>\n\n\n\n<p><strong>Tid:<\/strong>&nbsp;18:00-19:30<\/p>\n\n\n\n<p><strong>Antal deltagare<\/strong>: 8 st<\/p>\n\n\n\n<p><strong>Pris:<\/strong>&nbsp;1200:- + medlemskap i Lerums Brukshundsklubb<\/p>\n\n\n\n<p><strong>Instrukt\u00f6r:\u00a0<\/strong>Annika von Hofsten och Annika Lysell,  vid fr\u00e5gor kontakta &#x61;&#x6e;&#x6e;&#x69;&#x6b;&#x61;&#x2e;&#x76;&#x2e;&#x68;&#x6f;&#x66;&#x73;&#x74;&#x65;&#x6e;&#x40;<span class=\"oe_displaynone\">null<\/span>&#x68;&#x6f;&#x74;&#x6d;&#x61;&#x69;&#x6c;&#x2e;&#x63;&#x6f;&#x6d;<\/p>\n\n\n\n<p><strong><a href=\"https:\/\/lerumsbk.se\/index.php\/produkt\/vardagslydnad\/\" target=\"_blank\" rel=\"noreferrer noopener\">Anm\u00e4l h\u00e4r:-&gt;<\/a><\/strong><\/p>","protected":false},"excerpt":{"rendered":"<p>Denna kurs \u00e4r t\u00e4nkt f\u00f6r er som g\u00e5tt valp, nyb\u00f6rjarkurs eller motsvarande ochvill tr\u00e4na vidare. Vi forts\u00e4tter att bygga samarbete mellan dig och din hundf\u00f6r en trivsam vardag tillsammans.Vi arbetar vidare med grund\u00f6vningar som tex kontakt, inkallning, g\u00e5 fint i koppel, passivitet\/stadga och hundm\u00f6ten f\u00f6r en god allm\u00e4nlydnad. Vi l\u00e4gger p\u00e5 st\u00f6rningar utifr\u00e5n din hunds &hellip; <\/p>\n<p class=\"link-more\"><a href=\"https:\/\/lerumsbk.se\/index.php\/vardagslydnad\/\" class=\"more-link\">Forts\u00e4tt l\u00e4sa<span class=\"screen-reader-text\"> \u201dVardagslydnad &#8211; Kursen \u00e4r fullbokad\u201d<\/span><\/a><\/p>\n","protected":false},"author":9,"featured_media":0,"parent":0,"menu_order":0,"comment_status":"closed","ping_status":"closed","template":"","meta":{"footnotes":"","_wp_rev_ctl_limit":""},"class_list":["post-5843","page","type-page","status-publish","hentry"],"_links":{"self":[{"href":"https:\/\/lerumsbk.se\/index.php\/wp-json\/wp\/v2\/pages\/5843","targetHints":{"allow":["GET"]}}],"collection":[{"href":"https:\/\/lerumsbk.se\/index.php\/wp-json\/wp\/v2\/pages"}],"about":[{"href":"https:\/\/lerumsbk.se\/index.php\/wp-json\/wp\/v2\/types\/page"}],"author":[{"embeddable":true,"href":"https:\/\/lerumsbk.se\/index.php\/wp-json\/wp\/v2\/users\/9"}],"replies":[{"embeddable":true,"href":"https:\/\/lerumsbk.se\/index.php\/wp-json\/wp\/v2\/comments?post=5843"}],"version-history":[{"count":4,"href":"https:\/\/lerumsbk.se\/index.php\/wp-json\/wp\/v2\/pages\/5843\/revisions"}],"predecessor-version":[{"id":6005,"href":"https:\/\/lerumsbk.se\/index.php\/wp-json\/wp\/v2\/pages\/5843\/revisions\/6005"}],"wp:attachment":[{"href":"https:\/\/lerumsbk.se\/index.php\/wp-json\/wp\/v2\/media?parent=5843"}],"curies":[{"name":"wp","href":"https:\/\/api.w.org\/{rel}","templated":true}]}}