{"id":583,"date":"2022-03-14T17:57:09","date_gmt":"2022-03-14T16:57:09","guid":{"rendered":"https:\/\/lerumsbk.se\/?page_id=583"},"modified":"2026-04-29T08:30:49","modified_gmt":"2026-04-29T06:30:49","slug":"vara-sponsorer","status":"publish","type":"page","link":"https:\/\/lerumsbk.se\/index.php\/vara-sponsorer\/","title":{"rendered":"V\u00e5ra sponsorer 2026"},"content":{"rendered":"<p><strong>Vi tackar v\u00e5ra <strong>samarbetspartners<\/strong> och <\/strong> <strong>sponsorer<\/strong> <br><br>Lerum Energi<br>Medborgarskolan<br>Skyltpoolen<\/p>\n\n\n\n<p>Lerums Hund och H\u00e4stsport<br>Bonum matmarknad<br>Gr\u00e5bo Djurh\u00e4lsa (butik)<br>Lerums djursjukhus<br>Emjo schakt<br>Engelsson<br>Tempo Stenkullen<\/p>\n\n\n\n<p>Sponsoransvarig Olle Bergstr\u00f6m e-mail: <a href=\"mailto:&#x53;&#x70;&#x6f;&#x6e;&#x73;&#x6f;&#x72;&#x61;&#x6e;&#x73;&#x76;&#x61;&#x72;&#x69;&#x67;&#x40;&#x6c;&#x65;&#x72;&#x75;&#x6d;&#x73;&#x62;&#x6b;&#x2e;&#x73;&#x65;\" target=\"_blank\" rel=\"noreferrer noopener\">&#x73;&#x70;&#x6f;&#x6e;&#x73;&#x6f;&#x72;&#x61;&#x6e;&#x73;&#x76;&#x61;&#x72;&#x69;&#x67;&#x40;<span class=\"oe_displaynone\">null<\/span>&#x6c;&#x65;&#x72;&#x75;&#x6d;&#x73;&#x62;&#x6b;&#x2e;&#x73;&#x65;<\/a><\/p>\n\n\n\n<p>Tag kontakt med sponsoransvarig om du vill sponsra eller har f\u00f6rslag p\u00e5 ny sponsor. Alla medlemmars anstr\u00e4ngningar att knyta kontakter tas tacksamt emot.<\/p>\n\n\n\n<hr class=\"wp-block-separator has-alpha-channel-opacity is-style-wide\"\/>\n\n\n\n<div class=\"wp-block-columns is-layout-flex wp-container-core-columns-is-layout-9d6595d7 wp-block-columns-is-layout-flex\">\n<div class=\"wp-block-column is-vertically-aligned-center is-layout-flow wp-block-column-is-layout-flow\">\n<figure class=\"wp-block-image size-full is-resized\"><a href=\"https:\/\/www.lerumenergi.se\/\" target=\"_blank\" rel=\"noreferrer noopener\"><img loading=\"lazy\" decoding=\"async\" width=\"600\" height=\"388\" src=\"https:\/\/lerumsbk.se\/wp-content\/uploads\/2022\/07\/Lerum-Energi-Logo2020.jpg\" alt=\"\" class=\"wp-image-1499\" style=\"aspect-ratio:1.5464838812902606;width:238px;height:auto\" srcset=\"https:\/\/lerumsbk.se\/wp-content\/uploads\/2022\/07\/Lerum-Energi-Logo2020.jpg 600w, https:\/\/lerumsbk.se\/wp-content\/uploads\/2022\/07\/Lerum-Energi-Logo2020-350x226.jpg 350w, https:\/\/lerumsbk.se\/wp-content\/uploads\/2022\/07\/Lerum-Energi-Logo2020-300x194.jpg 300w\" sizes=\"auto, (max-width: 600px) 100vw, 600px\" \/><\/a><\/figure>\n<\/div>\n\n\n\n<div class=\"wp-block-column is-layout-flow wp-block-column-is-layout-flow\"><div class=\"wp-block-image\">\n<figure class=\"aligncenter size-full is-resized\"><a href=\"https:\/\/www.medborgarskolan.se\/\" target=\"_blank\" rel=\"noreferrer noopener\"><img loading=\"lazy\" decoding=\"async\" width=\"960\" height=\"960\" src=\"https:\/\/lerumsbk.se\/wp-content\/uploads\/2022\/07\/image002-1.jpg\" alt=\"\" class=\"wp-image-1436\" style=\"width:189px;height:auto\" srcset=\"https:\/\/lerumsbk.se\/wp-content\/uploads\/2022\/07\/image002-1.jpg 960w, https:\/\/lerumsbk.se\/wp-content\/uploads\/2022\/07\/image002-1-250x250.jpg 250w, https:\/\/lerumsbk.se\/wp-content\/uploads\/2022\/07\/image002-1-100x100.jpg 100w, https:\/\/lerumsbk.se\/wp-content\/uploads\/2022\/07\/image002-1-350x350.jpg 350w, https:\/\/lerumsbk.se\/wp-content\/uploads\/2022\/07\/image002-1-300x300.jpg 300w, https:\/\/lerumsbk.se\/wp-content\/uploads\/2022\/07\/image002-1-150x150.jpg 150w, https:\/\/lerumsbk.se\/wp-content\/uploads\/2022\/07\/image002-1-768x768.jpg 768w\" sizes=\"auto, (max-width: 767px) 89vw, (max-width: 1000px) 54vw, (max-width: 1071px) 543px, 580px\" \/><\/a><\/figure>\n<\/div><\/div>\n<\/div>\n\n\n\n<div class=\"wp-block-columns is-layout-flex wp-container-core-columns-is-layout-9d6595d7 wp-block-columns-is-layout-flex\">\n<div class=\"wp-block-column is-vertically-aligned-center is-layout-flow wp-block-column-is-layout-flow\"><\/div>\n\n\n\n<div class=\"wp-block-column is-layout-flow wp-block-column-is-layout-flow\"><div class=\"wp-block-image\">\n<figure class=\"aligncenter size-full is-resized\"><a href=\"https:\/\/www.skyltpoolen.se\/\" target=\"_blank\" rel=\"noreferrer noopener\"><img loading=\"lazy\" decoding=\"async\" width=\"163\" height=\"157\" src=\"https:\/\/lerumsbk.se\/wp-content\/uploads\/2023\/10\/skyltpoolen.jpg\" alt=\"\" class=\"wp-image-3138\" style=\"width:151px;height:auto\"\/><\/a><\/figure>\n<\/div><\/div>\n<\/div>\n\n\n\n<div class=\"wp-block-columns is-layout-flex wp-container-core-columns-is-layout-9d6595d7 wp-block-columns-is-layout-flex\">\n<div class=\"wp-block-column is-layout-flow wp-block-column-is-layout-flow\">\n<figure class=\"wp-block-image size-full is-resized\"><a href=\"http:\/\/www.bonummat.se\/\" target=\"_blank\" rel=\"noreferrer noopener\"><img loading=\"lazy\" decoding=\"async\" width=\"214\" height=\"98\" src=\"https:\/\/lerumsbk.se\/wp-content\/uploads\/2023\/10\/bonum.jpg\" alt=\"\" class=\"wp-image-3135\" style=\"width:188px;height:auto\"\/><\/a><\/figure>\n<\/div>\n\n\n\n<div class=\"wp-block-column is-layout-flow wp-block-column-is-layout-flow\"><div class=\"wp-block-image\">\n<figure class=\"aligncenter size-full is-resized\"><a href=\"https:\/\/www.grabodjurhalsa.com\/\" target=\"_blank\" rel=\"noreferrer noopener\"><img loading=\"lazy\" decoding=\"async\" width=\"191\" height=\"94\" src=\"https:\/\/lerumsbk.se\/wp-content\/uploads\/2023\/10\/grabo-djurhalsa.jpg\" alt=\"\" class=\"wp-image-3136\" style=\"aspect-ratio:2.0320365423194118;width:200px;height:auto\"\/><\/a><\/figure>\n<\/div><\/div>\n<\/div>\n\n\n\n<div class=\"wp-block-columns is-layout-flex wp-container-core-columns-is-layout-9d6595d7 wp-block-columns-is-layout-flex\">\n<div class=\"wp-block-column is-layout-flow wp-block-column-is-layout-flow\">\n<figure class=\"wp-block-image size-full is-resized\"><a href=\"https:\/\/www.engelsons.se\/\" target=\"_blank\" rel=\"noreferrer noopener\"><img loading=\"lazy\" decoding=\"async\" width=\"156\" height=\"141\" src=\"https:\/\/lerumsbk.se\/wp-content\/uploads\/2023\/10\/engelsons.jpg\" alt=\"\" class=\"wp-image-3137\" style=\"aspect-ratio:1.1063829787234043;width:180px;height:auto\"\/><\/a><\/figure>\n<\/div>\n\n\n\n<div class=\"wp-block-column is-layout-flow wp-block-column-is-layout-flow\"><div class=\"wp-block-image\">\n<figure class=\"aligncenter size-full is-resized\"><a href=\"http:\/\/www.hundohast.se\/\" target=\"_blank\" rel=\"noreferrer noopener\"><img loading=\"lazy\" decoding=\"async\" width=\"249\" height=\"114\" src=\"https:\/\/lerumsbk.se\/wp-content\/uploads\/2022\/02\/hundohast.jpg\" alt=\"\" class=\"wp-image-382\" style=\"aspect-ratio:2.184258775666001;width:223px;height:auto\"\/><\/a><figcaption class=\"wp-element-caption\">Hund och h\u00e4st<\/figcaption><\/figure>\n<\/div><\/div>\n<\/div>\n\n\n\n<div class=\"wp-block-columns is-layout-flex wp-container-core-columns-is-layout-9d6595d7 wp-block-columns-is-layout-flex\">\n<div class=\"wp-block-column is-layout-flow wp-block-column-is-layout-flow\">\n<figure class=\"wp-block-image size-full is-resized\"><img loading=\"lazy\" decoding=\"async\" width=\"607\" height=\"592\" src=\"https:\/\/lerumsbk.se\/wp-content\/uploads\/2025\/08\/tempo.jpg\" alt=\"\" class=\"wp-image-5492\" style=\"width:185px;height:auto\" srcset=\"https:\/\/lerumsbk.se\/wp-content\/uploads\/2025\/08\/tempo.jpg 607w, https:\/\/lerumsbk.se\/wp-content\/uploads\/2025\/08\/tempo-300x293.jpg 300w, https:\/\/lerumsbk.se\/wp-content\/uploads\/2025\/08\/tempo-350x341.jpg 350w\" sizes=\"auto, (max-width: 607px) 100vw, 607px\" \/><\/figure>\n<\/div>\n\n\n\n<div class=\"wp-block-column is-layout-flow wp-block-column-is-layout-flow\"><div class=\"wp-block-image\">\n<figure class=\"aligncenter size-full is-resized\"><img loading=\"lazy\" decoding=\"async\" width=\"576\" height=\"351\" src=\"https:\/\/lerumsbk.se\/wp-content\/uploads\/2024\/03\/EMJO-logo.jpg\" alt=\"\" class=\"wp-image-3778\" style=\"aspect-ratio:1.6409860939299528;width:273px;height:auto\" srcset=\"https:\/\/lerumsbk.se\/wp-content\/uploads\/2024\/03\/EMJO-logo.jpg 576w, https:\/\/lerumsbk.se\/wp-content\/uploads\/2024\/03\/EMJO-logo-300x183.jpg 300w, https:\/\/lerumsbk.se\/wp-content\/uploads\/2024\/03\/EMJO-logo-350x213.jpg 350w\" sizes=\"auto, (max-width: 576px) 100vw, 576px\" \/><\/figure>\n<\/div><\/div>\n<\/div>\n\n\n\n<div class=\"wp-block-columns is-layout-flex wp-container-core-columns-is-layout-9d6595d7 wp-block-columns-is-layout-flex\">\n<div class=\"wp-block-column is-layout-flow wp-block-column-is-layout-flow\">\n<figure class=\"wp-block-image size-large is-resized\"><img loading=\"lazy\" decoding=\"async\" width=\"1024\" height=\"681\" src=\"https:\/\/lerumsbk.se\/wp-content\/uploads\/2026\/04\/Lerums-Djursjukhus-1024x681.jpg\" alt=\"\" class=\"wp-image-6150\" style=\"aspect-ratio:1.5037329819938516;width:241px;height:auto\" srcset=\"https:\/\/lerumsbk.se\/wp-content\/uploads\/2026\/04\/Lerums-Djursjukhus-1024x681.jpg 1024w, https:\/\/lerumsbk.se\/wp-content\/uploads\/2026\/04\/Lerums-Djursjukhus-300x200.jpg 300w, https:\/\/lerumsbk.se\/wp-content\/uploads\/2026\/04\/Lerums-Djursjukhus-768x511.jpg 768w, https:\/\/lerumsbk.se\/wp-content\/uploads\/2026\/04\/Lerums-Djursjukhus-350x233.jpg 350w, https:\/\/lerumsbk.se\/wp-content\/uploads\/2026\/04\/Lerums-Djursjukhus.jpg 1420w\" sizes=\"auto, (max-width: 767px) 89vw, (max-width: 1000px) 54vw, (max-width: 1071px) 543px, 580px\" \/><\/figure>\n<\/div>\n\n\n\n<div class=\"wp-block-column is-layout-flow wp-block-column-is-layout-flow\"><\/div>\n<\/div>\n\n\n\n<p><strong>Rabatt hos n\u00e5gra av v\u00e5ra sponsorer&nbsp;<\/strong><\/p>\n\n\n\n<p><strong>Lerums hund och h\u00e4stsport<\/strong>&nbsp;10 % rabatt p\u00e5 tillbeh\u00f6r (g\u00e4ller ej godis och tugg) &nbsp;samt 5% p\u00e5 stor s\u00e4ck foder &nbsp;<\/p>\n\n\n\n<p><strong>Gr\u00e5bo djurh\u00e4lsa<\/strong>&nbsp;10% rabatt p\u00e5 tillbeh\u00f6r (ordinarie pris), 5 % rabatt p\u00e5 foder och fodertillskott.&nbsp;<br>G\u00e4ller endast butikssortiment.<\/p>\n\n\n\n<p><\/p>\n\n\n\n<p><\/p>","protected":false},"excerpt":{"rendered":"<p>Vi tackar v\u00e5ra samarbetspartners och sponsorer Lerum EnergiMedborgarskolanSkyltpoolen Lerums Hund och H\u00e4stsportBonum matmarknadGr\u00e5bo Djurh\u00e4lsa (butik)Lerums djursjukhusEmjo schaktEngelssonTempo Stenkullen Sponsoransvarig Olle Bergstr\u00f6m e-mail: &#x73;&#x70;&#x6f;&#x6e;&#x73;&#x6f;&#x72;&#x61;&#x6e;&#x73;&#x76;&#x61;&#x72;&#x69;&#x67;&#x40;null&#x6c;&#x65;&#x72;&#x75;&#x6d;&#x73;&#x62;&#x6b;&#x2e;&#x73;&#x65; Tag kontakt med sponsoransvarig om du vill sponsra eller har f\u00f6rslag p\u00e5 ny sponsor. Alla medlemmars anstr\u00e4ngningar att knyta kontakter tas tacksamt emot. Rabatt hos n\u00e5gra av v\u00e5ra sponsorer&nbsp; Lerums hund och &hellip; <\/p>\n<p class=\"link-more\"><a href=\"https:\/\/lerumsbk.se\/index.php\/vara-sponsorer\/\" class=\"more-link\">Forts\u00e4tt l\u00e4sa<span class=\"screen-reader-text\"> \u201dV\u00e5ra sponsorer 2026\u201d<\/span><\/a><\/p>\n","protected":false},"author":1,"featured_media":0,"parent":0,"menu_order":0,"comment_status":"closed","ping_status":"closed","template":"","meta":{"footnotes":"","_wp_rev_ctl_limit":""},"class_list":["post-583","page","type-page","status-publish","hentry"],"_links":{"self":[{"href":"https:\/\/lerumsbk.se\/index.php\/wp-json\/wp\/v2\/pages\/583","targetHints":{"allow":["GET"]}}],"collection":[{"href":"https:\/\/lerumsbk.se\/index.php\/wp-json\/wp\/v2\/pages"}],"about":[{"href":"https:\/\/lerumsbk.se\/index.php\/wp-json\/wp\/v2\/types\/page"}],"author":[{"embeddable":true,"href":"https:\/\/lerumsbk.se\/index.php\/wp-json\/wp\/v2\/users\/1"}],"replies":[{"embeddable":true,"href":"https:\/\/lerumsbk.se\/index.php\/wp-json\/wp\/v2\/comments?post=583"}],"version-history":[{"count":3,"href":"https:\/\/lerumsbk.se\/index.php\/wp-json\/wp\/v2\/pages\/583\/revisions"}],"predecessor-version":[{"id":6151,"href":"https:\/\/lerumsbk.se\/index.php\/wp-json\/wp\/v2\/pages\/583\/revisions\/6151"}],"wp:attachment":[{"href":"https:\/\/lerumsbk.se\/index.php\/wp-json\/wp\/v2\/media?parent=583"}],"curies":[{"name":"wp","href":"https:\/\/api.w.org\/{rel}","templated":true}]}}