{"id":577,"date":"2022-03-14T18:06:31","date_gmt":"2022-03-14T17:06:31","guid":{"rendered":"https:\/\/lerumsbk.se\/?page_id=577"},"modified":"2022-05-16T17:31:23","modified_gmt":"2022-05-16T16:31:23","slug":"galleri-utstallning","status":"publish","type":"page","link":"https:\/\/lerumsbk.se\/index.php\/galleri-utstallning\/","title":{"rendered":"Galleri-  utst\u00e4llning"},"content":{"rendered":"<p>Utst\u00e4llning 15 Maj 2022 &#8211; <a href=\"https:\/\/lerumsbk.se\/index.php\/utstallningen-15-maj-2022\/\" data-type=\"page\" data-id=\"1113\">Klicka h\u00e4r&gt;&gt;<\/a><\/p>\n\n\n\n<figure class=\"wp-block-gallery has-nested-images columns-default is-cropped wp-block-gallery-1 is-layout-flex wp-block-gallery-is-layout-flex\">\n<figure class=\"wp-block-image size-large\"><img loading=\"lazy\" decoding=\"async\" width=\"1024\" height=\"683\" data-id=\"1005\" src=\"https:\/\/lerumsbk.se\/wp-content\/uploads\/2022\/05\/ut-7D-2999-2-1024x683.jpg\" alt=\"\" class=\"wp-image-1005\" srcset=\"https:\/\/lerumsbk.se\/wp-content\/uploads\/2022\/05\/ut-7D-2999-2-1024x683.jpg 1024w, https:\/\/lerumsbk.se\/wp-content\/uploads\/2022\/05\/ut-7D-2999-2-scaled-350x233.jpg 350w, https:\/\/lerumsbk.se\/wp-content\/uploads\/2022\/05\/ut-7D-2999-2-300x200.jpg 300w, https:\/\/lerumsbk.se\/wp-content\/uploads\/2022\/05\/ut-7D-2999-2-768x512.jpg 768w, https:\/\/lerumsbk.se\/wp-content\/uploads\/2022\/05\/ut-7D-2999-2-1536x1024.jpg 1536w, https:\/\/lerumsbk.se\/wp-content\/uploads\/2022\/05\/ut-7D-2999-2-2048x1365.jpg 2048w\" sizes=\"auto, (max-width: 767px) 89vw, (max-width: 1000px) 54vw, (max-width: 1071px) 543px, 580px\" \/><figcaption>Tr\u00e4ning inf\u00f6r utst\u00e4llning<\/figcaption><\/figure>\n\n\n\n<figure class=\"wp-block-image size-large\"><img loading=\"lazy\" decoding=\"async\" width=\"1024\" height=\"651\" data-id=\"463\" src=\"https:\/\/lerumsbk.se\/wp-content\/uploads\/2022\/03\/lerums-bk-utst-19-008-2-1024x651-1.jpg\" alt=\"\" class=\"wp-image-463\" srcset=\"https:\/\/lerumsbk.se\/wp-content\/uploads\/2022\/03\/lerums-bk-utst-19-008-2-1024x651-1.jpg 1024w, https:\/\/lerumsbk.se\/wp-content\/uploads\/2022\/03\/lerums-bk-utst-19-008-2-1024x651-1-350x223.jpg 350w, https:\/\/lerumsbk.se\/wp-content\/uploads\/2022\/03\/lerums-bk-utst-19-008-2-1024x651-1-300x191.jpg 300w, https:\/\/lerumsbk.se\/wp-content\/uploads\/2022\/03\/lerums-bk-utst-19-008-2-1024x651-1-768x488.jpg 768w\" sizes=\"auto, (max-width: 767px) 89vw, (max-width: 1000px) 54vw, (max-width: 1071px) 543px, 580px\" \/><figcaption>Publik och utst\u00e4llare<\/figcaption><\/figure>\n\n\n\n<figure class=\"wp-block-image size-large\"><img loading=\"lazy\" decoding=\"async\" width=\"1024\" height=\"683\" data-id=\"1006\" src=\"https:\/\/lerumsbk.se\/wp-content\/uploads\/2022\/05\/ut-7D-3005-1024x683.jpg\" alt=\"\" class=\"wp-image-1006\" srcset=\"https:\/\/lerumsbk.se\/wp-content\/uploads\/2022\/05\/ut-7D-3005-1024x683.jpg 1024w, https:\/\/lerumsbk.se\/wp-content\/uploads\/2022\/05\/ut-7D-3005-scaled-350x233.jpg 350w, https:\/\/lerumsbk.se\/wp-content\/uploads\/2022\/05\/ut-7D-3005-300x200.jpg 300w, https:\/\/lerumsbk.se\/wp-content\/uploads\/2022\/05\/ut-7D-3005-768x512.jpg 768w, https:\/\/lerumsbk.se\/wp-content\/uploads\/2022\/05\/ut-7D-3005-1536x1024.jpg 1536w, https:\/\/lerumsbk.se\/wp-content\/uploads\/2022\/05\/ut-7D-3005-2048x1365.jpg 2048w\" sizes=\"auto, (max-width: 767px) 89vw, (max-width: 1000px) 54vw, (max-width: 1071px) 543px, 580px\" \/><figcaption>G\u00e4ller att kunna st\u00e5 och g\u00e5 fint<\/figcaption><\/figure>\n<\/figure>\n\n\n\n<figure class=\"wp-block-gallery has-nested-images columns-default is-cropped wp-block-gallery-2 is-layout-flex wp-block-gallery-is-layout-flex\">\n<figure class=\"wp-block-image size-large\"><img loading=\"lazy\" decoding=\"async\" width=\"1024\" height=\"972\" data-id=\"464\" src=\"https:\/\/lerumsbk.se\/wp-content\/uploads\/2022\/03\/lerums-bk-utst-19-009-2-1024x972-1.jpg\" alt=\"\" class=\"wp-image-464\" srcset=\"https:\/\/lerumsbk.se\/wp-content\/uploads\/2022\/03\/lerums-bk-utst-19-009-2-1024x972-1.jpg 1024w, https:\/\/lerumsbk.se\/wp-content\/uploads\/2022\/03\/lerums-bk-utst-19-009-2-1024x972-1-350x332.jpg 350w, https:\/\/lerumsbk.se\/wp-content\/uploads\/2022\/03\/lerums-bk-utst-19-009-2-1024x972-1-300x285.jpg 300w, https:\/\/lerumsbk.se\/wp-content\/uploads\/2022\/03\/lerums-bk-utst-19-009-2-1024x972-1-768x729.jpg 768w\" sizes=\"auto, (max-width: 767px) 89vw, (max-width: 1000px) 54vw, (max-width: 1071px) 543px, 580px\" \/><figcaption>Priser p\u00e5 utst\u00e4llningen<\/figcaption><\/figure>\n\n\n\n<figure class=\"wp-block-image size-large\"><img loading=\"lazy\" decoding=\"async\" width=\"683\" height=\"1024\" data-id=\"1007\" src=\"https:\/\/lerumsbk.se\/wp-content\/uploads\/2022\/05\/ut-7D-2987-683x1024.jpg\" alt=\"\" class=\"wp-image-1007\" srcset=\"https:\/\/lerumsbk.se\/wp-content\/uploads\/2022\/05\/ut-7D-2987-683x1024.jpg 683w, https:\/\/lerumsbk.se\/wp-content\/uploads\/2022\/05\/ut-7D-2987-scaled-350x525.jpg 350w, https:\/\/lerumsbk.se\/wp-content\/uploads\/2022\/05\/ut-7D-2987-200x300.jpg 200w, https:\/\/lerumsbk.se\/wp-content\/uploads\/2022\/05\/ut-7D-2987-768x1152.jpg 768w, https:\/\/lerumsbk.se\/wp-content\/uploads\/2022\/05\/ut-7D-2987-1024x1536.jpg 1024w, https:\/\/lerumsbk.se\/wp-content\/uploads\/2022\/05\/ut-7D-2987-1365x2048.jpg 1365w, https:\/\/lerumsbk.se\/wp-content\/uploads\/2022\/05\/ut-7D-2987-scaled.jpg 1707w\" sizes=\"auto, (max-width: 683px) 100vw, 683px\" \/><figcaption>Tr\u00e4na att st\u00e5 fint framf\u00f6r domaren<\/figcaption><\/figure>\n\n\n\n<figure class=\"wp-block-image size-large\"><img loading=\"lazy\" decoding=\"async\" width=\"528\" height=\"521\" data-id=\"470\" src=\"https:\/\/lerumsbk.se\/wp-content\/uploads\/2022\/03\/Meja-20220302_132455_resized.jpg\" alt=\"\" class=\"wp-image-470\" srcset=\"https:\/\/lerumsbk.se\/wp-content\/uploads\/2022\/03\/Meja-20220302_132455_resized.jpg 528w, https:\/\/lerumsbk.se\/wp-content\/uploads\/2022\/03\/Meja-20220302_132455_resized-100x100.jpg 100w, https:\/\/lerumsbk.se\/wp-content\/uploads\/2022\/03\/Meja-20220302_132455_resized-350x345.jpg 350w, https:\/\/lerumsbk.se\/wp-content\/uploads\/2022\/03\/Meja-20220302_132455_resized-300x296.jpg 300w\" sizes=\"auto, (max-width: 528px) 100vw, 528px\" \/><figcaption>Uppm\u00e4rksam p\u00e5 matte<\/figcaption><\/figure>\n\n\n\n<figure class=\"wp-block-image size-large\"><img loading=\"lazy\" decoding=\"async\" width=\"592\" height=\"552\" data-id=\"460\" src=\"https:\/\/lerumsbk.se\/wp-content\/uploads\/2022\/03\/Iris-Tanga-H-19.jpg\" alt=\"\" class=\"wp-image-460\" srcset=\"https:\/\/lerumsbk.se\/wp-content\/uploads\/2022\/03\/Iris-Tanga-H-19.jpg 592w, https:\/\/lerumsbk.se\/wp-content\/uploads\/2022\/03\/Iris-Tanga-H-19-350x326.jpg 350w, https:\/\/lerumsbk.se\/wp-content\/uploads\/2022\/03\/Iris-Tanga-H-19-300x280.jpg 300w\" sizes=\"auto, (max-width: 592px) 100vw, 592px\" \/><figcaption>St\u00e5r fint framf\u00f6r domaren<\/figcaption><\/figure>\n\n\n\n<figure class=\"wp-block-image size-large\"><img loading=\"lazy\" decoding=\"async\" width=\"1024\" height=\"957\" data-id=\"474\" src=\"https:\/\/lerumsbk.se\/wp-content\/uploads\/2022\/03\/received_233192384777835-1024x957-1.jpeg\" alt=\"\" class=\"wp-image-474\" srcset=\"https:\/\/lerumsbk.se\/wp-content\/uploads\/2022\/03\/received_233192384777835-1024x957-1.jpeg 1024w, https:\/\/lerumsbk.se\/wp-content\/uploads\/2022\/03\/received_233192384777835-1024x957-1-350x327.jpeg 350w, https:\/\/lerumsbk.se\/wp-content\/uploads\/2022\/03\/received_233192384777835-1024x957-1-300x280.jpeg 300w, https:\/\/lerumsbk.se\/wp-content\/uploads\/2022\/03\/received_233192384777835-1024x957-1-768x718.jpeg 768w\" sizes=\"auto, (max-width: 767px) 89vw, (max-width: 1000px) 54vw, (max-width: 1071px) 543px, 580px\" \/><figcaption>F\u00f6rv\u00e4ntan<\/figcaption><\/figure>\n\n\n\n<figure class=\"wp-block-image size-large\"><img loading=\"lazy\" decoding=\"async\" width=\"1024\" height=\"824\" data-id=\"452\" src=\"https:\/\/lerumsbk.se\/wp-content\/uploads\/2022\/03\/Folk-20220225_132548_resized_1-1-1024x824-1.jpg\" alt=\"\" class=\"wp-image-452\" srcset=\"https:\/\/lerumsbk.se\/wp-content\/uploads\/2022\/03\/Folk-20220225_132548_resized_1-1-1024x824-1.jpg 1024w, https:\/\/lerumsbk.se\/wp-content\/uploads\/2022\/03\/Folk-20220225_132548_resized_1-1-1024x824-1-350x282.jpg 350w, https:\/\/lerumsbk.se\/wp-content\/uploads\/2022\/03\/Folk-20220225_132548_resized_1-1-1024x824-1-300x241.jpg 300w, https:\/\/lerumsbk.se\/wp-content\/uploads\/2022\/03\/Folk-20220225_132548_resized_1-1-1024x824-1-768x618.jpg 768w\" sizes=\"auto, (max-width: 767px) 89vw, (max-width: 1000px) 54vw, (max-width: 1071px) 543px, 580px\" \/><figcaption>Beh\u00f6vs m\u00e5nga funktion\u00e4rer<\/figcaption><\/figure>\n<\/figure>\n\n\n\n<p><\/p>","protected":false},"excerpt":{"rendered":"<p>Utst\u00e4llning 15 Maj 2022 &#8211; Klicka h\u00e4r&gt;&gt;<\/p>\n","protected":false},"author":3,"featured_media":0,"parent":0,"menu_order":0,"comment_status":"closed","ping_status":"closed","template":"","meta":{"footnotes":"","_wp_rev_ctl_limit":""},"class_list":["post-577","page","type-page","status-publish","hentry"],"_links":{"self":[{"href":"https:\/\/lerumsbk.se\/index.php\/wp-json\/wp\/v2\/pages\/577","targetHints":{"allow":["GET"]}}],"collection":[{"href":"https:\/\/lerumsbk.se\/index.php\/wp-json\/wp\/v2\/pages"}],"about":[{"href":"https:\/\/lerumsbk.se\/index.php\/wp-json\/wp\/v2\/types\/page"}],"author":[{"embeddable":true,"href":"https:\/\/lerumsbk.se\/index.php\/wp-json\/wp\/v2\/users\/3"}],"replies":[{"embeddable":true,"href":"https:\/\/lerumsbk.se\/index.php\/wp-json\/wp\/v2\/comments?post=577"}],"version-history":[{"count":0,"href":"https:\/\/lerumsbk.se\/index.php\/wp-json\/wp\/v2\/pages\/577\/revisions"}],"wp:attachment":[{"href":"https:\/\/lerumsbk.se\/index.php\/wp-json\/wp\/v2\/media?parent=577"}],"curies":[{"name":"wp","href":"https:\/\/api.w.org\/{rel}","templated":true}]}}