{"id":575,"date":"2022-03-14T17:56:31","date_gmt":"2022-03-14T16:56:31","guid":{"rendered":"https:\/\/lerumsbk.se\/?page_id=575"},"modified":"2022-06-13T20:13:29","modified_gmt":"2022-06-13T19:13:29","slug":"galleri-sok-spar","status":"publish","type":"page","link":"https:\/\/lerumsbk.se\/index.php\/galleri-sok-spar\/","title":{"rendered":"Galleri-  s\u00f6k\/sp\u00e5r"},"content":{"rendered":"<p>S\u00f6kt\u00e4vling &#8211; l\u00e4gre, h\u00f6gre och elitklass  11 juni 2022 <a href=\"https:\/\/lerumsbk.se\/?page_id=1305\" data-type=\"page\" data-id=\"1305\">klicka h\u00e4r>><\/a><\/p>\n\n\n\n<p>Elitklass sp\u00e5r 24 april <strong><a href=\"https:\/\/lerumsbk.se\/index.php\/elitklass-spar-24-april\/\" data-type=\"page\" data-id=\"924\">klicka h\u00e4r &gt;&gt;<\/a><\/strong><\/p>\n\n\n\n<p>Appellklass sp\u00e5r o s\u00f6k 9 april 2022 <strong><a href=\"https:\/\/lerumsbk.se\/index.php\/appellklass-spar-och-sok-9-april-2022\/\" data-type=\"page\" data-id=\"877\">klicka h\u00e4r&gt;&gt;<\/a><\/strong><\/p>\n\n\n\n<figure class=\"wp-block-gallery has-nested-images columns-default is-cropped wp-block-gallery-1 is-layout-flex wp-block-gallery-is-layout-flex\">\n<figure class=\"wp-block-image size-large\"><img loading=\"lazy\" decoding=\"async\" width=\"819\" height=\"1024\" data-id=\"477\" src=\"https:\/\/lerumsbk.se\/wp-content\/uploads\/2022\/03\/received_DbgVDre3mgkvW_0_1643904451596-1-819x1024-1.jpg\" alt=\"\" class=\"wp-image-477\" srcset=\"https:\/\/lerumsbk.se\/wp-content\/uploads\/2022\/03\/received_DbgVDre3mgkvW_0_1643904451596-1-819x1024-1.jpg 819w, https:\/\/lerumsbk.se\/wp-content\/uploads\/2022\/03\/received_DbgVDre3mgkvW_0_1643904451596-1-819x1024-1-350x438.jpg 350w, https:\/\/lerumsbk.se\/wp-content\/uploads\/2022\/03\/received_DbgVDre3mgkvW_0_1643904451596-1-819x1024-1-240x300.jpg 240w, https:\/\/lerumsbk.se\/wp-content\/uploads\/2022\/03\/received_DbgVDre3mgkvW_0_1643904451596-1-819x1024-1-768x960.jpg 768w\" sizes=\"auto, (max-width: 767px) 89vw, (max-width: 1000px) 54vw, (max-width: 1071px) 543px, 580px\" \/><figcaption>Texas l\u00e4mnar av ett uppletandef\u00f6rem\u00e5l<\/figcaption><\/figure>\n\n\n\n<figure class=\"wp-block-image size-large\"><img loading=\"lazy\" decoding=\"async\" width=\"469\" height=\"464\" data-id=\"457\" src=\"https:\/\/lerumsbk.se\/wp-content\/uploads\/2022\/03\/IMG_9402.jpg\" alt=\"\" class=\"wp-image-457\" srcset=\"https:\/\/lerumsbk.se\/wp-content\/uploads\/2022\/03\/IMG_9402.jpg 469w, https:\/\/lerumsbk.se\/wp-content\/uploads\/2022\/03\/IMG_9402-100x100.jpg 100w, https:\/\/lerumsbk.se\/wp-content\/uploads\/2022\/03\/IMG_9402-350x346.jpg 350w, https:\/\/lerumsbk.se\/wp-content\/uploads\/2022\/03\/IMG_9402-300x297.jpg 300w\" sizes=\"auto, (max-width: 469px) 100vw, 469px\" \/><figcaption>Rex s\u00f6ker figge<\/figcaption><\/figure>\n\n\n\n<figure class=\"wp-block-image size-large\"><img loading=\"lazy\" decoding=\"async\" width=\"712\" height=\"744\" data-id=\"462\" src=\"https:\/\/lerumsbk.se\/wp-content\/uploads\/2022\/03\/K-o-Ike-20220227_104702_resized.jpg\" alt=\"\" class=\"wp-image-462\" srcset=\"https:\/\/lerumsbk.se\/wp-content\/uploads\/2022\/03\/K-o-Ike-20220227_104702_resized.jpg 712w, https:\/\/lerumsbk.se\/wp-content\/uploads\/2022\/03\/K-o-Ike-20220227_104702_resized-350x366.jpg 350w, https:\/\/lerumsbk.se\/wp-content\/uploads\/2022\/03\/K-o-Ike-20220227_104702_resized-287x300.jpg 287w\" sizes=\"auto, (max-width: 712px) 100vw, 712px\" \/><figcaption>Ike ska leta utlagda saker<\/figcaption><\/figure>\n\n\n\n<figure class=\"wp-block-image size-large\"><img loading=\"lazy\" decoding=\"async\" width=\"390\" height=\"405\" data-id=\"466\" src=\"https:\/\/lerumsbk.se\/wp-content\/uploads\/2022\/03\/Lewis-IMG_0495.jpg\" alt=\"\" class=\"wp-image-466\" srcset=\"https:\/\/lerumsbk.se\/wp-content\/uploads\/2022\/03\/Lewis-IMG_0495.jpg 390w, https:\/\/lerumsbk.se\/wp-content\/uploads\/2022\/03\/Lewis-IMG_0495-350x363.jpg 350w, https:\/\/lerumsbk.se\/wp-content\/uploads\/2022\/03\/Lewis-IMG_0495-289x300.jpg 289w\" sizes=\"auto, (max-width: 390px) 100vw, 390px\" \/><figcaption>Lewis har hittat n\u00e5t<\/figcaption><\/figure>\n\n\n\n<figure class=\"wp-block-image size-large\"><img loading=\"lazy\" decoding=\"async\" width=\"220\" height=\"300\" data-id=\"67\" src=\"https:\/\/lerumsbk.se\/wp-content\/uploads\/2022\/02\/pavisandeavfigurant.png\" alt=\"\" class=\"wp-image-67\"\/><figcaption>Cilla p\u00e5visar funnen figurant<\/figcaption><\/figure>\n\n\n\n<figure class=\"wp-block-image size-large\"><img loading=\"lazy\" decoding=\"async\" width=\"992\" height=\"1024\" data-id=\"479\" src=\"https:\/\/lerumsbk.se\/wp-content\/uploads\/2022\/03\/rottis-Ella-20220227_103047_resized-1-992x1024-1.jpg\" alt=\"\" class=\"wp-image-479\" srcset=\"https:\/\/lerumsbk.se\/wp-content\/uploads\/2022\/03\/rottis-Ella-20220227_103047_resized-1-992x1024-1.jpg 992w, https:\/\/lerumsbk.se\/wp-content\/uploads\/2022\/03\/rottis-Ella-20220227_103047_resized-1-992x1024-1-350x361.jpg 350w, https:\/\/lerumsbk.se\/wp-content\/uploads\/2022\/03\/rottis-Ella-20220227_103047_resized-1-992x1024-1-291x300.jpg 291w, https:\/\/lerumsbk.se\/wp-content\/uploads\/2022\/03\/rottis-Ella-20220227_103047_resized-1-992x1024-1-768x793.jpg 768w\" sizes=\"auto, (max-width: 767px) 89vw, (max-width: 1000px) 54vw, (max-width: 1071px) 543px, 580px\" \/><figcaption>Ella beredd att leta<\/figcaption><\/figure>\n\n\n\n<figure class=\"wp-block-image size-large\"><img loading=\"lazy\" decoding=\"async\" width=\"915\" height=\"955\" data-id=\"483\" src=\"https:\/\/lerumsbk.se\/wp-content\/uploads\/2022\/03\/spar-Minni-20220228_124937_resized.jpg\" alt=\"\" class=\"wp-image-483\" srcset=\"https:\/\/lerumsbk.se\/wp-content\/uploads\/2022\/03\/spar-Minni-20220228_124937_resized.jpg 915w, https:\/\/lerumsbk.se\/wp-content\/uploads\/2022\/03\/spar-Minni-20220228_124937_resized-350x365.jpg 350w, https:\/\/lerumsbk.se\/wp-content\/uploads\/2022\/03\/spar-Minni-20220228_124937_resized-287x300.jpg 287w, https:\/\/lerumsbk.se\/wp-content\/uploads\/2022\/03\/spar-Minni-20220228_124937_resized-768x802.jpg 768w\" sizes=\"auto, (max-width: 767px) 89vw, (max-width: 1000px) 54vw, (max-width: 1071px) 543px, 580px\" \/><figcaption>Minni sp\u00e5rar<\/figcaption><\/figure>\n\n\n\n<figure class=\"wp-block-image size-large\"><img loading=\"lazy\" decoding=\"async\" width=\"288\" height=\"300\" data-id=\"69\" src=\"https:\/\/lerumsbk.se\/wp-content\/uploads\/2022\/02\/uppletande.png\" alt=\"\" class=\"wp-image-69\"\/><figcaption>Iris har hittat n\u00e5got<\/figcaption><\/figure>\n\n\n\n<figure class=\"wp-block-image size-large\"><img loading=\"lazy\" decoding=\"async\" width=\"745\" height=\"660\" data-id=\"482\" src=\"https:\/\/lerumsbk.se\/wp-content\/uploads\/2022\/03\/spar-20190412_133053_IMG_33661.png\" alt=\"\" class=\"wp-image-482\" srcset=\"https:\/\/lerumsbk.se\/wp-content\/uploads\/2022\/03\/spar-20190412_133053_IMG_33661.png 745w, https:\/\/lerumsbk.se\/wp-content\/uploads\/2022\/03\/spar-20190412_133053_IMG_33661-350x310.png 350w, https:\/\/lerumsbk.se\/wp-content\/uploads\/2022\/03\/spar-20190412_133053_IMG_33661-300x266.png 300w\" sizes=\"auto, (max-width: 706px) 89vw, (max-width: 767px) 82vw, 740px\" \/><figcaption>Texas p\u00e5 \u00e4ngssp\u00e5r<\/figcaption><\/figure>\n<\/figure>\n\n\n\n<p><\/p>","protected":false},"excerpt":{"rendered":"<p>S\u00f6kt\u00e4vling &#8211; l\u00e4gre, h\u00f6gre och elitklass 11 juni 2022 klicka h\u00e4r>> Elitklass sp\u00e5r 24 april klicka h\u00e4r &gt;&gt; Appellklass sp\u00e5r o s\u00f6k 9 april 2022 klicka h\u00e4r&gt;&gt;<\/p>\n","protected":false},"author":3,"featured_media":0,"parent":0,"menu_order":0,"comment_status":"closed","ping_status":"closed","template":"","meta":{"footnotes":"","_wp_rev_ctl_limit":""},"class_list":["post-575","page","type-page","status-publish","hentry"],"_links":{"self":[{"href":"https:\/\/lerumsbk.se\/index.php\/wp-json\/wp\/v2\/pages\/575","targetHints":{"allow":["GET"]}}],"collection":[{"href":"https:\/\/lerumsbk.se\/index.php\/wp-json\/wp\/v2\/pages"}],"about":[{"href":"https:\/\/lerumsbk.se\/index.php\/wp-json\/wp\/v2\/types\/page"}],"author":[{"embeddable":true,"href":"https:\/\/lerumsbk.se\/index.php\/wp-json\/wp\/v2\/users\/3"}],"replies":[{"embeddable":true,"href":"https:\/\/lerumsbk.se\/index.php\/wp-json\/wp\/v2\/comments?post=575"}],"version-history":[{"count":0,"href":"https:\/\/lerumsbk.se\/index.php\/wp-json\/wp\/v2\/pages\/575\/revisions"}],"wp:attachment":[{"href":"https:\/\/lerumsbk.se\/index.php\/wp-json\/wp\/v2\/media?parent=575"}],"curies":[{"name":"wp","href":"https:\/\/api.w.org\/{rel}","templated":true}]}}