{"id":573,"date":"2022-03-14T17:36:19","date_gmt":"2022-03-14T16:36:19","guid":{"rendered":"https:\/\/lerumsbk.se\/?page_id=573"},"modified":"2022-09-17T12:18:37","modified_gmt":"2022-09-17T11:18:37","slug":"galleri-lydnad-rally","status":"publish","type":"page","link":"https:\/\/lerumsbk.se\/index.php\/galleri-lydnad-rally\/","title":{"rendered":"Galleri &#8211; lydnad \/rally"},"content":{"rendered":"<p>Nyb\u00f6rjarklass Rallylydnad 11 maj 2022<a href=\"https:\/\/lerumsbk.se\/?page_id=1072\" data-type=\"page\" data-id=\"1072\"> <strong>klicka h\u00e4r&gt;&gt;<\/strong><\/a><\/p>\n\n\n\n<p>T\u00e4vlingstr\u00e4ning Rallylydnad 25 april 2022 <strong><a href=\"https:\/\/lerumsbk.se\/index.php\/tavlingstraning-rallylydnad-25-april-2022\/\" data-type=\"page\" data-id=\"937\">klicka h\u00e4r>><\/a><\/strong><\/p>\n\n\n\n<p>Rallyludnadst\u00e4vling, forts\u00e4ttning och m\u00e4starklass  4 september 2022 klicka h\u00e4r>><\/p>\n\n\n\n<figure class=\"wp-block-gallery has-nested-images columns-default is-cropped wp-block-gallery-1 is-layout-flex wp-block-gallery-is-layout-flex\">\n<figure class=\"wp-block-image size-large\"><img loading=\"lazy\" decoding=\"async\" width=\"717\" height=\"717\" data-id=\"491\" src=\"https:\/\/lerumsbk.se\/wp-content\/uploads\/2022\/03\/thumbnail_IMG_20210731_211940_808.jpg\" alt=\"\" class=\"wp-image-491\" srcset=\"https:\/\/lerumsbk.se\/wp-content\/uploads\/2022\/03\/thumbnail_IMG_20210731_211940_808.jpg 717w, https:\/\/lerumsbk.se\/wp-content\/uploads\/2022\/03\/thumbnail_IMG_20210731_211940_808-250x250.jpg 250w, https:\/\/lerumsbk.se\/wp-content\/uploads\/2022\/03\/thumbnail_IMG_20210731_211940_808-100x100.jpg 100w, https:\/\/lerumsbk.se\/wp-content\/uploads\/2022\/03\/thumbnail_IMG_20210731_211940_808-350x350.jpg 350w, https:\/\/lerumsbk.se\/wp-content\/uploads\/2022\/03\/thumbnail_IMG_20210731_211940_808-300x300.jpg 300w, https:\/\/lerumsbk.se\/wp-content\/uploads\/2022\/03\/thumbnail_IMG_20210731_211940_808-150x150.jpg 150w\" sizes=\"auto, (max-width: 717px) 100vw, 717px\" \/><figcaption>Uppm\u00e4rksam p\u00e5 matte<\/figcaption><\/figure>\n\n\n\n<figure class=\"wp-block-image size-large\"><img loading=\"lazy\" decoding=\"async\" width=\"1024\" height=\"940\" data-id=\"481\" src=\"https:\/\/lerumsbk.se\/wp-content\/uploads\/2022\/03\/sno-20211208_125326_resized-1-1024x940-1.jpg\" alt=\"\" class=\"wp-image-481\" srcset=\"https:\/\/lerumsbk.se\/wp-content\/uploads\/2022\/03\/sno-20211208_125326_resized-1-1024x940-1.jpg 1024w, https:\/\/lerumsbk.se\/wp-content\/uploads\/2022\/03\/sno-20211208_125326_resized-1-1024x940-1-350x321.jpg 350w, https:\/\/lerumsbk.se\/wp-content\/uploads\/2022\/03\/sno-20211208_125326_resized-1-1024x940-1-300x275.jpg 300w, https:\/\/lerumsbk.se\/wp-content\/uploads\/2022\/03\/sno-20211208_125326_resized-1-1024x940-1-768x705.jpg 768w\" sizes=\"auto, (max-width: 767px) 89vw, (max-width: 1000px) 54vw, (max-width: 1071px) 543px, 580px\" \/><figcaption>Sn\u00f6ig appellplan<\/figcaption><\/figure>\n\n\n\n<figure class=\"wp-block-image size-large\"><img loading=\"lazy\" decoding=\"async\" width=\"1024\" height=\"979\" data-id=\"476\" src=\"https:\/\/lerumsbk.se\/wp-content\/uploads\/2022\/03\/received_3258713187550939-1024x979-1.jpeg\" alt=\"\" class=\"wp-image-476\" srcset=\"https:\/\/lerumsbk.se\/wp-content\/uploads\/2022\/03\/received_3258713187550939-1024x979-1.jpeg 1024w, https:\/\/lerumsbk.se\/wp-content\/uploads\/2022\/03\/received_3258713187550939-1024x979-1-350x335.jpeg 350w, https:\/\/lerumsbk.se\/wp-content\/uploads\/2022\/03\/received_3258713187550939-1024x979-1-300x287.jpeg 300w, https:\/\/lerumsbk.se\/wp-content\/uploads\/2022\/03\/received_3258713187550939-1024x979-1-768x734.jpeg 768w\" sizes=\"auto, (max-width: 767px) 89vw, (max-width: 1000px) 54vw, (max-width: 1071px) 543px, 580px\" \/><figcaption>Hopp \u00f6ver hinder<\/figcaption><\/figure>\n\n\n\n<figure class=\"wp-block-image size-large\"><img loading=\"lazy\" decoding=\"async\" width=\"338\" height=\"396\" data-id=\"454\" src=\"https:\/\/lerumsbk.se\/wp-content\/uploads\/2022\/03\/Greger-traningshoppar.jpg\" alt=\"\" class=\"wp-image-454\" srcset=\"https:\/\/lerumsbk.se\/wp-content\/uploads\/2022\/03\/Greger-traningshoppar.jpg 338w, https:\/\/lerumsbk.se\/wp-content\/uploads\/2022\/03\/Greger-traningshoppar-256x300.jpg 256w\" sizes=\"auto, (max-width: 338px) 100vw, 338px\" \/><figcaption>Hopp \u00f6ver l\u00e5gt hinder<\/figcaption><\/figure>\n\n\n\n<figure class=\"wp-block-image size-large\"><img loading=\"lazy\" decoding=\"async\" width=\"1024\" height=\"1024\" data-id=\"490\" src=\"https:\/\/lerumsbk.se\/wp-content\/uploads\/2022\/03\/thumbnail_IMG_20210428_231023_731-1024x1024-1.jpg\" alt=\"\" class=\"wp-image-490\" srcset=\"https:\/\/lerumsbk.se\/wp-content\/uploads\/2022\/03\/thumbnail_IMG_20210428_231023_731-1024x1024-1.jpg 1024w, https:\/\/lerumsbk.se\/wp-content\/uploads\/2022\/03\/thumbnail_IMG_20210428_231023_731-1024x1024-1-250x250.jpg 250w, https:\/\/lerumsbk.se\/wp-content\/uploads\/2022\/03\/thumbnail_IMG_20210428_231023_731-1024x1024-1-100x100.jpg 100w, https:\/\/lerumsbk.se\/wp-content\/uploads\/2022\/03\/thumbnail_IMG_20210428_231023_731-1024x1024-1-350x350.jpg 350w, https:\/\/lerumsbk.se\/wp-content\/uploads\/2022\/03\/thumbnail_IMG_20210428_231023_731-1024x1024-1-300x300.jpg 300w, https:\/\/lerumsbk.se\/wp-content\/uploads\/2022\/03\/thumbnail_IMG_20210428_231023_731-1024x1024-1-150x150.jpg 150w, https:\/\/lerumsbk.se\/wp-content\/uploads\/2022\/03\/thumbnail_IMG_20210428_231023_731-1024x1024-1-768x768.jpg 768w\" sizes=\"auto, (max-width: 767px) 89vw, (max-width: 1000px) 54vw, (max-width: 1071px) 543px, 580px\" \/><figcaption>Franklin och Master ligger lugnt<\/figcaption><\/figure>\n\n\n\n<figure class=\"wp-block-image size-large\"><img loading=\"lazy\" decoding=\"async\" width=\"808\" height=\"792\" data-id=\"450\" src=\"https:\/\/lerumsbk.se\/wp-content\/uploads\/2022\/03\/Carin-W-20220225_133513_resized_1.jpg\" alt=\"\" class=\"wp-image-450\" srcset=\"https:\/\/lerumsbk.se\/wp-content\/uploads\/2022\/03\/Carin-W-20220225_133513_resized_1.jpg 808w, https:\/\/lerumsbk.se\/wp-content\/uploads\/2022\/03\/Carin-W-20220225_133513_resized_1-350x343.jpg 350w, https:\/\/lerumsbk.se\/wp-content\/uploads\/2022\/03\/Carin-W-20220225_133513_resized_1-300x294.jpg 300w, https:\/\/lerumsbk.se\/wp-content\/uploads\/2022\/03\/Carin-W-20220225_133513_resized_1-768x753.jpg 768w\" sizes=\"auto, (max-width: 767px) 89vw, (max-width: 1000px) 54vw, (max-width: 1071px) 543px, 580px\" \/><figcaption>Zaga och Eddie vill tr\u00e4na nu<\/figcaption><\/figure>\n\n\n\n<figure class=\"wp-block-image size-large\"><img loading=\"lazy\" decoding=\"async\" width=\"823\" height=\"845\" data-id=\"461\" src=\"https:\/\/lerumsbk.se\/wp-content\/uploads\/2022\/03\/Kenn-o-L-20220225_140508_resized_1.jpg\" alt=\"\" class=\"wp-image-461\" srcset=\"https:\/\/lerumsbk.se\/wp-content\/uploads\/2022\/03\/Kenn-o-L-20220225_140508_resized_1.jpg 823w, https:\/\/lerumsbk.se\/wp-content\/uploads\/2022\/03\/Kenn-o-L-20220225_140508_resized_1-350x359.jpg 350w, https:\/\/lerumsbk.se\/wp-content\/uploads\/2022\/03\/Kenn-o-L-20220225_140508_resized_1-292x300.jpg 292w, https:\/\/lerumsbk.se\/wp-content\/uploads\/2022\/03\/Kenn-o-L-20220225_140508_resized_1-768x789.jpg 768w\" sizes=\"auto, (max-width: 767px) 89vw, (max-width: 1000px) 54vw, (max-width: 1071px) 543px, 580px\" \/><figcaption>Ludde och husse ser p\u00e5<\/figcaption><\/figure>\n\n\n\n<figure class=\"wp-block-image size-large\"><img loading=\"lazy\" decoding=\"async\" width=\"560\" height=\"530\" data-id=\"478\" src=\"https:\/\/lerumsbk.se\/wp-content\/uploads\/2022\/03\/Rex-apport.jpg\" alt=\"\" class=\"wp-image-478\" srcset=\"https:\/\/lerumsbk.se\/wp-content\/uploads\/2022\/03\/Rex-apport.jpg 560w, https:\/\/lerumsbk.se\/wp-content\/uploads\/2022\/03\/Rex-apport-350x331.jpg 350w, https:\/\/lerumsbk.se\/wp-content\/uploads\/2022\/03\/Rex-apport-300x284.jpg 300w\" sizes=\"auto, (max-width: 560px) 100vw, 560px\" \/><figcaption>Rex apporterar \u00f6ver hinder<\/figcaption><\/figure>\n\n\n\n<figure class=\"wp-block-image size-large\"><img loading=\"lazy\" decoding=\"async\" width=\"1024\" height=\"1001\" data-id=\"444\" src=\"https:\/\/lerumsbk.se\/wp-content\/uploads\/2022\/03\/20220225_131616_resized_1-1024x1001-1.jpg\" alt=\"\" class=\"wp-image-444\" srcset=\"https:\/\/lerumsbk.se\/wp-content\/uploads\/2022\/03\/20220225_131616_resized_1-1024x1001-1.jpg 1024w, https:\/\/lerumsbk.se\/wp-content\/uploads\/2022\/03\/20220225_131616_resized_1-1024x1001-1-350x342.jpg 350w, https:\/\/lerumsbk.se\/wp-content\/uploads\/2022\/03\/20220225_131616_resized_1-1024x1001-1-300x293.jpg 300w, https:\/\/lerumsbk.se\/wp-content\/uploads\/2022\/03\/20220225_131616_resized_1-1024x1001-1-768x751.jpg 768w\" sizes=\"auto, (max-width: 767px) 89vw, (max-width: 1000px) 54vw, (max-width: 1071px) 543px, 580px\" \/><figcaption>Rallyskyltar och gosedjur till \u00c5ttans frestelser<\/figcaption><\/figure>\n<\/figure>\n\n\n\n<figure class=\"wp-block-gallery has-nested-images columns-default is-cropped wp-block-gallery-2 is-layout-flex wp-block-gallery-is-layout-flex\">\n<figure class=\"wp-block-image size-large\"><img loading=\"lazy\" decoding=\"async\" width=\"2048\" height=\"1152\" data-id=\"842\" src=\"https:\/\/lerumsbk.se\/wp-content\/uploads\/2022\/04\/Svereceived_351608613683723.jpeg\" alt=\"\" class=\"wp-image-842\" srcset=\"https:\/\/lerumsbk.se\/wp-content\/uploads\/2022\/04\/Svereceived_351608613683723.jpeg 2048w, https:\/\/lerumsbk.se\/wp-content\/uploads\/2022\/04\/Svereceived_351608613683723-350x197.jpeg 350w, https:\/\/lerumsbk.se\/wp-content\/uploads\/2022\/04\/Svereceived_351608613683723-300x169.jpeg 300w, https:\/\/lerumsbk.se\/wp-content\/uploads\/2022\/04\/Svereceived_351608613683723-1024x576.jpeg 1024w, https:\/\/lerumsbk.se\/wp-content\/uploads\/2022\/04\/Svereceived_351608613683723-768x432.jpeg 768w, https:\/\/lerumsbk.se\/wp-content\/uploads\/2022\/04\/Svereceived_351608613683723-1536x864.jpeg 1536w\" sizes=\"auto, (max-width: 767px) 89vw, (max-width: 1000px) 54vw, (max-width: 1071px) 543px, 580px\" \/><figcaption>Uppst\u00e4llning inf\u00f6r tr\u00e4ning<\/figcaption><\/figure>\n<\/figure>","protected":false},"excerpt":{"rendered":"<p>Nyb\u00f6rjarklass Rallylydnad 11 maj 2022 klicka h\u00e4r&gt;&gt; T\u00e4vlingstr\u00e4ning Rallylydnad 25 april 2022 klicka h\u00e4r>> Rallyludnadst\u00e4vling, forts\u00e4ttning och m\u00e4starklass 4 september 2022 klicka h\u00e4r>><\/p>\n","protected":false},"author":3,"featured_media":0,"parent":0,"menu_order":0,"comment_status":"closed","ping_status":"closed","template":"","meta":{"footnotes":"","_wp_rev_ctl_limit":""},"class_list":["post-573","page","type-page","status-publish","hentry"],"_links":{"self":[{"href":"https:\/\/lerumsbk.se\/index.php\/wp-json\/wp\/v2\/pages\/573","targetHints":{"allow":["GET"]}}],"collection":[{"href":"https:\/\/lerumsbk.se\/index.php\/wp-json\/wp\/v2\/pages"}],"about":[{"href":"https:\/\/lerumsbk.se\/index.php\/wp-json\/wp\/v2\/types\/page"}],"author":[{"embeddable":true,"href":"https:\/\/lerumsbk.se\/index.php\/wp-json\/wp\/v2\/users\/3"}],"replies":[{"embeddable":true,"href":"https:\/\/lerumsbk.se\/index.php\/wp-json\/wp\/v2\/comments?post=573"}],"version-history":[{"count":1,"href":"https:\/\/lerumsbk.se\/index.php\/wp-json\/wp\/v2\/pages\/573\/revisions"}],"predecessor-version":[{"id":1653,"href":"https:\/\/lerumsbk.se\/index.php\/wp-json\/wp\/v2\/pages\/573\/revisions\/1653"}],"wp:attachment":[{"href":"https:\/\/lerumsbk.se\/index.php\/wp-json\/wp\/v2\/media?parent=573"}],"curies":[{"name":"wp","href":"https:\/\/api.w.org\/{rel}","templated":true}]}}