{"id":5495,"date":"2025-08-05T19:14:48","date_gmt":"2025-08-05T18:14:48","guid":{"rendered":"https:\/\/lerumsbk.se\/?page_id=5495"},"modified":"2025-08-06T20:47:47","modified_gmt":"2025-08-06T19:47:47","slug":"prova-pa-dag-tillsammans-med-goldenklubben-30-8-kl9-15","status":"publish","type":"page","link":"https:\/\/lerumsbk.se\/index.php\/prova-pa-dag-tillsammans-med-goldenklubben-30-8-kl9-15\/","title":{"rendered":"Prova-p\u00e5-dag tillsammans med Goldenklubben 30\/8 kl:9-15"},"content":{"rendered":"<p class=\"has-text-align-center\">I samaberbete med Goldenklubben ordnar vi en prova-p\u00e5-dag p\u00e5 Lerums Brukshundklubb.<\/p>\n\n\n\n<p class=\"has-text-align-center\"><strong>ALLA RASER \u00c4R V\u00c4LKOMNA<\/strong><\/p>\n\n\n\n<figure class=\"wp-block-image size-large\"><img loading=\"lazy\" decoding=\"async\" width=\"1024\" height=\"640\" src=\"https:\/\/lerumsbk.se\/wp-content\/uploads\/2025\/08\/image-1024x640.png\" alt=\"\" class=\"wp-image-5500\" srcset=\"https:\/\/lerumsbk.se\/wp-content\/uploads\/2025\/08\/image-1024x640.png 1024w, https:\/\/lerumsbk.se\/wp-content\/uploads\/2025\/08\/image-300x188.png 300w, https:\/\/lerumsbk.se\/wp-content\/uploads\/2025\/08\/image-768x480.png 768w, https:\/\/lerumsbk.se\/wp-content\/uploads\/2025\/08\/image-350x219.png 350w, https:\/\/lerumsbk.se\/wp-content\/uploads\/2025\/08\/image.png 1046w\" sizes=\"auto, (max-width: 767px) 89vw, (max-width: 1000px) 54vw, (max-width: 1071px) 543px, 580px\" \/><\/figure>\n\n\n\n<p><br><br>Varmt v\u00e4lkomna till \u00e5rets goldendag 30\/8 kl:9,00-15,00<br><br>Tr\u00e4ffa likasinnade och dela erfarenheter. Grillen \u00e4r t\u00e4nd , k\u00f6ket \u00e4r \u00f6ppet. Vi kommer ha en tipspromenad, loppis samt lotteri med fina priser.<br><br>Vi skall ha en mysig dag tillsammans, d\u00e4r det finns m\u00f6jlighet att prova p\u00e5 olika aktiviteter som t.e.x:<br><br>rallylydnad<br>utst\u00e4llning<br>agility<br>viltsp\u00e5r (i skogen bakom klubbstugan)<br>apportering<br>Sk\u00f6tsel\/p\u00e4lsv\u00e5rd<br>brukslydnad tex hopp \u00f6ver hinder<br>uppletande<br><br><br>Varmt v\u00e4lkomna oavsett vilken hundras ni har!!<\/p>","protected":false},"excerpt":{"rendered":"<p>I samaberbete med Goldenklubben ordnar vi en prova-p\u00e5-dag p\u00e5 Lerums Brukshundklubb. ALLA RASER \u00c4R V\u00c4LKOMNA Varmt v\u00e4lkomna till \u00e5rets goldendag 30\/8 kl:9,00-15,00 Tr\u00e4ffa likasinnade och dela erfarenheter. Grillen \u00e4r t\u00e4nd , k\u00f6ket \u00e4r \u00f6ppet. Vi kommer ha en tipspromenad, loppis samt lotteri med fina priser. Vi skall ha en mysig dag tillsammans, d\u00e4r det finns &hellip; <\/p>\n<p class=\"link-more\"><a href=\"https:\/\/lerumsbk.se\/index.php\/prova-pa-dag-tillsammans-med-goldenklubben-30-8-kl9-15\/\" class=\"more-link\">Forts\u00e4tt l\u00e4sa<span class=\"screen-reader-text\"> \u201dProva-p\u00e5-dag tillsammans med Goldenklubben 30\/8 kl:9-15\u201d<\/span><\/a><\/p>\n","protected":false},"author":6,"featured_media":0,"parent":0,"menu_order":0,"comment_status":"closed","ping_status":"closed","template":"","meta":{"footnotes":"","_wp_rev_ctl_limit":""},"class_list":["post-5495","page","type-page","status-publish","hentry"],"_links":{"self":[{"href":"https:\/\/lerumsbk.se\/index.php\/wp-json\/wp\/v2\/pages\/5495","targetHints":{"allow":["GET"]}}],"collection":[{"href":"https:\/\/lerumsbk.se\/index.php\/wp-json\/wp\/v2\/pages"}],"about":[{"href":"https:\/\/lerumsbk.se\/index.php\/wp-json\/wp\/v2\/types\/page"}],"author":[{"embeddable":true,"href":"https:\/\/lerumsbk.se\/index.php\/wp-json\/wp\/v2\/users\/6"}],"replies":[{"embeddable":true,"href":"https:\/\/lerumsbk.se\/index.php\/wp-json\/wp\/v2\/comments?post=5495"}],"version-history":[{"count":3,"href":"https:\/\/lerumsbk.se\/index.php\/wp-json\/wp\/v2\/pages\/5495\/revisions"}],"predecessor-version":[{"id":5508,"href":"https:\/\/lerumsbk.se\/index.php\/wp-json\/wp\/v2\/pages\/5495\/revisions\/5508"}],"wp:attachment":[{"href":"https:\/\/lerumsbk.se\/index.php\/wp-json\/wp\/v2\/media?parent=5495"}],"curies":[{"name":"wp","href":"https:\/\/api.w.org\/{rel}","templated":true}]}}