{"id":4970,"date":"2025-01-29T18:38:57","date_gmt":"2025-01-29T17:38:57","guid":{"rendered":"https:\/\/lerumsbk.se\/?page_id=4970"},"modified":"2025-03-10T19:30:46","modified_gmt":"2025-03-10T18:30:46","slug":"vardagslydnad-allmanlydnadskurs","status":"publish","type":"page","link":"https:\/\/lerumsbk.se\/index.php\/vardagslydnad-allmanlydnadskurs\/","title":{"rendered":"Vardagslydnad \/ Allm\u00e4nlydnadskurs"},"content":{"rendered":"<p><\/p>\n\n\n\n<p><\/p>\n\n\n\n<figure class=\"wp-block-image size-large\"><img loading=\"lazy\" decoding=\"async\" width=\"980\" height=\"1024\" src=\"https:\/\/lerumsbk.se\/wp-content\/uploads\/2024\/03\/IMG_9886-980x1024.jpg\" alt=\"\" class=\"wp-image-3765\" srcset=\"https:\/\/lerumsbk.se\/wp-content\/uploads\/2024\/03\/IMG_9886-980x1024.jpg 980w, https:\/\/lerumsbk.se\/wp-content\/uploads\/2024\/03\/IMG_9886-287x300.jpg 287w, https:\/\/lerumsbk.se\/wp-content\/uploads\/2024\/03\/IMG_9886-768x803.jpg 768w, https:\/\/lerumsbk.se\/wp-content\/uploads\/2024\/03\/IMG_9886-1469x1536.jpg 1469w, https:\/\/lerumsbk.se\/wp-content\/uploads\/2024\/03\/IMG_9886-1959x2048.jpg 1959w, https:\/\/lerumsbk.se\/wp-content\/uploads\/2024\/03\/IMG_9886-350x366.jpg 350w\" sizes=\"auto, (max-width: 767px) 89vw, (max-width: 1000px) 54vw, (max-width: 1071px) 543px, 580px\" \/><\/figure>\n\n\n\n<p>Denna kurs \u00e4r t\u00e4nkt f\u00f6r er som g\u00e5tt valp, nyb\u00f6rjarkurs eller motsvarande och<br>vill tr\u00e4na vidare. Vi forts\u00e4tter att bygga samarbete mellan dig och din hund<br>f\u00f6r en trivsam vardag tillsammans.<br>Vi arbetar vidare med grund\u00f6vningar som tex kontakt, inkallning, g\u00e5 fint i koppel, passivitet\/stadga och hundm\u00f6ten f\u00f6r en god allm\u00e4nlydnad. Vi l\u00e4gger p\u00e5 st\u00f6rningar utifr\u00e5n din hunds niv\u00e5.<br>Vi kommer ocks\u00e5 att fokusera p\u00e5 aktiverings\u00f6vningar som aktiverar din hund mentalt och bla. syftar till att skapa en bra relation mellan dig och din hund.<\/p>\n\n\n\n<p>F\u00f6r hundar fr\u00e5n 6 m\u00e5nader och upp\u00e5t.<\/p>\n\n\n\n<p><strong>F\u00f6rkunskaper: <\/strong>Denna kurs \u00e4r t\u00e4nkt f\u00f6r er som g\u00e5tt valp,<br>nyb\u00f6rjarkurs eller motsvarande men har du inte dessa f\u00f6rkunskaper \u00e4r du v\u00e4lkommen \u00e4nd\u00e5. H\u00f6r av dig till &#x4d;&#x61;&#x6c;&#x69;&#x6e;&#x2e;&#x70;&#x61;&#x65;&#x70;&#x6b;&#x65;&#x40;<span class=\"oe_displaynone\">null<\/span>&#x67;&#x6d;&#x61;&#x69;&#x6c;&#x2e;&#x63;&#x6f;&#x6d; is\u00e5fall.<\/p>\n\n\n\n<p><strong>Datum<\/strong>:<strong> M\u00e5ndagkv\u00e4llar, 24\/3, 31\/3, 7\/4, 14\/4, 21\/4, 28\/4<\/strong><br><strong>Tid: 18.00-19.30<\/strong><\/p>\n\n\n\n<p><strong>Pris:<\/strong>&nbsp;1500:- + medlemskap i Lerums Brukshundklubb<\/p>\n\n\n\n<p><strong>Instrukt\u00f6rer:<\/strong> Stig Wid\u00e9n och Malin Paepke, Yvonne Edlund, Katrin Karnblad och Anja Delmefors (instrukt\u00f6rselev)<\/p>\n\n\n\n<p><a href=\"https:\/\/lerumsbk.se\/index.php\/butik\/\" data-type=\"link\" data-id=\"https:\/\/lerumsbk.se\/index.php\/butik\/\">Till anm\u00e4lan -&gt;<\/a><\/p>","protected":false},"excerpt":{"rendered":"<p>Denna kurs \u00e4r t\u00e4nkt f\u00f6r er som g\u00e5tt valp, nyb\u00f6rjarkurs eller motsvarande ochvill tr\u00e4na vidare. Vi forts\u00e4tter att bygga samarbete mellan dig och din hundf\u00f6r en trivsam vardag tillsammans.Vi arbetar vidare med grund\u00f6vningar som tex kontakt, inkallning, g\u00e5 fint i koppel, passivitet\/stadga och hundm\u00f6ten f\u00f6r en god allm\u00e4nlydnad. Vi l\u00e4gger p\u00e5 st\u00f6rningar utifr\u00e5n din hunds &hellip; <\/p>\n<p class=\"link-more\"><a href=\"https:\/\/lerumsbk.se\/index.php\/vardagslydnad-allmanlydnadskurs\/\" class=\"more-link\">Forts\u00e4tt l\u00e4sa<span class=\"screen-reader-text\"> \u201dVardagslydnad \/ Allm\u00e4nlydnadskurs\u201d<\/span><\/a><\/p>\n","protected":false},"author":6,"featured_media":0,"parent":0,"menu_order":0,"comment_status":"closed","ping_status":"closed","template":"","meta":{"footnotes":"","_wp_rev_ctl_limit":""},"class_list":["post-4970","page","type-page","status-publish","hentry"],"_links":{"self":[{"href":"https:\/\/lerumsbk.se\/index.php\/wp-json\/wp\/v2\/pages\/4970","targetHints":{"allow":["GET"]}}],"collection":[{"href":"https:\/\/lerumsbk.se\/index.php\/wp-json\/wp\/v2\/pages"}],"about":[{"href":"https:\/\/lerumsbk.se\/index.php\/wp-json\/wp\/v2\/types\/page"}],"author":[{"embeddable":true,"href":"https:\/\/lerumsbk.se\/index.php\/wp-json\/wp\/v2\/users\/6"}],"replies":[{"embeddable":true,"href":"https:\/\/lerumsbk.se\/index.php\/wp-json\/wp\/v2\/comments?post=4970"}],"version-history":[{"count":3,"href":"https:\/\/lerumsbk.se\/index.php\/wp-json\/wp\/v2\/pages\/4970\/revisions"}],"predecessor-version":[{"id":5127,"href":"https:\/\/lerumsbk.se\/index.php\/wp-json\/wp\/v2\/pages\/4970\/revisions\/5127"}],"wp:attachment":[{"href":"https:\/\/lerumsbk.se\/index.php\/wp-json\/wp\/v2\/media?parent=4970"}],"curies":[{"name":"wp","href":"https:\/\/api.w.org\/{rel}","templated":true}]}}