{"id":4827,"date":"2025-01-14T13:35:00","date_gmt":"2025-01-14T12:35:00","guid":{"rendered":"https:\/\/lerumsbk.se\/?page_id=4827"},"modified":"2025-01-14T13:35:00","modified_gmt":"2025-01-14T12:35:00","slug":"4827-2","status":"publish","type":"page","link":"https:\/\/lerumsbk.se\/index.php\/4827-2\/","title":{"rendered":"&#8211;"},"content":{"rendered":"<div class=\"wp-block-columns is-layout-flex wp-container-core-columns-is-layout-9d6595d7 wp-block-columns-is-layout-flex\">\n<div class=\"wp-block-column is-layout-flow wp-block-column-is-layout-flow\">\n<figure class=\"wp-block-image size-full is-resized\"><img loading=\"lazy\" decoding=\"async\" width=\"482\" height=\"543\" src=\"https:\/\/lerumsbk.se\/wp-content\/uploads\/2022\/07\/SBK_logga_Lerum.jpg\" alt=\"\" class=\"wp-image-1500\" style=\"width:75px;height:auto\" srcset=\"https:\/\/lerumsbk.se\/wp-content\/uploads\/2022\/07\/SBK_logga_Lerum.jpg 482w, https:\/\/lerumsbk.se\/wp-content\/uploads\/2022\/07\/SBK_logga_Lerum-350x394.jpg 350w, https:\/\/lerumsbk.se\/wp-content\/uploads\/2022\/07\/SBK_logga_Lerum-266x300.jpg 266w\" sizes=\"auto, (max-width: 482px) 100vw, 482px\" \/><\/figure>\n<\/div>\n\n\n\n<div class=\"wp-block-column is-layout-flow wp-block-column-is-layout-flow\"><\/div>\n\n\n\n<div class=\"wp-block-column is-layout-flow wp-block-column-is-layout-flow\"><\/div>\n<\/div>\n\n\n\n<p><strong>V\u00e4rdegrund p\u00e5 Lerums Brukshundklubb.&nbsp;<\/strong><\/p>\n\n\n\n<p><strong>Artighet<\/strong>: Att alltid upptr\u00e4da korrekt mot andra m\u00e4nniskor. Alla m\u00e4nniskor \u00e4r v\u00e4rda att bem\u00f6tas med artighet.<\/p>\n\n\n\n<p><strong>Hederlighet<\/strong>: Att h\u00e5lla det vi lovar.<\/p>\n\n\n\n<p><strong>Mod<\/strong>: Att v\u00e5ga g\u00f6ra det som \u00e4r r\u00e4tt, \u00e4ven om det ocks\u00e5 finns r\u00e4dsla.<\/p>\n\n\n\n<p><strong>Respekt<\/strong>: Att vara lyh\u00f6rd och t\u00e5lmodig och respektera andra m\u00e4nniskor.<\/p>\n\n\n\n<p><strong>Sj\u00e4lvkontroll<\/strong>: Att i alla situationer kontrollera sitt hum\u00f6r och sitt uppf\u00f6rande.<\/p>\n\n\n\n<p><strong>V\u00e4nskap<\/strong>: Vi hj\u00e4lper varandra.<\/p>\n\n\n\n<p><strong>\u00c4rlighet<\/strong>: Att s\u00e4ga det man tycker utan att s\u00e5ra n\u00e5gon, tala osanning eller att ha dolda syften.<\/p>\n\n\n\n<p><strong>\u00d6dmjukhet<\/strong>: Det \u00e4r \u00f6dmjukt att k\u00e4nna till b\u00e5de sina styrkor och sina svagheter och agera utifr\u00e5n&nbsp; den kunskapen.<\/p>\n\n\n\n<p>Styrelsen<\/p>\n\n\n\n<p>Lerums Brukshundklubb<\/p>\n\n\n\n<p>22\/10 2024<\/p>","protected":false},"excerpt":{"rendered":"<p>V\u00e4rdegrund p\u00e5 Lerums Brukshundklubb.&nbsp; Artighet: Att alltid upptr\u00e4da korrekt mot andra m\u00e4nniskor. Alla m\u00e4nniskor \u00e4r v\u00e4rda att bem\u00f6tas med artighet. Hederlighet: Att h\u00e5lla det vi lovar. Mod: Att v\u00e5ga g\u00f6ra det som \u00e4r r\u00e4tt, \u00e4ven om det ocks\u00e5 finns r\u00e4dsla. Respekt: Att vara lyh\u00f6rd och t\u00e5lmodig och respektera andra m\u00e4nniskor. Sj\u00e4lvkontroll: Att i alla situationer &hellip; <\/p>\n<p class=\"link-more\"><a href=\"https:\/\/lerumsbk.se\/index.php\/4827-2\/\" class=\"more-link\">Forts\u00e4tt l\u00e4sa<span class=\"screen-reader-text\"> \u201d&#8211;\u201d<\/span><\/a><\/p>\n","protected":false},"author":2,"featured_media":0,"parent":0,"menu_order":0,"comment_status":"closed","ping_status":"closed","template":"","meta":{"footnotes":"","_wp_rev_ctl_limit":""},"class_list":["post-4827","page","type-page","status-publish","hentry"],"_links":{"self":[{"href":"https:\/\/lerumsbk.se\/index.php\/wp-json\/wp\/v2\/pages\/4827","targetHints":{"allow":["GET"]}}],"collection":[{"href":"https:\/\/lerumsbk.se\/index.php\/wp-json\/wp\/v2\/pages"}],"about":[{"href":"https:\/\/lerumsbk.se\/index.php\/wp-json\/wp\/v2\/types\/page"}],"author":[{"embeddable":true,"href":"https:\/\/lerumsbk.se\/index.php\/wp-json\/wp\/v2\/users\/2"}],"replies":[{"embeddable":true,"href":"https:\/\/lerumsbk.se\/index.php\/wp-json\/wp\/v2\/comments?post=4827"}],"version-history":[{"count":1,"href":"https:\/\/lerumsbk.se\/index.php\/wp-json\/wp\/v2\/pages\/4827\/revisions"}],"predecessor-version":[{"id":4828,"href":"https:\/\/lerumsbk.se\/index.php\/wp-json\/wp\/v2\/pages\/4827\/revisions\/4828"}],"wp:attachment":[{"href":"https:\/\/lerumsbk.se\/index.php\/wp-json\/wp\/v2\/media?parent=4827"}],"curies":[{"name":"wp","href":"https:\/\/api.w.org\/{rel}","templated":true}]}}