{"id":4783,"date":"2025-01-09T13:49:03","date_gmt":"2025-01-09T12:49:03","guid":{"rendered":"https:\/\/lerumsbk.se\/?page_id=4783"},"modified":"2025-01-10T16:14:55","modified_gmt":"2025-01-10T15:14:55","slug":"my-dog-2025","status":"publish","type":"page","link":"https:\/\/lerumsbk.se\/index.php\/my-dog-2025\/","title":{"rendered":"My Dog 2025"},"content":{"rendered":"<p>Lerums Bk var \u00e5terigen ansvariga f\u00f6r att visa rallylydnad <br>och l\u00e5ta hugade bes\u00f6kare prova p\u00e5.<\/p>\n\n\n\n<p>H\u00e4r \u00e4r v\u00e5ra glada medlemmar som gjorde det och n\u00e5gra som ville prova p\u00e5<\/p>\n\n\n\n<div class=\"wp-block-media-text is-stacked-on-mobile\"><figure class=\"wp-block-media-text__media\"><img loading=\"lazy\" decoding=\"async\" width=\"925\" height=\"1024\" src=\"https:\/\/lerumsbk.se\/wp-content\/uploads\/2025\/01\/MyDog1-925x1024.jpg\" alt=\"\" class=\"wp-image-4785 size-full\" srcset=\"https:\/\/lerumsbk.se\/wp-content\/uploads\/2025\/01\/MyDog1-925x1024.jpg 925w, https:\/\/lerumsbk.se\/wp-content\/uploads\/2025\/01\/MyDog1-271x300.jpg 271w, https:\/\/lerumsbk.se\/wp-content\/uploads\/2025\/01\/MyDog1-768x850.jpg 768w, https:\/\/lerumsbk.se\/wp-content\/uploads\/2025\/01\/MyDog1-350x388.jpg 350w, https:\/\/lerumsbk.se\/wp-content\/uploads\/2025\/01\/MyDog1.jpg 1080w\" sizes=\"auto, (max-width: 767px) 89vw, (max-width: 1000px) 54vw, (max-width: 1071px) 543px, 580px\" \/><\/figure><div class=\"wp-block-media-text__content\">\n<p class=\"has-text-align-right\">Dag 1<\/p>\n\n\n\n<p class=\"has-text-align-right\">Ann-Margret, speaker<br>Anita med Cilla<br>Lise-Lotte med Glittra<br>Rebecca med Sven<\/p>\n<\/div><\/div>\n\n\n\n<div class=\"wp-block-media-text has-media-on-the-right is-stacked-on-mobile\"><div class=\"wp-block-media-text__content\">\n<p>Dag 2<\/p>\n\n\n\n<p>Elin, speaker<br>Jennie med P\u00e4rla<br>Tilde med Peg<br>Jennie med Lykke<br>Katrin med Tesla<\/p>\n<\/div><figure class=\"wp-block-media-text__media\"><img loading=\"lazy\" decoding=\"async\" width=\"736\" height=\"1000\" src=\"https:\/\/lerumsbk.se\/wp-content\/uploads\/2025\/01\/MyDog2.jpg\" alt=\"\" class=\"wp-image-4786 size-full\" srcset=\"https:\/\/lerumsbk.se\/wp-content\/uploads\/2025\/01\/MyDog2.jpg 736w, https:\/\/lerumsbk.se\/wp-content\/uploads\/2025\/01\/MyDog2-221x300.jpg 221w, https:\/\/lerumsbk.se\/wp-content\/uploads\/2025\/01\/MyDog2-350x476.jpg 350w\" sizes=\"auto, (max-width: 736px) 100vw, 736px\" \/><\/figure><\/div>\n\n\n\n<div class=\"wp-block-media-text is-stacked-on-mobile\"><figure class=\"wp-block-media-text__media\"><img loading=\"lazy\" decoding=\"async\" width=\"963\" height=\"1024\" src=\"https:\/\/lerumsbk.se\/wp-content\/uploads\/2025\/01\/MyDog3-963x1024.jpg\" alt=\"\" class=\"wp-image-4787 size-full\" srcset=\"https:\/\/lerumsbk.se\/wp-content\/uploads\/2025\/01\/MyDog3-963x1024.jpg 963w, https:\/\/lerumsbk.se\/wp-content\/uploads\/2025\/01\/MyDog3-282x300.jpg 282w, https:\/\/lerumsbk.se\/wp-content\/uploads\/2025\/01\/MyDog3-768x817.jpg 768w, https:\/\/lerumsbk.se\/wp-content\/uploads\/2025\/01\/MyDog3-350x372.jpg 350w, https:\/\/lerumsbk.se\/wp-content\/uploads\/2025\/01\/MyDog3.jpg 1080w\" sizes=\"auto, (max-width: 767px) 89vw, (max-width: 1000px) 54vw, (max-width: 1071px) 543px, 580px\" \/><\/figure><div class=\"wp-block-media-text__content\">\n<p class=\"has-text-align-right\">Dag 3<\/p>\n\n\n\n<p class=\"has-text-align-right\">Anita, speaker<br>Jennie med P\u00e4rla<br>Tilde med Peg<br>Malin med Doris<\/p>\n<\/div><\/div>\n\n\n\n<div class=\"wp-block-media-text has-media-on-the-right is-stacked-on-mobile\"><div class=\"wp-block-media-text__content\">\n<p>Dag 4<\/p>\n\n\n\n<p>Yvonne, speaker<br>Jennie med Lykke<br>Anita med Cilla<br>Katrin med Tesla<\/p>\n<\/div><figure class=\"wp-block-media-text__media\"><img loading=\"lazy\" decoding=\"async\" width=\"828\" height=\"1024\" src=\"https:\/\/lerumsbk.se\/wp-content\/uploads\/2025\/01\/MyDog4-1-828x1024.jpg\" alt=\"\" class=\"wp-image-4788 size-full\" srcset=\"https:\/\/lerumsbk.se\/wp-content\/uploads\/2025\/01\/MyDog4-1-828x1024.jpg 828w, https:\/\/lerumsbk.se\/wp-content\/uploads\/2025\/01\/MyDog4-1-243x300.jpg 243w, https:\/\/lerumsbk.se\/wp-content\/uploads\/2025\/01\/MyDog4-1-768x950.jpg 768w, https:\/\/lerumsbk.se\/wp-content\/uploads\/2025\/01\/MyDog4-1-350x433.jpg 350w, https:\/\/lerumsbk.se\/wp-content\/uploads\/2025\/01\/MyDog4-1.jpg 1080w\" sizes=\"auto, (max-width: 767px) 89vw, (max-width: 1000px) 54vw, (max-width: 1071px) 543px, 580px\" \/><\/figure><\/div>\n\n\n\n<figure class=\"wp-block-gallery has-nested-images columns-default is-cropped wp-block-gallery-1 is-layout-flex wp-block-gallery-is-layout-flex\">\n<figure class=\"wp-block-image size-large\"><img loading=\"lazy\" decoding=\"async\" width=\"886\" height=\"1024\" data-id=\"4799\" src=\"https:\/\/lerumsbk.se\/wp-content\/uploads\/2025\/01\/pp1-886x1024.jpg\" alt=\"\" class=\"wp-image-4799\" srcset=\"https:\/\/lerumsbk.se\/wp-content\/uploads\/2025\/01\/pp1-886x1024.jpg 886w, https:\/\/lerumsbk.se\/wp-content\/uploads\/2025\/01\/pp1-260x300.jpg 260w, https:\/\/lerumsbk.se\/wp-content\/uploads\/2025\/01\/pp1-768x887.jpg 768w, https:\/\/lerumsbk.se\/wp-content\/uploads\/2025\/01\/pp1-1329x1536.jpg 1329w, https:\/\/lerumsbk.se\/wp-content\/uploads\/2025\/01\/pp1-350x404.jpg 350w, https:\/\/lerumsbk.se\/wp-content\/uploads\/2025\/01\/pp1.jpg 1459w\" sizes=\"auto, (max-width: 767px) 89vw, (max-width: 1000px) 54vw, (max-width: 1071px) 543px, 580px\" \/><\/figure>\n\n\n\n<figure class=\"wp-block-image size-large\"><img loading=\"lazy\" decoding=\"async\" width=\"651\" height=\"1024\" data-id=\"4800\" src=\"https:\/\/lerumsbk.se\/wp-content\/uploads\/2025\/01\/pp2-651x1024.jpg\" alt=\"\" class=\"wp-image-4800\" srcset=\"https:\/\/lerumsbk.se\/wp-content\/uploads\/2025\/01\/pp2-651x1024.jpg 651w, https:\/\/lerumsbk.se\/wp-content\/uploads\/2025\/01\/pp2-191x300.jpg 191w, https:\/\/lerumsbk.se\/wp-content\/uploads\/2025\/01\/pp2-768x1208.jpg 768w, https:\/\/lerumsbk.se\/wp-content\/uploads\/2025\/01\/pp2-977x1536.jpg 977w, https:\/\/lerumsbk.se\/wp-content\/uploads\/2025\/01\/pp2-350x551.jpg 350w, https:\/\/lerumsbk.se\/wp-content\/uploads\/2025\/01\/pp2.jpg 1302w\" sizes=\"auto, (max-width: 651px) 100vw, 651px\" \/><\/figure>\n\n\n\n<figure class=\"wp-block-image size-large\"><img loading=\"lazy\" decoding=\"async\" width=\"880\" height=\"1024\" data-id=\"4811\" src=\"https:\/\/lerumsbk.se\/wp-content\/uploads\/2025\/01\/pp3-880x1024.jpg\" alt=\"\" class=\"wp-image-4811\" srcset=\"https:\/\/lerumsbk.se\/wp-content\/uploads\/2025\/01\/pp3-880x1024.jpg 880w, https:\/\/lerumsbk.se\/wp-content\/uploads\/2025\/01\/pp3-258x300.jpg 258w, https:\/\/lerumsbk.se\/wp-content\/uploads\/2025\/01\/pp3-768x894.jpg 768w, https:\/\/lerumsbk.se\/wp-content\/uploads\/2025\/01\/pp3-1320x1536.jpg 1320w, https:\/\/lerumsbk.se\/wp-content\/uploads\/2025\/01\/pp3-350x407.jpg 350w, https:\/\/lerumsbk.se\/wp-content\/uploads\/2025\/01\/pp3.jpg 1760w\" sizes=\"auto, (max-width: 767px) 89vw, (max-width: 1000px) 54vw, (max-width: 1071px) 543px, 580px\" \/><\/figure>\n\n\n\n<figure class=\"wp-block-image size-large\"><img loading=\"lazy\" decoding=\"async\" width=\"687\" height=\"1024\" data-id=\"4812\" src=\"https:\/\/lerumsbk.se\/wp-content\/uploads\/2025\/01\/pp4-687x1024.jpg\" alt=\"\" class=\"wp-image-4812\" srcset=\"https:\/\/lerumsbk.se\/wp-content\/uploads\/2025\/01\/pp4-687x1024.jpg 687w, https:\/\/lerumsbk.se\/wp-content\/uploads\/2025\/01\/pp4-201x300.jpg 201w, https:\/\/lerumsbk.se\/wp-content\/uploads\/2025\/01\/pp4-768x1146.jpg 768w, https:\/\/lerumsbk.se\/wp-content\/uploads\/2025\/01\/pp4-1030x1536.jpg 1030w, https:\/\/lerumsbk.se\/wp-content\/uploads\/2025\/01\/pp4-350x522.jpg 350w, https:\/\/lerumsbk.se\/wp-content\/uploads\/2025\/01\/pp4.jpg 1373w\" sizes=\"auto, (max-width: 687px) 100vw, 687px\" \/><\/figure>\n\n\n\n<figure class=\"wp-block-image size-large\"><img loading=\"lazy\" decoding=\"async\" width=\"679\" height=\"1024\" data-id=\"4808\" src=\"https:\/\/lerumsbk.se\/wp-content\/uploads\/2025\/01\/pp5-679x1024.jpg\" alt=\"\" class=\"wp-image-4808\" srcset=\"https:\/\/lerumsbk.se\/wp-content\/uploads\/2025\/01\/pp5-679x1024.jpg 679w, https:\/\/lerumsbk.se\/wp-content\/uploads\/2025\/01\/pp5-199x300.jpg 199w, https:\/\/lerumsbk.se\/wp-content\/uploads\/2025\/01\/pp5-768x1159.jpg 768w, https:\/\/lerumsbk.se\/wp-content\/uploads\/2025\/01\/pp5-1018x1536.jpg 1018w, https:\/\/lerumsbk.se\/wp-content\/uploads\/2025\/01\/pp5-350x528.jpg 350w, https:\/\/lerumsbk.se\/wp-content\/uploads\/2025\/01\/pp5.jpg 1334w\" sizes=\"auto, (max-width: 679px) 100vw, 679px\" \/><\/figure>\n\n\n\n<figure class=\"wp-block-image size-large\"><img loading=\"lazy\" decoding=\"async\" width=\"752\" height=\"1020\" data-id=\"4801\" src=\"https:\/\/lerumsbk.se\/wp-content\/uploads\/2025\/01\/pp6.jpg\" alt=\"\" class=\"wp-image-4801\" srcset=\"https:\/\/lerumsbk.se\/wp-content\/uploads\/2025\/01\/pp6.jpg 752w, https:\/\/lerumsbk.se\/wp-content\/uploads\/2025\/01\/pp6-221x300.jpg 221w, https:\/\/lerumsbk.se\/wp-content\/uploads\/2025\/01\/pp6-350x475.jpg 350w\" sizes=\"auto, (max-width: 706px) 89vw, (max-width: 767px) 82vw, 740px\" \/><\/figure>\n\n\n\n<figure class=\"wp-block-image size-large\"><img loading=\"lazy\" decoding=\"async\" width=\"659\" height=\"1024\" data-id=\"4813\" src=\"https:\/\/lerumsbk.se\/wp-content\/uploads\/2025\/01\/pp7-659x1024.jpg\" alt=\"\" class=\"wp-image-4813\" srcset=\"https:\/\/lerumsbk.se\/wp-content\/uploads\/2025\/01\/pp7-659x1024.jpg 659w, https:\/\/lerumsbk.se\/wp-content\/uploads\/2025\/01\/pp7-193x300.jpg 193w, https:\/\/lerumsbk.se\/wp-content\/uploads\/2025\/01\/pp7-768x1194.jpg 768w, https:\/\/lerumsbk.se\/wp-content\/uploads\/2025\/01\/pp7-988x1536.jpg 988w, https:\/\/lerumsbk.se\/wp-content\/uploads\/2025\/01\/pp7-350x544.jpg 350w, https:\/\/lerumsbk.se\/wp-content\/uploads\/2025\/01\/pp7.jpg 1317w\" sizes=\"auto, (max-width: 659px) 100vw, 659px\" \/><\/figure>\n\n\n\n<figure class=\"wp-block-image size-large\"><img loading=\"lazy\" decoding=\"async\" width=\"633\" height=\"1024\" data-id=\"4810\" src=\"https:\/\/lerumsbk.se\/wp-content\/uploads\/2025\/01\/pp8-633x1024.jpg\" alt=\"\" class=\"wp-image-4810\" srcset=\"https:\/\/lerumsbk.se\/wp-content\/uploads\/2025\/01\/pp8-633x1024.jpg 633w, https:\/\/lerumsbk.se\/wp-content\/uploads\/2025\/01\/pp8-185x300.jpg 185w, https:\/\/lerumsbk.se\/wp-content\/uploads\/2025\/01\/pp8-768x1243.jpg 768w, https:\/\/lerumsbk.se\/wp-content\/uploads\/2025\/01\/pp8-949x1536.jpg 949w, https:\/\/lerumsbk.se\/wp-content\/uploads\/2025\/01\/pp8-350x567.jpg 350w, https:\/\/lerumsbk.se\/wp-content\/uploads\/2025\/01\/pp8.jpg 1265w\" sizes=\"auto, (max-width: 633px) 100vw, 633px\" \/><\/figure>\n\n\n\n<figure class=\"wp-block-image size-large\"><img loading=\"lazy\" decoding=\"async\" width=\"790\" height=\"1024\" data-id=\"4804\" src=\"https:\/\/lerumsbk.se\/wp-content\/uploads\/2025\/01\/pp9-790x1024.jpg\" alt=\"\" class=\"wp-image-4804\" srcset=\"https:\/\/lerumsbk.se\/wp-content\/uploads\/2025\/01\/pp9-790x1024.jpg 790w, https:\/\/lerumsbk.se\/wp-content\/uploads\/2025\/01\/pp9-231x300.jpg 231w, https:\/\/lerumsbk.se\/wp-content\/uploads\/2025\/01\/pp9-768x996.jpg 768w, https:\/\/lerumsbk.se\/wp-content\/uploads\/2025\/01\/pp9-1184x1536.jpg 1184w, https:\/\/lerumsbk.se\/wp-content\/uploads\/2025\/01\/pp9-350x454.jpg 350w, https:\/\/lerumsbk.se\/wp-content\/uploads\/2025\/01\/pp9.jpg 1260w\" sizes=\"auto, (max-width: 767px) 89vw, (max-width: 1000px) 54vw, (max-width: 1071px) 543px, 580px\" \/><\/figure>\n\n\n\n<figure class=\"wp-block-image size-large\"><img loading=\"lazy\" decoding=\"async\" width=\"610\" height=\"1024\" data-id=\"4809\" src=\"https:\/\/lerumsbk.se\/wp-content\/uploads\/2025\/01\/pp10-610x1024.jpg\" alt=\"\" class=\"wp-image-4809\" srcset=\"https:\/\/lerumsbk.se\/wp-content\/uploads\/2025\/01\/pp10-610x1024.jpg 610w, https:\/\/lerumsbk.se\/wp-content\/uploads\/2025\/01\/pp10-179x300.jpg 179w, https:\/\/lerumsbk.se\/wp-content\/uploads\/2025\/01\/pp10-768x1289.jpg 768w, https:\/\/lerumsbk.se\/wp-content\/uploads\/2025\/01\/pp10-915x1536.jpg 915w, https:\/\/lerumsbk.se\/wp-content\/uploads\/2025\/01\/pp10-350x587.jpg 350w, https:\/\/lerumsbk.se\/wp-content\/uploads\/2025\/01\/pp10.jpg 1165w\" sizes=\"auto, (max-width: 610px) 100vw, 610px\" \/><\/figure>\n\n\n\n<figure class=\"wp-block-image size-large\"><img loading=\"lazy\" decoding=\"async\" width=\"891\" height=\"1024\" data-id=\"4806\" src=\"https:\/\/lerumsbk.se\/wp-content\/uploads\/2025\/01\/pp11-891x1024.jpg\" alt=\"\" class=\"wp-image-4806\" srcset=\"https:\/\/lerumsbk.se\/wp-content\/uploads\/2025\/01\/pp11-891x1024.jpg 891w, https:\/\/lerumsbk.se\/wp-content\/uploads\/2025\/01\/pp11-261x300.jpg 261w, https:\/\/lerumsbk.se\/wp-content\/uploads\/2025\/01\/pp11-768x883.jpg 768w, https:\/\/lerumsbk.se\/wp-content\/uploads\/2025\/01\/pp11-350x402.jpg 350w, https:\/\/lerumsbk.se\/wp-content\/uploads\/2025\/01\/pp11.jpg 1227w\" sizes=\"auto, (max-width: 767px) 89vw, (max-width: 1000px) 54vw, (max-width: 1071px) 543px, 580px\" \/><\/figure>\n\n\n\n<figure class=\"wp-block-image size-large\"><img loading=\"lazy\" decoding=\"async\" width=\"797\" height=\"1024\" data-id=\"4807\" src=\"https:\/\/lerumsbk.se\/wp-content\/uploads\/2025\/01\/pp12-797x1024.jpg\" alt=\"\" class=\"wp-image-4807\" srcset=\"https:\/\/lerumsbk.se\/wp-content\/uploads\/2025\/01\/pp12-797x1024.jpg 797w, https:\/\/lerumsbk.se\/wp-content\/uploads\/2025\/01\/pp12-234x300.jpg 234w, https:\/\/lerumsbk.se\/wp-content\/uploads\/2025\/01\/pp12-768x986.jpg 768w, https:\/\/lerumsbk.se\/wp-content\/uploads\/2025\/01\/pp12-1196x1536.jpg 1196w, https:\/\/lerumsbk.se\/wp-content\/uploads\/2025\/01\/pp12-350x449.jpg 350w, https:\/\/lerumsbk.se\/wp-content\/uploads\/2025\/01\/pp12.jpg 1256w\" sizes=\"auto, (max-width: 767px) 89vw, (max-width: 1000px) 54vw, (max-width: 1071px) 543px, 580px\" \/><\/figure>\n\n\n\n<figure class=\"wp-block-image size-large\"><img loading=\"lazy\" decoding=\"async\" width=\"725\" height=\"1024\" data-id=\"4802\" src=\"https:\/\/lerumsbk.se\/wp-content\/uploads\/2025\/01\/pp13-725x1024.jpg\" alt=\"\" class=\"wp-image-4802\" srcset=\"https:\/\/lerumsbk.se\/wp-content\/uploads\/2025\/01\/pp13-725x1024.jpg 725w, https:\/\/lerumsbk.se\/wp-content\/uploads\/2025\/01\/pp13-212x300.jpg 212w, https:\/\/lerumsbk.se\/wp-content\/uploads\/2025\/01\/pp13-768x1085.jpg 768w, https:\/\/lerumsbk.se\/wp-content\/uploads\/2025\/01\/pp13-350x494.jpg 350w, https:\/\/lerumsbk.se\/wp-content\/uploads\/2025\/01\/pp13.jpg 924w\" sizes=\"auto, (max-width: 725px) 100vw, 725px\" \/><\/figure>\n\n\n\n<figure class=\"wp-block-image size-large\"><img loading=\"lazy\" decoding=\"async\" width=\"870\" height=\"1024\" data-id=\"4805\" src=\"https:\/\/lerumsbk.se\/wp-content\/uploads\/2025\/01\/pp14-870x1024.jpg\" alt=\"\" class=\"wp-image-4805\" srcset=\"https:\/\/lerumsbk.se\/wp-content\/uploads\/2025\/01\/pp14-870x1024.jpg 870w, https:\/\/lerumsbk.se\/wp-content\/uploads\/2025\/01\/pp14-255x300.jpg 255w, https:\/\/lerumsbk.se\/wp-content\/uploads\/2025\/01\/pp14-768x903.jpg 768w, https:\/\/lerumsbk.se\/wp-content\/uploads\/2025\/01\/pp14-350x412.jpg 350w, https:\/\/lerumsbk.se\/wp-content\/uploads\/2025\/01\/pp14.jpg 1219w\" sizes=\"auto, (max-width: 767px) 89vw, (max-width: 1000px) 54vw, (max-width: 1071px) 543px, 580px\" \/><\/figure>\n\n\n\n<figure class=\"wp-block-image size-large\"><img loading=\"lazy\" decoding=\"async\" width=\"1024\" height=\"920\" data-id=\"4803\" src=\"https:\/\/lerumsbk.se\/wp-content\/uploads\/2025\/01\/pp15-1024x920.jpg\" alt=\"\" class=\"wp-image-4803\" srcset=\"https:\/\/lerumsbk.se\/wp-content\/uploads\/2025\/01\/pp15-1024x920.jpg 1024w, https:\/\/lerumsbk.se\/wp-content\/uploads\/2025\/01\/pp15-300x269.jpg 300w, https:\/\/lerumsbk.se\/wp-content\/uploads\/2025\/01\/pp15-768x690.jpg 768w, https:\/\/lerumsbk.se\/wp-content\/uploads\/2025\/01\/pp15-350x314.jpg 350w, https:\/\/lerumsbk.se\/wp-content\/uploads\/2025\/01\/pp15.jpg 1308w\" sizes=\"auto, (max-width: 767px) 89vw, (max-width: 1000px) 54vw, (max-width: 1071px) 543px, 580px\" \/><\/figure>\n<\/figure>\n\n\n\n<p><\/p>","protected":false},"excerpt":{"rendered":"<p>Lerums Bk var \u00e5terigen ansvariga f\u00f6r att visa rallylydnad och l\u00e5ta hugade bes\u00f6kare prova p\u00e5. H\u00e4r \u00e4r v\u00e5ra glada medlemmar som gjorde det och n\u00e5gra som ville prova p\u00e5 Dag 1 Ann-Margret, speakerAnita med CillaLise-Lotte med GlittraRebecca med Sven Dag 2 Elin, speakerJennie med P\u00e4rlaTilde med PegJennie med LykkeKatrin med Tesla Dag 3 Anita, speakerJennie &hellip; <\/p>\n<p class=\"link-more\"><a href=\"https:\/\/lerumsbk.se\/index.php\/my-dog-2025\/\" class=\"more-link\">Forts\u00e4tt l\u00e4sa<span class=\"screen-reader-text\"> \u201dMy Dog 2025\u201d<\/span><\/a><\/p>\n","protected":false},"author":2,"featured_media":0,"parent":0,"menu_order":0,"comment_status":"closed","ping_status":"closed","template":"","meta":{"footnotes":"","_wp_rev_ctl_limit":""},"class_list":["post-4783","page","type-page","status-publish","hentry"],"_links":{"self":[{"href":"https:\/\/lerumsbk.se\/index.php\/wp-json\/wp\/v2\/pages\/4783","targetHints":{"allow":["GET"]}}],"collection":[{"href":"https:\/\/lerumsbk.se\/index.php\/wp-json\/wp\/v2\/pages"}],"about":[{"href":"https:\/\/lerumsbk.se\/index.php\/wp-json\/wp\/v2\/types\/page"}],"author":[{"embeddable":true,"href":"https:\/\/lerumsbk.se\/index.php\/wp-json\/wp\/v2\/users\/2"}],"replies":[{"embeddable":true,"href":"https:\/\/lerumsbk.se\/index.php\/wp-json\/wp\/v2\/comments?post=4783"}],"version-history":[{"count":3,"href":"https:\/\/lerumsbk.se\/index.php\/wp-json\/wp\/v2\/pages\/4783\/revisions"}],"predecessor-version":[{"id":4815,"href":"https:\/\/lerumsbk.se\/index.php\/wp-json\/wp\/v2\/pages\/4783\/revisions\/4815"}],"wp:attachment":[{"href":"https:\/\/lerumsbk.se\/index.php\/wp-json\/wp\/v2\/media?parent=4783"}],"curies":[{"name":"wp","href":"https:\/\/api.w.org\/{rel}","templated":true}]}}