{"id":4659,"date":"2024-12-18T11:52:23","date_gmt":"2024-12-18T10:52:23","guid":{"rendered":"https:\/\/lerumsbk.se\/?page_id=4659"},"modified":"2025-11-03T13:27:30","modified_gmt":"2025-11-03T12:27:30","slug":"sbk-specialsok-steg-2-3","status":"publish","type":"page","link":"https:\/\/lerumsbk.se\/index.php\/sbk-specialsok-steg-2-3\/","title":{"rendered":"SBK Specials\u00f6k steg 2"},"content":{"rendered":"<figure class=\"wp-block-image size-full is-resized\"><img loading=\"lazy\" decoding=\"async\" width=\"213\" height=\"160\" src=\"https:\/\/lerumsbk.se\/wp-content\/uploads\/2023\/11\/401836760_7003779389689351_4282933162426109603_n.jpg\" alt=\"\" class=\"wp-image-3247\" style=\"width:332px;height:auto\"\/><\/figure>\n\n\n\n<p>Specials\u00f6k \u00e4r en bra aktivering som passar alla hundar och \u00e4gare. Specials\u00f6k \u00e4r n\u00e4r hunden letar efter specifika doftetiketter i olika milj\u00f6er och sedan visar f\u00f6r sin \u00e4gare n\u00e4r den hittat genom att markera. SBK Specials\u00f6k har f\u00e5tt inspiration ifr\u00e5n bland annat Polis, f\u00f6rsvarsmakten och civila tj\u00e4nstehundar. I SBK Specials\u00f6k s\u00f6ker hundarna efter bitar av R\u00f6d Kong Classic.<\/p>\n\n\n\n<p><strong>M\u00e5l med kursen<\/strong>: Kursen f\u00f6r dig som g\u00e5tt steg 1 eller liknande och har en hund som sj\u00e4lvst\u00e4ndigt kan g\u00f6ra enklare s\u00f6k som vill utveckla hundens s\u00f6kintresse,&nbsp;uth\u00e5llighet, funktionslydnad och b\u00f6rja tr\u00e4na in markeringar.&nbsp;<br>En hund kommer att s\u00f6ka i taget. &nbsp;<\/p>\n\n\n\n<p><strong>F\u00f6rkunskaper:<\/strong>&nbsp;Hunden skall kunna etiketten r\u00f6d kong och sj\u00e4lvst\u00e4ndigt kunna s\u00f6ka och hitta.<\/p>\n\n\n\n<p><strong>Plats:<\/strong>&nbsp;&nbsp;Lerumsbrukshundsklubb S\u00f6komr\u00e5den utanf\u00f6r klubben kommer f\u00f6rekomma..<\/p>\n\n\n\n<p><strong>Datum<\/strong>:<strong> Tisdagar  14\/4, 28\/4, 26\/5<\/strong>  <strong>Tid: 18:30 &#8211; 20:30<\/strong><\/p>\n\n\n\n<p><strong>S\u00f6ndagar 17\/5, 7\/6 Tid: 12:30 -. 14:30<\/strong><\/p>\n\n\n\n<p><strong>Antal deltagare<\/strong>: 6st<\/p>\n\n\n\n<p><strong>Pris:<\/strong>&nbsp;1800:- + medlemskap i Lerums Brukshundsklubb<\/p>\n\n\n\n<p><strong>Instrukt\u00f6r:&nbsp;<\/strong>Emmy Landqvist<br>Fr\u00e5gor till:&nbsp;&nbsp;<a rel=\"noreferrer noopener\" href=\"mailto:&#x65;&#x6d;&#x6d;&#x79;&#x6c;&#x61;&#x6e;&#x64;&#x71;&#x76;&#x69;&#x73;&#x74;&#x2e;&#x65;&#x6c;&#x40;&#x67;&#x6d;&#x61;&#x69;&#x6c;&#x2e;&#x63;&#x6f;&#x6d;\" target=\"_blank\">&#x65;&#x6d;&#x6d;&#x79;&#x6c;&#x61;&#x6e;&#x64;&#x71;&#x76;&#x69;&#x73;&#x74;&#x2e;&#x65;&#x6c;&#x40;<span class=\"oe_displaynone\">null<\/span>&#x67;&#x6d;&#x61;&#x69;&#x6c;&#x2e;&#x63;&#x6f;&#x6d;<\/a><\/p>\n\n\n\n<p>Anm\u00e4l h\u00e4r=><\/p>\n\n\n\n<p><\/p>","protected":false},"excerpt":{"rendered":"<p>Specials\u00f6k \u00e4r en bra aktivering som passar alla hundar och \u00e4gare. Specials\u00f6k \u00e4r n\u00e4r hunden letar efter specifika doftetiketter i olika milj\u00f6er och sedan visar f\u00f6r sin \u00e4gare n\u00e4r den hittat genom att markera. SBK Specials\u00f6k har f\u00e5tt inspiration ifr\u00e5n bland annat Polis, f\u00f6rsvarsmakten och civila tj\u00e4nstehundar. I SBK Specials\u00f6k s\u00f6ker hundarna efter bitar av &hellip; <\/p>\n<p class=\"link-more\"><a href=\"https:\/\/lerumsbk.se\/index.php\/sbk-specialsok-steg-2-3\/\" class=\"more-link\">Forts\u00e4tt l\u00e4sa<span class=\"screen-reader-text\"> \u201dSBK Specials\u00f6k steg 2\u201d<\/span><\/a><\/p>\n","protected":false},"author":9,"featured_media":0,"parent":0,"menu_order":0,"comment_status":"closed","ping_status":"closed","template":"","meta":{"footnotes":"","_wp_rev_ctl_limit":""},"class_list":["post-4659","page","type-page","status-publish","hentry"],"_links":{"self":[{"href":"https:\/\/lerumsbk.se\/index.php\/wp-json\/wp\/v2\/pages\/4659","targetHints":{"allow":["GET"]}}],"collection":[{"href":"https:\/\/lerumsbk.se\/index.php\/wp-json\/wp\/v2\/pages"}],"about":[{"href":"https:\/\/lerumsbk.se\/index.php\/wp-json\/wp\/v2\/types\/page"}],"author":[{"embeddable":true,"href":"https:\/\/lerumsbk.se\/index.php\/wp-json\/wp\/v2\/users\/9"}],"replies":[{"embeddable":true,"href":"https:\/\/lerumsbk.se\/index.php\/wp-json\/wp\/v2\/comments?post=4659"}],"version-history":[{"count":3,"href":"https:\/\/lerumsbk.se\/index.php\/wp-json\/wp\/v2\/pages\/4659\/revisions"}],"predecessor-version":[{"id":5724,"href":"https:\/\/lerumsbk.se\/index.php\/wp-json\/wp\/v2\/pages\/4659\/revisions\/5724"}],"wp:attachment":[{"href":"https:\/\/lerumsbk.se\/index.php\/wp-json\/wp\/v2\/media?parent=4659"}],"curies":[{"name":"wp","href":"https:\/\/api.w.org\/{rel}","templated":true}]}}