{"id":440,"date":"2022-03-11T17:45:00","date_gmt":"2022-03-11T16:45:00","guid":{"rendered":"https:\/\/lerumsbk.se\/?page_id=440"},"modified":"2023-04-25T15:11:01","modified_gmt":"2023-04-25T14:11:01","slug":"galleri","status":"publish","type":"page","link":"https:\/\/lerumsbk.se\/index.php\/galleri\/","title":{"rendered":"Galleri &#8211;  \u00f6versikt"},"content":{"rendered":"<p><br><strong>Se \u00e4ven \u00f6vriga underrubriker.<\/strong> En del av bilderna \u00e4r <strong><mark style=\"background-color:rgba(0, 0, 0, 0)\" class=\"has-inline-color has-vivid-red-color\">klickbara<\/mark>,<\/strong> d\u00e5 kommer du till fler bilder i samma kategori. Obs att bilderna \u00e4r fotografernas privata och f\u00e5r inte kopieras.<\/p>\n\n\n\n<figure class=\"wp-block-gallery has-nested-images columns-default is-cropped wp-block-gallery-1 is-layout-flex wp-block-gallery-is-layout-flex\">\n<figure class=\"wp-block-image size-large\"><a href=\"https:\/\/lerumsbk.se\/index.php\/galleri-traffas-och-trivs\/\"><img loading=\"lazy\" decoding=\"async\" width=\"1024\" height=\"895\" data-id=\"484\" src=\"https:\/\/lerumsbk.se\/wp-content\/uploads\/2022\/03\/Stugan-20220225_131723_resized_2-1024x895-1.jpg\" alt=\"\" class=\"wp-image-484\" srcset=\"https:\/\/lerumsbk.se\/wp-content\/uploads\/2022\/03\/Stugan-20220225_131723_resized_2-1024x895-1.jpg 1024w, https:\/\/lerumsbk.se\/wp-content\/uploads\/2022\/03\/Stugan-20220225_131723_resized_2-1024x895-1-350x306.jpg 350w, https:\/\/lerumsbk.se\/wp-content\/uploads\/2022\/03\/Stugan-20220225_131723_resized_2-1024x895-1-300x262.jpg 300w, https:\/\/lerumsbk.se\/wp-content\/uploads\/2022\/03\/Stugan-20220225_131723_resized_2-1024x895-1-768x671.jpg 768w\" sizes=\"auto, (max-width: 767px) 89vw, (max-width: 1000px) 54vw, (max-width: 1071px) 543px, 580px\" \/><\/a><figcaption class=\"wp-element-caption\">V\u00e5r trivsamma klubbstuga<\/figcaption><\/figure>\n\n\n\n<figure class=\"wp-block-image size-large\"><a href=\"https:\/\/lerumsbk.se\/index.php\/galleri-lydnad-rally\/\"><img loading=\"lazy\" decoding=\"async\" width=\"683\" height=\"1024\" data-id=\"1059\" src=\"https:\/\/lerumsbk.se\/wp-content\/uploads\/2022\/05\/7D-3019-683x1024.jpg\" alt=\"\" class=\"wp-image-1059\" srcset=\"https:\/\/lerumsbk.se\/wp-content\/uploads\/2022\/05\/7D-3019-683x1024.jpg 683w, https:\/\/lerumsbk.se\/wp-content\/uploads\/2022\/05\/7D-3019-scaled-350x525.jpg 350w, https:\/\/lerumsbk.se\/wp-content\/uploads\/2022\/05\/7D-3019-200x300.jpg 200w, https:\/\/lerumsbk.se\/wp-content\/uploads\/2022\/05\/7D-3019-768x1152.jpg 768w, https:\/\/lerumsbk.se\/wp-content\/uploads\/2022\/05\/7D-3019-1024x1536.jpg 1024w, https:\/\/lerumsbk.se\/wp-content\/uploads\/2022\/05\/7D-3019-1365x2048.jpg 1365w, https:\/\/lerumsbk.se\/wp-content\/uploads\/2022\/05\/7D-3019-scaled.jpg 1707w\" sizes=\"auto, (max-width: 683px) 100vw, 683px\" \/><\/a><figcaption class=\"wp-element-caption\">Banvandring rally<\/figcaption><\/figure>\n\n\n\n<figure class=\"wp-block-image size-full\"><a href=\"https:\/\/lerumsbk.se\/index.php\/galleri-igp-skydd\/\"><img loading=\"lazy\" decoding=\"async\" width=\"733\" height=\"817\" data-id=\"1047\" src=\"https:\/\/lerumsbk.se\/wp-content\/uploads\/2022\/05\/skks20220507_141611_resized2327.jpg\" alt=\"\" class=\"wp-image-1047\" srcset=\"https:\/\/lerumsbk.se\/wp-content\/uploads\/2022\/05\/skks20220507_141611_resized2327.jpg 733w, https:\/\/lerumsbk.se\/wp-content\/uploads\/2022\/05\/skks20220507_141611_resized2327-350x390.jpg 350w, https:\/\/lerumsbk.se\/wp-content\/uploads\/2022\/05\/skks20220507_141611_resized2327-269x300.jpg 269w\" sizes=\"auto, (max-width: 733px) 100vw, 733px\" \/><\/a><figcaption class=\"wp-element-caption\">Skyddshund i aktion<\/figcaption><\/figure>\n\n\n\n<figure class=\"wp-block-image size-large\"><a href=\"https:\/\/lerumsbk.se\/index.php\/galleri-agility\/\"><img loading=\"lazy\" decoding=\"async\" width=\"683\" height=\"1024\" data-id=\"743\" src=\"https:\/\/lerumsbk.se\/wp-content\/uploads\/2022\/03\/7D-1419-683x1024.jpg\" alt=\"\" class=\"wp-image-743\" srcset=\"https:\/\/lerumsbk.se\/wp-content\/uploads\/2022\/03\/7D-1419-683x1024.jpg 683w, https:\/\/lerumsbk.se\/wp-content\/uploads\/2022\/03\/7D-1419-scaled-350x525.jpg 350w, https:\/\/lerumsbk.se\/wp-content\/uploads\/2022\/03\/7D-1419-200x300.jpg 200w, https:\/\/lerumsbk.se\/wp-content\/uploads\/2022\/03\/7D-1419-768x1152.jpg 768w, https:\/\/lerumsbk.se\/wp-content\/uploads\/2022\/03\/7D-1419-1024x1536.jpg 1024w, https:\/\/lerumsbk.se\/wp-content\/uploads\/2022\/03\/7D-1419-1365x2048.jpg 1365w, https:\/\/lerumsbk.se\/wp-content\/uploads\/2022\/03\/7D-1419-scaled.jpg 1707w\" sizes=\"auto, (max-width: 683px) 100vw, 683px\" \/><\/a><figcaption class=\"wp-element-caption\">Full fart genom tunneln<\/figcaption><\/figure>\n\n\n\n<figure class=\"wp-block-image size-large\"><a href=\"https:\/\/lerumsbk.se\/index.php\/galleri-utstallning\/\"><img loading=\"lazy\" decoding=\"async\" width=\"767\" height=\"1024\" data-id=\"1109\" src=\"https:\/\/lerumsbk.se\/wp-content\/uploads\/2022\/05\/20220515_112413_resized-767x1024.jpg\" alt=\"\" class=\"wp-image-1109\" srcset=\"https:\/\/lerumsbk.se\/wp-content\/uploads\/2022\/05\/20220515_112413_resized-767x1024.jpg 767w, https:\/\/lerumsbk.se\/wp-content\/uploads\/2022\/05\/20220515_112413_resized-350x468.jpg 350w, https:\/\/lerumsbk.se\/wp-content\/uploads\/2022\/05\/20220515_112413_resized-225x300.jpg 225w, https:\/\/lerumsbk.se\/wp-content\/uploads\/2022\/05\/20220515_112413_resized-768x1026.jpg 768w, https:\/\/lerumsbk.se\/wp-content\/uploads\/2022\/05\/20220515_112413_resized.jpg 1078w\" sizes=\"auto, (max-width: 767px) 89vw, (max-width: 1000px) 54vw, (max-width: 1071px) 543px, 580px\" \/><\/a><figcaption class=\"wp-element-caption\">Utst\u00e4llningen 15 maj<\/figcaption><\/figure>\n\n\n\n<figure class=\"wp-block-image size-full\"><a href=\"https:\/\/lerumsbk.se\/index.php\/galleri-sok-spar\/\"><img loading=\"lazy\" decoding=\"async\" width=\"970\" height=\"993\" data-id=\"467\" src=\"https:\/\/lerumsbk.se\/wp-content\/uploads\/2022\/03\/oskar-20220304_124113_resized_1.jpg\" alt=\"\" class=\"wp-image-467\" srcset=\"https:\/\/lerumsbk.se\/wp-content\/uploads\/2022\/03\/oskar-20220304_124113_resized_1.jpg 970w, https:\/\/lerumsbk.se\/wp-content\/uploads\/2022\/03\/oskar-20220304_124113_resized_1-350x358.jpg 350w, https:\/\/lerumsbk.se\/wp-content\/uploads\/2022\/03\/oskar-20220304_124113_resized_1-293x300.jpg 293w, https:\/\/lerumsbk.se\/wp-content\/uploads\/2022\/03\/oskar-20220304_124113_resized_1-768x786.jpg 768w\" sizes=\"auto, (max-width: 767px) 89vw, (max-width: 1000px) 54vw, (max-width: 1071px) 543px, 580px\" \/><\/a><figcaption class=\"wp-element-caption\">Oskar s\u00f6ker figurant<\/figcaption><\/figure>\n<\/figure>\n\n\n\n<figure class=\"wp-block-gallery has-nested-images columns-default is-cropped wp-block-gallery-2 is-layout-flex wp-block-gallery-is-layout-flex\">\n<figure class=\"wp-block-image size-large\"><a href=\"https:\/\/lerumsbk.se\/index.php\/galleri-kursverksamhet\/\"><img loading=\"lazy\" decoding=\"async\" width=\"235\" height=\"227\" data-id=\"473\" src=\"https:\/\/lerumsbk.se\/wp-content\/uploads\/2022\/03\/utbildn-thumbnail_20170813_115126_resized.jpg\" alt=\"\" class=\"wp-image-473\"\/><\/a><figcaption class=\"wp-element-caption\">Utbildning p\u00e5 klubben<\/figcaption><\/figure>\n\n\n\n<figure class=\"wp-block-image size-large\"><img loading=\"lazy\" decoding=\"async\" width=\"985\" height=\"1024\" data-id=\"469\" src=\"https:\/\/lerumsbk.se\/wp-content\/uploads\/2022\/03\/Maggie-o-Gosta-m-trasa-16-2-2-985x1024-1.jpg\" alt=\"\" class=\"wp-image-469\" srcset=\"https:\/\/lerumsbk.se\/wp-content\/uploads\/2022\/03\/Maggie-o-Gosta-m-trasa-16-2-2-985x1024-1.jpg 985w, https:\/\/lerumsbk.se\/wp-content\/uploads\/2022\/03\/Maggie-o-Gosta-m-trasa-16-2-2-985x1024-1-350x364.jpg 350w, https:\/\/lerumsbk.se\/wp-content\/uploads\/2022\/03\/Maggie-o-Gosta-m-trasa-16-2-2-985x1024-1-289x300.jpg 289w, https:\/\/lerumsbk.se\/wp-content\/uploads\/2022\/03\/Maggie-o-Gosta-m-trasa-16-2-2-985x1024-1-768x798.jpg 768w\" sizes=\"auto, (max-width: 767px) 89vw, (max-width: 1000px) 54vw, (max-width: 1071px) 543px, 580px\" \/><figcaption class=\"wp-element-caption\">Vem \u00e4r starkast?<\/figcaption><\/figure>\n\n\n\n<figure class=\"wp-block-image size-large\"><img loading=\"lazy\" decoding=\"async\" width=\"1790\" height=\"1024\" data-id=\"60\" src=\"https:\/\/lerumsbk.se\/wp-content\/uploads\/2022\/02\/kantarell.jpg\" alt=\"\" class=\"wp-image-60\" srcset=\"https:\/\/lerumsbk.se\/wp-content\/uploads\/2022\/02\/kantarell.jpg 1790w, https:\/\/lerumsbk.se\/wp-content\/uploads\/2022\/02\/kantarell-350x200.jpg 350w, https:\/\/lerumsbk.se\/wp-content\/uploads\/2022\/02\/kantarell-300x172.jpg 300w, https:\/\/lerumsbk.se\/wp-content\/uploads\/2022\/02\/kantarell-1024x586.jpg 1024w, https:\/\/lerumsbk.se\/wp-content\/uploads\/2022\/02\/kantarell-768x439.jpg 768w, https:\/\/lerumsbk.se\/wp-content\/uploads\/2022\/02\/kantarell-1536x879.jpg 1536w\" sizes=\"auto, (max-width: 767px) 89vw, (max-width: 1000px) 54vw, (max-width: 1071px) 543px, 580px\" \/><figcaption class=\"wp-element-caption\">Kantarells\u00f6k<\/figcaption><\/figure>\n<\/figure>\n\n\n\n<figure class=\"wp-block-gallery has-nested-images columns-default is-cropped wp-block-gallery-3 is-layout-flex wp-block-gallery-is-layout-flex\">\n<figure class=\"wp-block-image size-large\"><img loading=\"lazy\" decoding=\"async\" width=\"686\" height=\"771\" data-id=\"468\" src=\"https:\/\/lerumsbk.se\/wp-content\/uploads\/2022\/03\/Ludde-IMG_2027.jpg\" alt=\"\" class=\"wp-image-468\" srcset=\"https:\/\/lerumsbk.se\/wp-content\/uploads\/2022\/03\/Ludde-IMG_2027.jpg 686w, https:\/\/lerumsbk.se\/wp-content\/uploads\/2022\/03\/Ludde-IMG_2027-350x393.jpg 350w, https:\/\/lerumsbk.se\/wp-content\/uploads\/2022\/03\/Ludde-IMG_2027-267x300.jpg 267w\" sizes=\"auto, (max-width: 686px) 100vw, 686px\" \/><figcaption class=\"wp-element-caption\">Ludde spanar efter husse<\/figcaption><\/figure>\n\n\n\n<figure class=\"wp-block-image size-large\"><a href=\"https:\/\/lerumsbk.se\/index.php\/galleri-traffas-och-trivs\/\"><img loading=\"lazy\" decoding=\"async\" width=\"712\" height=\"737\" data-id=\"456\" src=\"https:\/\/lerumsbk.se\/wp-content\/uploads\/2022\/03\/Helge-o-M-16-2.jpg\" alt=\"\" class=\"wp-image-456\" srcset=\"https:\/\/lerumsbk.se\/wp-content\/uploads\/2022\/03\/Helge-o-M-16-2.jpg 712w, https:\/\/lerumsbk.se\/wp-content\/uploads\/2022\/03\/Helge-o-M-16-2-350x362.jpg 350w, https:\/\/lerumsbk.se\/wp-content\/uploads\/2022\/03\/Helge-o-M-16-2-290x300.jpg 290w\" sizes=\"auto, (max-width: 712px) 100vw, 712px\" \/><\/a><figcaption class=\"wp-element-caption\">Helge v\u00e4ntar med matte<\/figcaption><\/figure>\n\n\n\n<figure class=\"wp-block-image size-large\"><a href=\"https:\/\/lerumsbk.se\/index.php\/galleri-traffas-och-trivs\/\"><img loading=\"lazy\" decoding=\"async\" width=\"1024\" height=\"925\" data-id=\"455\" src=\"https:\/\/lerumsbk.se\/wp-content\/uploads\/2022\/03\/hage-20210826_181555_resized-1024x925-1.jpg\" alt=\"\" class=\"wp-image-455\" srcset=\"https:\/\/lerumsbk.se\/wp-content\/uploads\/2022\/03\/hage-20210826_181555_resized-1024x925-1.jpg 1024w, https:\/\/lerumsbk.se\/wp-content\/uploads\/2022\/03\/hage-20210826_181555_resized-1024x925-1-350x316.jpg 350w, https:\/\/lerumsbk.se\/wp-content\/uploads\/2022\/03\/hage-20210826_181555_resized-1024x925-1-300x271.jpg 300w, https:\/\/lerumsbk.se\/wp-content\/uploads\/2022\/03\/hage-20210826_181555_resized-1024x925-1-768x694.jpg 768w\" sizes=\"auto, (max-width: 767px) 89vw, (max-width: 1000px) 54vw, (max-width: 1071px) 543px, 580px\" \/><\/a><figcaption class=\"wp-element-caption\">Vi s\u00e4tter upp staket<\/figcaption><\/figure>\n<\/figure>\n\n\n\n<figure class=\"wp-block-gallery has-nested-images columns-default is-cropped wp-block-gallery-4 is-layout-flex wp-block-gallery-is-layout-flex\">\n<figure class=\"wp-block-image size-large\"><img loading=\"lazy\" decoding=\"async\" width=\"2165\" height=\"1580\" data-id=\"54\" src=\"https:\/\/lerumsbk.se\/wp-content\/uploads\/2022\/02\/IMG_4798.jpg\" alt=\"\" class=\"wp-image-54\" srcset=\"https:\/\/lerumsbk.se\/wp-content\/uploads\/2022\/02\/IMG_4798.jpg 2165w, https:\/\/lerumsbk.se\/wp-content\/uploads\/2022\/02\/IMG_4798-350x255.jpg 350w, https:\/\/lerumsbk.se\/wp-content\/uploads\/2022\/02\/IMG_4798-300x219.jpg 300w, https:\/\/lerumsbk.se\/wp-content\/uploads\/2022\/02\/IMG_4798-1024x747.jpg 1024w, https:\/\/lerumsbk.se\/wp-content\/uploads\/2022\/02\/IMG_4798-768x560.jpg 768w, https:\/\/lerumsbk.se\/wp-content\/uploads\/2022\/02\/IMG_4798-1536x1121.jpg 1536w, https:\/\/lerumsbk.se\/wp-content\/uploads\/2022\/02\/IMG_4798-2048x1495.jpg 2048w\" sizes=\"auto, (max-width: 767px) 89vw, (max-width: 1000px) 54vw, (max-width: 1071px) 543px, 580px\" \/><figcaption class=\"wp-element-caption\">Taxen Bosse<\/figcaption><\/figure>\n\n\n\n<figure class=\"wp-block-image size-large\"><a href=\"https:\/\/lerumsbk.se\/index.php\/galleri-igp-skydd\/\"><img loading=\"lazy\" decoding=\"async\" width=\"449\" height=\"389\" data-id=\"480\" src=\"https:\/\/lerumsbk.se\/wp-content\/uploads\/2022\/03\/skyddIMG_9058-1.jpg\" alt=\"\" class=\"wp-image-480\" srcset=\"https:\/\/lerumsbk.se\/wp-content\/uploads\/2022\/03\/skyddIMG_9058-1.jpg 449w, https:\/\/lerumsbk.se\/wp-content\/uploads\/2022\/03\/skyddIMG_9058-1-350x303.jpg 350w, https:\/\/lerumsbk.se\/wp-content\/uploads\/2022\/03\/skyddIMG_9058-1-300x260.jpg 300w\" sizes=\"auto, (max-width: 449px) 100vw, 449px\" \/><\/a><figcaption class=\"wp-element-caption\">Ike i h\u00f6gform<\/figcaption><\/figure>\n\n\n\n<figure class=\"wp-block-image size-large\"><img loading=\"lazy\" decoding=\"async\" width=\"960\" height=\"720\" data-id=\"472\" src=\"https:\/\/lerumsbk.se\/wp-content\/uploads\/2022\/03\/oppen_traning.jpg\" alt=\"\" class=\"wp-image-472\" srcset=\"https:\/\/lerumsbk.se\/wp-content\/uploads\/2022\/03\/oppen_traning.jpg 960w, https:\/\/lerumsbk.se\/wp-content\/uploads\/2022\/03\/oppen_traning-350x263.jpg 350w, https:\/\/lerumsbk.se\/wp-content\/uploads\/2022\/03\/oppen_traning-300x225.jpg 300w, https:\/\/lerumsbk.se\/wp-content\/uploads\/2022\/03\/oppen_traning-768x576.jpg 768w\" sizes=\"auto, (max-width: 767px) 89vw, (max-width: 1000px) 54vw, (max-width: 1071px) 543px, 580px\" \/><figcaption class=\"wp-element-caption\">H\u00e4rliga tr\u00e4ningsf\u00e4lt<\/figcaption><\/figure>\n<\/figure>\n\n\n\n<figure class=\"wp-block-gallery has-nested-images columns-default is-cropped wp-block-gallery-5 is-layout-flex wp-block-gallery-is-layout-flex\">\n<figure class=\"wp-block-image size-large\"><a href=\"https:\/\/lerumsbk.se\/index.php\/galleri-lydnad-rally\/\"><img loading=\"lazy\" decoding=\"async\" width=\"1470\" height=\"1583\" data-id=\"672\" src=\"https:\/\/lerumsbk.se\/wp-content\/uploads\/2022\/03\/20220316_135657_resized_1nn.jpg\" alt=\"\" class=\"wp-image-672\" srcset=\"https:\/\/lerumsbk.se\/wp-content\/uploads\/2022\/03\/20220316_135657_resized_1nn.jpg 1470w, https:\/\/lerumsbk.se\/wp-content\/uploads\/2022\/03\/20220316_135657_resized_1nn-350x377.jpg 350w, https:\/\/lerumsbk.se\/wp-content\/uploads\/2022\/03\/20220316_135657_resized_1nn-279x300.jpg 279w, https:\/\/lerumsbk.se\/wp-content\/uploads\/2022\/03\/20220316_135657_resized_1nn-951x1024.jpg 951w, https:\/\/lerumsbk.se\/wp-content\/uploads\/2022\/03\/20220316_135657_resized_1nn-768x827.jpg 768w, https:\/\/lerumsbk.se\/wp-content\/uploads\/2022\/03\/20220316_135657_resized_1nn-1426x1536.jpg 1426w\" sizes=\"auto, (max-width: 767px) 89vw, (max-width: 1000px) 54vw, (max-width: 1071px) 543px, 580px\" \/><\/a><figcaption class=\"wp-element-caption\">Kontakt<\/figcaption><\/figure>\n\n\n\n<figure class=\"wp-block-image size-large\"><a href=\"https:\/\/lerumsbk.se\/index.php\/galleri-lydnad-rally\/\"><img loading=\"lazy\" decoding=\"async\" width=\"1154\" height=\"1121\" data-id=\"674\" src=\"https:\/\/lerumsbk.se\/wp-content\/uploads\/2022\/03\/20220320_105707_resized-lexi.jpg\" alt=\"\" class=\"wp-image-674\" srcset=\"https:\/\/lerumsbk.se\/wp-content\/uploads\/2022\/03\/20220320_105707_resized-lexi.jpg 1154w, https:\/\/lerumsbk.se\/wp-content\/uploads\/2022\/03\/20220320_105707_resized-lexi-350x340.jpg 350w, https:\/\/lerumsbk.se\/wp-content\/uploads\/2022\/03\/20220320_105707_resized-lexi-300x291.jpg 300w, https:\/\/lerumsbk.se\/wp-content\/uploads\/2022\/03\/20220320_105707_resized-lexi-1024x995.jpg 1024w, https:\/\/lerumsbk.se\/wp-content\/uploads\/2022\/03\/20220320_105707_resized-lexi-768x746.jpg 768w\" sizes=\"auto, (max-width: 767px) 89vw, (max-width: 1000px) 54vw, (max-width: 1071px) 543px, 580px\" \/><\/a><figcaption class=\"wp-element-caption\">Kom igen, husse<\/figcaption><\/figure>\n\n\n\n<figure class=\"wp-block-image size-large\"><img loading=\"lazy\" decoding=\"async\" width=\"1459\" height=\"1488\" data-id=\"673\" src=\"https:\/\/lerumsbk.se\/wp-content\/uploads\/2022\/03\/20220319_115022_resized-besk.jpg\" alt=\"\" class=\"wp-image-673\" srcset=\"https:\/\/lerumsbk.se\/wp-content\/uploads\/2022\/03\/20220319_115022_resized-besk.jpg 1459w, https:\/\/lerumsbk.se\/wp-content\/uploads\/2022\/03\/20220319_115022_resized-besk-350x357.jpg 350w, https:\/\/lerumsbk.se\/wp-content\/uploads\/2022\/03\/20220319_115022_resized-besk-294x300.jpg 294w, https:\/\/lerumsbk.se\/wp-content\/uploads\/2022\/03\/20220319_115022_resized-besk-1004x1024.jpg 1004w, https:\/\/lerumsbk.se\/wp-content\/uploads\/2022\/03\/20220319_115022_resized-besk-768x783.jpg 768w\" sizes=\"auto, (max-width: 767px) 89vw, (max-width: 1000px) 54vw, (max-width: 1071px) 543px, 580px\" \/><figcaption class=\"wp-element-caption\">Efter skottr\u00e4ningen<\/figcaption><\/figure>\n\n\n\n<figure class=\"wp-block-image size-large\"><a href=\"https:\/\/lerumsbk.se\/index.php\/galleri-lydnad-rally\/\"><img loading=\"lazy\" decoding=\"async\" width=\"1024\" height=\"768\" data-id=\"844\" src=\"https:\/\/lerumsbk.se\/wp-content\/uploads\/2022\/04\/Svereceived_1605830076462411-1024x768.jpeg\" alt=\"\" class=\"wp-image-844\" srcset=\"https:\/\/lerumsbk.se\/wp-content\/uploads\/2022\/04\/Svereceived_1605830076462411-1024x768.jpeg 1024w, https:\/\/lerumsbk.se\/wp-content\/uploads\/2022\/04\/Svereceived_1605830076462411-350x263.jpeg 350w, https:\/\/lerumsbk.se\/wp-content\/uploads\/2022\/04\/Svereceived_1605830076462411-300x225.jpeg 300w, https:\/\/lerumsbk.se\/wp-content\/uploads\/2022\/04\/Svereceived_1605830076462411-768x576.jpeg 768w, https:\/\/lerumsbk.se\/wp-content\/uploads\/2022\/04\/Svereceived_1605830076462411-1536x1152.jpeg 1536w, https:\/\/lerumsbk.se\/wp-content\/uploads\/2022\/04\/Svereceived_1605830076462411.jpeg 2048w\" sizes=\"auto, (max-width: 767px) 89vw, (max-width: 1000px) 54vw, (max-width: 1071px) 543px, 580px\" \/><\/a><figcaption class=\"wp-element-caption\">Gruppappell<\/figcaption><\/figure>\n\n\n\n<figure class=\"wp-block-image size-large\"><img loading=\"lazy\" decoding=\"async\" width=\"1916\" height=\"2560\" data-id=\"648\" src=\"https:\/\/lerumsbk.se\/wp-content\/uploads\/2022\/03\/20220319_114629_resized-scaled.jpg\" alt=\"\" class=\"wp-image-648\" srcset=\"https:\/\/lerumsbk.se\/wp-content\/uploads\/2022\/03\/20220319_114629_resized-scaled.jpg 1916w, https:\/\/lerumsbk.se\/wp-content\/uploads\/2022\/03\/20220319_114629_resized-scaled-350x468.jpg 350w, https:\/\/lerumsbk.se\/wp-content\/uploads\/2022\/03\/20220319_114629_resized-225x300.jpg 225w, https:\/\/lerumsbk.se\/wp-content\/uploads\/2022\/03\/20220319_114629_resized-767x1024.jpg 767w, https:\/\/lerumsbk.se\/wp-content\/uploads\/2022\/03\/20220319_114629_resized-768x1026.jpg 768w, https:\/\/lerumsbk.se\/wp-content\/uploads\/2022\/03\/20220319_114629_resized-1150x1536.jpg 1150w, https:\/\/lerumsbk.se\/wp-content\/uploads\/2022\/03\/20220319_114629_resized-1533x2048.jpg 1533w\" sizes=\"auto, (max-width: 767px) 89vw, (max-width: 1000px) 54vw, (max-width: 1071px) 543px, 580px\" \/><figcaption class=\"wp-element-caption\">Vem \u00e4r starkast?<\/figcaption><\/figure>\n\n\n\n<figure class=\"wp-block-image size-large\"><img loading=\"lazy\" decoding=\"async\" width=\"1916\" height=\"2560\" data-id=\"646\" src=\"https:\/\/lerumsbk.se\/wp-content\/uploads\/2022\/03\/20220319_114230_resized-scaled.jpg\" alt=\"\" class=\"wp-image-646\" srcset=\"https:\/\/lerumsbk.se\/wp-content\/uploads\/2022\/03\/20220319_114230_resized-scaled.jpg 1916w, https:\/\/lerumsbk.se\/wp-content\/uploads\/2022\/03\/20220319_114230_resized-scaled-350x468.jpg 350w, https:\/\/lerumsbk.se\/wp-content\/uploads\/2022\/03\/20220319_114230_resized-225x300.jpg 225w, https:\/\/lerumsbk.se\/wp-content\/uploads\/2022\/03\/20220319_114230_resized-767x1024.jpg 767w, https:\/\/lerumsbk.se\/wp-content\/uploads\/2022\/03\/20220319_114230_resized-768x1026.jpg 768w, https:\/\/lerumsbk.se\/wp-content\/uploads\/2022\/03\/20220319_114230_resized-1150x1536.jpg 1150w, https:\/\/lerumsbk.se\/wp-content\/uploads\/2022\/03\/20220319_114230_resized-1533x2048.jpg 1533w\" sizes=\"auto, (max-width: 767px) 89vw, (max-width: 1000px) 54vw, (max-width: 1071px) 543px, 580px\" \/><figcaption class=\"wp-element-caption\">P\u00e5 appellplan<\/figcaption><\/figure>\n<\/figure>\n\n\n\n<figure class=\"wp-block-gallery has-nested-images columns-default is-cropped wp-block-gallery-6 is-layout-flex wp-block-gallery-is-layout-flex\">\n<figure class=\"wp-block-image size-large\"><a href=\"https:\/\/lerumsbk.se\/index.php\/galleri-lydnad-rally\/\"><img loading=\"lazy\" decoding=\"async\" width=\"1024\" height=\"965\" data-id=\"471\" src=\"https:\/\/lerumsbk.se\/wp-content\/uploads\/2022\/03\/Muffin-m-boll-16-1024x965-1.jpg\" alt=\"\" class=\"wp-image-471\" srcset=\"https:\/\/lerumsbk.se\/wp-content\/uploads\/2022\/03\/Muffin-m-boll-16-1024x965-1.jpg 1024w, https:\/\/lerumsbk.se\/wp-content\/uploads\/2022\/03\/Muffin-m-boll-16-1024x965-1-350x330.jpg 350w, https:\/\/lerumsbk.se\/wp-content\/uploads\/2022\/03\/Muffin-m-boll-16-1024x965-1-300x283.jpg 300w, https:\/\/lerumsbk.se\/wp-content\/uploads\/2022\/03\/Muffin-m-boll-16-1024x965-1-768x724.jpg 768w\" sizes=\"auto, (max-width: 767px) 89vw, (max-width: 1000px) 54vw, (max-width: 1071px) 543px, 580px\" \/><\/a><figcaption class=\"wp-element-caption\">Vem tr\u00e4nar vem?<\/figcaption><\/figure>\n\n\n\n<figure class=\"wp-block-image size-large\"><a href=\"https:\/\/lerumsbk.se\/index.php\/galleri-igp-skydd\/\"><img loading=\"lazy\" decoding=\"async\" width=\"500\" height=\"540\" data-id=\"705\" src=\"https:\/\/lerumsbk.se\/wp-content\/uploads\/2022\/03\/ht2.jpg\" alt=\"\" class=\"wp-image-705\" srcset=\"https:\/\/lerumsbk.se\/wp-content\/uploads\/2022\/03\/ht2.jpg 500w, https:\/\/lerumsbk.se\/wp-content\/uploads\/2022\/03\/ht2-350x378.jpg 350w, https:\/\/lerumsbk.se\/wp-content\/uploads\/2022\/03\/ht2-278x300.jpg 278w\" sizes=\"auto, (max-width: 500px) 100vw, 500px\" \/><\/a><figcaption class=\"wp-element-caption\">I arbete<\/figcaption><\/figure>\n\n\n\n<figure class=\"wp-block-image size-large\"><img loading=\"lazy\" decoding=\"async\" width=\"766\" height=\"1024\" data-id=\"489\" src=\"https:\/\/lerumsbk.se\/wp-content\/uploads\/2022\/03\/thumbnail_20220225_142400_resized-766x1024-1.jpg\" alt=\"\" class=\"wp-image-489\" srcset=\"https:\/\/lerumsbk.se\/wp-content\/uploads\/2022\/03\/thumbnail_20220225_142400_resized-766x1024-1.jpg 766w, https:\/\/lerumsbk.se\/wp-content\/uploads\/2022\/03\/thumbnail_20220225_142400_resized-766x1024-1-350x468.jpg 350w, https:\/\/lerumsbk.se\/wp-content\/uploads\/2022\/03\/thumbnail_20220225_142400_resized-766x1024-1-224x300.jpg 224w\" sizes=\"auto, (max-width: 706px) 89vw, (max-width: 767px) 82vw, 740px\" \/><figcaption class=\"wp-element-caption\">L\u00e5na en hundbok ur klubbens bibliotek<\/figcaption><\/figure>\n<\/figure>","protected":false},"excerpt":{"rendered":"<p>Se \u00e4ven \u00f6vriga underrubriker. En del av bilderna \u00e4r klickbara, d\u00e5 kommer du till fler bilder i samma kategori. Obs att bilderna \u00e4r fotografernas privata och f\u00e5r inte kopieras.<\/p>\n","protected":false},"author":3,"featured_media":0,"parent":0,"menu_order":0,"comment_status":"closed","ping_status":"closed","template":"","meta":{"footnotes":"","_wp_rev_ctl_limit":""},"class_list":["post-440","page","type-page","status-publish","hentry"],"_links":{"self":[{"href":"https:\/\/lerumsbk.se\/index.php\/wp-json\/wp\/v2\/pages\/440","targetHints":{"allow":["GET"]}}],"collection":[{"href":"https:\/\/lerumsbk.se\/index.php\/wp-json\/wp\/v2\/pages"}],"about":[{"href":"https:\/\/lerumsbk.se\/index.php\/wp-json\/wp\/v2\/types\/page"}],"author":[{"embeddable":true,"href":"https:\/\/lerumsbk.se\/index.php\/wp-json\/wp\/v2\/users\/3"}],"replies":[{"embeddable":true,"href":"https:\/\/lerumsbk.se\/index.php\/wp-json\/wp\/v2\/comments?post=440"}],"version-history":[{"count":1,"href":"https:\/\/lerumsbk.se\/index.php\/wp-json\/wp\/v2\/pages\/440\/revisions"}],"predecessor-version":[{"id":2414,"href":"https:\/\/lerumsbk.se\/index.php\/wp-json\/wp\/v2\/pages\/440\/revisions\/2414"}],"wp:attachment":[{"href":"https:\/\/lerumsbk.se\/index.php\/wp-json\/wp\/v2\/media?parent=440"}],"curies":[{"name":"wp","href":"https:\/\/api.w.org\/{rel}","templated":true}]}}