{"id":436,"date":"2022-03-05T08:53:30","date_gmt":"2022-03-05T07:53:30","guid":{"rendered":"https:\/\/lerumsbk.se\/?page_id=436"},"modified":"2025-09-12T11:07:59","modified_gmt":"2025-09-12T10:07:59","slug":"kontakt-2","status":"publish","type":"page","link":"https:\/\/lerumsbk.se\/index.php\/kontakt-2\/","title":{"rendered":"Kontakt"},"content":{"rendered":"<p><strong>Styrelsens e-postadress: <a href=\"mailto:&#x73;&#x74;&#x79;&#x72;&#x65;&#x6c;&#x73;&#x65;&#x6e;&#x40;&#x6c;&#x65;&#x72;&#x75;&#x6d;&#x73;&#x62;&#x6b;&#x2e;&#x73;&#x65;\">&#x73;&#x74;&#x79;&#x72;&#x65;&#x6c;&#x73;&#x65;&#x6e;&#x40;<span class=\"oe_displaynone\">null<\/span>&#x6c;&#x65;&#x72;&#x75;&#x6d;&#x73;&#x62;&#x6b;&#x2e;&#x73;&#x65;<\/a><\/strong><br>Om du har en allm\u00e4n fr\u00e5ga anv\u00e4nd g\u00e4rna formul\u00e4ret nedan.<br>Har du specifik fr\u00e5ga inom ett omr\u00e5de, v\u00e4nd  dig till respektive sektor\/kommitt\u00e9.<\/p>\n\n\n\n<p><a href=\"https:\/\/lerumsbk.se\/index.php\/agilitysektorn\/\" data-type=\"page\" data-id=\"2477\">Agilitysektorn<\/a><\/p>\n\n\n\n<p><a href=\"https:\/\/lerumsbk.se\/index.php\/rasutvecklingssektorn-rus\/\" data-type=\"page\" data-id=\"2473\">Rasutvecklingssektorn (RUS)<\/a><\/p>\n\n\n\n<p><a href=\"https:\/\/lerumsbk.se\/index.php\/tavlingssektorn-ts\/\" data-type=\"page\" data-id=\"142\">T\u00e4vlingssektorn (TS)<\/a><\/p>\n\n\n\n<p><a href=\"https:\/\/lerumsbk.se\/index.php\/utbildningssektorn-us\/\" data-type=\"page\" data-id=\"140\">Utbildningssektorn (US)<\/a><\/p>\n\n\n\n<p><a href=\"https:\/\/lerumsbk.se\/index.php\/tjanstehundssektorn-tjh\/\" data-type=\"page\" data-id=\"154\">Tj\u00e4nstehundssektorn (TJH)<\/a><\/p>\n\n\n\n<p><a href=\"https:\/\/lerumsbk.se\/index.php\/anlaggningssektorn\/\" data-type=\"page\" data-id=\"152\">Anl\u00e4ggningskommitt\u00e9n<\/a><\/p>\n\n\n\n<p><a href=\"https:\/\/lerumsbk.se\/index.php\/ungdomssektorn\/\" data-type=\"page\" data-id=\"147\">Ungdomskommitt\u00e9n<\/a><\/p>\n\n\n\n<p><a href=\"https:\/\/lerumsbk.se\/index.php\/trivselsektorn\/\" data-type=\"page\" data-id=\"150\">Trivselkommitt\u00e9n<\/a><\/p>\n\n\n\n<p><a href=\"https:\/\/lerumsbk.se\/index.php\/pr-info\/\" data-type=\"page\" data-id=\"2782\">Kommunikationskommitt\u00e9n<\/a><\/p>\n\n\n\n<p><strong>Ordf\u00f6rande<br>Emelie Hagelin<br><\/strong>E-mail:\u00a0<a href=\"mailto:&#x6f;&#x72;&#x64;&#x66;&#x6f;&#x72;&#x61;&#x6e;&#x64;&#x65;&#x40;&#x6c;&#x65;&#x72;&#x75;&#x6d;&#x73;&#x62;&#x6b;&#x2e;&#x73;&#x65;\">&#x6f;&#x72;&#x64;&#x66;&#x6f;&#x72;&#x61;&#x6e;&#x64;&#x65;&#x40;<span class=\"oe_displaynone\">null<\/span>&#x6c;&#x65;&#x72;&#x75;&#x6d;&#x73;&#x62;&#x6b;&#x2e;&#x73;&#x65;<\/a><br>Tel: 0707-961673 (vid akuta h\u00e4ndelser)<br><br><strong>Kass\u00f6r<\/strong><br><strong>Yvonne Edlund<\/strong><br>E-mail:\u00a0<a href=\"mailto:&#x6b;&#x61;&#x73;&#x73;&#x6f;&#x72;&#x40;&#x6c;&#x65;&#x72;&#x75;&#x6d;&#x73;&#x62;&#x6b;&#x2e;&#x73;&#x65;\">&#x6b;&#x61;&#x73;&#x73;&#x6f;&#x72;&#x40;<span class=\"oe_displaynone\">null<\/span>&#x6c;&#x65;&#x72;&#x75;&#x6d;&#x73;&#x62;&#x6b;&#x2e;&#x73;&#x65;<\/a><br><br>Du kan betala oss p\u00e5:<br>Bankgiro 5224-2583<br>Swish 123 443 7877<br><br><br><\/p>\n\n\n\n<p><\/p>\n\n\n\n<p>Eller anv\u00e4nda  kontaktformul\u00e4ret<\/p>\n\n\n<div class=\"frm_forms  with_frm_style frm_style_formidables-stilmall\" id=\"frm_form_1_container\" >\n<form enctype=\"multipart\/form-data\" method=\"post\" class=\"frm-show-form \" id=\"form_kontaktformular\" >\n<div class=\"frm_form_fields \">\n<fieldset>\n<legend class=\"frm_screen_reader\">Kontakta oss<\/legend>\r\n\r\n<div class=\"frm_fields_container\">\n<input type=\"hidden\" name=\"frm_action\" value=\"create\" \/>\n<input type=\"hidden\" name=\"form_id\" value=\"1\" \/>\n<input type=\"hidden\" name=\"frm_hide_fields_1\" id=\"frm_hide_fields_1\" value=\"\" \/>\n<input type=\"hidden\" name=\"form_key\" value=\"kontaktformular\" \/>\n<input type=\"hidden\" name=\"item_meta[0]\" value=\"\" \/>\n<input type=\"hidden\" id=\"frm_submit_entry_1\" name=\"frm_submit_entry_1\" value=\"d1901601e4\" \/><input type=\"hidden\" name=\"_wp_http_referer\" value=\"\/index.php\/wp-json\/wp\/v2\/pages\/436\" \/><div id=\"frm_field_31_container\" class=\"frm_form_field form-field  frm_required_field frm_top_container\">\r\n    <label for=\"field_zu1vw\" id=\"field_zu1vw_label\" class=\"frm_primary_label\">Namn\r\n        <span class=\"frm_required\" aria-hidden=\"true\">*<\/span>\r\n    <\/label>\r\n    <input type=\"text\" id=\"field_zu1vw\" name=\"item_meta[31]\" value=\"\"  data-reqmsg=\"Detta f\u00e4lt kan inte vara tomt.\" aria-required=\"true\" data-invmsg=\"Text \u00e4r ogiltigt\" aria-invalid=\"false\"  \/>\r\n    \r\n    \r\n<\/div>\n<div id=\"frm_field_3_container\" class=\"frm_form_field form-field  frm_required_field frm_top_container frm_full\">\r\n    <label for=\"field_29yf4d\" id=\"field_29yf4d_label\" class=\"frm_primary_label\">E-post\r\n        <span class=\"frm_required\" aria-hidden=\"true\">*<\/span>\r\n    <\/label>\r\n    <input type=\"email\" id=\"field_29yf4d\" name=\"item_meta[3]\" value=\"\"  data-reqmsg=\"Detta f\u00e4lt kan inte vara tomt.\" aria-required=\"true\" data-invmsg=\"Mata in en giltig e-postadress.\" aria-invalid=\"false\"  \/>\r\n    \r\n    \r\n<\/div>\n<div id=\"frm_field_4_container\" class=\"frm_form_field form-field  frm_required_field frm_top_container frm12 frm_first\">\r\n    <label for=\"field_e6lis6\" id=\"field_e6lis6_label\" class=\"frm_primary_label\">\u00c4rende\r\n        <span class=\"frm_required\" aria-hidden=\"true\">*<\/span>\r\n    <\/label>\r\n    <input type=\"text\" id=\"field_e6lis6\" name=\"item_meta[4]\" value=\"\"  data-reqmsg=\"Detta f\u00e4lt kan inte vara tomt.\" aria-required=\"true\" data-invmsg=\"Subject \u00e4r ogiltigt\" aria-invalid=\"false\"  \/>\r\n    \r\n    \r\n<\/div>\n<div id=\"frm_field_55_container\" class=\"frm_form_field form-field  frm_required_field frm_top_container frm12 frm_first\">\r\n    <label for=\"field_q9iye\" id=\"field_q9iye_label\" class=\"frm_primary_label\">Jag \u00e4r inte en robot &#8211; Vad \u00e4r de tv\u00e5 bokst\u00e4ver som kommer efter andra \u00f6:et i J\u00d6NK\u00d6PING angivet med sm\u00e5 bokst\u00e4ver.\r\n        <span class=\"frm_required\" aria-hidden=\"true\">*<\/span>\r\n    <\/label>\r\n    <input type=\"text\" id=\"field_q9iye\" name=\"item_meta[55]\" value=\"\"  data-reqmsg=\"Detta f\u00e4lt kan inte vara tomt.\" aria-required=\"true\" data-invmsg=\"Text \u00e4r ogiltigt\" aria-invalid=\"false\" pattern=\"pi$\"  \/>\r\n    \r\n    \r\n<\/div>\n<div id=\"frm_field_5_container\" class=\"frm_form_field form-field  frm_required_field frm_top_container frm_full\">\r\n    <label for=\"field_9jv0r1\" id=\"field_9jv0r1_label\" class=\"frm_primary_label\">Meddelande\r\n        <span class=\"frm_required\" aria-hidden=\"true\">*<\/span>\r\n    <\/label>\r\n    <textarea name=\"item_meta[5]\" id=\"field_9jv0r1\" rows=\"5\"  data-reqmsg=\"Detta f\u00e4lt kan inte vara tomt.\" aria-required=\"true\" data-invmsg=\"Meddelande \u00e4r ogiltigt\" aria-invalid=\"false\"  ><\/textarea>\r\n    \r\n    \r\n<\/div>\n<div id=\"frm_field_100_container\" class=\"frm_form_field form-field \">\r\n\t<div class=\"frm_submit\">\r\n\r\n<button class=\"frm_button_submit\" type=\"submit\"  >Skicka<\/button>\r\n\r\n<\/div>\r\n<\/div>\n\t<input type=\"hidden\" name=\"item_key\" value=\"\" \/>\n\t\t\t<div id=\"frm_field_106_container\">\n\t\t\t<label for=\"field_i5j53\" >\n\t\t\t\tOm du \u00e4r m\u00e4nsklig, l\u00e4mna det h\u00e4r f\u00e4ltet tomt.\t\t\t<\/label>\n\t\t\t<input  id=\"field_i5j53\" type=\"text\" class=\"frm_form_field form-field frm_verify\" name=\"item_meta[106]\" value=\"\"  \/>\n\t\t<\/div>\n\t\t<input name=\"frm_state\" type=\"hidden\" value=\"bHxM0DZ5oRQc3mxkI0Hyj2fHJpvVR3vLRgJEuCHdXLc=\" \/><\/div>\n<\/fieldset>\n<\/div>\n\n<\/form>\n<\/div>","protected":false},"excerpt":{"rendered":"<p>Styrelsens e-postadress: &#x73;&#x74;&#x79;&#x72;&#x65;&#x6c;&#x73;&#x65;&#x6e;&#x40;null&#x6c;&#x65;&#x72;&#x75;&#x6d;&#x73;&#x62;&#x6b;&#x2e;&#x73;&#x65;Om du har en allm\u00e4n fr\u00e5ga anv\u00e4nd g\u00e4rna formul\u00e4ret nedan.Har du specifik fr\u00e5ga inom ett omr\u00e5de, v\u00e4nd dig till respektive sektor\/kommitt\u00e9. Agilitysektorn Rasutvecklingssektorn (RUS) T\u00e4vlingssektorn (TS) Utbildningssektorn (US) Tj\u00e4nstehundssektorn (TJH) Anl\u00e4ggningskommitt\u00e9n Ungdomskommitt\u00e9n Trivselkommitt\u00e9n Kommunikationskommitt\u00e9n Ordf\u00f6randeEmelie HagelinE-mail:\u00a0&#x6f;&#x72;&#x64;&#x66;&#x6f;&#x72;&#x61;&#x6e;&#x64;&#x65;&#x40;null&#x6c;&#x65;&#x72;&#x75;&#x6d;&#x73;&#x62;&#x6b;&#x2e;&#x73;&#x65;Tel: 0707-961673 (vid akuta h\u00e4ndelser) Kass\u00f6rYvonne EdlundE-mail:\u00a0&#x6b;&#x61;&#x73;&#x73;&#x6f;&#x72;&#x40;null&#x6c;&#x65;&#x72;&#x75;&#x6d;&#x73;&#x62;&#x6b;&#x2e;&#x73;&#x65; Du kan betala oss p\u00e5:Bankgiro 5224-2583Swish 123 443 7877 Eller anv\u00e4nda &hellip; <\/p>\n<p class=\"link-more\"><a href=\"https:\/\/lerumsbk.se\/index.php\/kontakt-2\/\" class=\"more-link\">Forts\u00e4tt l\u00e4sa<span class=\"screen-reader-text\"> \u201dKontakt\u201d<\/span><\/a><\/p>\n","protected":false},"author":2,"featured_media":0,"parent":0,"menu_order":0,"comment_status":"closed","ping_status":"closed","template":"","meta":{"footnotes":"","_wp_rev_ctl_limit":""},"class_list":["post-436","page","type-page","status-publish","hentry"],"_links":{"self":[{"href":"https:\/\/lerumsbk.se\/index.php\/wp-json\/wp\/v2\/pages\/436","targetHints":{"allow":["GET"]}}],"collection":[{"href":"https:\/\/lerumsbk.se\/index.php\/wp-json\/wp\/v2\/pages"}],"about":[{"href":"https:\/\/lerumsbk.se\/index.php\/wp-json\/wp\/v2\/types\/page"}],"author":[{"embeddable":true,"href":"https:\/\/lerumsbk.se\/index.php\/wp-json\/wp\/v2\/users\/2"}],"replies":[{"embeddable":true,"href":"https:\/\/lerumsbk.se\/index.php\/wp-json\/wp\/v2\/comments?post=436"}],"version-history":[{"count":3,"href":"https:\/\/lerumsbk.se\/index.php\/wp-json\/wp\/v2\/pages\/436\/revisions"}],"predecessor-version":[{"id":5623,"href":"https:\/\/lerumsbk.se\/index.php\/wp-json\/wp\/v2\/pages\/436\/revisions\/5623"}],"wp:attachment":[{"href":"https:\/\/lerumsbk.se\/index.php\/wp-json\/wp\/v2\/media?parent=436"}],"curies":[{"name":"wp","href":"https:\/\/api.w.org\/{rel}","templated":true}]}}