{"id":4087,"date":"2024-06-04T06:12:02","date_gmt":"2024-06-04T05:12:02","guid":{"rendered":"https:\/\/lerumsbk.se\/?page_id=4087"},"modified":"2024-08-23T18:59:25","modified_gmt":"2024-08-23T17:59:25","slug":"vara-planer","status":"publish","type":"page","link":"https:\/\/lerumsbk.se\/index.php\/vara-planer\/","title":{"rendered":"V\u00e5ra planer"},"content":{"rendered":"<p>Alla planer \u00e4r till f\u00f6r alla v\u00e5ra medlemmar.  Det h\u00e4r \u00e4r en schematisk bild \u00f6ver de planer vi har p\u00e5 klubben. Det \u00e4r inga absoluta gr\u00e4nser utan \u00e4r en v\u00e4gledning till var olika aktiviteter kan f\u00f6rl\u00e4ggas, t ex tr\u00e4ningar, t\u00e4vlingar, uthyrning mm.  Vill man vara s\u00e4ker p\u00e5 att kunna anv\u00e4nda sig av en viss plan en viss tid kan man boka den genom bokningsansvarig mot en ers\u00e4ttning.<br><\/p>\n\n\n\n<figure class=\"wp-block-image size-large\"><img loading=\"lazy\" decoding=\"async\" width=\"860\" height=\"1024\" src=\"https:\/\/lerumsbk.se\/wp-content\/uploads\/2024\/06\/planer-860x1024.jpg\" alt=\"\" class=\"wp-image-4089\" srcset=\"https:\/\/lerumsbk.se\/wp-content\/uploads\/2024\/06\/planer-860x1024.jpg 860w, https:\/\/lerumsbk.se\/wp-content\/uploads\/2024\/06\/planer-252x300.jpg 252w, https:\/\/lerumsbk.se\/wp-content\/uploads\/2024\/06\/planer-768x915.jpg 768w, https:\/\/lerumsbk.se\/wp-content\/uploads\/2024\/06\/planer-350x417.jpg 350w, https:\/\/lerumsbk.se\/wp-content\/uploads\/2024\/06\/planer.jpg 1119w\" sizes=\"auto, (max-width: 767px) 89vw, (max-width: 1000px) 54vw, (max-width: 1071px) 543px, 580px\" \/><\/figure>","protected":false},"excerpt":{"rendered":"<p>Alla planer \u00e4r till f\u00f6r alla v\u00e5ra medlemmar. Det h\u00e4r \u00e4r en schematisk bild \u00f6ver de planer vi har p\u00e5 klubben. Det \u00e4r inga absoluta gr\u00e4nser utan \u00e4r en v\u00e4gledning till var olika aktiviteter kan f\u00f6rl\u00e4ggas, t ex tr\u00e4ningar, t\u00e4vlingar, uthyrning mm. Vill man vara s\u00e4ker p\u00e5 att kunna anv\u00e4nda sig av en viss plan &hellip; <\/p>\n<p class=\"link-more\"><a href=\"https:\/\/lerumsbk.se\/index.php\/vara-planer\/\" class=\"more-link\">Forts\u00e4tt l\u00e4sa<span class=\"screen-reader-text\"> \u201dV\u00e5ra planer\u201d<\/span><\/a><\/p>\n","protected":false},"author":2,"featured_media":0,"parent":0,"menu_order":0,"comment_status":"closed","ping_status":"closed","template":"","meta":{"footnotes":"","_wp_rev_ctl_limit":""},"class_list":["post-4087","page","type-page","status-publish","hentry"],"_links":{"self":[{"href":"https:\/\/lerumsbk.se\/index.php\/wp-json\/wp\/v2\/pages\/4087","targetHints":{"allow":["GET"]}}],"collection":[{"href":"https:\/\/lerumsbk.se\/index.php\/wp-json\/wp\/v2\/pages"}],"about":[{"href":"https:\/\/lerumsbk.se\/index.php\/wp-json\/wp\/v2\/types\/page"}],"author":[{"embeddable":true,"href":"https:\/\/lerumsbk.se\/index.php\/wp-json\/wp\/v2\/users\/2"}],"replies":[{"embeddable":true,"href":"https:\/\/lerumsbk.se\/index.php\/wp-json\/wp\/v2\/comments?post=4087"}],"version-history":[{"count":3,"href":"https:\/\/lerumsbk.se\/index.php\/wp-json\/wp\/v2\/pages\/4087\/revisions"}],"predecessor-version":[{"id":4383,"href":"https:\/\/lerumsbk.se\/index.php\/wp-json\/wp\/v2\/pages\/4087\/revisions\/4383"}],"wp:attachment":[{"href":"https:\/\/lerumsbk.se\/index.php\/wp-json\/wp\/v2\/media?parent=4087"}],"curies":[{"name":"wp","href":"https:\/\/api.w.org\/{rel}","templated":true}]}}