{"id":3836,"date":"2024-04-04T06:05:16","date_gmt":"2024-04-04T05:05:16","guid":{"rendered":"https:\/\/lerumsbk.se\/?page_id=3836"},"modified":"2024-09-22T12:15:33","modified_gmt":"2024-09-22T11:15:33","slug":"personlig-tranare","status":"publish","type":"page","link":"https:\/\/lerumsbk.se\/index.php\/personlig-tranare\/","title":{"rendered":"Personlig tr\u00e4nare"},"content":{"rendered":"<div class=\"wp-block-image\">\n<figure class=\"alignleft size-large is-resized\"><img loading=\"lazy\" decoding=\"async\" width=\"1024\" height=\"1024\" src=\"https:\/\/lerumsbk.se\/wp-content\/uploads\/2022\/03\/thumbnail_IMG_20210428_231023_731-1024x1024-1-1024x1024.jpg\" alt=\"\" class=\"wp-image-490\" style=\"width:339px;height:auto\" srcset=\"https:\/\/lerumsbk.se\/wp-content\/uploads\/2022\/03\/thumbnail_IMG_20210428_231023_731-1024x1024-1.jpg 1024w, https:\/\/lerumsbk.se\/wp-content\/uploads\/2022\/03\/thumbnail_IMG_20210428_231023_731-1024x1024-1-250x250.jpg 250w, https:\/\/lerumsbk.se\/wp-content\/uploads\/2022\/03\/thumbnail_IMG_20210428_231023_731-1024x1024-1-100x100.jpg 100w, https:\/\/lerumsbk.se\/wp-content\/uploads\/2022\/03\/thumbnail_IMG_20210428_231023_731-1024x1024-1-350x350.jpg 350w, https:\/\/lerumsbk.se\/wp-content\/uploads\/2022\/03\/thumbnail_IMG_20210428_231023_731-1024x1024-1-300x300.jpg 300w, https:\/\/lerumsbk.se\/wp-content\/uploads\/2022\/03\/thumbnail_IMG_20210428_231023_731-1024x1024-1-150x150.jpg 150w, https:\/\/lerumsbk.se\/wp-content\/uploads\/2022\/03\/thumbnail_IMG_20210428_231023_731-1024x1024-1-768x768.jpg 768w\" sizes=\"auto, (max-width: 767px) 89vw, (max-width: 1000px) 54vw, (max-width: 1071px) 543px, 580px\" \/><\/figure>\n<\/div>\n\n\n<p>Nu erbjuder klubben personliga tr\u00e4nare f\u00f6r individuell hj\u00e4lp. <\/p>\n\n\n\n<p>Vill du ha en personlig tr\u00e4nare som hj\u00e4lper dig och din hund utifr\u00e5n de behov och de f\u00f6ruts\u00e4ttningar som du och din hund har? <\/p>\n\n\n\n<h2 class=\"wp-block-heading\">Det kan handla om: <\/h2>\n\n\n\n<ul class=\"wp-block-list\">\n<li>Av olika sk\u00e4l kanske din hund inte passar att g\u00e5 i en kurs?<\/li>\n\n\n\n<li>Du sj\u00e4lv kanske f\u00f6redrar att f\u00e5 helt individanpassad hj\u00e4lp?<\/li>\n\n\n\n<li>Du kanske vill ha hj\u00e4lp med andra \u00f6vningar \u00e4n de som ing\u00e5r i kurs?<\/li>\n\n\n\n<li>Du kanske inte kan de tider som g\u00e4ller f\u00f6r kurser?<\/li>\n\n\n\n<li>Du kanske \u00e4r t\u00e4vlingsaktiv och vill f\u00e5 coaching i specifika moment?<\/li>\n\n\n\n<li>Din hund kanske har n\u00e5got problembeteende som du beh\u00f6ver utreda och f\u00e5 hj\u00e4lp med <\/li>\n\n\n\n<li>Du kanske har en god v\u00e4n som ocks\u00e5 har hund och ni vill utbilda er samtidigt \u2013 en<\/li>\n\n\n\n<li>kurs f\u00f6r tv\u00e5?<\/li>\n<\/ul>\n\n\n\n<p><strong>Du betalar per timme och kostnaden \u00e4r 600 kr.<\/strong><\/p>\n\n\n\n<h2 class=\"wp-block-heading\"><strong>Klubbens personliga tr\u00e4nare \u00e4r:<\/strong><\/h2>\n\n\n\n<p><strong>Anne-Marie Folkesson<\/strong><\/p>\n\n\n\n<p>Anne-Marie \u00e4r SBK Instrukt\u00f6r, SBK L\u00e4rare, SBK Coach och Samtalscoach Humanova.<br>Anne-Marie har l\u00e5ng erfarenhet inom hund\u00e4garutbildning i Brukshundklubben.<br>Hon har t\u00e4vlat p\u00e5 elitniv\u00e5 med flertal hundar och startat p\u00e5 tv\u00e5 SM i sp\u00e5r.<br>Hon har uppn\u00e5tt championtitlar p\u00e5 flera hundar i bruks (sp\u00e5r), lydnad och rallylydnad.<br>Anne-Marie har arbetat p\u00e5 Svenska Brukshundklubbens centralf\u00f6rbund med administration<br>och utveckling av hund\u00e4garutbildning, instrukt\u00f6rsutbildning och l\u00e4rarutbildning.<br>Hon har samverkat med m\u00e5nga av landets auktoriteter inom hund.<br>Hon har varit medf\u00f6rfattare till boken Allm\u00e4nlydnad tillsammans med Inki Sj\u00f6sten<br><\/p>\n\n\n\n<p><strong>Styrkor:<\/strong><\/p>\n\n\n\n<ul class=\"wp-block-list\">\n<li>Valputbildning<\/li>\n\n\n\n<li>Allm\u00e4nlydnad<\/li>\n\n\n\n<li>Momentinl\u00e4rning bruks och lydnad<\/li>\n\n\n\n<li>Coaching<br><\/li>\n<\/ul>\n\n\n\n<p><strong>Kontakt: &#x69;&#x6e;&#x66;&#x6f;&#x40;<span class=\"oe_displaynone\">null<\/span>&#x61;&#x6d;&#x68;&#x75;&#x6e;&#x64;&#x2e;&#x73;&#x65; 070-629 15 90<\/strong><\/p>\n\n\n\n<p><\/p>","protected":false},"excerpt":{"rendered":"<p>Nu erbjuder klubben personliga tr\u00e4nare f\u00f6r individuell hj\u00e4lp. Vill du ha en personlig tr\u00e4nare som hj\u00e4lper dig och din hund utifr\u00e5n de behov och de f\u00f6ruts\u00e4ttningar som du och din hund har? Det kan handla om: Du betalar per timme och kostnaden \u00e4r 600 kr. Klubbens personliga tr\u00e4nare \u00e4r: Anne-Marie Folkesson Anne-Marie \u00e4r SBK Instrukt\u00f6r, &hellip; <\/p>\n<p class=\"link-more\"><a href=\"https:\/\/lerumsbk.se\/index.php\/personlig-tranare\/\" class=\"more-link\">Forts\u00e4tt l\u00e4sa<span class=\"screen-reader-text\"> \u201dPersonlig tr\u00e4nare\u201d<\/span><\/a><\/p>\n","protected":false},"author":9,"featured_media":0,"parent":0,"menu_order":0,"comment_status":"closed","ping_status":"closed","template":"","meta":{"footnotes":"","_wp_rev_ctl_limit":""},"class_list":["post-3836","page","type-page","status-publish","hentry"],"_links":{"self":[{"href":"https:\/\/lerumsbk.se\/index.php\/wp-json\/wp\/v2\/pages\/3836","targetHints":{"allow":["GET"]}}],"collection":[{"href":"https:\/\/lerumsbk.se\/index.php\/wp-json\/wp\/v2\/pages"}],"about":[{"href":"https:\/\/lerumsbk.se\/index.php\/wp-json\/wp\/v2\/types\/page"}],"author":[{"embeddable":true,"href":"https:\/\/lerumsbk.se\/index.php\/wp-json\/wp\/v2\/users\/9"}],"replies":[{"embeddable":true,"href":"https:\/\/lerumsbk.se\/index.php\/wp-json\/wp\/v2\/comments?post=3836"}],"version-history":[{"count":3,"href":"https:\/\/lerumsbk.se\/index.php\/wp-json\/wp\/v2\/pages\/3836\/revisions"}],"predecessor-version":[{"id":4454,"href":"https:\/\/lerumsbk.se\/index.php\/wp-json\/wp\/v2\/pages\/3836\/revisions\/4454"}],"wp:attachment":[{"href":"https:\/\/lerumsbk.se\/index.php\/wp-json\/wp\/v2\/media?parent=3836"}],"curies":[{"name":"wp","href":"https:\/\/api.w.org\/{rel}","templated":true}]}}