{"id":306,"date":"2022-02-21T16:10:06","date_gmt":"2022-02-21T15:10:06","guid":{"rendered":"https:\/\/lerumsbk.se\/?page_id=306"},"modified":"2022-08-30T14:50:34","modified_gmt":"2022-08-30T13:50:34","slug":"rallylydnad-fortsattning","status":"publish","type":"page","link":"https:\/\/lerumsbk.se\/index.php\/rallylydnad-fortsattning\/","title":{"rendered":"Rallylydnad &#8211; Forts\u00e4ttning"},"content":{"rendered":"<figure class=\"wp-block-image size-full is-resized\"><img loading=\"lazy\" decoding=\"async\" src=\"https:\/\/lerumsbk.se\/wp-content\/uploads\/2022\/02\/bild-1.png\" alt=\"\" class=\"wp-image-307\" width=\"200\" height=\"180\" srcset=\"https:\/\/lerumsbk.se\/wp-content\/uploads\/2022\/02\/bild-1.png 717w, https:\/\/lerumsbk.se\/wp-content\/uploads\/2022\/02\/bild-1-350x316.png 350w, https:\/\/lerumsbk.se\/wp-content\/uploads\/2022\/02\/bild-1-300x271.png 300w\" sizes=\"auto, (max-width: 200px) 100vw, 200px\" \/><\/figure>\n\n\n\n<p>V\u00e5rens kursomg\u00e5ng \u00e4r avslutad &#8211; ingen ny kurs planerad f\u00f6r n\u00e4rvarande.<\/p>\n\n\n\n<p>Det h\u00e4r \u00e4r en kurs f\u00f6r dig som \u00e4r intresserad av rallylydnad. Kursen \u00e4r inriktad p\u00e5 forts\u00e4ttningsklass och du f\u00e5r l\u00e4ra dig vilka regler som g\u00e4ller vid t\u00e4vling och de olika momenten som ing\u00e5r f\u00f6r att du ska ha en bra grund till att b\u00f6rja t\u00e4vla i rallylydnad. Vi tr\u00e4nar hunden i f\u00f6ljsamhet och kontakt och g\u00e5r igenom samtliga skyltar\/moment som ing\u00e5r i forts\u00e4ttningsklass.<\/p>\n\n\n\n<p><strong>M\u00e5l med kursen: <\/strong>Kursdeltagarna ska ha tillr\u00e4ckligt med kunskaper f\u00f6r fortsatt tr\u00e4ning av momenten p\u00e5 egen hand samt ha kunskap f\u00f6r att kunna t\u00e4vla i rallylydnadens nyb\u00f6rjar och forts\u00e4ttningsklass.<\/p>\n\n\n\n<p>Hunden ska vara minst 9 m\u00e5nader.<\/p>\n\n\n\n<p><strong>F\u00f6rkunskaper: <\/strong>F\u00f6raren ska k\u00e4nna till nyb\u00f6rjarskyltarna och hunden ska kunna vara l\u00f6s i grupp.<\/p>\n\n\n\n<p><\/p>","protected":false},"excerpt":{"rendered":"<p>V\u00e5rens kursomg\u00e5ng \u00e4r avslutad &#8211; ingen ny kurs planerad f\u00f6r n\u00e4rvarande. Det h\u00e4r \u00e4r en kurs f\u00f6r dig som \u00e4r intresserad av rallylydnad. Kursen \u00e4r inriktad p\u00e5 forts\u00e4ttningsklass och du f\u00e5r l\u00e4ra dig vilka regler som g\u00e4ller vid t\u00e4vling och de olika momenten som ing\u00e5r f\u00f6r att du ska ha en bra grund till att &hellip; <\/p>\n<p class=\"link-more\"><a href=\"https:\/\/lerumsbk.se\/index.php\/rallylydnad-fortsattning\/\" class=\"more-link\">Forts\u00e4tt l\u00e4sa<span class=\"screen-reader-text\"> \u201dRallylydnad &#8211; Forts\u00e4ttning\u201d<\/span><\/a><\/p>\n","protected":false},"author":2,"featured_media":0,"parent":0,"menu_order":0,"comment_status":"closed","ping_status":"closed","template":"","meta":{"footnotes":"","_wp_rev_ctl_limit":""},"class_list":["post-306","page","type-page","status-publish","hentry"],"_links":{"self":[{"href":"https:\/\/lerumsbk.se\/index.php\/wp-json\/wp\/v2\/pages\/306","targetHints":{"allow":["GET"]}}],"collection":[{"href":"https:\/\/lerumsbk.se\/index.php\/wp-json\/wp\/v2\/pages"}],"about":[{"href":"https:\/\/lerumsbk.se\/index.php\/wp-json\/wp\/v2\/types\/page"}],"author":[{"embeddable":true,"href":"https:\/\/lerumsbk.se\/index.php\/wp-json\/wp\/v2\/users\/2"}],"replies":[{"embeddable":true,"href":"https:\/\/lerumsbk.se\/index.php\/wp-json\/wp\/v2\/comments?post=306"}],"version-history":[{"count":2,"href":"https:\/\/lerumsbk.se\/index.php\/wp-json\/wp\/v2\/pages\/306\/revisions"}],"predecessor-version":[{"id":1628,"href":"https:\/\/lerumsbk.se\/index.php\/wp-json\/wp\/v2\/pages\/306\/revisions\/1628"}],"wp:attachment":[{"href":"https:\/\/lerumsbk.se\/index.php\/wp-json\/wp\/v2\/media?parent=306"}],"curies":[{"name":"wp","href":"https:\/\/api.w.org\/{rel}","templated":true}]}}