{"id":301,"date":"2022-02-21T16:06:15","date_gmt":"2022-02-21T15:06:15","guid":{"rendered":"https:\/\/lerumsbk.se\/?page_id=301"},"modified":"2023-05-17T12:25:13","modified_gmt":"2023-05-17T11:25:13","slug":"rallylydnad-nyborjare","status":"publish","type":"page","link":"https:\/\/lerumsbk.se\/index.php\/rallylydnad-nyborjare\/","title":{"rendered":"Rallylydnad steg 1"},"content":{"rendered":"<p><mark style=\"background-color:rgba(0, 0, 0, 0)\" class=\"has-inline-color has-vivid-red-color\"><strong>Kursen \u00e4r fulltecknad .<\/strong><\/mark><\/p>\n\n\n\n<figure class=\"wp-block-image size-full is-resized\"><img loading=\"lazy\" decoding=\"async\" src=\"https:\/\/lerumsbk.se\/wp-content\/uploads\/2022\/02\/bild.png\" alt=\"\" class=\"wp-image-303\" width=\"285\" height=\"156\" srcset=\"https:\/\/lerumsbk.se\/wp-content\/uploads\/2022\/02\/bild.png 903w, https:\/\/lerumsbk.se\/wp-content\/uploads\/2022\/02\/bild-350x192.png 350w, https:\/\/lerumsbk.se\/wp-content\/uploads\/2022\/02\/bild-300x164.png 300w, https:\/\/lerumsbk.se\/wp-content\/uploads\/2022\/02\/bild-768x421.png 768w\" sizes=\"auto, (max-width: 285px) 100vw, 285px\" \/><\/figure>\n\n\n\n<p>Det h\u00e4r \u00e4r en kurs f\u00f6r dig som \u00e4r intresserad av rallylydnad. <br>Kursen \u00e4r inriktad p\u00e5 nyb\u00f6rjarklass och du f\u00e5r l\u00e4ra dig vilka regler som g\u00e4ller vid t\u00e4vling och de olika momenten som ing\u00e5r f\u00f6r att du ska ha en bra grund till att klara nyb\u00f6rjarklass. Vi tr\u00e4nar hunden i f\u00f6ljsamhet och kontakt och g\u00e5r igenom skyltar\/moment som ing\u00e5r i nyb\u00f6rjarklass.<br><br>M\u00e5l med kursen: Kursdeltagarna ska ha tillr\u00e4ckligt med kunskaper f\u00f6r fortsatt tr\u00e4ning av momenten p\u00e5 egen hand samt kunskap f\u00f6r att kunna t\u00e4vla i nyb\u00f6rjarklass.<br><br>Hunden b\u00f6r vara minst 7 m\u00e5nader.<br><br>F\u00f6rkunskap: Valpkurs \/ Allm\u00e4nlydnadskurs eller motsvarande.<br>Det inneb\u00e4r att du och din hund har grundf\u00e4rdigheter, (sitt, ligg, f\u00f6ljsamhet i koppel) och har god kontakt. Du ska kunna arbeta med din hund kring andra hundar.<\/p>\n\n\n\n<p>Datum: Start Tisdag 14\/3 \u2013 2023, d\u00e4refter&nbsp; 21\/3, 28\/3 samt 4\/4, 11\/4 och 18\/4.&nbsp;<\/p>\n\n\n\n<p>Tid: 18,00-19,30<\/p>\n\n\n\n<p>Pris: 6 tillf\u00e4llen. Kursavgift 1 500:- samt medlemskap i Lerums Brukshundklubb.&nbsp; <\/p>\n\n\n\n<p>Instrukt\u00f6rer: Katrin Karnblad och Yvonne Edlund<\/p>\n\n\n\n<p>Till anm\u00e4lan -><\/p>","protected":false},"excerpt":{"rendered":"<p>Kursen \u00e4r fulltecknad . Det h\u00e4r \u00e4r en kurs f\u00f6r dig som \u00e4r intresserad av rallylydnad. Kursen \u00e4r inriktad p\u00e5 nyb\u00f6rjarklass och du f\u00e5r l\u00e4ra dig vilka regler som g\u00e4ller vid t\u00e4vling och de olika momenten som ing\u00e5r f\u00f6r att du ska ha en bra grund till att klara nyb\u00f6rjarklass. Vi tr\u00e4nar hunden i f\u00f6ljsamhet &hellip; <\/p>\n<p class=\"link-more\"><a href=\"https:\/\/lerumsbk.se\/index.php\/rallylydnad-nyborjare\/\" class=\"more-link\">Forts\u00e4tt l\u00e4sa<span class=\"screen-reader-text\"> \u201dRallylydnad steg 1\u201d<\/span><\/a><\/p>\n","protected":false},"author":2,"featured_media":0,"parent":0,"menu_order":0,"comment_status":"closed","ping_status":"closed","template":"","meta":{"footnotes":"","_wp_rev_ctl_limit":""},"class_list":["post-301","page","type-page","status-publish","hentry"],"_links":{"self":[{"href":"https:\/\/lerumsbk.se\/index.php\/wp-json\/wp\/v2\/pages\/301","targetHints":{"allow":["GET"]}}],"collection":[{"href":"https:\/\/lerumsbk.se\/index.php\/wp-json\/wp\/v2\/pages"}],"about":[{"href":"https:\/\/lerumsbk.se\/index.php\/wp-json\/wp\/v2\/types\/page"}],"author":[{"embeddable":true,"href":"https:\/\/lerumsbk.se\/index.php\/wp-json\/wp\/v2\/users\/2"}],"replies":[{"embeddable":true,"href":"https:\/\/lerumsbk.se\/index.php\/wp-json\/wp\/v2\/comments?post=301"}],"version-history":[{"count":3,"href":"https:\/\/lerumsbk.se\/index.php\/wp-json\/wp\/v2\/pages\/301\/revisions"}],"predecessor-version":[{"id":2553,"href":"https:\/\/lerumsbk.se\/index.php\/wp-json\/wp\/v2\/pages\/301\/revisions\/2553"}],"wp:attachment":[{"href":"https:\/\/lerumsbk.se\/index.php\/wp-json\/wp\/v2\/media?parent=301"}],"curies":[{"name":"wp","href":"https:\/\/api.w.org\/{rel}","templated":true}]}}