{"id":2782,"date":"2023-07-07T12:19:00","date_gmt":"2023-07-07T11:19:00","guid":{"rendered":"https:\/\/lerumsbk.se\/?page_id=2782"},"modified":"2025-11-27T14:33:56","modified_gmt":"2025-11-27T13:33:56","slug":"pr-info","status":"publish","type":"page","link":"https:\/\/lerumsbk.se\/index.php\/pr-info\/","title":{"rendered":"Kommunikationskommitt\u00e9n"},"content":{"rendered":"<p>Ansvarig, Anita Skoglund \/ Olle Bergstr\u00f6m<\/p>\n\n\n\n<p>Anita Skoglund e-mail:  <a href=\"mailto:&#x61;&#x6e;&#x69;&#x74;&#x61;&#x2e;&#x6d;&#x2e;&#x73;&#x6b;&#x6f;&#x67;&#x6c;&#x75;&#x6e;&#x64;&#x40;&#x6f;&#x75;&#x74;&#x6c;&#x6f;&#x6f;&#x6b;&#x2e;&#x63;&#x6f;&#x6d;\">&#x61;&#x6e;&#x69;&#x74;&#x61;&#x2e;&#x6d;&#x2e;&#x73;&#x6b;&#x6f;&#x67;&#x6c;&#x75;&#x6e;&#x64;&#x40;<span class=\"oe_displaynone\">null<\/span>&#x6f;&#x75;&#x74;&#x6c;&#x6f;&#x6f;&#x6b;&#x2e;&#x63;&#x6f;&#x6d;<\/a><\/p>\n\n\n\n<p>Teknik och utformning hemsida Olle Bergstr\u00f6m e-mail: <a href=\"mailto:&#x6f;&#x6c;&#x6c;&#x65;&#x40;&#x68;&#x75;&#x6e;&#x64;&#x2e;&#x6e;&#x65;&#x74;\" target=\"_blank\" rel=\"noreferrer noopener\">&#x6f;&#x6c;&#x6c;&#x65;&#x40;<span class=\"oe_displaynone\">null<\/span>&#x68;&#x75;&#x6e;&#x64;&#x2e;&#x6e;&#x65;&#x74;<\/a><\/p>\n\n\n\n<p>Sponsoransvarig Jenny Eriksson e-mail: <a href=\"mailto:&#x53;&#x70;&#x6f;&#x6e;&#x73;&#x6f;&#x72;&#x61;&#x6e;&#x73;&#x76;&#x61;&#x72;&#x69;&#x67;&#x40;&#x6c;&#x65;&#x72;&#x75;&#x6d;&#x73;&#x62;&#x6b;&#x2e;&#x73;&#x65;\" target=\"_blank\" rel=\"noreferrer noopener\">&#x73;&#x70;&#x6f;&#x6e;&#x73;&#x6f;&#x72;&#x61;&#x6e;&#x73;&#x76;&#x61;&#x72;&#x69;&#x67;&#x40;<span class=\"oe_displaynone\">null<\/span>&#x6c;&#x65;&#x72;&#x75;&#x6d;&#x73;&#x62;&#x6b;&#x2e;&#x73;&#x65;<\/a><\/p>\n\n\n\n<p>Tag kontakt med sponsoransvarig om du vill sponsra eller har f\u00f6rslag p\u00e5 ny sponsor. Alla medlemmars anstr\u00e4ngningar att knyta kontakter tas tacksamt emot.<\/p>\n\n\n\n<hr class=\"wp-block-separator has-alpha-channel-opacity is-style-wide\"\/>\n\n\n\n<p><br><\/p>","protected":false},"excerpt":{"rendered":"<p>Ansvarig, Anita Skoglund \/ Olle Bergstr\u00f6m Anita Skoglund e-mail: &#x61;&#x6e;&#x69;&#x74;&#x61;&#x2e;&#x6d;&#x2e;&#x73;&#x6b;&#x6f;&#x67;&#x6c;&#x75;&#x6e;&#x64;&#x40;null&#x6f;&#x75;&#x74;&#x6c;&#x6f;&#x6f;&#x6b;&#x2e;&#x63;&#x6f;&#x6d; Teknik och utformning hemsida Olle Bergstr\u00f6m e-mail: &#x6f;&#x6c;&#x6c;&#x65;&#x40;null&#x68;&#x75;&#x6e;&#x64;&#x2e;&#x6e;&#x65;&#x74; Sponsoransvarig Jenny Eriksson e-mail: &#x73;&#x70;&#x6f;&#x6e;&#x73;&#x6f;&#x72;&#x61;&#x6e;&#x73;&#x76;&#x61;&#x72;&#x69;&#x67;&#x40;null&#x6c;&#x65;&#x72;&#x75;&#x6d;&#x73;&#x62;&#x6b;&#x2e;&#x73;&#x65; Tag kontakt med sponsoransvarig om du vill sponsra eller har f\u00f6rslag p\u00e5 ny sponsor. Alla medlemmars anstr\u00e4ngningar att knyta kontakter tas tacksamt emot.<\/p>\n","protected":false},"author":2,"featured_media":0,"parent":0,"menu_order":0,"comment_status":"closed","ping_status":"closed","template":"","meta":{"footnotes":"","_wp_rev_ctl_limit":""},"class_list":["post-2782","page","type-page","status-publish","hentry"],"_links":{"self":[{"href":"https:\/\/lerumsbk.se\/index.php\/wp-json\/wp\/v2\/pages\/2782","targetHints":{"allow":["GET"]}}],"collection":[{"href":"https:\/\/lerumsbk.se\/index.php\/wp-json\/wp\/v2\/pages"}],"about":[{"href":"https:\/\/lerumsbk.se\/index.php\/wp-json\/wp\/v2\/types\/page"}],"author":[{"embeddable":true,"href":"https:\/\/lerumsbk.se\/index.php\/wp-json\/wp\/v2\/users\/2"}],"replies":[{"embeddable":true,"href":"https:\/\/lerumsbk.se\/index.php\/wp-json\/wp\/v2\/comments?post=2782"}],"version-history":[{"count":3,"href":"https:\/\/lerumsbk.se\/index.php\/wp-json\/wp\/v2\/pages\/2782\/revisions"}],"predecessor-version":[{"id":5759,"href":"https:\/\/lerumsbk.se\/index.php\/wp-json\/wp\/v2\/pages\/2782\/revisions\/5759"}],"wp:attachment":[{"href":"https:\/\/lerumsbk.se\/index.php\/wp-json\/wp\/v2\/media?parent=2782"}],"curies":[{"name":"wp","href":"https:\/\/api.w.org\/{rel}","templated":true}]}}