{"id":2781,"date":"2023-07-07T12:30:52","date_gmt":"2023-07-07T11:30:52","guid":{"rendered":"https:\/\/lerumsbk.se\/?page_id=2781"},"modified":"2023-07-07T12:39:29","modified_gmt":"2023-07-07T11:39:29","slug":"onska-kurs","status":"publish","type":"page","link":"https:\/\/lerumsbk.se\/index.php\/onska-kurs\/","title":{"rendered":"\u00d6nska kurs!!"},"content":{"rendered":"<figure class=\"wp-block-image size-full\"><img loading=\"lazy\" decoding=\"async\" width=\"951\" height=\"348\" src=\"https:\/\/lerumsbk.se\/wp-content\/uploads\/2023\/07\/2023-07-07_13-26-52-1.jpg\" alt=\"\" class=\"wp-image-2786\" srcset=\"https:\/\/lerumsbk.se\/wp-content\/uploads\/2023\/07\/2023-07-07_13-26-52-1.jpg 951w, https:\/\/lerumsbk.se\/wp-content\/uploads\/2023\/07\/2023-07-07_13-26-52-1-300x110.jpg 300w, https:\/\/lerumsbk.se\/wp-content\/uploads\/2023\/07\/2023-07-07_13-26-52-1-768x281.jpg 768w, https:\/\/lerumsbk.se\/wp-content\/uploads\/2023\/07\/2023-07-07_13-26-52-1-350x128.jpg 350w\" sizes=\"auto, (max-width: 767px) 89vw, (max-width: 1000px) 54vw, (max-width: 1071px) 543px, 580px\" \/><\/figure>\n\n\n\n<p>Vi vill hela tiden bli b\u00e4ttre och undrar vad ni medlemmar vill g\u00e5 f\u00f6r kurser. <\/p>\n\n\n\n<p>V\u00e4nligen fyll i denna unders\u00f6kning: <a href=\"https:\/\/forms.gle\/Cex8twsSW8F4V511A\" data-type=\"URL\" data-id=\"https:\/\/forms.gle\/Cex8twsSW8F4V511A\">L\u00e4nk<\/a><\/p>\n\n\n\n<p>Vi kan s\u00e5klart inte lova att vi kan fylla allas \u00f6nskem\u00e5l men lovar att g\u00f6ra s\u00e5 gott vi kan.<\/p>\n\n\n\n<p>MVH Malin och Annika \/utbildningsektorn<\/p>","protected":false},"excerpt":{"rendered":"<p>Vi vill hela tiden bli b\u00e4ttre och undrar vad ni medlemmar vill g\u00e5 f\u00f6r kurser. V\u00e4nligen fyll i denna unders\u00f6kning: L\u00e4nk Vi kan s\u00e5klart inte lova att vi kan fylla allas \u00f6nskem\u00e5l men lovar att g\u00f6ra s\u00e5 gott vi kan. MVH Malin och Annika \/utbildningsektorn<\/p>\n","protected":false},"author":6,"featured_media":0,"parent":0,"menu_order":0,"comment_status":"closed","ping_status":"closed","template":"","meta":{"footnotes":"","_wp_rev_ctl_limit":""},"class_list":["post-2781","page","type-page","status-publish","hentry"],"_links":{"self":[{"href":"https:\/\/lerumsbk.se\/index.php\/wp-json\/wp\/v2\/pages\/2781","targetHints":{"allow":["GET"]}}],"collection":[{"href":"https:\/\/lerumsbk.se\/index.php\/wp-json\/wp\/v2\/pages"}],"about":[{"href":"https:\/\/lerumsbk.se\/index.php\/wp-json\/wp\/v2\/types\/page"}],"author":[{"embeddable":true,"href":"https:\/\/lerumsbk.se\/index.php\/wp-json\/wp\/v2\/users\/6"}],"replies":[{"embeddable":true,"href":"https:\/\/lerumsbk.se\/index.php\/wp-json\/wp\/v2\/comments?post=2781"}],"version-history":[{"count":1,"href":"https:\/\/lerumsbk.se\/index.php\/wp-json\/wp\/v2\/pages\/2781\/revisions"}],"predecessor-version":[{"id":2787,"href":"https:\/\/lerumsbk.se\/index.php\/wp-json\/wp\/v2\/pages\/2781\/revisions\/2787"}],"wp:attachment":[{"href":"https:\/\/lerumsbk.se\/index.php\/wp-json\/wp\/v2\/media?parent=2781"}],"curies":[{"name":"wp","href":"https:\/\/api.w.org\/{rel}","templated":true}]}}