{"id":2531,"date":"2023-05-17T05:49:38","date_gmt":"2023-05-17T04:49:38","guid":{"rendered":"https:\/\/lerumsbk.se\/?page_id=2531"},"modified":"2023-05-17T05:49:40","modified_gmt":"2023-05-17T04:49:40","slug":"nytt-system-for-kursanmalan-och-betalning","status":"publish","type":"page","link":"https:\/\/lerumsbk.se\/index.php\/nytt-system-for-kursanmalan-och-betalning\/","title":{"rendered":"Nytt system f\u00f6r kursanm\u00e4lan och betalning"},"content":{"rendered":"<p>Vi inf\u00f6r ett nytt system f\u00f6r kursanm\u00e4lan och betalning successivt under sommar\/h\u00f6st.<\/p>\n\n\n\n<p>Systemet. som \u00e4r integrerat i hemsidan,  ger klubben b\u00e4ttre m\u00f6jligheter att h\u00e5lla reda p\u00e5 anm\u00e4lningar och att s\u00e4kerst\u00e4lla att kurser inte blir \u00f6verbokade,<br>Samtidigt vet den som anm\u00e4ler sig att man s\u00e4kert har en plats i den kurs man anm\u00e4lt sig till och betalat.<br>Betalningen fungerar som i en vanlig webshop, dvs man betalar i samband med anm\u00e4lan och att man checkar ut. Nu i f\u00f6rsta skedet fungerar endast kortbetalning men vi unders\u00f6ker m\u00f6jligheten att anv\u00e4nda Swish ocks\u00e5. Det \u00e4r en fr\u00e5ga om kostnader i f\u00f6rsta hand.<\/p>","protected":false},"excerpt":{"rendered":"<p>Vi inf\u00f6r ett nytt system f\u00f6r kursanm\u00e4lan och betalning successivt under sommar\/h\u00f6st. Systemet. som \u00e4r integrerat i hemsidan, ger klubben b\u00e4ttre m\u00f6jligheter att h\u00e5lla reda p\u00e5 anm\u00e4lningar och att s\u00e4kerst\u00e4lla att kurser inte blir \u00f6verbokade,Samtidigt vet den som anm\u00e4ler sig att man s\u00e4kert har en plats i den kurs man anm\u00e4lt sig till och betalat.Betalningen &hellip; <\/p>\n<p class=\"link-more\"><a href=\"https:\/\/lerumsbk.se\/index.php\/nytt-system-for-kursanmalan-och-betalning\/\" class=\"more-link\">Forts\u00e4tt l\u00e4sa<span class=\"screen-reader-text\"> \u201dNytt system f\u00f6r kursanm\u00e4lan och betalning\u201d<\/span><\/a><\/p>\n","protected":false},"author":2,"featured_media":0,"parent":0,"menu_order":0,"comment_status":"closed","ping_status":"closed","template":"","meta":{"footnotes":"","_wp_rev_ctl_limit":""},"class_list":["post-2531","page","type-page","status-publish","hentry"],"_links":{"self":[{"href":"https:\/\/lerumsbk.se\/index.php\/wp-json\/wp\/v2\/pages\/2531","targetHints":{"allow":["GET"]}}],"collection":[{"href":"https:\/\/lerumsbk.se\/index.php\/wp-json\/wp\/v2\/pages"}],"about":[{"href":"https:\/\/lerumsbk.se\/index.php\/wp-json\/wp\/v2\/types\/page"}],"author":[{"embeddable":true,"href":"https:\/\/lerumsbk.se\/index.php\/wp-json\/wp\/v2\/users\/2"}],"replies":[{"embeddable":true,"href":"https:\/\/lerumsbk.se\/index.php\/wp-json\/wp\/v2\/comments?post=2531"}],"version-history":[{"count":1,"href":"https:\/\/lerumsbk.se\/index.php\/wp-json\/wp\/v2\/pages\/2531\/revisions"}],"predecessor-version":[{"id":2532,"href":"https:\/\/lerumsbk.se\/index.php\/wp-json\/wp\/v2\/pages\/2531\/revisions\/2532"}],"wp:attachment":[{"href":"https:\/\/lerumsbk.se\/index.php\/wp-json\/wp\/v2\/media?parent=2531"}],"curies":[{"name":"wp","href":"https:\/\/api.w.org\/{rel}","templated":true}]}}