{"id":2477,"date":"2023-05-11T12:34:05","date_gmt":"2023-05-11T11:34:05","guid":{"rendered":"https:\/\/lerumsbk.se\/?page_id=2477"},"modified":"2025-08-27T16:39:37","modified_gmt":"2025-08-27T15:39:37","slug":"agilitysektorn","status":"publish","type":"page","link":"https:\/\/lerumsbk.se\/index.php\/agilitysektorn\/","title":{"rendered":"Agility"},"content":{"rendered":"<blockquote class=\"wp-block-quote is-layout-flow wp-block-quote-is-layout-flow\">\n<p>I den popul\u00e4ra och fartfyllda hundsporten agility ska hund och f\u00f6rare klara en hinderbana p\u00e5 tid. F\u00f6r att lyckas kr\u00e4vs, f\u00f6rutom en hel del tr\u00e4ning, ett lyh\u00f6rt samarbete och stort samspel mellan hunden och f\u00f6raren.<\/p>\n<\/blockquote>\n\n\n\n<p>Sporten \u00e4r organiserad i en egen klubb underst\u00e4lld Svenska Kennelklubben, du kan l\u00e4sa mer p\u00e5 <a href=\"http:\/\/agilityklubben.se\/om-klubben\/\" target=\"_blank\" rel=\"noreferrer noopener\">http:\/\/agilityklubben.se<\/a><br>Brukshundklubben har r\u00e4tt att arrangera utbildningar och t\u00e4vlingar enligt Agilityklubbens regelverk.<\/p>\n\n\n\n<p><strong>S\u00e4ker Agility<\/strong><\/p>\n\n\n\n<p>Agility \u00e4r fantastiskt kul och det kan g\u00e5 undan i sv\u00e4ngarna &#8211; men det \u00e4r ocks\u00e5 en ganska riskfylld sport f\u00f6r hunden, och tyv\u00e4rr ganska vanligt med skador. Av den anledningen \u00e4r det viktigt att ha ett bra s\u00e4kerhetst\u00e4nk och kunskap vad g\u00e4ller hinder, fart, sn\u00e4va sv\u00e4ngar etc. T\u00e4nk ocks\u00e5 p\u00e5 att kan det vara halt efter t ex regn, b\u00e5de f\u00f6r dig och hunden. Det \u00e4r ditt ansvar som hund\u00e4gare\/f\u00f6rare att din hund \u00e4r s\u00e4ker n\u00e4r du tr\u00e4nar agility! F\u00f6lj s\u00e4kerhetsf\u00f6reskrifterna som st\u00e5r utskrivna p\u00e5 v\u00e5ra kontaktf\u00e4ltshinder f\u00f6r att minska risker f\u00f6r skador hos din hund.<br><br><strong>\u00d6ppen tr\u00e4ning<\/strong><\/p>\n\n\n\n<p>Fr\u00e5n v\u00e5ren 2025 kommer vi att testa \u00f6ppen tr\u00e4ning p\u00e5 m\u00e5ndagar kl 18-20 fr\u00e5n och med maj. Vid de h\u00e4r tillf\u00e4llena har vi m\u00f6jlighet att hj\u00e4lpa varandra i tr\u00e4ningen och komma med tips och trix, och turas om. \u00c4r det n\u00e5gon som \u00e4r nyfiken p\u00e5 agility men som inte tr\u00e4nar idag \u00e4r detta ett bra tillf\u00e4lle att dyka upp, st\u00e4lla fr\u00e5gor och testa lite. Det \u00e4r dock inget tillf\u00e4lle att l\u00e4ra sig agility, \u00e4r man sugen p\u00e5 att  forts\u00e4tta med agilitytr\u00e4ning rekommenderar vi att ni g\u00e5r en grundkurs innan ni b\u00f6rjar tr\u00e4na p\u00e5 egen hand &#8211; s\u00e4rskilt med tanke p\u00e5 &#8220;S\u00e4ker Agility&#8221;.<\/p>\n\n\n\n<p><strong>P\u00e5 Lerums Brukshundklubb g\u00e4ller f\u00f6ljande:<\/strong><\/p>\n\n\n\n<ul class=\"wp-block-list\">\n<li>I inh\u00e4gnaden finns agilityhinder, men att alla f\u00e5r tr\u00e4na d\u00e4r oavsett gren. Ingen har f\u00f6rtur och det g\u00e4ller att komma \u00f6verens om vem\/vilka som tr\u00e4nar och i vilken turordning. Om n\u00e5gon redan tr\u00e4nar inne p\u00e5 planen ska man fr\u00e5ga och kolla l\u00e4get innan man g\u00e5r in. <\/li>\n\n\n\n<li>Kontaktf\u00e4ltshinder (dvs A-hinder, balansbom och gunga) skall vid avslutad tr\u00e4ning l\u00e4mnas p\u00e5 fullh\u00f6jd. Den som s\u00e4nkt dem \u00e5terst\u00e4ller allts\u00e5. <\/li>\n\n\n\n<li>Kommunikationsv\u00e4gar: det finns en grupp p\u00e5 Facebook som heter \u201dAgility Lerums BHK\u201d och en Messengergrupp d\u00e4r man kan kommunicera med varandra.<\/li>\n<\/ul>\n\n\n\n<p><\/p>\n\n\n\n<p>Sammankallande f\u00f6r agilityn p\u00e5 Lerums BHK \u00e4r <br><strong>Anna S\u00f6derblom<\/strong><br>E-mail:\u00a0<a href=\"mailto:&#x61;&#x6e;&#x6e;&#x6a;&#x61;&#x32;&#x33;&#x36;&#x40;&#x67;&#x6d;&#x61;&#x69;&#x6c;&#x2e;&#x63;&#x6f;&#x6d;\" target=\"_blank\" rel=\"noreferrer noopener\">&#x61;&#x6e;&#x6e;&#x6a;&#x61;&#x32;&#x33;&#x36;&#x40;<span class=\"oe_displaynone\">null<\/span>&#x67;&#x6d;&#x61;&#x69;&#x6c;&#x2e;&#x63;&#x6f;&#x6d;<\/a><\/p>\n\n\n\n<figure class=\"wp-block-image size-full\"><img loading=\"lazy\" decoding=\"async\" width=\"960\" height=\"812\" src=\"https:\/\/lerumsbk.se\/wp-content\/uploads\/2023\/05\/image-1.png\" alt=\"\" class=\"wp-image-2523\" srcset=\"https:\/\/lerumsbk.se\/wp-content\/uploads\/2023\/05\/image-1.png 960w, https:\/\/lerumsbk.se\/wp-content\/uploads\/2023\/05\/image-1-300x254.png 300w, https:\/\/lerumsbk.se\/wp-content\/uploads\/2023\/05\/image-1-768x650.png 768w, https:\/\/lerumsbk.se\/wp-content\/uploads\/2023\/05\/image-1-350x296.png 350w\" sizes=\"auto, (max-width: 767px) 89vw, (max-width: 1000px) 54vw, (max-width: 1071px) 543px, 580px\" \/><\/figure>","protected":false},"excerpt":{"rendered":"<p>I den popul\u00e4ra och fartfyllda hundsporten agility ska hund och f\u00f6rare klara en hinderbana p\u00e5 tid. F\u00f6r att lyckas kr\u00e4vs, f\u00f6rutom en hel del tr\u00e4ning, ett lyh\u00f6rt samarbete och stort samspel mellan hunden och f\u00f6raren. Sporten \u00e4r organiserad i en egen klubb underst\u00e4lld Svenska Kennelklubben, du kan l\u00e4sa mer p\u00e5 http:\/\/agilityklubben.seBrukshundklubben har r\u00e4tt att arrangera &hellip; <\/p>\n<p class=\"link-more\"><a href=\"https:\/\/lerumsbk.se\/index.php\/agilitysektorn\/\" class=\"more-link\">Forts\u00e4tt l\u00e4sa<span class=\"screen-reader-text\"> \u201dAgility\u201d<\/span><\/a><\/p>\n","protected":false},"author":2,"featured_media":0,"parent":0,"menu_order":0,"comment_status":"closed","ping_status":"closed","template":"","meta":{"footnotes":"","_wp_rev_ctl_limit":""},"class_list":["post-2477","page","type-page","status-publish","hentry"],"_links":{"self":[{"href":"https:\/\/lerumsbk.se\/index.php\/wp-json\/wp\/v2\/pages\/2477","targetHints":{"allow":["GET"]}}],"collection":[{"href":"https:\/\/lerumsbk.se\/index.php\/wp-json\/wp\/v2\/pages"}],"about":[{"href":"https:\/\/lerumsbk.se\/index.php\/wp-json\/wp\/v2\/types\/page"}],"author":[{"embeddable":true,"href":"https:\/\/lerumsbk.se\/index.php\/wp-json\/wp\/v2\/users\/2"}],"replies":[{"embeddable":true,"href":"https:\/\/lerumsbk.se\/index.php\/wp-json\/wp\/v2\/comments?post=2477"}],"version-history":[{"count":3,"href":"https:\/\/lerumsbk.se\/index.php\/wp-json\/wp\/v2\/pages\/2477\/revisions"}],"predecessor-version":[{"id":5586,"href":"https:\/\/lerumsbk.se\/index.php\/wp-json\/wp\/v2\/pages\/2477\/revisions\/5586"}],"wp:attachment":[{"href":"https:\/\/lerumsbk.se\/index.php\/wp-json\/wp\/v2\/media?parent=2477"}],"curies":[{"name":"wp","href":"https:\/\/api.w.org\/{rel}","templated":true}]}}