{"id":2473,"date":"2023-05-11T12:31:35","date_gmt":"2023-05-11T11:31:35","guid":{"rendered":"https:\/\/lerumsbk.se\/?page_id=2473"},"modified":"2025-11-18T11:25:18","modified_gmt":"2025-11-18T10:25:18","slug":"rasutvecklingssektorn-rus","status":"publish","type":"page","link":"https:\/\/lerumsbk.se\/index.php\/rasutvecklingssektorn-rus\/","title":{"rendered":"Rasutvecklingssektorn (RUS)"},"content":{"rendered":"<p><strong>Sammankallande i rasutvecklingssektorn \u00e4r Olle Bergstr\u00f6m.<\/strong><br>mail &#x6f;&#x6c;&#x6c;&#x65;&#x2e;&#x62;&#x75;&#x72;&#x68;&#x75;&#x6c;&#x74;&#x40;<span class=\"oe_displaynone\">null<\/span>&#x67;&#x6d;&#x61;&#x69;&#x6c;&#x2e;&#x63;&#x6f;&#x6d;<\/p>\n\n\n\n<p>Sektorns fr\u00e4msta uppgift \u00e4r att ans\u00f6ka om och arrangera mentalbeskrivningar (MH) p\u00e5 klubben. I uppgiften ing\u00e5r ocks\u00e5 rekrytering av medlemmar som vill utbilda sig till figuranter och s\u00e5 sm\u00e5ningom testledare.<\/p>\n\n\n\n<p>Vi arrangerar 6 st MH per \u00e5r under m\u00e5naderna april, maj, juni, augusti, september och oktober. Dessa finns utlagda p\u00e5 SBK T\u00e4vling redan under v\u00e5ren f\u00f6r respektive \u00e5r.<br>Om intresse finns fr\u00e5n n\u00e5gon uppf\u00f6dare kan ett av dessa MH bli ett enskilt MH, sk uppf\u00f6dar-MH, men inte fler. F\u00f6r villkor och bokning <a href=\"https:\/\/lerumsbk.se\/index.php\/uppfodar-mh-pa-lerums-brukshundklubb\/\" data-type=\"page\" data-id=\"3536\">l\u00e4s mer h\u00e4r&gt;&gt;<\/a><br> eller kontakta oss p\u00e5 mail &#x72;&#x61;&#x73;&#x75;&#x74;&#x76;&#x65;&#x63;&#x6b;&#x6c;&#x69;&#x6e;&#x67;&#x40;<span class=\"oe_displaynone\">null<\/span>&#x6c;&#x65;&#x72;&#x75;&#x6d;&#x73;&#x62;&#x6b;&#x2e;&#x73;&#x65; <br><br>L\u00e4s mer om mentalbeskrivning h\u00e4r <a href=\"https:\/\/brukshundklubben.se\/avel-halsa\/mentalbeskrivning-hund-mh\/\" data-type=\"link\" data-id=\"https:\/\/brukshundklubben.se\/avel-halsa\/mentalbeskrivning-hund-mh\/\">https:\/\/brukshundklubben.se\/avel-halsa\/mentalbeskrivning-hund-mh\/<\/a><\/p>\n\n\n\n<figure class=\"wp-block-image size-full is-resized\"><img loading=\"lazy\" decoding=\"async\" width=\"160\" height=\"213\" src=\"https:\/\/lerumsbk.se\/wp-content\/uploads\/2023\/05\/image-6.png\" alt=\"\" class=\"wp-image-2593\"\/><\/figure>\n\n\n\n<p><strong>Bra att k\u00e4nna till n\u00e4r man anm\u00e4ler sig till MH<\/strong><\/p>\n\n\n\n<p>Anm\u00e4lan kan bara g\u00f6ras via SBK T\u00e4vling<br>P\u00e5 Lerums BK kan vi pr\u00f6va maximalt \u00e5tta hundar vid varje provtillf\u00e4lle<br>Om vi har fler \u00e4n \u00e5tta hundar anm\u00e4lda n\u00e4r anm\u00e4lningstiden g\u00e5tt ut kommer vi att genomf\u00f6ra lottning f\u00f6r att best\u00e4mma vilka som kommer att f\u00e5 delta. Lottningen g\u00f6rs slumpvis enligt en av SBK best\u00e4md prioriteringsordning. Lottning sker oberoende av anm\u00e4lningsdatum.<\/p>\n\n\n\n<p>Prioriteringsordning:<br><\/p>\n\n\n\n<ol class=\"wp-block-list\">\n<li>Hundar fr\u00e5n f\u00f6rsvarsmakten<\/li>\n\n\n\n<li>Hundar av SBK-ras* d\u00e4r f\u00f6raren \u00e4r medlem i Lerums BK<\/li>\n\n\n\n<li>Hundar av SBK-ras* d\u00e4r f\u00f6raren \u00e4r medlem i annan klubb<\/li>\n\n\n\n<li>Hundar av annan ras \u00e4n SBK-ras* d\u00e4r f\u00f6raren \u00e4r medlem i Lerums BK<\/li>\n\n\n\n<li>Hundar av annan ras \u00e4n SBK-ras* d\u00e4r f\u00f6raren \u00e4r medlen i annan klubb<\/li>\n<\/ol>\n\n\n\n<p>Hundar av SBK-ras (popul\u00e4rt kallade &#8220;bruksraser&#8221;):<\/p>\n\n\n\n<p>Australian cattledog<br>Australian kelpie<br>Australian shepherd<br>Beauceron<br>Belgisk vallhund<br>Berger picard<br>Bouvier des ardennes<br>Bouvier des flandres<br>Boxer<br>Chodsky pes<br>Collie<br>Dobermann<br>Hollandse herdershond<br>Hovawart<br>Riesenschnauzer<br>Rottweiler<br>Rysk svart terrier<br>Tysk sch\u00e4ferhund<br>Vit herdehund<\/p>","protected":false},"excerpt":{"rendered":"<p>Sammankallande i rasutvecklingssektorn \u00e4r Olle Bergstr\u00f6m.mail &#x6f;&#x6c;&#x6c;&#x65;&#x2e;&#x62;&#x75;&#x72;&#x68;&#x75;&#x6c;&#x74;&#x40;null&#x67;&#x6d;&#x61;&#x69;&#x6c;&#x2e;&#x63;&#x6f;&#x6d; Sektorns fr\u00e4msta uppgift \u00e4r att ans\u00f6ka om och arrangera mentalbeskrivningar (MH) p\u00e5 klubben. I uppgiften ing\u00e5r ocks\u00e5 rekrytering av medlemmar som vill utbilda sig till figuranter och s\u00e5 sm\u00e5ningom testledare. Vi arrangerar 6 st MH per \u00e5r under m\u00e5naderna april, maj, juni, augusti, september och oktober. Dessa finns &hellip; <\/p>\n<p class=\"link-more\"><a href=\"https:\/\/lerumsbk.se\/index.php\/rasutvecklingssektorn-rus\/\" class=\"more-link\">Forts\u00e4tt l\u00e4sa<span class=\"screen-reader-text\"> \u201dRasutvecklingssektorn (RUS)\u201d<\/span><\/a><\/p>\n","protected":false},"author":2,"featured_media":0,"parent":0,"menu_order":0,"comment_status":"closed","ping_status":"closed","template":"","meta":{"footnotes":"","_wp_rev_ctl_limit":""},"class_list":["post-2473","page","type-page","status-publish","hentry"],"_links":{"self":[{"href":"https:\/\/lerumsbk.se\/index.php\/wp-json\/wp\/v2\/pages\/2473","targetHints":{"allow":["GET"]}}],"collection":[{"href":"https:\/\/lerumsbk.se\/index.php\/wp-json\/wp\/v2\/pages"}],"about":[{"href":"https:\/\/lerumsbk.se\/index.php\/wp-json\/wp\/v2\/types\/page"}],"author":[{"embeddable":true,"href":"https:\/\/lerumsbk.se\/index.php\/wp-json\/wp\/v2\/users\/2"}],"replies":[{"embeddable":true,"href":"https:\/\/lerumsbk.se\/index.php\/wp-json\/wp\/v2\/comments?post=2473"}],"version-history":[{"count":3,"href":"https:\/\/lerumsbk.se\/index.php\/wp-json\/wp\/v2\/pages\/2473\/revisions"}],"predecessor-version":[{"id":5749,"href":"https:\/\/lerumsbk.se\/index.php\/wp-json\/wp\/v2\/pages\/2473\/revisions\/5749"}],"wp:attachment":[{"href":"https:\/\/lerumsbk.se\/index.php\/wp-json\/wp\/v2\/media?parent=2473"}],"curies":[{"name":"wp","href":"https:\/\/api.w.org\/{rel}","templated":true}]}}