{"id":2174,"date":"2023-03-06T18:36:13","date_gmt":"2023-03-06T17:36:13","guid":{"rendered":"https:\/\/lerumsbk.se\/?page_id=2174"},"modified":"2023-03-06T18:36:14","modified_gmt":"2023-03-06T17:36:14","slug":"test-for-skojs-skull","status":"publish","type":"page","link":"https:\/\/lerumsbk.se\/index.php\/test-for-skojs-skull\/","title":{"rendered":"test f\u00f6r skojs skull"},"content":{"rendered":"<p>ad lorem ipsum<\/p>\n\n\n\n<figure class=\"wp-block-image size-large is-resized\"><img loading=\"lazy\" decoding=\"async\" src=\"https:\/\/lerumsbk.se\/wp-content\/uploads\/2022\/05\/CS__1336-1024x683.jpeg\" alt=\"\" class=\"wp-image-1141\" width=\"270\" height=\"179\" srcset=\"https:\/\/lerumsbk.se\/wp-content\/uploads\/2022\/05\/CS__1336-1024x683.jpeg 1024w, https:\/\/lerumsbk.se\/wp-content\/uploads\/2022\/05\/CS__1336-350x233.jpeg 350w, https:\/\/lerumsbk.se\/wp-content\/uploads\/2022\/05\/CS__1336-300x200.jpeg 300w, https:\/\/lerumsbk.se\/wp-content\/uploads\/2022\/05\/CS__1336-768x512.jpeg 768w, https:\/\/lerumsbk.se\/wp-content\/uploads\/2022\/05\/CS__1336-1536x1024.jpeg 1536w, https:\/\/lerumsbk.se\/wp-content\/uploads\/2022\/05\/CS__1336.jpeg 2048w\" sizes=\"auto, (max-width: 270px) 100vw, 270px\" \/><\/figure>\n\n\n\n<p><a href=\"https:\/\/lerumsbk.se\/wp-content\/uploads\/2023\/02\/Arsmotesdokumentation-LBK-2023.pdf\" data-type=\"attachment\" data-id=\"2101\">\u00f6lkerg&#8217;f\u00e5oqme-\u00f6glkq&#8217;\u00e5etgk<\/a><\/p>\n\n\n\n<hr class=\"wp-block-separator has-alpha-channel-opacity is-style-wide\"\/>\n\n\n\n<figure class=\"wp-block-gallery has-nested-images columns-default is-cropped wp-block-gallery-1 is-layout-flex wp-block-gallery-is-layout-flex\"><\/figure>","protected":false},"excerpt":{"rendered":"<p>ad lorem ipsum \u00f6lkerg&#8217;f\u00e5oqme-\u00f6glkq&#8217;\u00e5etgk<\/p>\n","protected":false},"author":2,"featured_media":0,"parent":0,"menu_order":0,"comment_status":"closed","ping_status":"closed","template":"","meta":{"footnotes":"","_wp_rev_ctl_limit":""},"class_list":["post-2174","page","type-page","status-publish","hentry"],"_links":{"self":[{"href":"https:\/\/lerumsbk.se\/index.php\/wp-json\/wp\/v2\/pages\/2174","targetHints":{"allow":["GET"]}}],"collection":[{"href":"https:\/\/lerumsbk.se\/index.php\/wp-json\/wp\/v2\/pages"}],"about":[{"href":"https:\/\/lerumsbk.se\/index.php\/wp-json\/wp\/v2\/types\/page"}],"author":[{"embeddable":true,"href":"https:\/\/lerumsbk.se\/index.php\/wp-json\/wp\/v2\/users\/2"}],"replies":[{"embeddable":true,"href":"https:\/\/lerumsbk.se\/index.php\/wp-json\/wp\/v2\/comments?post=2174"}],"version-history":[{"count":1,"href":"https:\/\/lerumsbk.se\/index.php\/wp-json\/wp\/v2\/pages\/2174\/revisions"}],"predecessor-version":[{"id":2178,"href":"https:\/\/lerumsbk.se\/index.php\/wp-json\/wp\/v2\/pages\/2174\/revisions\/2178"}],"wp:attachment":[{"href":"https:\/\/lerumsbk.se\/index.php\/wp-json\/wp\/v2\/media?parent=2174"}],"curies":[{"name":"wp","href":"https:\/\/api.w.org\/{rel}","templated":true}]}}