{"id":2050,"date":"2023-02-05T11:52:52","date_gmt":"2023-02-05T10:52:52","guid":{"rendered":"https:\/\/lerumsbk.se\/?page_id=2050"},"modified":"2023-05-17T12:29:20","modified_gmt":"2023-05-17T11:29:20","slug":"agility-grund-2","status":"publish","type":"page","link":"https:\/\/lerumsbk.se\/index.php\/agility-grund-2\/","title":{"rendered":"Agility Grund 2"},"content":{"rendered":"<p class=\"has-medium-font-size\"><mark style=\"background-color:rgba(0, 0, 0, 0)\" class=\"has-inline-color has-vivid-red-color\">Kursen \u00e4r full <\/mark><\/p>\n\n\n\n<figure class=\"wp-block-image size-large is-resized\"><img loading=\"lazy\" decoding=\"async\" src=\"https:\/\/lerumsbk.se\/wp-content\/uploads\/2022\/06\/17D-3242-1024x683.jpg\" alt=\"\" class=\"wp-image-1258\" width=\"412\" height=\"274\" srcset=\"https:\/\/lerumsbk.se\/wp-content\/uploads\/2022\/06\/17D-3242-1024x683.jpg 1024w, https:\/\/lerumsbk.se\/wp-content\/uploads\/2022\/06\/17D-3242-scaled-350x233.jpg 350w, https:\/\/lerumsbk.se\/wp-content\/uploads\/2022\/06\/17D-3242-300x200.jpg 300w, https:\/\/lerumsbk.se\/wp-content\/uploads\/2022\/06\/17D-3242-768x512.jpg 768w, https:\/\/lerumsbk.se\/wp-content\/uploads\/2022\/06\/17D-3242-1536x1024.jpg 1536w, https:\/\/lerumsbk.se\/wp-content\/uploads\/2022\/06\/17D-3242-2048x1366.jpg 2048w\" sizes=\"auto, (max-width: 412px) 100vw, 412px\" \/><figcaption class=\"wp-element-caption\">Full fart genom tunneln<\/figcaption><\/figure>\n\n\n\n<p><strong>Beskrivning om kursen:<\/strong> Vill du testa p\u00e5 agility? Denna kurs \u00e4r f\u00f6r dig som \u00e4r nyb\u00f6rjare<br>p\u00e5 agility och som vill prova n\u00e5got roligt tillsammans med din hund. Under kursen<br>fokuserar vi p\u00e5 hinderinl\u00e4rning, motivation och sj\u00e4lvst\u00e4ndigt utf\u00f6rande av hindren. <br>Vi b\u00f6rjar ocks\u00e5 jobba med grunderna f\u00f6r enklare handling (att styra hunden mellan<br>hindren med hj\u00e4lp av kropp och r\u00f6st) och g\u00e5r ocks\u00e5 igenom en del grund\u00f6vningar<br>utan hinder. M\u00e5let med kursen \u00e4r att f\u00e5 trygga och fartfyllda hundar med gott<br>sj\u00e4lvf\u00f6rtroende som tillsammans med husse eller matte vill jobba vidare med agility!<br><br>F\u00f6r att vara med p\u00e5 kursen ska hunden vara minst 12 m\u00e5nader. Hunden beh\u00f6ver<br>ocks\u00e5 kunna vara l\u00f6s och arbeta runt andra ekipage. F\u00f6r att f\u00e5 ut mest av kursen \u00e4r<br>det bra om hunden kan stanna kvar och komma p\u00e5 inkallning.<br>&nbsp;<\/p>\n\n\n\n<p><strong>Syfte och m\u00e5l:<\/strong> Att f\u00e5 trygga och fartfyllda hundar med gott sj\u00e4lvf\u00f6rtroende. Att hunden<br>ihop med matte eller husse vill jobba vidare med agility.<\/p>\n\n\n\n<p><strong>F\u00f6rkunskaper:<\/strong>  Att hunden b\u00f6r kunna vara l\u00f6s, kunna komma p\u00e5 inkallning och arbeta runt<br>andra ekipage. Detta \u00e4r inte strikta krav men det rekommenderas.<br><br><strong>Datum:<\/strong> v.15-22 onsdagar. 12\/4, 19\/4, 3\/5, 17\/5, 24\/5, 31\/5. (Vi k\u00f6r inte den 26\/4 samt 10\/5 pga rallyt\u00e4vlingar p\u00e5 klubben)<br><strong>Tid:<\/strong> 18-19:30<br><strong>Pris:<\/strong> 1500 kr<br>Instrukt\u00f6rer: &nbsp;Molly Schmidt och Anna S\u00f6derblom.<\/p>\n\n\n\n<p>Till anm\u00e4lan =><\/p>","protected":false},"excerpt":{"rendered":"<p>Kursen \u00e4r full Beskrivning om kursen: Vill du testa p\u00e5 agility? Denna kurs \u00e4r f\u00f6r dig som \u00e4r nyb\u00f6rjarep\u00e5 agility och som vill prova n\u00e5got roligt tillsammans med din hund. Under kursenfokuserar vi p\u00e5 hinderinl\u00e4rning, motivation och sj\u00e4lvst\u00e4ndigt utf\u00f6rande av hindren. Vi b\u00f6rjar ocks\u00e5 jobba med grunderna f\u00f6r enklare handling (att styra hunden mellanhindren med &hellip; <\/p>\n<p class=\"link-more\"><a href=\"https:\/\/lerumsbk.se\/index.php\/agility-grund-2\/\" class=\"more-link\">Forts\u00e4tt l\u00e4sa<span class=\"screen-reader-text\"> \u201dAgility Grund 2\u201d<\/span><\/a><\/p>\n","protected":false},"author":6,"featured_media":0,"parent":0,"menu_order":0,"comment_status":"closed","ping_status":"closed","template":"","meta":{"footnotes":"","_wp_rev_ctl_limit":""},"class_list":["post-2050","page","type-page","status-publish","hentry"],"_links":{"self":[{"href":"https:\/\/lerumsbk.se\/index.php\/wp-json\/wp\/v2\/pages\/2050","targetHints":{"allow":["GET"]}}],"collection":[{"href":"https:\/\/lerumsbk.se\/index.php\/wp-json\/wp\/v2\/pages"}],"about":[{"href":"https:\/\/lerumsbk.se\/index.php\/wp-json\/wp\/v2\/types\/page"}],"author":[{"embeddable":true,"href":"https:\/\/lerumsbk.se\/index.php\/wp-json\/wp\/v2\/users\/6"}],"replies":[{"embeddable":true,"href":"https:\/\/lerumsbk.se\/index.php\/wp-json\/wp\/v2\/comments?post=2050"}],"version-history":[{"count":1,"href":"https:\/\/lerumsbk.se\/index.php\/wp-json\/wp\/v2\/pages\/2050\/revisions"}],"predecessor-version":[{"id":2558,"href":"https:\/\/lerumsbk.se\/index.php\/wp-json\/wp\/v2\/pages\/2050\/revisions\/2558"}],"wp:attachment":[{"href":"https:\/\/lerumsbk.se\/index.php\/wp-json\/wp\/v2\/media?parent=2050"}],"curies":[{"name":"wp","href":"https:\/\/api.w.org\/{rel}","templated":true}]}}