{"id":1967,"date":"2023-01-11T20:51:16","date_gmt":"2023-01-11T19:51:16","guid":{"rendered":"https:\/\/lerumsbk.se\/?page_id=1967"},"modified":"2023-05-17T12:30:57","modified_gmt":"2023-05-17T11:30:57","slug":"rallylydnad-steg-2","status":"publish","type":"page","link":"https:\/\/lerumsbk.se\/index.php\/rallylydnad-steg-2\/","title":{"rendered":"Rallylydnad steg 2"},"content":{"rendered":"<p><strong><img loading=\"lazy\" decoding=\"async\" src=\"https:\/\/lh3.googleusercontent.com\/XLlWguaRjCIvg2kdqldxm5-piRreqjANAmyNkvxw-MmuymcVRHj7pQ4i-Gr89-qhJPSvEf0L0rqw9sDCd2KjYIKgBhlRMApa-hRKBur9QAlbJazifVGhbL6wU4C6jvWkfwLdzFQOvf5wg0h-yVvovMCpwKfXdE3njfU9gnQMClf7N8z0JWFlvl7wtDjQMElamzgHkFp0iQ\" width=\"459\" height=\"414\"><\/strong><\/p>\n\n\n\n<p><strong><mark style=\"background-color:rgba(0, 0, 0, 0)\" class=\"has-inline-color has-vivid-red-color\">Kursen \u00e4r inst\u00e4lld.<\/mark><\/strong><\/p>\n\n\n\n<p><strong>Steg 2<\/strong><\/p>\n\n\n\n<p>Det h\u00e4r \u00e4r en kurs f\u00f6r dig som \u00e4r intresserad av rallylydnad. Kursen \u00e4r inriktad p\u00e5 forts\u00e4ttningsklass och du f\u00e5r l\u00e4ra dig vilka regler som g\u00e4ller vid t\u00e4vling och de olika momenten som ing\u00e5r f\u00f6r att du ska ha en bra grund till att b\u00f6rja t\u00e4vla i rallylydnad. Vi tr\u00e4nar hunden i f\u00f6ljsamhet och kontakt och g\u00e5r igenom samtliga skyltar\/moment som ing\u00e5r i forts\u00e4ttningsklass. Dessutom l\u00e4gger vi grunderna f\u00f6r h\u00f6gerhandling.<\/p>\n\n\n\n<p><strong>M\u00e5l med kursen: <\/strong>Kursdeltagarna ska ha tillr\u00e4ckligt med kunskaper f\u00f6r fortsatt tr\u00e4ning av momenten p\u00e5 egen hand samt ha kunskap f\u00f6r att kunna t\u00e4vla i rallylydnadens nyb\u00f6rjar och forts\u00e4ttningsklass, samt kunna b\u00f6rja tr\u00e4na h\u00f6gerhandling.<\/p>\n\n\n\n<p>Hunden ska vara minst 9 m\u00e5nader.<\/p>\n\n\n\n<p><strong>F\u00f6rkunskaper: <\/strong>F\u00f6raren ska k\u00e4nna till nyb\u00f6rjarskyltarna och hunden ska kunna vara l\u00f6s i grupp.<\/p>\n\n\n\n<p><strong>Datum: <\/strong>Tisdagar, 6 ggr, 25 april, 2 maj, 9 maj, 16 maj, 23 maj o 30 maj. Tid 17.30 &#8211; 19.00.<\/p>\n\n\n\n<p><strong>Pris: <\/strong>1500 kr + medlemskap i LBK<\/p>\n\n\n\n<p><strong>Antal deltagare: <\/strong>Max 8 st<\/p>\n\n\n\n<p><strong>Instrukt\u00f6rer: <\/strong>Anita Skoglund och Stig Olsson<\/p>\n\n\n\n<p>Till\u00a0anm\u00e4lan -><\/p>","protected":false},"excerpt":{"rendered":"<p>Kursen \u00e4r inst\u00e4lld. Steg 2 Det h\u00e4r \u00e4r en kurs f\u00f6r dig som \u00e4r intresserad av rallylydnad. Kursen \u00e4r inriktad p\u00e5 forts\u00e4ttningsklass och du f\u00e5r l\u00e4ra dig vilka regler som g\u00e4ller vid t\u00e4vling och de olika momenten som ing\u00e5r f\u00f6r att du ska ha en bra grund till att b\u00f6rja t\u00e4vla i rallylydnad. Vi tr\u00e4nar &hellip; <\/p>\n<p class=\"link-more\"><a href=\"https:\/\/lerumsbk.se\/index.php\/rallylydnad-steg-2\/\" class=\"more-link\">Forts\u00e4tt l\u00e4sa<span class=\"screen-reader-text\"> \u201dRallylydnad steg 2\u201d<\/span><\/a><\/p>\n","protected":false},"author":6,"featured_media":0,"parent":0,"menu_order":0,"comment_status":"closed","ping_status":"closed","template":"","meta":{"footnotes":"","_wp_rev_ctl_limit":""},"class_list":["post-1967","page","type-page","status-publish","hentry"],"_links":{"self":[{"href":"https:\/\/lerumsbk.se\/index.php\/wp-json\/wp\/v2\/pages\/1967","targetHints":{"allow":["GET"]}}],"collection":[{"href":"https:\/\/lerumsbk.se\/index.php\/wp-json\/wp\/v2\/pages"}],"about":[{"href":"https:\/\/lerumsbk.se\/index.php\/wp-json\/wp\/v2\/types\/page"}],"author":[{"embeddable":true,"href":"https:\/\/lerumsbk.se\/index.php\/wp-json\/wp\/v2\/users\/6"}],"replies":[{"embeddable":true,"href":"https:\/\/lerumsbk.se\/index.php\/wp-json\/wp\/v2\/comments?post=1967"}],"version-history":[{"count":3,"href":"https:\/\/lerumsbk.se\/index.php\/wp-json\/wp\/v2\/pages\/1967\/revisions"}],"predecessor-version":[{"id":2560,"href":"https:\/\/lerumsbk.se\/index.php\/wp-json\/wp\/v2\/pages\/1967\/revisions\/2560"}],"wp:attachment":[{"href":"https:\/\/lerumsbk.se\/index.php\/wp-json\/wp\/v2\/media?parent=1967"}],"curies":[{"name":"wp","href":"https:\/\/api.w.org\/{rel}","templated":true}]}}