{"id":1929,"date":"2022-12-26T15:13:45","date_gmt":"2022-12-26T14:13:45","guid":{"rendered":"https:\/\/lerumsbk.se\/?page_id=1929"},"modified":"2025-09-12T10:36:34","modified_gmt":"2025-09-12T09:36:34","slug":"anmalan-uppflyttningar","status":"publish","type":"page","link":"https:\/\/lerumsbk.se\/index.php\/anmalan-uppflyttningar\/","title":{"rendered":"Anm\u00e4lan &#8211; uppflyttningar"},"content":{"rendered":"<p>H\u00e4r anm\u00e4ler du dina uppflyttningar under 2025 (f\u00f6r rallylydnad kan \u00e4ven resultat fr\u00e5n tidigare \u00e5r r\u00e4knas med). Om du har fler \u00e4n fyra skickar du fler anm\u00e4lningar. Skickas in senas den 14\/1 2026.<\/p>\n\n\n<div class=\"frm_forms  with_frm_style frm_style_formidables-stilmall\" id=\"frm_form_5_container\" data-token=\"618457df534907bcdbbbb24bd9616499\">\n<form enctype=\"multipart\/form-data\" method=\"post\" class=\"frm-show-form \" id=\"form_anmlan-uppflyttningar\" data-token=\"618457df534907bcdbbbb24bd9616499\">\n<div class=\"frm_form_fields \">\n<fieldset>\n<legend class=\"frm_screen_reader\">Anm\u00e4lan &#8211; uppflyttningar<\/legend>\r\n\r\n<div class=\"frm_fields_container\">\n<input type=\"hidden\" name=\"frm_action\" value=\"create\" \/>\n<input type=\"hidden\" name=\"form_id\" value=\"5\" \/>\n<input type=\"hidden\" name=\"frm_hide_fields_5\" id=\"frm_hide_fields_5\" value=\"\" \/>\n<input type=\"hidden\" name=\"form_key\" value=\"anmlan-uppflyttningar\" \/>\n<input type=\"hidden\" name=\"item_meta[0]\" value=\"\" \/>\n<input type=\"hidden\" id=\"frm_submit_entry_5\" name=\"frm_submit_entry_5\" value=\"21729594e9\" \/><input type=\"hidden\" name=\"_wp_http_referer\" value=\"\/index.php\/wp-json\/wp\/v2\/pages\/1929\" \/><div id=\"frm_field_71_container\" class=\"frm_form_field form-field  frm_required_field frm_top_container frm6 frm_first\">\r\n    <label for=\"field_wfqbj\" id=\"field_wfqbj_label\" class=\"frm_primary_label\">F\u00f6rarens nam\r\n        <span class=\"frm_required\" aria-hidden=\"true\">*<\/span>\r\n    <\/label>\r\n    <input type=\"text\" id=\"field_wfqbj\" name=\"item_meta[71]\" value=\"\"  data-reqmsg=\"F\u00f6rarens nam kan inte vara tom.\" aria-required=\"true\" data-invmsg=\"Text \u00e4r ogiltigt\" aria-invalid=\"false\"  \/>\r\n    \r\n    \r\n<\/div>\n<div id=\"frm_field_72_container\" class=\"frm_form_field form-field  frm_required_field frm_top_container frm6\">\r\n    <label for=\"field_hhsqe\" id=\"field_hhsqe_label\" class=\"frm_primary_label\">Hundens tilltalsamn\r\n        <span class=\"frm_required\" aria-hidden=\"true\">*<\/span>\r\n    <\/label>\r\n    <input type=\"text\" id=\"field_hhsqe\" name=\"item_meta[72]\" value=\"\"  data-reqmsg=\"Hundens tilltalsamn kan inte vara tom.\" aria-required=\"true\" data-invmsg=\"Text \u00e4r ogiltigt\" aria-invalid=\"false\"  \/>\r\n    \r\n    \r\n<\/div>\n<div id=\"frm_field_73_container\" class=\"frm_form_field form-field  frm_top_container frm4 frm_first\">\r\n    <label for=\"field_ejxlv\" id=\"field_ejxlv_label\" class=\"frm_primary_label\">T\u00e4vlingsgren och klass\r\n        <span class=\"frm_required\" aria-hidden=\"true\"><\/span>\r\n    <\/label>\r\n    <input type=\"text\" id=\"field_ejxlv\" name=\"item_meta[73]\" value=\"\"  data-invmsg=\"Text \u00e4r ogiltigt\" aria-invalid=\"false\"  \/>\r\n    \r\n    \r\n<\/div>\n<div id=\"frm_field_74_container\" class=\"frm_form_field form-field  frm_top_container frm4\">\r\n    <label for=\"field_tj226\" id=\"field_tj226_label\" class=\"frm_primary_label\">Datum och po\u00e4ng\r\n        <span class=\"frm_required\" aria-hidden=\"true\"><\/span>\r\n    <\/label>\r\n    <input type=\"text\" id=\"field_tj226\" name=\"item_meta[74]\" value=\"\"  data-invmsg=\"Text \u00e4r ogiltigt\" aria-invalid=\"false\"  \/>\r\n    \r\n    \r\n<\/div>\n<div id=\"frm_field_97_container\" class=\"frm_form_field form-field  frm_top_container frm4\">\n    <label for=\"field_dp8r\" id=\"field_dp8r_label\" class=\"frm_primary_label\">Uppflyttad till\n        <span class=\"frm_required\" aria-hidden=\"true\"><\/span>\n    <\/label>\n    <input type=\"text\" id=\"field_dp8r\" name=\"item_meta[97]\" value=\"\"  data-invmsg=\"Text \u00e4r ogiltigt\" aria-invalid=\"false\"  \/>\n    \n    \n<\/div>\n<div id=\"frm_field_75_container\" class=\"frm_form_field form-field  frm_top_container frm4 frm_first\">\r\n    <label for=\"field_kjhb3\" id=\"field_kjhb3_label\" class=\"frm_primary_label\">T\u00e4vlingsgren och klass\r\n        <span class=\"frm_required\" aria-hidden=\"true\"><\/span>\r\n    <\/label>\r\n    <input type=\"text\" id=\"field_kjhb3\" name=\"item_meta[75]\" value=\"\"  data-invmsg=\"Text \u00e4r ogiltigt\" aria-invalid=\"false\"  \/>\r\n    \r\n    \r\n<\/div>\n<div id=\"frm_field_76_container\" class=\"frm_form_field form-field  frm_top_container frm4\">\r\n    <label for=\"field_f9n0w\" id=\"field_f9n0w_label\" class=\"frm_primary_label\">Datum och po\u00e4ng\r\n        <span class=\"frm_required\" aria-hidden=\"true\"><\/span>\r\n    <\/label>\r\n    <input type=\"text\" id=\"field_f9n0w\" name=\"item_meta[76]\" value=\"\"  data-invmsg=\"Text \u00e4r ogiltigt\" aria-invalid=\"false\"  \/>\r\n    \r\n    \r\n<\/div>\n<div id=\"frm_field_99_container\" class=\"frm_form_field form-field  frm_top_container frm4\">\n    <label for=\"field_r6fgk\" id=\"field_r6fgk_label\" class=\"frm_primary_label\">Uppflyttad till\n        <span class=\"frm_required\" aria-hidden=\"true\"><\/span>\n    <\/label>\n    <input type=\"text\" id=\"field_r6fgk\" name=\"item_meta[99]\" value=\"\"  data-invmsg=\"Text \u00e4r ogiltigt\" aria-invalid=\"false\"  \/>\n    \n    \n<\/div>\n<div id=\"frm_field_77_container\" class=\"frm_form_field form-field  frm_top_container frm4 frm_first\">\r\n    <label for=\"field_6eixk\" id=\"field_6eixk_label\" class=\"frm_primary_label\">T\u00e4vlingsgen och klass\r\n        <span class=\"frm_required\" aria-hidden=\"true\"><\/span>\r\n    <\/label>\r\n    <input type=\"text\" id=\"field_6eixk\" name=\"item_meta[77]\" value=\"\"  data-invmsg=\"Text \u00e4r ogiltigt\" aria-invalid=\"false\"  \/>\r\n    \r\n    \r\n<\/div>\n<div id=\"frm_field_78_container\" class=\"frm_form_field form-field  frm_top_container frm4\">\r\n    <label for=\"field_3kyma\" id=\"field_3kyma_label\" class=\"frm_primary_label\">Datum och po\u00e4ng\r\n        <span class=\"frm_required\" aria-hidden=\"true\"><\/span>\r\n    <\/label>\r\n    <input type=\"text\" id=\"field_3kyma\" name=\"item_meta[78]\" value=\"\"  data-invmsg=\"Text \u00e4r ogiltigt\" aria-invalid=\"false\"  \/>\r\n    \r\n    \r\n<\/div>\n<div id=\"frm_field_96_container\" class=\"frm_form_field form-field  frm_top_container frm4\">\n    <label for=\"field_2idf4\" id=\"field_2idf4_label\" class=\"frm_primary_label\">Uppflyttad till\n        <span class=\"frm_required\" aria-hidden=\"true\"><\/span>\n    <\/label>\n    <input type=\"text\" id=\"field_2idf4\" name=\"item_meta[96]\" value=\"\"  data-invmsg=\"Text \u00e4r ogiltigt\" aria-invalid=\"false\"  \/>\n    \n    \n<\/div>\n<div id=\"frm_field_79_container\" class=\"frm_form_field form-field  frm_top_container frm4 frm_first\">\r\n    <label for=\"field_xt26d\" id=\"field_xt26d_label\" class=\"frm_primary_label\">T\u00e4vlingsgren och klass\r\n        <span class=\"frm_required\" aria-hidden=\"true\"><\/span>\r\n    <\/label>\r\n    <input type=\"text\" id=\"field_xt26d\" name=\"item_meta[79]\" value=\"\"  data-invmsg=\"Text \u00e4r ogiltigt\" aria-invalid=\"false\"  \/>\r\n    \r\n    \r\n<\/div>\n<div id=\"frm_field_80_container\" class=\"frm_form_field form-field  frm_top_container frm4\">\r\n    <label for=\"field_zcw6e\" id=\"field_zcw6e_label\" class=\"frm_primary_label\">Datum och po\u00e4ng\r\n        <span class=\"frm_required\" aria-hidden=\"true\"><\/span>\r\n    <\/label>\r\n    <input type=\"text\" id=\"field_zcw6e\" name=\"item_meta[80]\" value=\"\"  data-invmsg=\"Text \u00e4r ogiltigt\" aria-invalid=\"false\"  \/>\r\n    \r\n    \r\n<\/div>\n<div id=\"frm_field_98_container\" class=\"frm_form_field form-field  frm_top_container frm4\">\n    <label for=\"field_d2udr\" id=\"field_d2udr_label\" class=\"frm_primary_label\">Uppflyttad till\n        <span class=\"frm_required\" aria-hidden=\"true\"><\/span>\n    <\/label>\n    <input type=\"text\" id=\"field_d2udr\" name=\"item_meta[98]\" value=\"\"  data-invmsg=\"Text \u00e4r ogiltigt\" aria-invalid=\"false\"  \/>\n    \n    \n<\/div>\n<div id=\"frm_field_81_container\" class=\"frm_form_field form-field  frm_required_field frm_top_container\">\r\n    <label for=\"field_8f9wb\" id=\"field_8f9wb_label\" class=\"frm_primary_label\">Din E-postadress\r\n        <span class=\"frm_required\" aria-hidden=\"true\">*<\/span>\r\n    <\/label>\r\n    <input type=\"email\" id=\"field_8f9wb\" name=\"item_meta[81]\" value=\"\"  data-reqmsg=\"Detta f\u00e4lt kan inte vara tomt.\" aria-required=\"true\" data-invmsg=\"E-post \u00e4r ogiltigt\" aria-invalid=\"false\"  \/>\r\n    \r\n    \r\n<\/div>\n<div id=\"frm_field_82_container\" class=\"frm_form_field form-field  frm_top_container\">\r\n    <label for=\"field_971g2\" id=\"field_971g2_label\" class=\"frm_primary_label\">Ev kommentar\r\n        <span class=\"frm_required\" aria-hidden=\"true\"><\/span>\r\n    <\/label>\r\n    <input type=\"text\" id=\"field_971g2\" name=\"item_meta[82]\" value=\"\"  data-invmsg=\"Text \u00e4r ogiltigt\" aria-invalid=\"false\"   aria-describedby=\"frm_desc_field_971g2\"\/>\r\n    <div class=\"frm_description\" id=\"frm_desc_field_971g2\">\r\n<\/div>\r\n    \r\n<\/div>\n<div id=\"frm_field_103_container\" class=\"frm_form_field form-field \">\n\t<div class=\"frm_submit\">\r\n\r\n<button class=\"frm_button_submit\" type=\"submit\"  >Skicka<\/button>\r\n\r\n\r\n<\/div>\n<\/div>\n\t<input type=\"hidden\" name=\"item_key\" value=\"\" \/>\n\t\t\t<div id=\"frm_field_106_container\">\n\t\t\t<label for=\"field_1gm3\" >\n\t\t\t\tOm du \u00e4r m\u00e4nsklig, l\u00e4mna det h\u00e4r f\u00e4ltet tomt.\t\t\t<\/label>\n\t\t\t<input  id=\"field_1gm3\" type=\"text\" class=\"frm_form_field form-field frm_verify\" name=\"item_meta[106]\" value=\"\"  \/>\n\t\t<\/div>\n\t\t<input name=\"frm_state\" type=\"hidden\" value=\"bHxM0DZ5oRQc3mxkI0Hyj2fHJpvVR3vLRgJEuCHdXLc=\" \/><\/div>\n<\/fieldset>\n<\/div>\n\n<\/form>\n<\/div>","protected":false},"excerpt":{"rendered":"<p>H\u00e4r anm\u00e4ler du dina uppflyttningar under 2025 (f\u00f6r rallylydnad kan \u00e4ven resultat fr\u00e5n tidigare \u00e5r r\u00e4knas med). Om du har fler \u00e4n fyra skickar du fler anm\u00e4lningar. Skickas in senas den 14\/1 2026.<\/p>\n","protected":false},"author":2,"featured_media":0,"parent":0,"menu_order":0,"comment_status":"closed","ping_status":"closed","template":"","meta":{"footnotes":"","_wp_rev_ctl_limit":""},"class_list":["post-1929","page","type-page","status-publish","hentry"],"_links":{"self":[{"href":"https:\/\/lerumsbk.se\/index.php\/wp-json\/wp\/v2\/pages\/1929","targetHints":{"allow":["GET"]}}],"collection":[{"href":"https:\/\/lerumsbk.se\/index.php\/wp-json\/wp\/v2\/pages"}],"about":[{"href":"https:\/\/lerumsbk.se\/index.php\/wp-json\/wp\/v2\/types\/page"}],"author":[{"embeddable":true,"href":"https:\/\/lerumsbk.se\/index.php\/wp-json\/wp\/v2\/users\/2"}],"replies":[{"embeddable":true,"href":"https:\/\/lerumsbk.se\/index.php\/wp-json\/wp\/v2\/comments?post=1929"}],"version-history":[{"count":3,"href":"https:\/\/lerumsbk.se\/index.php\/wp-json\/wp\/v2\/pages\/1929\/revisions"}],"predecessor-version":[{"id":5614,"href":"https:\/\/lerumsbk.se\/index.php\/wp-json\/wp\/v2\/pages\/1929\/revisions\/5614"}],"wp:attachment":[{"href":"https:\/\/lerumsbk.se\/index.php\/wp-json\/wp\/v2\/media?parent=1929"}],"curies":[{"name":"wp","href":"https:\/\/api.w.org\/{rel}","templated":true}]}}