{"id":188,"date":"2022-02-16T09:26:06","date_gmt":"2022-02-16T08:26:06","guid":{"rendered":"https:\/\/lerumsbk.se\/?page_id=188"},"modified":"2024-05-20T06:27:02","modified_gmt":"2024-05-20T05:27:02","slug":"kurser","status":"publish","type":"page","link":"https:\/\/lerumsbk.se\/index.php\/kurser\/","title":{"rendered":"Kurser"},"content":{"rendered":"<p><strong>Lerums Brukshundklubb<\/strong> arrangerar olika typer av kurser. V\u00e5rt utbud hittar du i butiken. Du kan ocks\u00e5 &#8220;\u00f6nska kurs&#8221;, om fler \u00f6nskar samma kurs s\u00f6ker vi en instrukt\u00f6r som kan h\u00e5lla kursen.<\/p>\n\n\n\n<p><a href=\"http:\/\/lerumsbk.se\/index.php\/butik\/\" data-type=\"link\" data-id=\"lerumsbk.se\/index.php\/butik\/\">H\u00e4r hittar du aktuella kurser p\u00e5 klubben &#8211;&gt;&gt;<\/a><\/p>\n\n\n\n<p><strong>Vill du anlita en personlig tr\u00e4nare? <\/strong><br>Ibland \u00e4r det v\u00e4rdefullt att utbilda sig med hj\u00e4lp av en personlig tr\u00e4nare\/instrukt\u00f6r. Tv\u00e5 tr\u00e4ningskompisar kan g\u00e5 ihop och dela p\u00e5 en timme. Kanske har du specifika sv\u00e5righeter som du vill ha hj\u00e4lp med? \u00c4r du t\u00e4vlingsinriktad och vill ha coaching i n\u00e5gra t\u00e4vlingsmoment? <br><a href=\"https:\/\/lerumsbk.se\/index.php\/personlig-tranare\/\">https:\/\/lerumsbk.se\/index.php\/personlig-tranare\/<\/a><\/p>\n\n\n\n<p>I centralf\u00f6rbundet<strong> Svenska Brukshundklubben<\/strong> finns omfattande utbildningsverksamhet f\u00f6r hund\u00e4gare, instrukt\u00f6rer och funktion\u00e4rer.  Du som vill ha hundintresset som hobby kan hitta m\u00e5nga olika v\u00e4gar som utvecklar b\u00e5de dig och din hund.<\/p>\n\n\n\n<p>P\u00e5 bilagd l\u00e4nk hittar du<strong> information och filmer<\/strong> om de olika verksamhetsgrenarna. Scrolla ned\u00e5t p\u00e5 sidan,<br><br><a href=\"https:\/\/brukshundklubben.se\/utbildning-aktivitet\/utbildningsfilmer\/\" data-type=\"link\" data-id=\"https:\/\/brukshundklubben.se\/utbildning-aktivitet\/utbildningsfilmer\/\">https:\/\/brukshundklubben.se\/utbildning-aktivitet\/utbildningsfilmer\/<\/a><\/p>\n\n\n\n<p>P\u00e5 n\u00e4sta l\u00e4nk hittar du <strong>Brukshundklubbens olika poddavsnitt,<\/strong> lite &#8220;gott och blandat&#8221; &#8211; lyssna och l\u00e5t dig inspireras.<br><a href=\"https:\/\/brukshundklubben.se\/utbildning-aktivitet\/hundagarpodden\/\" data-type=\"link\" data-id=\"https:\/\/brukshundklubben.se\/utbildning-aktivitet\/hundagarpodden\/\">https:\/\/brukshundklubben.se\/utbildning-aktivitet\/hundagarpodden\/<\/a><\/p>\n\n\n\n<figure class=\"wp-block-image size-large\"><img loading=\"lazy\" decoding=\"async\" width=\"1024\" height=\"683\" src=\"https:\/\/lerumsbk.se\/wp-content\/uploads\/2023\/12\/IMG_2137-1024x683.jpg\" alt=\"\" class=\"wp-image-3275\" srcset=\"https:\/\/lerumsbk.se\/wp-content\/uploads\/2023\/12\/IMG_2137-1024x683.jpg 1024w, https:\/\/lerumsbk.se\/wp-content\/uploads\/2023\/12\/IMG_2137-300x200.jpg 300w, https:\/\/lerumsbk.se\/wp-content\/uploads\/2023\/12\/IMG_2137-768x512.jpg 768w, https:\/\/lerumsbk.se\/wp-content\/uploads\/2023\/12\/IMG_2137-1536x1024.jpg 1536w, https:\/\/lerumsbk.se\/wp-content\/uploads\/2023\/12\/IMG_2137-2048x1365.jpg 2048w, https:\/\/lerumsbk.se\/wp-content\/uploads\/2023\/12\/IMG_2137-1320x880.jpg 1320w, https:\/\/lerumsbk.se\/wp-content\/uploads\/2023\/12\/IMG_2137-350x233.jpg 350w\" sizes=\"auto, (max-width: 767px) 89vw, (max-width: 1000px) 54vw, (max-width: 1071px) 543px, 580px\" \/><\/figure>","protected":false},"excerpt":{"rendered":"<p>Lerums Brukshundklubb arrangerar olika typer av kurser. V\u00e5rt utbud hittar du i butiken. Du kan ocks\u00e5 &#8220;\u00f6nska kurs&#8221;, om fler \u00f6nskar samma kurs s\u00f6ker vi en instrukt\u00f6r som kan h\u00e5lla kursen. H\u00e4r hittar du aktuella kurser p\u00e5 klubben &#8211;&gt;&gt; Vill du anlita en personlig tr\u00e4nare? Ibland \u00e4r det v\u00e4rdefullt att utbilda sig med hj\u00e4lp av &hellip; <\/p>\n<p class=\"link-more\"><a href=\"https:\/\/lerumsbk.se\/index.php\/kurser\/\" class=\"more-link\">Forts\u00e4tt l\u00e4sa<span class=\"screen-reader-text\"> \u201dKurser\u201d<\/span><\/a><\/p>\n","protected":false},"author":2,"featured_media":0,"parent":0,"menu_order":0,"comment_status":"closed","ping_status":"closed","template":"","meta":{"footnotes":"","_wp_rev_ctl_limit":""},"class_list":["post-188","page","type-page","status-publish","hentry"],"_links":{"self":[{"href":"https:\/\/lerumsbk.se\/index.php\/wp-json\/wp\/v2\/pages\/188","targetHints":{"allow":["GET"]}}],"collection":[{"href":"https:\/\/lerumsbk.se\/index.php\/wp-json\/wp\/v2\/pages"}],"about":[{"href":"https:\/\/lerumsbk.se\/index.php\/wp-json\/wp\/v2\/types\/page"}],"author":[{"embeddable":true,"href":"https:\/\/lerumsbk.se\/index.php\/wp-json\/wp\/v2\/users\/2"}],"replies":[{"embeddable":true,"href":"https:\/\/lerumsbk.se\/index.php\/wp-json\/wp\/v2\/comments?post=188"}],"version-history":[{"count":3,"href":"https:\/\/lerumsbk.se\/index.php\/wp-json\/wp\/v2\/pages\/188\/revisions"}],"predecessor-version":[{"id":4021,"href":"https:\/\/lerumsbk.se\/index.php\/wp-json\/wp\/v2\/pages\/188\/revisions\/4021"}],"wp:attachment":[{"href":"https:\/\/lerumsbk.se\/index.php\/wp-json\/wp\/v2\/media?parent=188"}],"curies":[{"name":"wp","href":"https:\/\/api.w.org\/{rel}","templated":true}]}}