{"id":178,"date":"2022-02-16T08:59:27","date_gmt":"2022-02-16T07:59:27","guid":{"rendered":"https:\/\/lerumsbk.se\/?page_id=178"},"modified":"2026-03-28T14:37:33","modified_gmt":"2026-03-28T13:37:33","slug":"tavlingar","status":"publish","type":"page","link":"https:\/\/lerumsbk.se\/index.php\/tavlingar\/","title":{"rendered":"Planerade t\u00e4vlingar och prov under 2026"},"content":{"rendered":"<p>Lerums brukshundklubb arrangerar flera t\u00e4vlingar i olika grenar, samt Mentalbeskrivning Hund (MH) samt en inofficiell utst\u00e4llning varje \u00e5r.<\/p>\n\n\n\n<p>H\u00e4r kan du l\u00e4sa mer om t\u00e4vlingar som finns i Svenska Brukshundklubben. <br><a href=\"https:\/\/brukshundklubben.se\/prov-tavling\/prov-och-tavlingsgrenar\/\" data-type=\"link\" data-id=\"https:\/\/brukshundklubben.se\/prov-tavling\/prov-och-tavlingsgrenar\/\">https:\/\/brukshundklubben.se\/prov-tavling\/prov-och-tavlingsgrenar\/<\/a><\/p>\n\n\n\n<ul class=\"wp-block-list\">\n<li>28\/3 IGP (BH\/VT, IGP 1, IGP 2, IGP 3)<\/li>\n\n\n\n<li>29\/3 Specials\u00f6k Klass 1<\/li>\n\n\n\n<li>11\/4 Appell sp\u00e5r &amp; s\u00f6k<\/li>\n\n\n\n<li>18\/4 MH (uppf\u00f6dar-MH)<\/li>\n\n\n\n<li>26\/4 Sp\u00e5r (elitklass)<\/li>\n\n\n\n<li>2\/5 Rallylydnad (nyb\u00f6rjare och forts\u00e4ttningsklass)<\/li>\n\n\n\n<li>9\/5 MH<\/li>\n\n\n\n<li>16\/5 Lydnad (alla klasser)<\/li>\n\n\n\n<li>23\/5 Inofficiell utst\u00e4llning<\/li>\n\n\n\n<li>31\/5 S\u00f6k (l\u00e4gre, h\u00f6gre &amp; elit)<\/li>\n\n\n\n<li>7\/6 Skydd (l\u00e4gre, h\u00f6gre &amp; elit)<\/li>\n\n\n\n<li>13\/6 MH<\/li>\n\n\n\n<li>15\/8 MH<\/li>\n\n\n\n<li>29\/8 Rallylydnad (forts\u00e4ttning och m\u00e4starklass)<\/li>\n\n\n\n<li>5\/9 Sp\u00e5r (l\u00e4gre och h\u00f6gre klass)<\/li>\n\n\n\n<li>12\/9 IGP (BH\/VT, IGP 1, IGP 2, IGP 3)<\/li>\n\n\n\n<li>19\/9 MH<\/li>\n\n\n\n<li>3\/10 Lydnad (startklass och klass 1, dubbla starter)<\/li>\n\n\n\n<li>10\/10 MH<\/li>\n<\/ul>\n\n\n\n<p><\/p>\n\n\n\n<p><\/p>","protected":false},"excerpt":{"rendered":"<p>Lerums brukshundklubb arrangerar flera t\u00e4vlingar i olika grenar, samt Mentalbeskrivning Hund (MH) samt en inofficiell utst\u00e4llning varje \u00e5r. H\u00e4r kan du l\u00e4sa mer om t\u00e4vlingar som finns i Svenska Brukshundklubben. https:\/\/brukshundklubben.se\/prov-tavling\/prov-och-tavlingsgrenar\/<\/p>\n","protected":false},"author":2,"featured_media":0,"parent":0,"menu_order":0,"comment_status":"closed","ping_status":"closed","template":"","meta":{"footnotes":"","_wp_rev_ctl_limit":""},"class_list":["post-178","page","type-page","status-publish","hentry"],"_links":{"self":[{"href":"https:\/\/lerumsbk.se\/index.php\/wp-json\/wp\/v2\/pages\/178","targetHints":{"allow":["GET"]}}],"collection":[{"href":"https:\/\/lerumsbk.se\/index.php\/wp-json\/wp\/v2\/pages"}],"about":[{"href":"https:\/\/lerumsbk.se\/index.php\/wp-json\/wp\/v2\/types\/page"}],"author":[{"embeddable":true,"href":"https:\/\/lerumsbk.se\/index.php\/wp-json\/wp\/v2\/users\/2"}],"replies":[{"embeddable":true,"href":"https:\/\/lerumsbk.se\/index.php\/wp-json\/wp\/v2\/comments?post=178"}],"version-history":[{"count":3,"href":"https:\/\/lerumsbk.se\/index.php\/wp-json\/wp\/v2\/pages\/178\/revisions"}],"predecessor-version":[{"id":6099,"href":"https:\/\/lerumsbk.se\/index.php\/wp-json\/wp\/v2\/pages\/178\/revisions\/6099"}],"wp:attachment":[{"href":"https:\/\/lerumsbk.se\/index.php\/wp-json\/wp\/v2\/media?parent=178"}],"curies":[{"name":"wp","href":"https:\/\/api.w.org\/{rel}","templated":true}]}}