{"id":1670,"date":"2022-09-20T20:31:10","date_gmt":"2022-09-20T19:31:10","guid":{"rendered":"https:\/\/lerumsbk.se\/?page_id=1670"},"modified":"2022-09-20T20:43:35","modified_gmt":"2022-09-20T19:43:35","slug":"kurs-i-vardagslydnad","status":"publish","type":"page","link":"https:\/\/lerumsbk.se\/index.php\/kurs-i-vardagslydnad\/","title":{"rendered":"Vardagslydnad"},"content":{"rendered":"<p>Jobbar p\u00e5 att f\u00f6rb\u00e4ttra samarbetet i vardagen s\u00e5 hunden v\u00e4ljer dej f\u00f6re allt annat.&nbsp;<\/p>\n\n\n\n<p>Utvecklar stadga\/st\u00f6rning i moment&nbsp;<br>*Sitt<br>*Ligg<br>*F\u00f6ljsamhet<br>*Inkallning<\/p>\n\n\n\n<p>Kommer \u00e4ven att prata om vikten utav fysisk\/mental aktivering, samt hantering.&nbsp;<\/p>\n\n\n\n<p><strong>Tid:\u00a0<\/strong>M\u00e5ndagar kl 18:30-20:00, 5 tillf\u00e4llen med start 3 Oktober.<br>Alla datum: 3\/10, 17\/10, 31\/10, 14\/11 och 28\/11<\/p>\n\n\n\n<p><strong>Pris:<\/strong>&nbsp;1250:- + medlemskap i Lerums Brukshundklubb<\/p>\n\n\n\n<p><strong>Instrukt\u00f6r:<\/strong>&nbsp;Henrik Thors\u00e9n<\/p>\n\n\n\n<p><a href=\"https:\/\/lerumsbk.se\/index.php\/kurser\/kursanmalan\/\">Till anm\u00e4lan =&gt;<\/a><\/p>","protected":false},"excerpt":{"rendered":"<p>Jobbar p\u00e5 att f\u00f6rb\u00e4ttra samarbetet i vardagen s\u00e5 hunden v\u00e4ljer dej f\u00f6re allt annat.&nbsp; Utvecklar stadga\/st\u00f6rning i moment&nbsp;*Sitt*Ligg*F\u00f6ljsamhet*Inkallning Kommer \u00e4ven att prata om vikten utav fysisk\/mental aktivering, samt hantering.&nbsp; Tid:\u00a0M\u00e5ndagar kl 18:30-20:00, 5 tillf\u00e4llen med start 3 Oktober.Alla datum: 3\/10, 17\/10, 31\/10, 14\/11 och 28\/11 Pris:&nbsp;1250:- + medlemskap i Lerums Brukshundklubb Instrukt\u00f6r:&nbsp;Henrik Thors\u00e9n Till anm\u00e4lan &hellip; <\/p>\n<p class=\"link-more\"><a href=\"https:\/\/lerumsbk.se\/index.php\/kurs-i-vardagslydnad\/\" class=\"more-link\">Forts\u00e4tt l\u00e4sa<span class=\"screen-reader-text\"> \u201dVardagslydnad\u201d<\/span><\/a><\/p>\n","protected":false},"author":6,"featured_media":0,"parent":0,"menu_order":0,"comment_status":"closed","ping_status":"closed","template":"","meta":{"footnotes":"","_wp_rev_ctl_limit":""},"class_list":["post-1670","page","type-page","status-publish","hentry"],"_links":{"self":[{"href":"https:\/\/lerumsbk.se\/index.php\/wp-json\/wp\/v2\/pages\/1670","targetHints":{"allow":["GET"]}}],"collection":[{"href":"https:\/\/lerumsbk.se\/index.php\/wp-json\/wp\/v2\/pages"}],"about":[{"href":"https:\/\/lerumsbk.se\/index.php\/wp-json\/wp\/v2\/types\/page"}],"author":[{"embeddable":true,"href":"https:\/\/lerumsbk.se\/index.php\/wp-json\/wp\/v2\/users\/6"}],"replies":[{"embeddable":true,"href":"https:\/\/lerumsbk.se\/index.php\/wp-json\/wp\/v2\/comments?post=1670"}],"version-history":[{"count":3,"href":"https:\/\/lerumsbk.se\/index.php\/wp-json\/wp\/v2\/pages\/1670\/revisions"}],"predecessor-version":[{"id":1676,"href":"https:\/\/lerumsbk.se\/index.php\/wp-json\/wp\/v2\/pages\/1670\/revisions\/1676"}],"wp:attachment":[{"href":"https:\/\/lerumsbk.se\/index.php\/wp-json\/wp\/v2\/media?parent=1670"}],"curies":[{"name":"wp","href":"https:\/\/api.w.org\/{rel}","templated":true}]}}