{"id":154,"date":"2022-02-15T12:51:57","date_gmt":"2022-02-15T11:51:57","guid":{"rendered":"https:\/\/lerumsbk.se\/?page_id=154"},"modified":"2023-12-05T10:58:09","modified_gmt":"2023-12-05T09:58:09","slug":"tjanstehundssektorn-tjh","status":"publish","type":"page","link":"https:\/\/lerumsbk.se\/index.php\/tjanstehundssektorn-tjh\/","title":{"rendered":"Tj\u00e4nstehundssektorn (TJH)"},"content":{"rendered":"<p><strong>Tj\u00e4nstehundssektorn \u00e4r f\u00f6r n\u00e4rvarande vilande.<\/strong><\/p>\n\n\n\n<p>Sektorn har till uppgift att ta initiativ till och genomf\u00f6ra utbildning av samh\u00e4llsnyttiga hundar, kallade tj\u00e4nstehundar. <br>Tj\u00e4nstehundssektorn \u00e4r f\u00f6r n\u00e4rvarande vilande p\u00e5 Lerums BK och vi h\u00e4nvisar intresserade till V\u00e4stra distriktet.<br>H\u00e4r kan du l\u00e4sa mer om tj\u00e4nstehundsverksamhet i Svenska Brukshundklubben.<br><a href=\"https:\/\/brukshundklubben.se\/tjanstehund\/\" data-type=\"link\" data-id=\"https:\/\/brukshundklubben.se\/tjanstehund\/\">https:\/\/brukshundklubben.se\/tjanstehund\/<\/a><\/p>\n\n\n\n<p><strong>Tj\u00e4nstehundssektorn <\/strong><br>Ska enligt direktiv fr\u00e5n ber\u00f6rda myndigheter ansvara sektorn f\u00f6r urval av l\u00e4mpliga hundar och planera utbildning och examinering .<br><\/p>","protected":false},"excerpt":{"rendered":"<p>Tj\u00e4nstehundssektorn \u00e4r f\u00f6r n\u00e4rvarande vilande. Sektorn har till uppgift att ta initiativ till och genomf\u00f6ra utbildning av samh\u00e4llsnyttiga hundar, kallade tj\u00e4nstehundar. Tj\u00e4nstehundssektorn \u00e4r f\u00f6r n\u00e4rvarande vilande p\u00e5 Lerums BK och vi h\u00e4nvisar intresserade till V\u00e4stra distriktet.H\u00e4r kan du l\u00e4sa mer om tj\u00e4nstehundsverksamhet i Svenska Brukshundklubben.https:\/\/brukshundklubben.se\/tjanstehund\/ Tj\u00e4nstehundssektorn Ska enligt direktiv fr\u00e5n ber\u00f6rda myndigheter ansvara sektorn f\u00f6r &hellip; <\/p>\n<p class=\"link-more\"><a href=\"https:\/\/lerumsbk.se\/index.php\/tjanstehundssektorn-tjh\/\" class=\"more-link\">Forts\u00e4tt l\u00e4sa<span class=\"screen-reader-text\"> \u201dTj\u00e4nstehundssektorn (TJH)\u201d<\/span><\/a><\/p>\n","protected":false},"author":2,"featured_media":0,"parent":0,"menu_order":0,"comment_status":"closed","ping_status":"closed","template":"","meta":{"footnotes":"","_wp_rev_ctl_limit":""},"class_list":["post-154","page","type-page","status-publish","hentry"],"_links":{"self":[{"href":"https:\/\/lerumsbk.se\/index.php\/wp-json\/wp\/v2\/pages\/154","targetHints":{"allow":["GET"]}}],"collection":[{"href":"https:\/\/lerumsbk.se\/index.php\/wp-json\/wp\/v2\/pages"}],"about":[{"href":"https:\/\/lerumsbk.se\/index.php\/wp-json\/wp\/v2\/types\/page"}],"author":[{"embeddable":true,"href":"https:\/\/lerumsbk.se\/index.php\/wp-json\/wp\/v2\/users\/2"}],"replies":[{"embeddable":true,"href":"https:\/\/lerumsbk.se\/index.php\/wp-json\/wp\/v2\/comments?post=154"}],"version-history":[{"count":2,"href":"https:\/\/lerumsbk.se\/index.php\/wp-json\/wp\/v2\/pages\/154\/revisions"}],"predecessor-version":[{"id":3280,"href":"https:\/\/lerumsbk.se\/index.php\/wp-json\/wp\/v2\/pages\/154\/revisions\/3280"}],"wp:attachment":[{"href":"https:\/\/lerumsbk.se\/index.php\/wp-json\/wp\/v2\/media?parent=154"}],"curies":[{"name":"wp","href":"https:\/\/api.w.org\/{rel}","templated":true}]}}