{"id":150,"date":"2022-02-15T12:50:20","date_gmt":"2022-02-15T11:50:20","guid":{"rendered":"https:\/\/lerumsbk.se\/?page_id=150"},"modified":"2024-12-04T08:20:06","modified_gmt":"2024-12-04T07:20:06","slug":"trivselsektorn","status":"publish","type":"page","link":"https:\/\/lerumsbk.se\/index.php\/trivselsektorn\/","title":{"rendered":"Trivselkommitt\u00e9"},"content":{"rendered":"<p>Ansvarig: Eddie Johansson<\/p>\n\n\n\n<p>Trivselgruppen har till uppgift att arbeta f\u00f6r trivsel och medlemsaktiviteter samt ink\u00f6p till k\u00f6ket.<\/p>\n\n\n\n<figure class=\"wp-block-image size-full is-resized\"><img loading=\"lazy\" decoding=\"async\" width=\"160\" height=\"213\" src=\"https:\/\/lerumsbk.se\/wp-content\/uploads\/2023\/05\/image-7.png\" alt=\"\" class=\"wp-image-2595\" style=\"width:313px;height:417px\"\/><\/figure>\n\n\n\n<p><strong>Trivselgruppens uppgift: <\/strong><br>&#8211; Ordna medlemsaktiviteter som familjedagar och klubbfester.<br>&#8211; K\u00f6pa in varor till serveringen.<br>&#8211; Se till att klubbstugan \u00e4r trevlig och inbjudande.<\/p>","protected":false},"excerpt":{"rendered":"<p>Ansvarig: Eddie Johansson Trivselgruppen har till uppgift att arbeta f\u00f6r trivsel och medlemsaktiviteter samt ink\u00f6p till k\u00f6ket. Trivselgruppens uppgift: &#8211; Ordna medlemsaktiviteter som familjedagar och klubbfester.&#8211; K\u00f6pa in varor till serveringen.&#8211; Se till att klubbstugan \u00e4r trevlig och inbjudande.<\/p>\n","protected":false},"author":2,"featured_media":0,"parent":0,"menu_order":0,"comment_status":"closed","ping_status":"closed","template":"","meta":{"footnotes":"","_wp_rev_ctl_limit":""},"class_list":["post-150","page","type-page","status-publish","hentry"],"_links":{"self":[{"href":"https:\/\/lerumsbk.se\/index.php\/wp-json\/wp\/v2\/pages\/150","targetHints":{"allow":["GET"]}}],"collection":[{"href":"https:\/\/lerumsbk.se\/index.php\/wp-json\/wp\/v2\/pages"}],"about":[{"href":"https:\/\/lerumsbk.se\/index.php\/wp-json\/wp\/v2\/types\/page"}],"author":[{"embeddable":true,"href":"https:\/\/lerumsbk.se\/index.php\/wp-json\/wp\/v2\/users\/2"}],"replies":[{"embeddable":true,"href":"https:\/\/lerumsbk.se\/index.php\/wp-json\/wp\/v2\/comments?post=150"}],"version-history":[{"count":3,"href":"https:\/\/lerumsbk.se\/index.php\/wp-json\/wp\/v2\/pages\/150\/revisions"}],"predecessor-version":[{"id":4617,"href":"https:\/\/lerumsbk.se\/index.php\/wp-json\/wp\/v2\/pages\/150\/revisions\/4617"}],"wp:attachment":[{"href":"https:\/\/lerumsbk.se\/index.php\/wp-json\/wp\/v2\/media?parent=150"}],"curies":[{"name":"wp","href":"https:\/\/api.w.org\/{rel}","templated":true}]}}