{"id":15,"date":"2022-02-14T12:58:12","date_gmt":"2022-02-14T11:58:12","guid":{"rendered":"https:\/\/lerumsbk.se\/?page_id=15"},"modified":"2026-02-28T09:50:36","modified_gmt":"2026-02-28T08:50:36","slug":"kontakt","status":"publish","type":"page","link":"https:\/\/lerumsbk.se\/index.php\/kontakt\/","title":{"rendered":"Styrelsen, revisorer och valberedning"},"content":{"rendered":"<figure class=\"wp-block-image size-thumbnail is-resized\"><img loading=\"lazy\" decoding=\"async\" width=\"150\" height=\"150\" src=\"https:\/\/lerumsbk.se\/wp-content\/uploads\/2022\/02\/ordforandeklubba-150x150.png\" alt=\"\" class=\"wp-image-393\" style=\"width:256px;height:256px\" srcset=\"https:\/\/lerumsbk.se\/wp-content\/uploads\/2022\/02\/ordforandeklubba-150x150.png 150w, https:\/\/lerumsbk.se\/wp-content\/uploads\/2022\/02\/ordforandeklubba-250x250.png 250w, https:\/\/lerumsbk.se\/wp-content\/uploads\/2022\/02\/ordforandeklubba-100x100.png 100w, https:\/\/lerumsbk.se\/wp-content\/uploads\/2022\/02\/ordforandeklubba-350x350.png 350w, https:\/\/lerumsbk.se\/wp-content\/uploads\/2022\/02\/ordforandeklubba-300x300.png 300w, https:\/\/lerumsbk.se\/wp-content\/uploads\/2022\/02\/ordforandeklubba.png 512w\" sizes=\"auto, (max-width: 150px) 100vw, 150px\" \/><\/figure>\n\n\n\n<p>Gemensam e-postadress till hela styrelsen: <a href=\"mailto:&#x73;&#x74;&#x79;&#x72;&#x65;&#x6c;&#x73;&#x65;&#x6e;&#x40;&#x6c;&#x65;&#x72;&#x75;&#x6d;&#x73;&#x62;&#x6b;&#x2e;&#x73;&#x65;\">&#x73;&#x74;&#x79;&#x72;&#x65;&#x6c;&#x73;&#x65;&#x6e;&#x40;<span class=\"oe_displaynone\">null<\/span>&#x6c;&#x65;&#x72;&#x75;&#x6d;&#x73;&#x62;&#x6b;&#x2e;&#x73;&#x65;<\/a><\/p>\n\n\n\n<p><strong>Styrelsen 2025<\/strong><\/p>\n\n\n\n<p><\/p>\n\n\n\n<p><\/p>\n\n\n\n<div class=\"wp-block-media-text is-stacked-on-mobile\"><figure class=\"wp-block-media-text__media\"><img loading=\"lazy\" decoding=\"async\" width=\"655\" height=\"719\" src=\"https:\/\/lerumsbk.se\/wp-content\/uploads\/2025\/03\/Emelie.jpg\" alt=\"\" class=\"wp-image-5074 size-full\" srcset=\"https:\/\/lerumsbk.se\/wp-content\/uploads\/2025\/03\/Emelie.jpg 655w, https:\/\/lerumsbk.se\/wp-content\/uploads\/2025\/03\/Emelie-273x300.jpg 273w, https:\/\/lerumsbk.se\/wp-content\/uploads\/2025\/03\/Emelie-350x384.jpg 350w\" sizes=\"auto, (max-width: 655px) 100vw, 655px\" \/><\/figure><div class=\"wp-block-media-text__content\">\n<p><span style=\"font-family: comic sans ms, sans-serif; font-size: 24px; color: #000080;\">Ordf\u00f6rande<\/span><br \/><span style=\"font-family: comic sans ms, sans-serif; font-size: 20px; color: #000080;\">Emelie Hagelin<\/span><\/p>\n\n\n\n<p>Emelie tr\u00e4nar och t\u00e4vlar i brukssp\u00e5r<br>och skydd med sin tervuren Crass och<br>riesensnauzern \u00c5rvar som \u00e4ven han<br>ska bli en t\u00e4vlingshund n\u00e4r han blir<br>stor. Staffordshire Stina tr\u00e4nar<br>freestyle och lydnad.<br>Varit aktiv medlem i Lerums Brukshundklubb sedan 2019.<br>\u201dEn klubb som passar alla som brinner f\u00f6r hundsport oavsett<br>gren eller kunskapsniv\u00e5\u201d<\/p>\n\n\n\n<p>E-mail: <a href=\"mailto:&#x6f;&#x72;&#x64;&#x66;&#x6f;&#x72;&#x61;&#x6e;&#x64;&#x65;&#x40;&#x6c;&#x65;&#x72;&#x75;&#x6d;&#x73;&#x62;&#x6b;&#x2e;&#x73;&#x65;\" target=\"_blank\" rel=\"noreferrer noopener\">&#x6f;&#x72;&#x64;&#x66;&#x6f;&#x72;&#x61;&#x6e;&#x64;&#x65;&#x40;<span class=\"oe_displaynone\">null<\/span>&#x6c;&#x65;&#x72;&#x75;&#x6d;&#x73;&#x62;&#x6b;&#x2e;&#x73;&#x65;<\/a><\/p>\n\n\n\n<p><\/p>\n<\/div><\/div>\n\n\n\n<div class=\"wp-block-media-text has-media-on-the-right is-stacked-on-mobile\"><div class=\"wp-block-media-text__content\">\n<p><span style=\"font-family: comic sans ms, sans-serif; font-size: 24px; color: #000080;\">Vice ordf\u00f6rande<\/span><br \/><span style=\"font-family: comic sans ms, sans-serif; font-size: 20px; color: #000080;\">Emmy Landqvist<\/span><\/p>\n\n\n\n<p>Emmy tr\u00e4nar specials\u00f6k, brukssp\u00e5r<br>och lydnad med sina malinois Lystra<br>och Crut.<br>Medlem i Lerums brukshundklubb<br>sedan 2009.<br>Med i styrelsen sedan 2024<br>\u201dEn aktiv v\u00e4lkomnande klubb d\u00e4r vi alla hj\u00e4lps \u00e5t\u201d<\/p>\n\n\n\n<p><\/p>\n<\/div><figure class=\"wp-block-media-text__media\"><img loading=\"lazy\" decoding=\"async\" width=\"1024\" height=\"768\" src=\"https:\/\/lerumsbk.se\/wp-content\/uploads\/2025\/03\/Emmy-1024x768.jpg\" alt=\"\" class=\"wp-image-5075 size-full\" srcset=\"https:\/\/lerumsbk.se\/wp-content\/uploads\/2025\/03\/Emmy-1024x768.jpg 1024w, https:\/\/lerumsbk.se\/wp-content\/uploads\/2025\/03\/Emmy-300x225.jpg 300w, https:\/\/lerumsbk.se\/wp-content\/uploads\/2025\/03\/Emmy-768x576.jpg 768w, https:\/\/lerumsbk.se\/wp-content\/uploads\/2025\/03\/Emmy-1536x1152.jpg 1536w, https:\/\/lerumsbk.se\/wp-content\/uploads\/2025\/03\/Emmy-2048x1536.jpg 2048w, https:\/\/lerumsbk.se\/wp-content\/uploads\/2025\/03\/Emmy-350x263.jpg 350w\" sizes=\"auto, (max-width: 767px) 89vw, (max-width: 1000px) 54vw, (max-width: 1071px) 543px, 580px\" \/><\/figure><\/div>\n\n\n\n<div class=\"wp-block-media-text is-stacked-on-mobile\"><figure class=\"wp-block-media-text__media\"><img loading=\"lazy\" decoding=\"async\" width=\"842\" height=\"1024\" src=\"https:\/\/lerumsbk.se\/wp-content\/uploads\/2025\/03\/Anja-842x1024.jpg\" alt=\"\" class=\"wp-image-5084 size-full\" srcset=\"https:\/\/lerumsbk.se\/wp-content\/uploads\/2025\/03\/Anja-842x1024.jpg 842w, https:\/\/lerumsbk.se\/wp-content\/uploads\/2025\/03\/Anja-247x300.jpg 247w, https:\/\/lerumsbk.se\/wp-content\/uploads\/2025\/03\/Anja-768x934.jpg 768w, https:\/\/lerumsbk.se\/wp-content\/uploads\/2025\/03\/Anja-350x426.jpg 350w, https:\/\/lerumsbk.se\/wp-content\/uploads\/2025\/03\/Anja.jpg 981w\" sizes=\"auto, (max-width: 767px) 89vw, (max-width: 1000px) 54vw, (max-width: 1071px) 543px, 580px\" \/><\/figure><div class=\"wp-block-media-text__content\">\n<p><span style=\"font-family: comic sans ms, sans-serif; color: #000080; font-size: 24px;\">Sekreterare<\/span><br \/><span style=\"font-family: comic sans ms, sans-serif; color: #000080; font-size: 20px;\">Anja Delmefors<\/span><\/p>\n\n\n\n<p>Tr\u00e4nar viltsp\u00e5r och brukssp\u00e5r med sin<br>mellanpudel Sigge.<br>Medlem i Lerums Brukshundklubb<br>sedan 2022 och har varit med i styrelsen sedan 2024.<br>\u201dJag tycker att brukshundklubben har<br>en viktig funktion som beh\u00f6ver bevaras. Det \u00e4r en plats f\u00f6r hundintresserade att samlas p\u00e5.\u201d<\/p>\n\n\n\n<p>E-mail: <a href=\"mailto:&#x73;&#x65;&#x6b;&#x72;&#x65;&#x74;&#x65;&#x72;&#x61;&#x72;&#x65;&#x40;&#x6c;&#x65;&#x72;&#x75;&#x6d;&#x73;&#x62;&#x6b;&#x2e;&#x73;&#x65;\">&#x73;&#x65;&#x6b;&#x72;&#x65;&#x74;&#x65;&#x72;&#x61;&#x72;&#x65;&#x40;<span class=\"oe_displaynone\">null<\/span>&#x6c;&#x65;&#x72;&#x75;&#x6d;&#x73;&#x62;&#x6b;&#x2e;&#x73;&#x65;<\/a><\/p>\n\n\n\n<p><\/p>\n<\/div><\/div>\n\n\n\n<div class=\"wp-block-media-text has-media-on-the-right is-stacked-on-mobile\"><div class=\"wp-block-media-text__content\">\n<p><span style=\"font-family: comic sans ms, sans-serif; color: #000080; font-size: 24px;\">Kass\u00f6r<\/span><br \/><span style=\"font-family: comic sans ms, sans-serif; color: #000080; font-size: 20px;\">Yvonne Edlund<\/span><\/p>\n\n\n\n<p>Kass\u00f6r i klubben sedan 2020.<br>Medlem i Lerums Brukshundklubb sedan 2016.<br>Tr\u00e4nar och t\u00e4vlar rallylydnad, viltsp\u00e5r, lydnad, brukssp\u00e5r och<br>s\u00f6k med sina golden retrievers Fanny, Lukas och Tess.<br>\u201dEn klubb d\u00e4r alla k\u00e4nner sig v\u00e4lkomna oavsett erfarenheter,<br>hundras eller \u00e5lder\u201d<\/p>\n\n\n\n<p>E-mail: <a href=\"mailto:&#x6b;&#x61;&#x73;&#x73;&#x6f;&#x72;&#x40;&#x6c;&#x65;&#x72;&#x75;&#x6d;&#x73;&#x62;&#x6b;&#x2e;&#x73;&#x65;\">&#x6b;&#x61;&#x73;&#x73;&#x6f;&#x72;&#x40;<span class=\"oe_displaynone\">null<\/span>&#x6c;&#x65;&#x72;&#x75;&#x6d;&#x73;&#x62;&#x6b;&#x2e;&#x73;&#x65;<\/a><\/p>\n\n\n\n<p><\/p>\n<\/div><figure class=\"wp-block-media-text__media\"><img loading=\"lazy\" decoding=\"async\" width=\"891\" height=\"1024\" src=\"https:\/\/lerumsbk.se\/wp-content\/uploads\/2025\/03\/Yvonne-891x1024.jpg\" alt=\"\" class=\"wp-image-5081 size-full\" srcset=\"https:\/\/lerumsbk.se\/wp-content\/uploads\/2025\/03\/Yvonne-891x1024.jpg 891w, https:\/\/lerumsbk.se\/wp-content\/uploads\/2025\/03\/Yvonne-261x300.jpg 261w, https:\/\/lerumsbk.se\/wp-content\/uploads\/2025\/03\/Yvonne-768x883.jpg 768w, https:\/\/lerumsbk.se\/wp-content\/uploads\/2025\/03\/Yvonne-1336x1536.jpg 1336w, https:\/\/lerumsbk.se\/wp-content\/uploads\/2025\/03\/Yvonne-350x402.jpg 350w, https:\/\/lerumsbk.se\/wp-content\/uploads\/2025\/03\/Yvonne.jpg 1565w\" sizes=\"auto, (max-width: 767px) 89vw, (max-width: 1000px) 54vw, (max-width: 1071px) 543px, 580px\" \/><\/figure><\/div>\n\n\n\n<div class=\"wp-block-media-text is-stacked-on-mobile\"><figure class=\"wp-block-media-text__media\"><img loading=\"lazy\" decoding=\"async\" width=\"768\" height=\"1024\" src=\"https:\/\/lerumsbk.se\/wp-content\/uploads\/2025\/03\/Git-768x1024.jpg\" alt=\"\" class=\"wp-image-5086 size-full\" srcset=\"https:\/\/lerumsbk.se\/wp-content\/uploads\/2025\/03\/Git-768x1024.jpg 768w, https:\/\/lerumsbk.se\/wp-content\/uploads\/2025\/03\/Git-225x300.jpg 225w, https:\/\/lerumsbk.se\/wp-content\/uploads\/2025\/03\/Git-1152x1536.jpg 1152w, https:\/\/lerumsbk.se\/wp-content\/uploads\/2025\/03\/Git-1536x2048.jpg 1536w, https:\/\/lerumsbk.se\/wp-content\/uploads\/2025\/03\/Git-350x467.jpg 350w, https:\/\/lerumsbk.se\/wp-content\/uploads\/2025\/03\/Git-scaled.jpg 1920w\" sizes=\"auto, (max-width: 767px) 89vw, (max-width: 1000px) 54vw, (max-width: 1071px) 543px, 580px\" \/><\/figure><div class=\"wp-block-media-text__content\">\n<p><span style=\"font-family: comic sans ms, sans-serif; color: #000080; font-size: 24px;\">Ledamot<\/span><br \/><span style=\"font-family: comic sans ms, sans-serif; color: #000080; font-size: 20px;\">Git Jering<\/span><\/p>\n\n\n\n<p>Git tr\u00e4nar och t\u00e4vlar med sina<br>groenendael Trotza, Chakra och<br>Rioja och sin whippet Ali i brukss\u00f6k<br>och sp\u00e5r samt specials\u00f6k.<br>Medlem i Lerums Brukshundklubb<br>sedan 1985.<br>\u201dJag brinner f\u00f6r bruksgrenarna och vill<br>hj\u00e4lpa till att bevara dem och \u00f6ka intresset hos v\u00e5ra medlemmar\u201d<\/p>\n\n\n\n<p>E-mail: <a href=\"mailto:&#x6c;&#x65;&#x64;&#x61;&#x6d;&#x6f;&#x74;&#x31;&#x40;&#x6c;&#x65;&#x72;&#x75;&#x6d;&#x73;&#x62;&#x6b;&#x2e;&#x73;&#x65;\">&#x6c;&#x65;&#x64;&#x61;&#x6d;&#x6f;&#x74;&#x31;&#x40;<span class=\"oe_displaynone\">null<\/span>&#x6c;&#x65;&#x72;&#x75;&#x6d;&#x73;&#x62;&#x6b;&#x2e;&#x73;&#x65;<\/a><br><\/p>\n\n\n\n<p><\/p>\n<\/div><\/div>\n\n\n\n<p><br><br><\/p>\n\n\n\n<div class=\"wp-block-media-text has-media-on-the-right is-stacked-on-mobile\" style=\"grid-template-columns:auto 42%\"><div class=\"wp-block-media-text__content\">\n<p><span style=\"font-family: comic sans ms, sans-serif; color: #000080; font-size: 24px;\">Ledamot<\/span><br \/><span style=\"font-family: comic sans ms, sans-serif; color: #000080; font-size: 20px;\">Eddie Johansson<\/span><\/p>\n\n\n\n<p>Eddie tr\u00e4nar b\u00e5de lydnad, brukssp\u00e5r, specials\u00f6k och drag med sina hundar Diva, Doris, Thea och Roger.<br>Medlem i Lerums Brukshundklubb sedan<br>2021 och varit med i styrelsen sedan 2024.<br>\u201dBrinner f\u00f6r brukset, svenskskyddet och IGP.<br>Vill lyfta fram och f\u00e5 fler ungdomar att ta<br>plats i klubben\u201d<\/p>\n\n\n\n<p>E-mail: <a href=\"mailto:&#x6c;&#x65;&#x64;&#x61;&#x6d;&#x6f;&#x74;&#x33;&#x40;&#x6c;&#x65;&#x72;&#x75;&#x6d;&#x73;&#x62;&#x6b;&#x2e;&#x73;&#x65;\">&#x6c;&#x65;&#x64;&#x61;&#x6d;&#x6f;&#x74;&#x33;&#x40;<span class=\"oe_displaynone\">null<\/span>&#x6c;&#x65;&#x72;&#x75;&#x6d;&#x73;&#x62;&#x6b;&#x2e;&#x73;&#x65;<\/a><\/p>\n\n\n\n<p><\/p>\n<\/div><figure class=\"wp-block-media-text__media\"><img loading=\"lazy\" decoding=\"async\" width=\"715\" height=\"1024\" src=\"https:\/\/lerumsbk.se\/wp-content\/uploads\/2025\/03\/Eddie-715x1024.jpeg\" alt=\"\" class=\"wp-image-5083 size-full\" srcset=\"https:\/\/lerumsbk.se\/wp-content\/uploads\/2025\/03\/Eddie-715x1024.jpeg 715w, https:\/\/lerumsbk.se\/wp-content\/uploads\/2025\/03\/Eddie-209x300.jpeg 209w, https:\/\/lerumsbk.se\/wp-content\/uploads\/2025\/03\/Eddie-768x1100.jpeg 768w, https:\/\/lerumsbk.se\/wp-content\/uploads\/2025\/03\/Eddie-1072x1536.jpeg 1072w, https:\/\/lerumsbk.se\/wp-content\/uploads\/2025\/03\/Eddie-350x501.jpeg 350w, https:\/\/lerumsbk.se\/wp-content\/uploads\/2025\/03\/Eddie.jpeg 1290w\" sizes=\"auto, (max-width: 715px) 100vw, 715px\" \/><\/figure><\/div>\n\n\n\n<div class=\"wp-block-media-text is-stacked-on-mobile\"><figure class=\"wp-block-media-text__media\"><img loading=\"lazy\" decoding=\"async\" width=\"215\" height=\"288\" src=\"https:\/\/lerumsbk.se\/wp-content\/uploads\/2026\/02\/Ekeborn-1.jpg\" alt=\"\" class=\"wp-image-6033 size-full\"\/><\/figure><div class=\"wp-block-media-text__content\">\n<p><span style=\"font-family: comic sans ms, sans-serif; color: #000080; font-size: 24px;\"><br \/>Ledamot<\/span><br \/><span style=\"font-family: comic sans ms, sans-serif; color: #000080; font-size: 20px;\">Christina Ekeborn<\/span><\/p>\n\n\n\n<p>Chritina tr\u00e4nar agility med sin kromfohrl\u00e4nder Majken.<br>Har varit medlem i Lerums Brukshundklubb sedan 2016.<br>\u201dAtt vi har en klubb d\u00e4r vi tillsammans l\u00e5ter de olika hundsporterna ta plats och v\u00e4xa.\u201d<\/p>\n\n\n\n<p><\/p>\n\n\n\n<p><\/p>\n\n\n\n<p>E-mail: <a href=\"mailto:&#x6c;&#x65;&#x64;&#x61;&#x6d;&#x6f;&#x74;&#x32;&#x40;&#x6c;&#x65;&#x72;&#x75;&#x6d;&#x73;&#x62;&#x6b;&#x2e;&#x73;&#x65;\" target=\"_blank\" rel=\"noreferrer noopener\">&#x6c;&#x65;&#x64;&#x61;&#x6d;&#x6f;&#x74;&#x32;&#x40;<span class=\"oe_displaynone\">null<\/span>&#x6c;&#x65;&#x72;&#x75;&#x6d;&#x73;&#x62;&#x6b;&#x2e;&#x73;&#x65;<\/a><br><br><\/p>\n\n\n\n<p><\/p>\n<\/div><\/div>\n\n\n\n<div class=\"wp-block-media-text has-media-on-the-right is-stacked-on-mobile\"><div class=\"wp-block-media-text__content\">\n<p><span style=\"font-family: comic sans ms, sans-serif; color: #000080; font-size: 24px;\">Suppleant<\/span><br \/><span style=\"font-family: comic sans ms, sans-serif; color: #000080; font-size: 20px;\">Annika von Hofsten<\/span><\/p>\n\n\n\n<p>Annika t\u00e4vlar i agility och rallylydnad. Hon tr\u00e4nar \u00e4ven trix, uppletande, specials\u00f6k, canicross och lydnad med 6-\u00e5riga bordercollien \u00c5ska. Har varit medlem i Lerums Brukshundklubb sedan<\/p>\n\n\n\n<p>\u201dJag brinner f\u00f6r modern evidensbaserad hundtr\u00e4ning och f\u00f6r att sprida gl\u00e4djen med hundtr\u00e4ning till andra. Vill i styrelsearbetet hj\u00e4lpa till att jobba f\u00f6r att v\u00e5r klubb ska vara<br>v\u00e4lkomnande f\u00f6r alla och ligga i framkant vad g\u00e4ller modern hundtr\u00e4ning\u201d<\/p>\n<\/div><figure class=\"wp-block-media-text__media\"><img loading=\"lazy\" decoding=\"async\" width=\"288\" height=\"218\" src=\"https:\/\/lerumsbk.se\/wp-content\/uploads\/2026\/02\/avh.jpg\" alt=\"\" class=\"wp-image-6032 size-full\"\/><\/figure><\/div>\n\n\n\n<p><br><\/p>\n\n\n\n<div class=\"wp-block-media-text is-stacked-on-mobile\"><figure class=\"wp-block-media-text__media\"><img loading=\"lazy\" decoding=\"async\" width=\"248\" height=\"227\" src=\"https:\/\/lerumsbk.se\/wp-content\/uploads\/2026\/02\/Wahlgren.jpg\" alt=\"\" class=\"wp-image-6034 size-full\"\/><\/figure><div class=\"wp-block-media-text__content\">\n<p><span style=\"font-family: comic sans ms, sans-serif; color: #000080; font-size: 24px;\">Suppleant<\/span><br \/><span style=\"font-family: comic sans ms, sans-serif; font-size: 20px; color: #000080;\">Christina Wahlgren<\/span><\/p>\n\n\n\n<p>Christina tr\u00e4nar och t\u00e4vlar i lydnad, brukssp\u00e5r och brukss\u00f6k med sin australian shepherd, Obi.<br>Har varit medlem i Lerums Brukshundklubb sedan h\u00f6sten 2000. \u201dF\u00f6r mig \u00e4r det viktigt att vi<br>f\u00f6rvaltar v\u00e5ra bruksgrenar och intresset f\u00f6r dem. D\u00e4rtill att klubben f\u00e5r vara en v\u00e4lkomnande och<br>inkluderande m\u00f6tesplats f\u00f6r tr\u00e4ning, t\u00e4vling och umg\u00e4nge.\u201d<\/p>\n\n\n\n<p><\/p>\n\n\n\n<p><\/p>\n<\/div><\/div>\n\n\n\n<p><\/p>\n\n\n\n<p>Revisore<strong>r<br>1. Susanne Jonsson<br>2. Anna-Lena Mellquist<\/strong><br>suppleant 1. <br><\/p>\n\n\n\n<p>Valberedning<strong><br><\/strong>Vakant<\/p>","protected":false},"excerpt":{"rendered":"<p>Gemensam e-postadress till hela styrelsen: &#x73;&#x74;&#x79;&#x72;&#x65;&#x6c;&#x73;&#x65;&#x6e;&#x40;null&#x6c;&#x65;&#x72;&#x75;&#x6d;&#x73;&#x62;&#x6b;&#x2e;&#x73;&#x65; Styrelsen 2025 Ordf\u00f6randeEmelie Hagelin Emelie tr\u00e4nar och t\u00e4vlar i brukssp\u00e5roch skydd med sin tervuren Crass ochriesensnauzern \u00c5rvar som \u00e4ven hanska bli en t\u00e4vlingshund n\u00e4r han blirstor. Staffordshire Stina tr\u00e4narfreestyle och lydnad.Varit aktiv medlem i Lerums Brukshundklubb sedan 2019.\u201dEn klubb som passar alla som brinner f\u00f6r hundsport oavsettgren eller kunskapsniv\u00e5\u201d &hellip; <\/p>\n<p class=\"link-more\"><a href=\"https:\/\/lerumsbk.se\/index.php\/kontakt\/\" class=\"more-link\">Forts\u00e4tt l\u00e4sa<span class=\"screen-reader-text\"> \u201dStyrelsen, revisorer och valberedning\u201d<\/span><\/a><\/p>\n","protected":false},"author":2,"featured_media":0,"parent":0,"menu_order":0,"comment_status":"closed","ping_status":"closed","template":"","meta":{"footnotes":"","_wp_rev_ctl_limit":""},"class_list":["post-15","page","type-page","status-publish","hentry"],"_links":{"self":[{"href":"https:\/\/lerumsbk.se\/index.php\/wp-json\/wp\/v2\/pages\/15","targetHints":{"allow":["GET"]}}],"collection":[{"href":"https:\/\/lerumsbk.se\/index.php\/wp-json\/wp\/v2\/pages"}],"about":[{"href":"https:\/\/lerumsbk.se\/index.php\/wp-json\/wp\/v2\/types\/page"}],"author":[{"embeddable":true,"href":"https:\/\/lerumsbk.se\/index.php\/wp-json\/wp\/v2\/users\/2"}],"replies":[{"embeddable":true,"href":"https:\/\/lerumsbk.se\/index.php\/wp-json\/wp\/v2\/comments?post=15"}],"version-history":[{"count":3,"href":"https:\/\/lerumsbk.se\/index.php\/wp-json\/wp\/v2\/pages\/15\/revisions"}],"predecessor-version":[{"id":6037,"href":"https:\/\/lerumsbk.se\/index.php\/wp-json\/wp\/v2\/pages\/15\/revisions\/6037"}],"wp:attachment":[{"href":"https:\/\/lerumsbk.se\/index.php\/wp-json\/wp\/v2\/media?parent=15"}],"curies":[{"name":"wp","href":"https:\/\/api.w.org\/{rel}","templated":true}]}}