{"id":1486,"date":"2022-07-18T22:11:44","date_gmt":"2022-07-18T21:11:44","guid":{"rendered":"https:\/\/lerumsbk.se\/?page_id=1486"},"modified":"2022-07-25T09:39:34","modified_gmt":"2022-07-25T08:39:34","slug":"1486-2","status":"publish","type":"page","link":"https:\/\/lerumsbk.se\/index.php\/1486-2\/","title":{"rendered":"Sommaraktiviteter f\u00f6r ungdom"},"content":{"rendered":"<figure class=\"wp-block-image size-full\"><img loading=\"lazy\" decoding=\"async\" width=\"731\" height=\"901\" src=\"https:\/\/lerumsbk.se\/wp-content\/uploads\/2022\/07\/2022-07-25_10-33-57.jpg\" alt=\"\" class=\"wp-image-1536\" srcset=\"https:\/\/lerumsbk.se\/wp-content\/uploads\/2022\/07\/2022-07-25_10-33-57.jpg 731w, https:\/\/lerumsbk.se\/wp-content\/uploads\/2022\/07\/2022-07-25_10-33-57-350x431.jpg 350w, https:\/\/lerumsbk.se\/wp-content\/uploads\/2022\/07\/2022-07-25_10-33-57-243x300.jpg 243w\" sizes=\"auto, (max-width: 731px) 100vw, 731px\" \/><\/figure>\n\n\n\n<p>*Junior handling:<\/p>\n\n\n\n<p>Svenska Kennelklubben och Sveriges Hundungdom arrangerar t\u00e4vlingar i att visa upp en hund p\u00e5 b\u00e4sta s\u00e4tt p\u00e5 utst\u00e4llning. F\u00f6r ungdomar fr\u00e5n 10 till och med 17 \u00e5r. Det \u00e4r allts\u00e5 INTE hunden som bed\u00f6ms, utan hur bra den visas upp.<\/p>\n\n\n\n<p>T\u00e4vlingarna anordnas f\u00f6r att \u00f6ka hundintresset bland ungdomar och f\u00f6r att befr\u00e4mja samt f\u00f6rb\u00e4ttra samarbetet mellan ungdomar och hundar.<\/p>\n\n\n\n<p>Vill du prova p\u00e5, d\u00e5 \u00e4r du v\u00e4lkommen till Lerums brukshundklubb onsdagen den 3 augusti kl 17.30 &#8211; ca 18.30.<\/p>\n\n\n\n<p>Anita Skoglund<\/p>\n\n\n\n<hr class=\"wp-block-separator has-alpha-channel-opacity is-style-wide\"\/>\n\n\n\n<p>**V\u00e4lkomna till prova p\u00e5 vallning p\u00e5 Stillestorps G\u00e5rd<\/p>\n\n\n\n<p>Adress: St\u00e4ll in gps:en p\u00e5 V\u00e5thultsv\u00e4gen 9 i Stenkullen. K\u00f6r f\u00f6rbi den r\u00f6da byggnaden. Parkera bredvid h\u00e4sttransporterna. Vi g\u00e5r fr\u00e5n parkeringen och upp till f\u00e5rhagen. <\/p>\n\n\n\n<p class=\"has-text-align-left\">Jag kommer att g\u00e5 igenom vad vallning \u00e4r. Olika vallhundar arbetar p\u00e5 olika s\u00e4tt. Det som alltid ska vara likadant \u00e4r fokus p\u00e5 god djurhantering. <br>Ni kommer att f\u00e5 prova att sj\u00e4lva valla f\u00e5ren f\u00f6r att f\u00f6rst\u00e5 vad som kr\u00e4vs utav hunden. Vad f\u00f6r egenskaper beh\u00f6ver en vallhund ha? Hur ser det ut med vallegenskaperna i de olika vallhundsraserna. Vad \u00e4r ett vallanlagsprov och hur g\u00e5r det till? Vad \u00e4r skillnaden mot ett vallhundsprov? En bra grundlydnad \u00e4r A och O. <br>Varmt v\u00e4lkomna!<\/p>\n\n\n\n<p> <a rel=\"noreferrer noopener\" href=\"https:\/\/www.skk.se\/globalassets\/dokument\/om-skk\/policy-for-djurhantering-vid-vallningstraning-av-hund-t122-.pdf?fbclid=IwAR3vBaZDcP43Etk_yyhA64T3TtsZKR7JFDkfN99XDNc8HV_qaBduFral51A\" target=\"_blank\">https:\/\/www.skk.se\/globalassets\/dokument\/om-skk\/policy-for-djurhantering-vid-vallningstraning-av-hund-t122-.pdf<\/a><\/p>\n\n\n\n<figure class=\"wp-block-image size-large\"><img loading=\"lazy\" decoding=\"async\" width=\"1024\" height=\"473\" src=\"https:\/\/lerumsbk.se\/wp-content\/uploads\/2022\/07\/293562826_892194115505633_3695452526091182690_n-1024x473.jpg\" alt=\"\" class=\"wp-image-1539\" srcset=\"https:\/\/lerumsbk.se\/wp-content\/uploads\/2022\/07\/293562826_892194115505633_3695452526091182690_n-1024x473.jpg 1024w, https:\/\/lerumsbk.se\/wp-content\/uploads\/2022\/07\/293562826_892194115505633_3695452526091182690_n-350x162.jpg 350w, https:\/\/lerumsbk.se\/wp-content\/uploads\/2022\/07\/293562826_892194115505633_3695452526091182690_n-300x139.jpg 300w, https:\/\/lerumsbk.se\/wp-content\/uploads\/2022\/07\/293562826_892194115505633_3695452526091182690_n-768x355.jpg 768w, https:\/\/lerumsbk.se\/wp-content\/uploads\/2022\/07\/293562826_892194115505633_3695452526091182690_n-1536x709.jpg 1536w, https:\/\/lerumsbk.se\/wp-content\/uploads\/2022\/07\/293562826_892194115505633_3695452526091182690_n.jpg 1624w\" sizes=\"auto, (max-width: 767px) 89vw, (max-width: 1000px) 54vw, (max-width: 1071px) 543px, 580px\" \/><\/figure>\n\n\n\n<figure class=\"wp-block-image size-large\"><img loading=\"lazy\" decoding=\"async\" width=\"1024\" height=\"473\" src=\"https:\/\/lerumsbk.se\/wp-content\/uploads\/2022\/07\/293758474_366391802140478_2580325981332174407_n-1024x473.jpg\" alt=\"\" class=\"wp-image-1538\" srcset=\"https:\/\/lerumsbk.se\/wp-content\/uploads\/2022\/07\/293758474_366391802140478_2580325981332174407_n-1024x473.jpg 1024w, https:\/\/lerumsbk.se\/wp-content\/uploads\/2022\/07\/293758474_366391802140478_2580325981332174407_n-350x162.jpg 350w, https:\/\/lerumsbk.se\/wp-content\/uploads\/2022\/07\/293758474_366391802140478_2580325981332174407_n-300x139.jpg 300w, https:\/\/lerumsbk.se\/wp-content\/uploads\/2022\/07\/293758474_366391802140478_2580325981332174407_n-768x355.jpg 768w, https:\/\/lerumsbk.se\/wp-content\/uploads\/2022\/07\/293758474_366391802140478_2580325981332174407_n-1536x709.jpg 1536w, https:\/\/lerumsbk.se\/wp-content\/uploads\/2022\/07\/293758474_366391802140478_2580325981332174407_n.jpg 1624w\" sizes=\"auto, (max-width: 767px) 89vw, (max-width: 1000px) 54vw, (max-width: 1071px) 543px, 580px\" \/><\/figure>\n\n\n\n<figure class=\"wp-block-image size-large\"><img loading=\"lazy\" decoding=\"async\" width=\"1024\" height=\"473\" src=\"https:\/\/lerumsbk.se\/wp-content\/uploads\/2022\/07\/295053324_830689904578962_4570592001464358676_n-1024x473.jpg\" alt=\"\" class=\"wp-image-1537\" srcset=\"https:\/\/lerumsbk.se\/wp-content\/uploads\/2022\/07\/295053324_830689904578962_4570592001464358676_n-1024x473.jpg 1024w, https:\/\/lerumsbk.se\/wp-content\/uploads\/2022\/07\/295053324_830689904578962_4570592001464358676_n-350x162.jpg 350w, https:\/\/lerumsbk.se\/wp-content\/uploads\/2022\/07\/295053324_830689904578962_4570592001464358676_n-300x139.jpg 300w, https:\/\/lerumsbk.se\/wp-content\/uploads\/2022\/07\/295053324_830689904578962_4570592001464358676_n-768x355.jpg 768w, https:\/\/lerumsbk.se\/wp-content\/uploads\/2022\/07\/295053324_830689904578962_4570592001464358676_n-1536x709.jpg 1536w, https:\/\/lerumsbk.se\/wp-content\/uploads\/2022\/07\/295053324_830689904578962_4570592001464358676_n.jpg 1624w\" sizes=\"auto, (max-width: 767px) 89vw, (max-width: 1000px) 54vw, (max-width: 1071px) 543px, 580px\" \/><\/figure>\n\n\n\n<p><\/p>","protected":false},"excerpt":{"rendered":"<p>*Junior handling: Svenska Kennelklubben och Sveriges Hundungdom arrangerar t\u00e4vlingar i att visa upp en hund p\u00e5 b\u00e4sta s\u00e4tt p\u00e5 utst\u00e4llning. F\u00f6r ungdomar fr\u00e5n 10 till och med 17 \u00e5r. Det \u00e4r allts\u00e5 INTE hunden som bed\u00f6ms, utan hur bra den visas upp. T\u00e4vlingarna anordnas f\u00f6r att \u00f6ka hundintresset bland ungdomar och f\u00f6r att befr\u00e4mja samt &hellip; <\/p>\n<p class=\"link-more\"><a href=\"https:\/\/lerumsbk.se\/index.php\/1486-2\/\" class=\"more-link\">Forts\u00e4tt l\u00e4sa<span class=\"screen-reader-text\"> \u201dSommaraktiviteter f\u00f6r ungdom\u201d<\/span><\/a><\/p>\n","protected":false},"author":6,"featured_media":0,"parent":0,"menu_order":0,"comment_status":"closed","ping_status":"closed","template":"","meta":{"footnotes":"","_wp_rev_ctl_limit":""},"class_list":["post-1486","page","type-page","status-publish","hentry"],"_links":{"self":[{"href":"https:\/\/lerumsbk.se\/index.php\/wp-json\/wp\/v2\/pages\/1486","targetHints":{"allow":["GET"]}}],"collection":[{"href":"https:\/\/lerumsbk.se\/index.php\/wp-json\/wp\/v2\/pages"}],"about":[{"href":"https:\/\/lerumsbk.se\/index.php\/wp-json\/wp\/v2\/types\/page"}],"author":[{"embeddable":true,"href":"https:\/\/lerumsbk.se\/index.php\/wp-json\/wp\/v2\/users\/6"}],"replies":[{"embeddable":true,"href":"https:\/\/lerumsbk.se\/index.php\/wp-json\/wp\/v2\/comments?post=1486"}],"version-history":[{"count":0,"href":"https:\/\/lerumsbk.se\/index.php\/wp-json\/wp\/v2\/pages\/1486\/revisions"}],"wp:attachment":[{"href":"https:\/\/lerumsbk.se\/index.php\/wp-json\/wp\/v2\/media?parent=1486"}],"curies":[{"name":"wp","href":"https:\/\/api.w.org\/{rel}","templated":true}]}}