{"id":1305,"date":"2022-06-13T20:05:02","date_gmt":"2022-06-13T19:05:02","guid":{"rendered":"https:\/\/lerumsbk.se\/?page_id=1305"},"modified":"2022-06-13T20:05:02","modified_gmt":"2022-06-13T19:05:02","slug":"soktavling-lagre-hogre-och-elitklass","status":"publish","type":"page","link":"https:\/\/lerumsbk.se\/index.php\/soktavling-lagre-hogre-och-elitklass\/","title":{"rendered":"S\u00f6kt\u00e4vling &#8211; l\u00e4gre, h\u00f6gre och elitklass"},"content":{"rendered":"<p>11 juni 2022<\/p>\n\n\n\n<p>Resultat. V\u00e4ntar p\u00e5 foton.<\/p>\n\n\n\n<p>l\u00e4gre klass<br>1. Tauno Rikkinen, Twigg\u00b4s Key Points, Lerums BHK  Uppflyttad Labrador retriever<\/p>\n\n\n\n<p>h\u00f6gre klass<br>1. Roger Hultman,  Lindjax Rohypnol, Kung\u00e4lvs Bk, Uppflyttad Malinois <br>2. Marie Hermansson, Hummeln\u00b4s Formidabla Faramir, Marks Bk,  Uppflyttad, Tervueren <br>3. Elisabeth \u00d6berg Rikkinen, Twigg\u00b4s Jack Of All Trades, Lerums Bk, Godk\u00e4nd, Labrador retriever<\/p>\n\n\n\n<p>elitklass<br>1. Linda Thor\u00e9n, Mandylike\u00b4s Iniki , V\u00e4xj\u00f6 Bk, Certifikat, Labrador retriever <br>2. Mats Johansson, Xo Ullareds Bk, Godk\u00e4nd, Border collie <br>3. Malou \u00c5hman, Tonedo\u00b4s Life Of Q-La, Lerums Bk, Godk\u00e4nd, Border collie<\/p>\n\n\n\n<p> <br><\/p>","protected":false},"excerpt":{"rendered":"<p>11 juni 2022 Resultat. V\u00e4ntar p\u00e5 foton. l\u00e4gre klass1. Tauno Rikkinen, Twigg\u00b4s Key Points, Lerums BHK Uppflyttad Labrador retriever h\u00f6gre klass1. Roger Hultman, Lindjax Rohypnol, Kung\u00e4lvs Bk, Uppflyttad Malinois 2. Marie Hermansson, Hummeln\u00b4s Formidabla Faramir, Marks Bk, Uppflyttad, Tervueren 3. Elisabeth \u00d6berg Rikkinen, Twigg\u00b4s Jack Of All Trades, Lerums Bk, Godk\u00e4nd, Labrador retriever elitklass1. Linda &hellip; <\/p>\n<p class=\"link-more\"><a href=\"https:\/\/lerumsbk.se\/index.php\/soktavling-lagre-hogre-och-elitklass\/\" class=\"more-link\">Forts\u00e4tt l\u00e4sa<span class=\"screen-reader-text\"> \u201dS\u00f6kt\u00e4vling &#8211; l\u00e4gre, h\u00f6gre och elitklass\u201d<\/span><\/a><\/p>\n","protected":false},"author":3,"featured_media":0,"parent":0,"menu_order":0,"comment_status":"closed","ping_status":"closed","template":"","meta":{"footnotes":"","_wp_rev_ctl_limit":""},"class_list":["post-1305","page","type-page","status-publish","hentry"],"_links":{"self":[{"href":"https:\/\/lerumsbk.se\/index.php\/wp-json\/wp\/v2\/pages\/1305","targetHints":{"allow":["GET"]}}],"collection":[{"href":"https:\/\/lerumsbk.se\/index.php\/wp-json\/wp\/v2\/pages"}],"about":[{"href":"https:\/\/lerumsbk.se\/index.php\/wp-json\/wp\/v2\/types\/page"}],"author":[{"embeddable":true,"href":"https:\/\/lerumsbk.se\/index.php\/wp-json\/wp\/v2\/users\/3"}],"replies":[{"embeddable":true,"href":"https:\/\/lerumsbk.se\/index.php\/wp-json\/wp\/v2\/comments?post=1305"}],"version-history":[{"count":0,"href":"https:\/\/lerumsbk.se\/index.php\/wp-json\/wp\/v2\/pages\/1305\/revisions"}],"wp:attachment":[{"href":"https:\/\/lerumsbk.se\/index.php\/wp-json\/wp\/v2\/media?parent=1305"}],"curies":[{"name":"wp","href":"https:\/\/api.w.org\/{rel}","templated":true}]}}