{"id":13,"date":"2022-02-14T19:03:12","date_gmt":"2022-02-14T18:03:12","guid":{"rendered":"https:\/\/lerumsbk.se\/?page_id=13"},"modified":"2026-03-28T08:19:27","modified_gmt":"2026-03-28T07:19:27","slug":"lbk-valkomnar-alla","status":"publish","type":"page","link":"https:\/\/lerumsbk.se\/","title":{"rendered":""},"content":{"rendered":"<h2 class=\"wp-block-heading has-text-align-center\"><\/h2>\n\n\n\n<div class=\"wp-block-group alignwide\"><div class=\"wp-block-group__inner-container is-layout-flow wp-block-group-is-layout-flow\">\n<h1 class=\"wp-block-heading has-text-align-center\"><strong><mark style=\"background-color:rgba(0, 0, 0, 0)\" class=\"has-inline-color has-black-color\">H\u00e4r \u00e4r vi alla v\u00e4lkomna!<\/mark><\/strong><\/h1>\n<\/div><\/div>\n\n\n\n<div class=\"wp-block-group alignwide\"><div class=\"wp-block-group__inner-container is-layout-flow wp-block-group-is-layout-flow\">\n<div class=\"wp-block-columns alignwide is-layout-flex wp-container-core-columns-is-layout-9d6595d7 wp-block-columns-is-layout-flex\">\n<div class=\"wp-block-column is-layout-flow wp-block-column-is-layout-flow\">\n<div class=\"wp-block-group\"><div class=\"wp-block-group__inner-container is-layout-flow wp-block-group-is-layout-flow\">\n<figure class=\"wp-block-image size-large\"><img loading=\"lazy\" decoding=\"async\" width=\"1024\" height=\"130\" src=\"https:\/\/lerumsbk.se\/wp-content\/uploads\/2022\/04\/hundparad-1024x130.jpg\" alt=\"\" class=\"wp-image-898\" srcset=\"https:\/\/lerumsbk.se\/wp-content\/uploads\/2022\/04\/hundparad-1024x130.jpg 1024w, https:\/\/lerumsbk.se\/wp-content\/uploads\/2022\/04\/hundparad-350x44.jpg 350w, https:\/\/lerumsbk.se\/wp-content\/uploads\/2022\/04\/hundparad-300x38.jpg 300w, https:\/\/lerumsbk.se\/wp-content\/uploads\/2022\/04\/hundparad-768x97.jpg 768w, https:\/\/lerumsbk.se\/wp-content\/uploads\/2022\/04\/hundparad.jpg 1200w\" sizes=\"auto, (max-width: 767px) 89vw, (max-width: 1000px) 54vw, (max-width: 1071px) 543px, 580px\" \/><\/figure>\n<\/div><\/div>\n\n\n\n<div class=\"wp-block-group is-vertical is-layout-flex wp-container-core-group-is-layout-8cf370e7 wp-block-group-is-layout-flex\">\n<h1 class=\"wp-block-heading has-text-align-center\"><strong><mark style=\"background-color:rgba(0, 0, 0, 0)\" class=\"has-inline-color has-vivid-red-color\">Aktuellt p\u00e5 klubben<\/mark><\/strong><\/h1>\n<\/div>\n\n\n\n<h2 class=\"wp-block-heading\"><mark style=\"background-color:rgba(0, 0, 0, 0)\" class=\"has-inline-color has-vivid-red-color\">Protokoll fr\u00e5n \u00e5rsm\u00f6tet<\/mark><\/h2>\n\n\n\n<p><a href=\"https:\/\/lerumsbk.se\/wp-content\/uploads\/2026\/03\/Protokoll-arsmote-Lerums-BK-2026-1.pdf\" data-type=\"attachment\" data-id=\"6066\" target=\"_blank\" rel=\"noreferrer noopener\">L\u00e4s h\u00e4r &#8211;&gt;<\/a><\/p>\n\n\n\n<h2 class=\"wp-block-heading\"><mark style=\"background-color:rgba(0, 0, 0, 0)\" class=\"has-inline-color has-vivid-red-color\">Inofficiell utst\u00e4llning 2026<\/mark><\/h2>\n\n\n\n<p><a href=\"https:\/\/lerumsbk.se\/index.php\/utstallning\/\" target=\"_blank\" rel=\"noreferrer noopener\">Se mer h\u00e4r &#8211;&gt;<\/a><\/p>\n\n\n\n<div class=\"wp-block-group is-vertical is-layout-flex wp-container-core-group-is-layout-8cf370e7 wp-block-group-is-layout-flex\">\n<h2 class=\"wp-block-heading\"><mark style=\"background-color:rgba(0, 0, 0, 0)\" class=\"has-inline-color has-vivid-red-color\">Regler f\u00f6r skyddstr\u00e4ning p\u00e5 klubben<\/mark><\/h2>\n\n\n\n<p><a href=\"https:\/\/lerumsbk.se\/index.php\/skyddstraning\/\" data-type=\"page\" data-id=\"5516\" target=\"_blank\" rel=\"noreferrer noopener\">l\u00e4s mer h\u00e4r&#8211;<\/a><\/p>\n\n\n\n<hr class=\"wp-block-separator has-alpha-channel-opacity is-style-wide\"\/>\n\n\n\n<h2 class=\"wp-block-heading\"><mark style=\"background-color:rgba(0, 0, 0, 0)\" class=\"has-inline-color has-vivid-red-color\">St\u00e4dlista f\u00f6r 2026<\/mark><\/h2>\n\n\n\n<p><a href=\"https:\/\/lerumsbk.se\/wp-content\/uploads\/2026\/03\/Stadlista-2026.pdf\" data-type=\"attachment\" data-id=\"6044\" target=\"_blank\" rel=\"noreferrer noopener\">Se h\u00e4r &#8212;<\/a><\/p>\n<\/div>\n\n\n\n<div class=\"wp-block-group is-vertical is-layout-flex wp-container-core-group-is-layout-8cf370e7 wp-block-group-is-layout-flex\">\n<p><\/p>\n\n\n\n<h2 class=\"wp-block-heading\"><mark style=\"background-color:rgba(0, 0, 0, 0)\" class=\"has-inline-color has-vivid-red-color\">\u00d6nska kurs &#8211; unders\u00f6kning p\u00e5 vilka kurser v\u00e5ra medlemmar efterfr\u00e5gar<\/mark><\/h2>\n\n\n\n<p><a href=\"https:\/\/lerumsbk.se\/index.php\/onska-kurs\/\">L\u00e4s mer h\u00e4r&gt;<\/a><\/p>\n\n\n\n<p><\/p>\n<\/div>\n<\/div>\n<\/div>\n<\/div><\/div>","protected":false},"excerpt":{"rendered":"<p>H\u00e4r \u00e4r vi alla v\u00e4lkomna! Aktuellt p\u00e5 klubben Protokoll fr\u00e5n \u00e5rsm\u00f6tet L\u00e4s h\u00e4r &#8211;&gt; Inofficiell utst\u00e4llning 2026 Se mer h\u00e4r &#8211;&gt; Regler f\u00f6r skyddstr\u00e4ning p\u00e5 klubben l\u00e4s mer h\u00e4r&#8211; St\u00e4dlista f\u00f6r 2026 Se h\u00e4r &#8212; \u00d6nska kurs &#8211; unders\u00f6kning p\u00e5 vilka kurser v\u00e5ra medlemmar efterfr\u00e5gar L\u00e4s mer h\u00e4r&gt;<\/p>\n","protected":false},"author":1,"featured_media":0,"parent":14,"menu_order":0,"comment_status":"closed","ping_status":"closed","template":"","meta":{"footnotes":"","_wp_rev_ctl_limit":""},"class_list":["post-13","page","type-page","status-publish","hentry"],"_links":{"self":[{"href":"https:\/\/lerumsbk.se\/index.php\/wp-json\/wp\/v2\/pages\/13","targetHints":{"allow":["GET"]}}],"collection":[{"href":"https:\/\/lerumsbk.se\/index.php\/wp-json\/wp\/v2\/pages"}],"about":[{"href":"https:\/\/lerumsbk.se\/index.php\/wp-json\/wp\/v2\/types\/page"}],"author":[{"embeddable":true,"href":"https:\/\/lerumsbk.se\/index.php\/wp-json\/wp\/v2\/users\/1"}],"replies":[{"embeddable":true,"href":"https:\/\/lerumsbk.se\/index.php\/wp-json\/wp\/v2\/comments?post=13"}],"version-history":[{"count":3,"href":"https:\/\/lerumsbk.se\/index.php\/wp-json\/wp\/v2\/pages\/13\/revisions"}],"predecessor-version":[{"id":6098,"href":"https:\/\/lerumsbk.se\/index.php\/wp-json\/wp\/v2\/pages\/13\/revisions\/6098"}],"up":[{"embeddable":true,"href":"https:\/\/lerumsbk.se\/index.php\/wp-json\/wp\/v2\/pages\/14"}],"wp:attachment":[{"href":"https:\/\/lerumsbk.se\/index.php\/wp-json\/wp\/v2\/media?parent=13"}],"curies":[{"name":"wp","href":"https:\/\/api.w.org\/{rel}","templated":true}]}}