{"id":1204,"date":"2022-06-05T16:29:36","date_gmt":"2022-06-05T15:29:36","guid":{"rendered":"https:\/\/lerumsbk.se\/?page_id=1204"},"modified":"2022-06-05T16:52:13","modified_gmt":"2022-06-05T15:52:13","slug":"bruksprov-sok-11-juni","status":"publish","type":"page","link":"https:\/\/lerumsbk.se\/index.php\/bruksprov-sok-11-juni\/","title":{"rendered":"Bruksprov s\u00f6k 11 juni"},"content":{"rendered":"<p>Elitklassen har samling kl 7.00 i Gr\u00e5bo och b\u00f6rjar med s\u00f6karbetet, medan h\u00f6gre och l\u00e4gre klass startar med lydnad p\u00e5 klubben, fr\u00e5n kl 9.00. V\u00e4lkommen till klubben som publik.<\/p>","protected":false},"excerpt":{"rendered":"<p>Elitklassen har samling kl 7.00 i Gr\u00e5bo och b\u00f6rjar med s\u00f6karbetet, medan h\u00f6gre och l\u00e4gre klass startar med lydnad p\u00e5 klubben, fr\u00e5n kl 9.00. V\u00e4lkommen till klubben som publik.<\/p>\n","protected":false},"author":3,"featured_media":0,"parent":0,"menu_order":0,"comment_status":"closed","ping_status":"closed","template":"","meta":{"footnotes":"","_wp_rev_ctl_limit":""},"class_list":["post-1204","page","type-page","status-publish","hentry"],"_links":{"self":[{"href":"https:\/\/lerumsbk.se\/index.php\/wp-json\/wp\/v2\/pages\/1204","targetHints":{"allow":["GET"]}}],"collection":[{"href":"https:\/\/lerumsbk.se\/index.php\/wp-json\/wp\/v2\/pages"}],"about":[{"href":"https:\/\/lerumsbk.se\/index.php\/wp-json\/wp\/v2\/types\/page"}],"author":[{"embeddable":true,"href":"https:\/\/lerumsbk.se\/index.php\/wp-json\/wp\/v2\/users\/3"}],"replies":[{"embeddable":true,"href":"https:\/\/lerumsbk.se\/index.php\/wp-json\/wp\/v2\/comments?post=1204"}],"version-history":[{"count":0,"href":"https:\/\/lerumsbk.se\/index.php\/wp-json\/wp\/v2\/pages\/1204\/revisions"}],"wp:attachment":[{"href":"https:\/\/lerumsbk.se\/index.php\/wp-json\/wp\/v2\/media?parent=1204"}],"curies":[{"name":"wp","href":"https:\/\/api.w.org\/{rel}","templated":true}]}}