{"id":1113,"date":"2022-05-16T09:59:15","date_gmt":"2022-05-16T08:59:15","guid":{"rendered":"https:\/\/lerumsbk.se\/?page_id=1113"},"modified":"2022-06-05T16:53:24","modified_gmt":"2022-06-05T15:53:24","slug":"utstallningen-15-maj-2022","status":"publish","type":"page","link":"https:\/\/lerumsbk.se\/index.php\/utstallningen-15-maj-2022\/","title":{"rendered":"Utst\u00e4llningen 15 maj 2022"},"content":{"rendered":"<figure class=\"wp-block-gallery has-nested-images columns-3 is-cropped wp-block-gallery-1 is-layout-flex wp-block-gallery-is-layout-flex\">\n<figure class=\"wp-block-image size-large\"><img loading=\"lazy\" decoding=\"async\" width=\"1078\" height=\"1440\" data-id=\"1120\" src=\"https:\/\/lerumsbk.se\/wp-content\/uploads\/2022\/05\/20220515_115223_resized-1.jpg\" alt=\"\" class=\"wp-image-1120\" srcset=\"https:\/\/lerumsbk.se\/wp-content\/uploads\/2022\/05\/20220515_115223_resized-1.jpg 1078w, https:\/\/lerumsbk.se\/wp-content\/uploads\/2022\/05\/20220515_115223_resized-1-350x468.jpg 350w, https:\/\/lerumsbk.se\/wp-content\/uploads\/2022\/05\/20220515_115223_resized-1-225x300.jpg 225w, https:\/\/lerumsbk.se\/wp-content\/uploads\/2022\/05\/20220515_115223_resized-1-767x1024.jpg 767w, https:\/\/lerumsbk.se\/wp-content\/uploads\/2022\/05\/20220515_115223_resized-1-768x1026.jpg 768w\" sizes=\"auto, (max-width: 767px) 89vw, (max-width: 1000px) 54vw, (max-width: 1071px) 543px, 580px\" \/><figcaption><br><br>Flaggan hissad &#8211; utst\u00e4llningen \u00f6ppnad<\/figcaption><\/figure>\n\n\n\n<figure class=\"wp-block-image size-large\"><img loading=\"lazy\" decoding=\"async\" width=\"1440\" height=\"1078\" data-id=\"1119\" src=\"https:\/\/lerumsbk.se\/wp-content\/uploads\/2022\/05\/20220515_082218_resized-1.jpg\" alt=\"\" class=\"wp-image-1119\" srcset=\"https:\/\/lerumsbk.se\/wp-content\/uploads\/2022\/05\/20220515_082218_resized-1.jpg 1440w, https:\/\/lerumsbk.se\/wp-content\/uploads\/2022\/05\/20220515_082218_resized-1-350x262.jpg 350w, https:\/\/lerumsbk.se\/wp-content\/uploads\/2022\/05\/20220515_082218_resized-1-300x225.jpg 300w, https:\/\/lerumsbk.se\/wp-content\/uploads\/2022\/05\/20220515_082218_resized-1-1024x767.jpg 1024w, https:\/\/lerumsbk.se\/wp-content\/uploads\/2022\/05\/20220515_082218_resized-1-768x575.jpg 768w\" sizes=\"auto, (max-width: 767px) 89vw, (max-width: 1000px) 54vw, (max-width: 1071px) 543px, 580px\" \/><figcaption>H\u00e4mta ut nummerlappen<\/figcaption><\/figure>\n\n\n\n<figure class=\"wp-block-image size-large\"><img loading=\"lazy\" decoding=\"async\" width=\"1078\" height=\"1440\" data-id=\"1117\" src=\"https:\/\/lerumsbk.se\/wp-content\/uploads\/2022\/05\/20220515_112244_resized.jpg\" alt=\"\" class=\"wp-image-1117\" srcset=\"https:\/\/lerumsbk.se\/wp-content\/uploads\/2022\/05\/20220515_112244_resized.jpg 1078w, https:\/\/lerumsbk.se\/wp-content\/uploads\/2022\/05\/20220515_112244_resized-350x468.jpg 350w, https:\/\/lerumsbk.se\/wp-content\/uploads\/2022\/05\/20220515_112244_resized-225x300.jpg 225w, https:\/\/lerumsbk.se\/wp-content\/uploads\/2022\/05\/20220515_112244_resized-767x1024.jpg 767w, https:\/\/lerumsbk.se\/wp-content\/uploads\/2022\/05\/20220515_112244_resized-768x1026.jpg 768w\" sizes=\"auto, (max-width: 767px) 89vw, (max-width: 1000px) 54vw, (max-width: 1071px) 543px, 580px\" \/><figcaption>Montrar med hundprylar<\/figcaption><\/figure>\n\n\n\n<figure class=\"wp-block-image size-large\"><img loading=\"lazy\" decoding=\"async\" width=\"1078\" height=\"1440\" data-id=\"1118\" src=\"https:\/\/lerumsbk.se\/wp-content\/uploads\/2022\/05\/20220515_134433_resized-1.jpg\" alt=\"\" class=\"wp-image-1118\" srcset=\"https:\/\/lerumsbk.se\/wp-content\/uploads\/2022\/05\/20220515_134433_resized-1.jpg 1078w, https:\/\/lerumsbk.se\/wp-content\/uploads\/2022\/05\/20220515_134433_resized-1-350x468.jpg 350w, https:\/\/lerumsbk.se\/wp-content\/uploads\/2022\/05\/20220515_134433_resized-1-225x300.jpg 225w, https:\/\/lerumsbk.se\/wp-content\/uploads\/2022\/05\/20220515_134433_resized-1-767x1024.jpg 767w, https:\/\/lerumsbk.se\/wp-content\/uploads\/2022\/05\/20220515_134433_resized-1-768x1026.jpg 768w\" sizes=\"auto, (max-width: 767px) 89vw, (max-width: 1000px) 54vw, (max-width: 1071px) 543px, 580px\" \/><figcaption>Ett h\u00e4rligt g\u00e4ng funktion\u00e4rer<\/figcaption><\/figure>\n\n\n\n<figure class=\"wp-block-image size-large\"><img loading=\"lazy\" decoding=\"async\" width=\"1078\" height=\"1440\" data-id=\"1116\" src=\"https:\/\/lerumsbk.se\/wp-content\/uploads\/2022\/05\/20220515_095815_resized_1-1.jpg\" alt=\"\" class=\"wp-image-1116\" srcset=\"https:\/\/lerumsbk.se\/wp-content\/uploads\/2022\/05\/20220515_095815_resized_1-1.jpg 1078w, https:\/\/lerumsbk.se\/wp-content\/uploads\/2022\/05\/20220515_095815_resized_1-1-350x468.jpg 350w, https:\/\/lerumsbk.se\/wp-content\/uploads\/2022\/05\/20220515_095815_resized_1-1-225x300.jpg 225w, https:\/\/lerumsbk.se\/wp-content\/uploads\/2022\/05\/20220515_095815_resized_1-1-767x1024.jpg 767w, https:\/\/lerumsbk.se\/wp-content\/uploads\/2022\/05\/20220515_095815_resized_1-1-768x1026.jpg 768w\" sizes=\"auto, (max-width: 767px) 89vw, (max-width: 1000px) 54vw, (max-width: 1071px) 543px, 580px\" \/><figcaption>Loppis \u00e4r popul\u00e4rt<\/figcaption><\/figure>\n\n\n\n<figure class=\"wp-block-image size-large\"><img loading=\"lazy\" decoding=\"async\" width=\"1078\" height=\"1440\" data-id=\"1112\" src=\"https:\/\/lerumsbk.se\/wp-content\/uploads\/2022\/05\/20220515_140405_resized.jpg\" alt=\"\" class=\"wp-image-1112\" srcset=\"https:\/\/lerumsbk.se\/wp-content\/uploads\/2022\/05\/20220515_140405_resized.jpg 1078w, https:\/\/lerumsbk.se\/wp-content\/uploads\/2022\/05\/20220515_140405_resized-350x468.jpg 350w, https:\/\/lerumsbk.se\/wp-content\/uploads\/2022\/05\/20220515_140405_resized-225x300.jpg 225w, https:\/\/lerumsbk.se\/wp-content\/uploads\/2022\/05\/20220515_140405_resized-767x1024.jpg 767w, https:\/\/lerumsbk.se\/wp-content\/uploads\/2022\/05\/20220515_140405_resized-768x1026.jpg 768w\" sizes=\"auto, (max-width: 767px) 89vw, (max-width: 1000px) 54vw, (max-width: 1071px) 543px, 580px\" \/><figcaption>Best in Show Veteran<\/figcaption><\/figure>\n\n\n\n<figure class=\"wp-block-image size-large\"><img loading=\"lazy\" decoding=\"async\" width=\"1078\" height=\"1440\" data-id=\"1109\" src=\"https:\/\/lerumsbk.se\/wp-content\/uploads\/2022\/05\/20220515_112413_resized.jpg\" alt=\"\" class=\"wp-image-1109\" srcset=\"https:\/\/lerumsbk.se\/wp-content\/uploads\/2022\/05\/20220515_112413_resized.jpg 1078w, https:\/\/lerumsbk.se\/wp-content\/uploads\/2022\/05\/20220515_112413_resized-350x468.jpg 350w, https:\/\/lerumsbk.se\/wp-content\/uploads\/2022\/05\/20220515_112413_resized-225x300.jpg 225w, https:\/\/lerumsbk.se\/wp-content\/uploads\/2022\/05\/20220515_112413_resized-767x1024.jpg 767w, https:\/\/lerumsbk.se\/wp-content\/uploads\/2022\/05\/20220515_112413_resized-768x1026.jpg 768w\" sizes=\"auto, (max-width: 767px) 89vw, (max-width: 1000px) 54vw, (max-width: 1071px) 543px, 580px\" \/><figcaption>Bed\u00f6mningen i full g\u00e5ng<\/figcaption><\/figure>\n\n\n\n<figure class=\"wp-block-image size-large\"><img loading=\"lazy\" decoding=\"async\" width=\"1078\" height=\"1440\" data-id=\"1108\" src=\"https:\/\/lerumsbk.se\/wp-content\/uploads\/2022\/05\/20220515_112254_resized.jpg\" alt=\"\" class=\"wp-image-1108\" srcset=\"https:\/\/lerumsbk.se\/wp-content\/uploads\/2022\/05\/20220515_112254_resized.jpg 1078w, https:\/\/lerumsbk.se\/wp-content\/uploads\/2022\/05\/20220515_112254_resized-350x468.jpg 350w, https:\/\/lerumsbk.se\/wp-content\/uploads\/2022\/05\/20220515_112254_resized-225x300.jpg 225w, https:\/\/lerumsbk.se\/wp-content\/uploads\/2022\/05\/20220515_112254_resized-767x1024.jpg 767w, https:\/\/lerumsbk.se\/wp-content\/uploads\/2022\/05\/20220515_112254_resized-768x1026.jpg 768w\" sizes=\"auto, (max-width: 767px) 89vw, (max-width: 1000px) 54vw, (max-width: 1071px) 543px, 580px\" \/><figcaption>Bed\u00f6mning i tre ringar<\/figcaption><\/figure>\n\n\n\n<figure class=\"wp-block-image size-large\"><img loading=\"lazy\" decoding=\"async\" width=\"1078\" height=\"1440\" data-id=\"1107\" src=\"https:\/\/lerumsbk.se\/wp-content\/uploads\/2022\/05\/20220515_095825_resized.jpg\" alt=\"\" class=\"wp-image-1107\" srcset=\"https:\/\/lerumsbk.se\/wp-content\/uploads\/2022\/05\/20220515_095825_resized.jpg 1078w, https:\/\/lerumsbk.se\/wp-content\/uploads\/2022\/05\/20220515_095825_resized-350x468.jpg 350w, https:\/\/lerumsbk.se\/wp-content\/uploads\/2022\/05\/20220515_095825_resized-225x300.jpg 225w, https:\/\/lerumsbk.se\/wp-content\/uploads\/2022\/05\/20220515_095825_resized-767x1024.jpg 767w, https:\/\/lerumsbk.se\/wp-content\/uploads\/2022\/05\/20220515_095825_resized-768x1026.jpg 768w\" sizes=\"auto, (max-width: 767px) 89vw, (max-width: 1000px) 54vw, (max-width: 1071px) 543px, 580px\" \/><figcaption>Snart \u00e4r det dags<\/figcaption><\/figure>\n<figcaption class=\"blocks-gallery-caption\">Bilderna nedan fr\u00e5n Djurfotograferna.com<\/figcaption><\/figure>\n\n\n\n<figure class=\"wp-block-gallery has-nested-images columns-default is-cropped wp-block-gallery-2 is-layout-flex wp-block-gallery-is-layout-flex\">\n<figure class=\"wp-block-image size-large\"><img loading=\"lazy\" decoding=\"async\" width=\"2048\" height=\"1365\" data-id=\"1148\" src=\"https:\/\/lerumsbk.se\/wp-content\/uploads\/2022\/05\/CS__0002-1.jpeg\" alt=\"\" class=\"wp-image-1148\" srcset=\"https:\/\/lerumsbk.se\/wp-content\/uploads\/2022\/05\/CS__0002-1.jpeg 2048w, https:\/\/lerumsbk.se\/wp-content\/uploads\/2022\/05\/CS__0002-1-350x233.jpeg 350w, https:\/\/lerumsbk.se\/wp-content\/uploads\/2022\/05\/CS__0002-1-300x200.jpeg 300w, https:\/\/lerumsbk.se\/wp-content\/uploads\/2022\/05\/CS__0002-1-1024x683.jpeg 1024w, https:\/\/lerumsbk.se\/wp-content\/uploads\/2022\/05\/CS__0002-1-768x512.jpeg 768w, https:\/\/lerumsbk.se\/wp-content\/uploads\/2022\/05\/CS__0002-1-1536x1024.jpeg 1536w\" sizes=\"auto, (max-width: 767px) 89vw, (max-width: 1000px) 54vw, (max-width: 1071px) 543px, 580px\" \/><\/figure>\n\n\n\n<figure class=\"wp-block-image size-large\"><img loading=\"lazy\" decoding=\"async\" width=\"2048\" height=\"1365\" data-id=\"1145\" src=\"https:\/\/lerumsbk.se\/wp-content\/uploads\/2022\/05\/CS__1335.jpeg\" alt=\"\" class=\"wp-image-1145\" srcset=\"https:\/\/lerumsbk.se\/wp-content\/uploads\/2022\/05\/CS__1335.jpeg 2048w, https:\/\/lerumsbk.se\/wp-content\/uploads\/2022\/05\/CS__1335-350x233.jpeg 350w, https:\/\/lerumsbk.se\/wp-content\/uploads\/2022\/05\/CS__1335-300x200.jpeg 300w, https:\/\/lerumsbk.se\/wp-content\/uploads\/2022\/05\/CS__1335-1024x683.jpeg 1024w, https:\/\/lerumsbk.se\/wp-content\/uploads\/2022\/05\/CS__1335-768x512.jpeg 768w, https:\/\/lerumsbk.se\/wp-content\/uploads\/2022\/05\/CS__1335-1536x1024.jpeg 1536w\" sizes=\"auto, (max-width: 767px) 89vw, (max-width: 1000px) 54vw, (max-width: 1071px) 543px, 580px\" \/><\/figure>\n\n\n\n<figure class=\"wp-block-image size-large\"><img loading=\"lazy\" decoding=\"async\" width=\"2048\" height=\"1365\" data-id=\"1141\" src=\"https:\/\/lerumsbk.se\/wp-content\/uploads\/2022\/05\/CS__1336.jpeg\" alt=\"\" class=\"wp-image-1141\" srcset=\"https:\/\/lerumsbk.se\/wp-content\/uploads\/2022\/05\/CS__1336.jpeg 2048w, https:\/\/lerumsbk.se\/wp-content\/uploads\/2022\/05\/CS__1336-350x233.jpeg 350w, https:\/\/lerumsbk.se\/wp-content\/uploads\/2022\/05\/CS__1336-300x200.jpeg 300w, https:\/\/lerumsbk.se\/wp-content\/uploads\/2022\/05\/CS__1336-1024x683.jpeg 1024w, https:\/\/lerumsbk.se\/wp-content\/uploads\/2022\/05\/CS__1336-768x512.jpeg 768w, https:\/\/lerumsbk.se\/wp-content\/uploads\/2022\/05\/CS__1336-1536x1024.jpeg 1536w\" sizes=\"auto, (max-width: 767px) 89vw, (max-width: 1000px) 54vw, (max-width: 1071px) 543px, 580px\" \/><\/figure>\n\n\n\n<figure class=\"wp-block-image size-large\"><img loading=\"lazy\" decoding=\"async\" width=\"2048\" height=\"1365\" data-id=\"1144\" src=\"https:\/\/lerumsbk.se\/wp-content\/uploads\/2022\/05\/CS__1329.jpeg\" alt=\"\" class=\"wp-image-1144\" srcset=\"https:\/\/lerumsbk.se\/wp-content\/uploads\/2022\/05\/CS__1329.jpeg 2048w, https:\/\/lerumsbk.se\/wp-content\/uploads\/2022\/05\/CS__1329-350x233.jpeg 350w, https:\/\/lerumsbk.se\/wp-content\/uploads\/2022\/05\/CS__1329-300x200.jpeg 300w, https:\/\/lerumsbk.se\/wp-content\/uploads\/2022\/05\/CS__1329-1024x683.jpeg 1024w, https:\/\/lerumsbk.se\/wp-content\/uploads\/2022\/05\/CS__1329-768x512.jpeg 768w, https:\/\/lerumsbk.se\/wp-content\/uploads\/2022\/05\/CS__1329-1536x1024.jpeg 1536w\" sizes=\"auto, (max-width: 767px) 89vw, (max-width: 1000px) 54vw, (max-width: 1071px) 543px, 580px\" \/><\/figure>\n\n\n\n<figure class=\"wp-block-image size-large\"><img loading=\"lazy\" decoding=\"async\" width=\"2048\" height=\"1365\" data-id=\"1149\" src=\"https:\/\/lerumsbk.se\/wp-content\/uploads\/2022\/05\/CS__1338-1.jpeg\" alt=\"\" class=\"wp-image-1149\" srcset=\"https:\/\/lerumsbk.se\/wp-content\/uploads\/2022\/05\/CS__1338-1.jpeg 2048w, https:\/\/lerumsbk.se\/wp-content\/uploads\/2022\/05\/CS__1338-1-350x233.jpeg 350w, https:\/\/lerumsbk.se\/wp-content\/uploads\/2022\/05\/CS__1338-1-300x200.jpeg 300w, https:\/\/lerumsbk.se\/wp-content\/uploads\/2022\/05\/CS__1338-1-1024x683.jpeg 1024w, https:\/\/lerumsbk.se\/wp-content\/uploads\/2022\/05\/CS__1338-1-768x512.jpeg 768w, https:\/\/lerumsbk.se\/wp-content\/uploads\/2022\/05\/CS__1338-1-1536x1024.jpeg 1536w\" sizes=\"auto, (max-width: 767px) 89vw, (max-width: 1000px) 54vw, (max-width: 1071px) 543px, 580px\" \/><\/figure>\n\n\n\n<figure class=\"wp-block-image size-large\"><img loading=\"lazy\" decoding=\"async\" width=\"2048\" height=\"1365\" data-id=\"1150\" src=\"https:\/\/lerumsbk.se\/wp-content\/uploads\/2022\/05\/CS__1170-1.jpeg\" alt=\"\" class=\"wp-image-1150\" srcset=\"https:\/\/lerumsbk.se\/wp-content\/uploads\/2022\/05\/CS__1170-1.jpeg 2048w, https:\/\/lerumsbk.se\/wp-content\/uploads\/2022\/05\/CS__1170-1-350x233.jpeg 350w, https:\/\/lerumsbk.se\/wp-content\/uploads\/2022\/05\/CS__1170-1-300x200.jpeg 300w, https:\/\/lerumsbk.se\/wp-content\/uploads\/2022\/05\/CS__1170-1-1024x683.jpeg 1024w, https:\/\/lerumsbk.se\/wp-content\/uploads\/2022\/05\/CS__1170-1-768x512.jpeg 768w, https:\/\/lerumsbk.se\/wp-content\/uploads\/2022\/05\/CS__1170-1-1536x1024.jpeg 1536w\" sizes=\"auto, (max-width: 767px) 89vw, (max-width: 1000px) 54vw, (max-width: 1071px) 543px, 580px\" \/><\/figure>\n<\/figure>","protected":false},"excerpt":{"rendered":"","protected":false},"author":3,"featured_media":0,"parent":0,"menu_order":0,"comment_status":"closed","ping_status":"closed","template":"","meta":{"footnotes":"","_wp_rev_ctl_limit":""},"class_list":["post-1113","page","type-page","status-publish","hentry"],"_links":{"self":[{"href":"https:\/\/lerumsbk.se\/index.php\/wp-json\/wp\/v2\/pages\/1113","targetHints":{"allow":["GET"]}}],"collection":[{"href":"https:\/\/lerumsbk.se\/index.php\/wp-json\/wp\/v2\/pages"}],"about":[{"href":"https:\/\/lerumsbk.se\/index.php\/wp-json\/wp\/v2\/types\/page"}],"author":[{"embeddable":true,"href":"https:\/\/lerumsbk.se\/index.php\/wp-json\/wp\/v2\/users\/3"}],"replies":[{"embeddable":true,"href":"https:\/\/lerumsbk.se\/index.php\/wp-json\/wp\/v2\/comments?post=1113"}],"version-history":[{"count":0,"href":"https:\/\/lerumsbk.se\/index.php\/wp-json\/wp\/v2\/pages\/1113\/revisions"}],"wp:attachment":[{"href":"https:\/\/lerumsbk.se\/index.php\/wp-json\/wp\/v2\/media?parent=1113"}],"curies":[{"name":"wp","href":"https:\/\/api.w.org\/{rel}","templated":true}]}}