{"id":1072,"date":"2022-05-12T13:43:28","date_gmt":"2022-05-12T12:43:28","guid":{"rendered":"https:\/\/lerumsbk.se\/?page_id=1072"},"modified":"2022-05-12T13:43:28","modified_gmt":"2022-05-12T12:43:28","slug":"nyborjarklass-rallylydnad","status":"publish","type":"page","link":"https:\/\/lerumsbk.se\/index.php\/nyborjarklass-rallylydnad\/","title":{"rendered":"nyb\u00f6rjarklass rallylydnad"},"content":{"rendered":"<p>Onsdagen den 11 maj 2022. Dubbla nyb\u00f6rjarklasser, domare Mia Skogstr\u00f6m och Janne Andersson.  Cirka 30 anm\u00e4lda ekipage, majoriteten anm\u00e4lda till tv\u00e5 starter.<\/p>\n\n\n\n<p>Bana A, Delad f\u00f6rstaplats till Frida Orrelid med Gaia och Jennie Skoglund med Lykke. P\u00e5 tredjeplats kom Sofia Olausson med Minerva. Bana B till h\u00f6ger, Segrare Karin Brolin med Kr\u00e5kan, tv\u00e5a Elin Jarlsn\u00e4s med Hallie och trea Rebecca Burkhalter med Sven.<\/p>\n\n\n\n<figure class=\"wp-block-gallery has-nested-images columns-default is-cropped wp-block-gallery-1 is-layout-flex wp-block-gallery-is-layout-flex\">\n<figure class=\"wp-block-image size-large\"><img loading=\"lazy\" decoding=\"async\" width=\"2560\" height=\"1920\" data-id=\"1092\" src=\"https:\/\/lerumsbk.se\/wp-content\/uploads\/2022\/05\/R20220511_213430-scaled.jpg\" alt=\"\" class=\"wp-image-1092\" srcset=\"https:\/\/lerumsbk.se\/wp-content\/uploads\/2022\/05\/R20220511_213430-scaled.jpg 2560w, https:\/\/lerumsbk.se\/wp-content\/uploads\/2022\/05\/R20220511_213430-scaled-350x263.jpg 350w, https:\/\/lerumsbk.se\/wp-content\/uploads\/2022\/05\/R20220511_213430-300x225.jpg 300w, https:\/\/lerumsbk.se\/wp-content\/uploads\/2022\/05\/R20220511_213430-1024x768.jpg 1024w, https:\/\/lerumsbk.se\/wp-content\/uploads\/2022\/05\/R20220511_213430-768x576.jpg 768w, https:\/\/lerumsbk.se\/wp-content\/uploads\/2022\/05\/R20220511_213430-1536x1152.jpg 1536w, https:\/\/lerumsbk.se\/wp-content\/uploads\/2022\/05\/R20220511_213430-2048x1536.jpg 2048w\" sizes=\"auto, (max-width: 767px) 89vw, (max-width: 1000px) 54vw, (max-width: 1071px) 543px, 580px\" \/><\/figure>\n\n\n\n<figure class=\"wp-block-image size-large\"><img loading=\"lazy\" decoding=\"async\" width=\"2560\" height=\"1920\" data-id=\"1093\" src=\"https:\/\/lerumsbk.se\/wp-content\/uploads\/2022\/05\/R20220511_213525-scaled.jpg\" alt=\"\" class=\"wp-image-1093\" srcset=\"https:\/\/lerumsbk.se\/wp-content\/uploads\/2022\/05\/R20220511_213525-scaled.jpg 2560w, https:\/\/lerumsbk.se\/wp-content\/uploads\/2022\/05\/R20220511_213525-scaled-350x263.jpg 350w, https:\/\/lerumsbk.se\/wp-content\/uploads\/2022\/05\/R20220511_213525-300x225.jpg 300w, https:\/\/lerumsbk.se\/wp-content\/uploads\/2022\/05\/R20220511_213525-1024x768.jpg 1024w, https:\/\/lerumsbk.se\/wp-content\/uploads\/2022\/05\/R20220511_213525-768x576.jpg 768w, https:\/\/lerumsbk.se\/wp-content\/uploads\/2022\/05\/R20220511_213525-1536x1152.jpg 1536w, https:\/\/lerumsbk.se\/wp-content\/uploads\/2022\/05\/R20220511_213525-2048x1536.jpg 2048w\" sizes=\"auto, (max-width: 767px) 89vw, (max-width: 1000px) 54vw, (max-width: 1071px) 543px, 580px\" \/><\/figure>\n<\/figure>\n\n\n\n<figure class=\"wp-block-gallery has-nested-images columns-default is-cropped wp-block-gallery-2 is-layout-flex wp-block-gallery-is-layout-flex\">\n<figure class=\"wp-block-image size-large\"><img loading=\"lazy\" decoding=\"async\" width=\"2560\" height=\"1707\" data-id=\"1083\" src=\"https:\/\/lerumsbk.se\/wp-content\/uploads\/2022\/05\/7D-3057-scaled.jpg\" alt=\"\" class=\"wp-image-1083\" srcset=\"https:\/\/lerumsbk.se\/wp-content\/uploads\/2022\/05\/7D-3057-scaled.jpg 2560w, https:\/\/lerumsbk.se\/wp-content\/uploads\/2022\/05\/7D-3057-scaled-350x233.jpg 350w, https:\/\/lerumsbk.se\/wp-content\/uploads\/2022\/05\/7D-3057-300x200.jpg 300w, https:\/\/lerumsbk.se\/wp-content\/uploads\/2022\/05\/7D-3057-1024x683.jpg 1024w, https:\/\/lerumsbk.se\/wp-content\/uploads\/2022\/05\/7D-3057-768x512.jpg 768w, https:\/\/lerumsbk.se\/wp-content\/uploads\/2022\/05\/7D-3057-1536x1024.jpg 1536w, https:\/\/lerumsbk.se\/wp-content\/uploads\/2022\/05\/7D-3057-2048x1365.jpg 2048w\" sizes=\"auto, (max-width: 767px) 89vw, (max-width: 1000px) 54vw, (max-width: 1071px) 543px, 580px\" \/><\/figure>\n\n\n\n<figure class=\"wp-block-image size-large\"><img loading=\"lazy\" decoding=\"async\" width=\"2560\" height=\"1707\" data-id=\"1081\" src=\"https:\/\/lerumsbk.se\/wp-content\/uploads\/2022\/05\/7D-3038-scaled.jpg\" alt=\"\" class=\"wp-image-1081\" srcset=\"https:\/\/lerumsbk.se\/wp-content\/uploads\/2022\/05\/7D-3038-scaled.jpg 2560w, https:\/\/lerumsbk.se\/wp-content\/uploads\/2022\/05\/7D-3038-scaled-350x233.jpg 350w, https:\/\/lerumsbk.se\/wp-content\/uploads\/2022\/05\/7D-3038-300x200.jpg 300w, https:\/\/lerumsbk.se\/wp-content\/uploads\/2022\/05\/7D-3038-1024x683.jpg 1024w, https:\/\/lerumsbk.se\/wp-content\/uploads\/2022\/05\/7D-3038-768x512.jpg 768w, https:\/\/lerumsbk.se\/wp-content\/uploads\/2022\/05\/7D-3038-1536x1024.jpg 1536w, https:\/\/lerumsbk.se\/wp-content\/uploads\/2022\/05\/7D-3038-2048x1365.jpg 2048w\" sizes=\"auto, (max-width: 767px) 89vw, (max-width: 1000px) 54vw, (max-width: 1071px) 543px, 580px\" \/><\/figure>\n\n\n\n<figure class=\"wp-block-image size-large\"><img loading=\"lazy\" decoding=\"async\" width=\"1707\" height=\"2560\" data-id=\"1079\" src=\"https:\/\/lerumsbk.se\/wp-content\/uploads\/2022\/05\/7D-3019-2-scaled.jpg\" alt=\"\" class=\"wp-image-1079\" srcset=\"https:\/\/lerumsbk.se\/wp-content\/uploads\/2022\/05\/7D-3019-2-scaled.jpg 1707w, https:\/\/lerumsbk.se\/wp-content\/uploads\/2022\/05\/7D-3019-2-scaled-350x525.jpg 350w, https:\/\/lerumsbk.se\/wp-content\/uploads\/2022\/05\/7D-3019-2-200x300.jpg 200w, https:\/\/lerumsbk.se\/wp-content\/uploads\/2022\/05\/7D-3019-2-683x1024.jpg 683w, https:\/\/lerumsbk.se\/wp-content\/uploads\/2022\/05\/7D-3019-2-768x1152.jpg 768w, https:\/\/lerumsbk.se\/wp-content\/uploads\/2022\/05\/7D-3019-2-1024x1536.jpg 1024w, https:\/\/lerumsbk.se\/wp-content\/uploads\/2022\/05\/7D-3019-2-1365x2048.jpg 1365w\" sizes=\"auto, (max-width: 767px) 89vw, (max-width: 1000px) 54vw, (max-width: 1071px) 543px, 580px\" \/><\/figure>\n\n\n\n<figure class=\"wp-block-image size-large\"><img loading=\"lazy\" decoding=\"async\" width=\"1707\" height=\"2560\" data-id=\"1077\" src=\"https:\/\/lerumsbk.se\/wp-content\/uploads\/2022\/05\/7D-3040-scaled.jpg\" alt=\"\" class=\"wp-image-1077\" srcset=\"https:\/\/lerumsbk.se\/wp-content\/uploads\/2022\/05\/7D-3040-scaled.jpg 1707w, https:\/\/lerumsbk.se\/wp-content\/uploads\/2022\/05\/7D-3040-scaled-350x525.jpg 350w, https:\/\/lerumsbk.se\/wp-content\/uploads\/2022\/05\/7D-3040-200x300.jpg 200w, https:\/\/lerumsbk.se\/wp-content\/uploads\/2022\/05\/7D-3040-683x1024.jpg 683w, https:\/\/lerumsbk.se\/wp-content\/uploads\/2022\/05\/7D-3040-768x1152.jpg 768w, https:\/\/lerumsbk.se\/wp-content\/uploads\/2022\/05\/7D-3040-1024x1536.jpg 1024w, https:\/\/lerumsbk.se\/wp-content\/uploads\/2022\/05\/7D-3040-1365x2048.jpg 1365w\" sizes=\"auto, (max-width: 767px) 89vw, (max-width: 1000px) 54vw, (max-width: 1071px) 543px, 580px\" \/><figcaption>Ann-Margret, en av dagens tv\u00e5 inropare<\/figcaption><\/figure>\n\n\n\n<figure class=\"wp-block-image size-large\"><img loading=\"lazy\" decoding=\"async\" width=\"1707\" height=\"2560\" data-id=\"1076\" src=\"https:\/\/lerumsbk.se\/wp-content\/uploads\/2022\/05\/7D-3015-1-scaled.jpg\" alt=\"\" class=\"wp-image-1076\" srcset=\"https:\/\/lerumsbk.se\/wp-content\/uploads\/2022\/05\/7D-3015-1-scaled.jpg 1707w, https:\/\/lerumsbk.se\/wp-content\/uploads\/2022\/05\/7D-3015-1-scaled-350x525.jpg 350w, https:\/\/lerumsbk.se\/wp-content\/uploads\/2022\/05\/7D-3015-1-200x300.jpg 200w, https:\/\/lerumsbk.se\/wp-content\/uploads\/2022\/05\/7D-3015-1-683x1024.jpg 683w, https:\/\/lerumsbk.se\/wp-content\/uploads\/2022\/05\/7D-3015-1-768x1152.jpg 768w, https:\/\/lerumsbk.se\/wp-content\/uploads\/2022\/05\/7D-3015-1-1024x1536.jpg 1024w, https:\/\/lerumsbk.se\/wp-content\/uploads\/2022\/05\/7D-3015-1-1365x2048.jpg 1365w\" sizes=\"auto, (max-width: 767px) 89vw, (max-width: 1000px) 54vw, (max-width: 1071px) 543px, 580px\" \/><\/figure>\n\n\n\n<figure class=\"wp-block-image size-large\"><img loading=\"lazy\" decoding=\"async\" width=\"2560\" height=\"1707\" data-id=\"1084\" src=\"https:\/\/lerumsbk.se\/wp-content\/uploads\/2022\/05\/7D-3024-scaled.jpg\" alt=\"\" class=\"wp-image-1084\" srcset=\"https:\/\/lerumsbk.se\/wp-content\/uploads\/2022\/05\/7D-3024-scaled.jpg 2560w, https:\/\/lerumsbk.se\/wp-content\/uploads\/2022\/05\/7D-3024-scaled-350x233.jpg 350w, https:\/\/lerumsbk.se\/wp-content\/uploads\/2022\/05\/7D-3024-300x200.jpg 300w, https:\/\/lerumsbk.se\/wp-content\/uploads\/2022\/05\/7D-3024-1024x683.jpg 1024w, https:\/\/lerumsbk.se\/wp-content\/uploads\/2022\/05\/7D-3024-768x512.jpg 768w, https:\/\/lerumsbk.se\/wp-content\/uploads\/2022\/05\/7D-3024-1536x1024.jpg 1536w, https:\/\/lerumsbk.se\/wp-content\/uploads\/2022\/05\/7D-3024-2048x1365.jpg 2048w\" sizes=\"auto, (max-width: 767px) 89vw, (max-width: 1000px) 54vw, (max-width: 1071px) 543px, 580px\" \/><\/figure>\n\n\n\n<figure class=\"wp-block-image size-large\"><img loading=\"lazy\" decoding=\"async\" width=\"1707\" height=\"2560\" data-id=\"1085\" src=\"https:\/\/lerumsbk.se\/wp-content\/uploads\/2022\/05\/7D-3011-scaled.jpg\" alt=\"\" class=\"wp-image-1085\" srcset=\"https:\/\/lerumsbk.se\/wp-content\/uploads\/2022\/05\/7D-3011-scaled.jpg 1707w, https:\/\/lerumsbk.se\/wp-content\/uploads\/2022\/05\/7D-3011-scaled-350x525.jpg 350w, https:\/\/lerumsbk.se\/wp-content\/uploads\/2022\/05\/7D-3011-200x300.jpg 200w, https:\/\/lerumsbk.se\/wp-content\/uploads\/2022\/05\/7D-3011-683x1024.jpg 683w, https:\/\/lerumsbk.se\/wp-content\/uploads\/2022\/05\/7D-3011-768x1152.jpg 768w, https:\/\/lerumsbk.se\/wp-content\/uploads\/2022\/05\/7D-3011-1024x1536.jpg 1024w, https:\/\/lerumsbk.se\/wp-content\/uploads\/2022\/05\/7D-3011-1366x2048.jpg 1366w\" sizes=\"auto, (max-width: 767px) 89vw, (max-width: 1000px) 54vw, (max-width: 1071px) 543px, 580px\" \/><figcaption>Dagens k\u00f6ksansvariga Anne-Marie Folkesson och Carin Wilcken<\/figcaption><\/figure>\n\n\n\n<figure class=\"wp-block-image size-large\"><img loading=\"lazy\" decoding=\"async\" width=\"683\" height=\"1024\" data-id=\"1091\" src=\"https:\/\/lerumsbk.se\/wp-content\/uploads\/2022\/05\/7D-3015-3-683x1024.jpg\" alt=\"\" class=\"wp-image-1091\" srcset=\"https:\/\/lerumsbk.se\/wp-content\/uploads\/2022\/05\/7D-3015-3-683x1024.jpg 683w, https:\/\/lerumsbk.se\/wp-content\/uploads\/2022\/05\/7D-3015-3-scaled-350x525.jpg 350w, https:\/\/lerumsbk.se\/wp-content\/uploads\/2022\/05\/7D-3015-3-200x300.jpg 200w, https:\/\/lerumsbk.se\/wp-content\/uploads\/2022\/05\/7D-3015-3-768x1152.jpg 768w, https:\/\/lerumsbk.se\/wp-content\/uploads\/2022\/05\/7D-3015-3-1024x1536.jpg 1024w, https:\/\/lerumsbk.se\/wp-content\/uploads\/2022\/05\/7D-3015-3-1365x2048.jpg 1365w, https:\/\/lerumsbk.se\/wp-content\/uploads\/2022\/05\/7D-3015-3-scaled.jpg 1707w\" sizes=\"auto, (max-width: 683px) 100vw, 683px\" \/><\/figure>\n<\/figure>\n\n\n\n<p><\/p>","protected":false},"excerpt":{"rendered":"<p>Onsdagen den 11 maj 2022. Dubbla nyb\u00f6rjarklasser, domare Mia Skogstr\u00f6m och Janne Andersson. Cirka 30 anm\u00e4lda ekipage, majoriteten anm\u00e4lda till tv\u00e5 starter. Bana A, Delad f\u00f6rstaplats till Frida Orrelid med Gaia och Jennie Skoglund med Lykke. P\u00e5 tredjeplats kom Sofia Olausson med Minerva. Bana B till h\u00f6ger, Segrare Karin Brolin med Kr\u00e5kan, tv\u00e5a Elin Jarlsn\u00e4s &hellip; <\/p>\n<p class=\"link-more\"><a href=\"https:\/\/lerumsbk.se\/index.php\/nyborjarklass-rallylydnad\/\" class=\"more-link\">Forts\u00e4tt l\u00e4sa<span class=\"screen-reader-text\"> \u201dnyb\u00f6rjarklass rallylydnad\u201d<\/span><\/a><\/p>\n","protected":false},"author":3,"featured_media":0,"parent":0,"menu_order":0,"comment_status":"closed","ping_status":"closed","template":"","meta":{"footnotes":"","_wp_rev_ctl_limit":""},"class_list":["post-1072","page","type-page","status-publish","hentry"],"_links":{"self":[{"href":"https:\/\/lerumsbk.se\/index.php\/wp-json\/wp\/v2\/pages\/1072","targetHints":{"allow":["GET"]}}],"collection":[{"href":"https:\/\/lerumsbk.se\/index.php\/wp-json\/wp\/v2\/pages"}],"about":[{"href":"https:\/\/lerumsbk.se\/index.php\/wp-json\/wp\/v2\/types\/page"}],"author":[{"embeddable":true,"href":"https:\/\/lerumsbk.se\/index.php\/wp-json\/wp\/v2\/users\/3"}],"replies":[{"embeddable":true,"href":"https:\/\/lerumsbk.se\/index.php\/wp-json\/wp\/v2\/comments?post=1072"}],"version-history":[{"count":0,"href":"https:\/\/lerumsbk.se\/index.php\/wp-json\/wp\/v2\/pages\/1072\/revisions"}],"wp:attachment":[{"href":"https:\/\/lerumsbk.se\/index.php\/wp-json\/wp\/v2\/media?parent=1072"}],"curies":[{"name":"wp","href":"https:\/\/api.w.org\/{rel}","templated":true}]}}