{"id":100,"date":"2022-02-15T09:29:55","date_gmt":"2022-02-15T08:29:55","guid":{"rendered":"https:\/\/lerumsbk.se\/?page_id=100"},"modified":"2022-03-14T21:08:29","modified_gmt":"2022-03-14T20:08:29","slug":"hitta-hit","status":"publish","type":"page","link":"https:\/\/lerumsbk.se\/index.php\/kontakt\/hitta-hit\/","title":{"rendered":"Hitta hit"},"content":{"rendered":"<figure class=\"wp-block-image size-full\"><img loading=\"lazy\" decoding=\"async\" width=\"850\" height=\"637\" src=\"https:\/\/lerumsbk.se\/wp-content\/uploads\/2022\/02\/karta3.jpg\" alt=\"\" class=\"wp-image-101\" srcset=\"https:\/\/lerumsbk.se\/wp-content\/uploads\/2022\/02\/karta3.jpg 850w, https:\/\/lerumsbk.se\/wp-content\/uploads\/2022\/02\/karta3-350x262.jpg 350w, https:\/\/lerumsbk.se\/wp-content\/uploads\/2022\/02\/karta3-300x225.jpg 300w, https:\/\/lerumsbk.se\/wp-content\/uploads\/2022\/02\/karta3-768x576.jpg 768w\" sizes=\"auto, (max-width: 767px) 89vw, (max-width: 1000px) 54vw, (max-width: 1071px) 543px, 580px\" \/><\/figure>\n\n\n\n<h2 class=\"wp-block-heading\">V\u00e4gbeskrivning<\/h2>\n\n\n\n<p>Kommer du via E20 skall du sv\u00e4nga av motorv\u00e4gen vid Kastenhofsmotet, trafikplats 86. F\u00f6lj d\u00e4refter v\u00e4gskyltning mot Gr\u00e5bo. Efter rondellen i Stenkullen (den fj\u00e4rde&nbsp;du k\u00f6r igenom) p\u00e5 v\u00e4gen mot Gr\u00e5bo kommer skyltning &#8220;Brukshundklubb&#8221; \u00e5t h\u00f6ger.<\/p>\n\n\n\n<h2 class=\"wp-block-heading\" id=\"adress\">Adress<\/h2>\n\n\n\n<p>Stakebergsv\u00e4gen 60<br>443 00 Stenkullen<br>Box 3142<\/p>\n\n\n\n<h2 class=\"wp-block-heading\" id=\"gps-koordinater\">GPS koordinater<\/h2>\n\n\n\n<p><strong>WGS84<\/strong> Lat\/Long: N 57\u00ba 48&#8242; 59.86&#8243; E 12\u00ba 18&#8242; 54.62&#8243;,<br>i decimalform: 57,81645\u00b0 N, 12,31536\u00b0 \u00d6<\/p>\n\n\n\n<p><strong>RT90<\/strong>&nbsp;X: 6415564, Y: 1292620<\/p>\n\n\n\n<p><a href=\"https:\/\/goo.gl\/maps\/7tz1GQPZ49gawwMK8\" target=\"_blank\" rel=\"noreferrer noopener\">Google Maps<\/a><\/p>\n\n\n\n<p><a rel=\"noreferrer noopener\" href=\"https:\/\/maps.apple.com\/?address=Stakebergsv%C3%A4gen%2060,%20443%2095%20Lerum,%20Sverige&amp;ll=57.816451,12.315360&amp;q=Lerums%20BK&amp;_ext=EiYpw3qjR+7nTEAxskhMgyWdKEA5QVDJoxTpTEBBdqI1HcilKEBQBA%3D%3D&amp;t=m\" target=\"_blank\">Apple kartor<\/a><\/p>\n\n\n\n<p><a href=\"https:\/\/ext-geoportal.lansstyrelsen.se\/standard\/?appid=023f6dde755f41c5a719b111ddfb80ed&amp;bookmarkid=30340\" target=\"_blank\" rel=\"noreferrer noopener\">Lantm\u00e4teriets informationskarta<\/a><\/p>\n\n\n\n<p><\/p>","protected":false},"excerpt":{"rendered":"<p>V\u00e4gbeskrivning Kommer du via E20 skall du sv\u00e4nga av motorv\u00e4gen vid Kastenhofsmotet, trafikplats 86. F\u00f6lj d\u00e4refter v\u00e4gskyltning mot Gr\u00e5bo. Efter rondellen i Stenkullen (den fj\u00e4rde&nbsp;du k\u00f6r igenom) p\u00e5 v\u00e4gen mot Gr\u00e5bo kommer skyltning &#8220;Brukshundklubb&#8221; \u00e5t h\u00f6ger. Adress Stakebergsv\u00e4gen 60443 00 StenkullenBox 3142 GPS koordinater WGS84 Lat\/Long: N 57\u00ba 48&#8242; 59.86&#8243; E 12\u00ba 18&#8242; 54.62&#8243;,i decimalform: &hellip; <\/p>\n<p class=\"link-more\"><a href=\"https:\/\/lerumsbk.se\/index.php\/kontakt\/hitta-hit\/\" class=\"more-link\">Forts\u00e4tt l\u00e4sa<span class=\"screen-reader-text\"> \u201dHitta hit\u201d<\/span><\/a><\/p>\n","protected":false},"author":2,"featured_media":0,"parent":15,"menu_order":0,"comment_status":"closed","ping_status":"closed","template":"","meta":{"footnotes":"","_wp_rev_ctl_limit":""},"class_list":["post-100","page","type-page","status-publish","hentry"],"_links":{"self":[{"href":"https:\/\/lerumsbk.se\/index.php\/wp-json\/wp\/v2\/pages\/100","targetHints":{"allow":["GET"]}}],"collection":[{"href":"https:\/\/lerumsbk.se\/index.php\/wp-json\/wp\/v2\/pages"}],"about":[{"href":"https:\/\/lerumsbk.se\/index.php\/wp-json\/wp\/v2\/types\/page"}],"author":[{"embeddable":true,"href":"https:\/\/lerumsbk.se\/index.php\/wp-json\/wp\/v2\/users\/2"}],"replies":[{"embeddable":true,"href":"https:\/\/lerumsbk.se\/index.php\/wp-json\/wp\/v2\/comments?post=100"}],"version-history":[{"count":0,"href":"https:\/\/lerumsbk.se\/index.php\/wp-json\/wp\/v2\/pages\/100\/revisions"}],"up":[{"embeddable":true,"href":"https:\/\/lerumsbk.se\/index.php\/wp-json\/wp\/v2\/pages\/15"}],"wp:attachment":[{"href":"https:\/\/lerumsbk.se\/index.php\/wp-json\/wp\/v2\/media?parent=100"}],"curies":[{"name":"wp","href":"https:\/\/api.w.org\/{rel}","templated":true}]}}